
{"id":282,"date":"2018-12-07T11:38:22","date_gmt":"2018-12-07T11:38:22","guid":{"rendered":"https:\/\/www.medicina.ufmg.br\/cpgsaudedamulher\/?page_id=282"},"modified":"2024-08-21T16:23:57","modified_gmt":"2024-08-21T16:23:57","slug":"regulamento","status":"publish","type":"page","link":"https:\/\/www.medicina.ufmg.br\/cpgsaudedamulher\/regulamento\/","title":{"rendered":"Normas Acad\u00eamicas"},"content":{"rendered":"<p><a class=\"waffle-rich-text-link\" href=\"https:\/\/www.ufmg.br\/prpg\/categoria_normas\/normas-academicas\/\">Normas Gerais da P\u00f3s-Gradua\u00e7\u00e3o<\/a><br \/><a href=\"http:\/\/www.medicina.ufmg.br\/cpgsaudedamulher\/wp-content\/uploads\/sites\/41\/2024\/08\/Regimento-Oficial.pdf\">Regulamento do Curso<\/a><br \/><a href=\"https:\/\/www.medicina.ufmg.br\/cpgsaudedamulher\/wp-content\/uploads\/sites\/41\/2018\/12\/Resolu\u00e7\u00e3o-01-2018-Regulamenta-condi\u00e7\u00f5es-para-defesa-de-tese-e-formato-de-apresenta\u00e7\u00e3o-1.pdf\" target=\"_blank\" rel=\"noopener\">Resolu\u00e7\u00e3o 01\/2017- Formato de teses e disserta\u00e7\u00f5es.<\/a><\/p>\n\n\n<p><\/p>\n","protected":false},"excerpt":{"rendered":"<p>Normas Gerais da P\u00f3s-Gradua\u00e7\u00e3oRegulamento do CursoResolu\u00e7\u00e3o 01\/2017- Formato de teses e disserta\u00e7\u00f5es.<\/p>\n","protected":false},"author":47,"featured_media":0,"parent":0,"menu_order":0,"comment_status":"closed","ping_status":"closed","template":"","meta":{"footnotes":""},"class_list":["post-282","page","type-page","status-publish","hentry"],"_links":{"self":[{"href":"https:\/\/www.medicina.ufmg.br\/cpgsaudedamulher\/wp-json\/wp\/v2\/pages\/282","targetHints":{"allow":["GET"]}}],"collection":[{"href":"https:\/\/www.medicina.ufmg.br\/cpgsaudedamulher\/wp-json\/wp\/v2\/pages"}],"about":[{"href":"https:\/\/www.medicina.ufmg.br\/cpgsaudedamulher\/wp-json\/wp\/v2\/types\/page"}],"author":[{"embeddable":true,"href":"https:\/\/www.medicina.ufmg.br\/cpgsaudedamulher\/wp-json\/wp\/v2\/users\/47"}],"replies":[{"embeddable":true,"href":"https:\/\/www.medicina.ufmg.br\/cpgsaudedamulher\/wp-json\/wp\/v2\/comments?post=282"}],"version-history":[{"count":7,"href":"https:\/\/www.medicina.ufmg.br\/cpgsaudedamulher\/wp-json\/wp\/v2\/pages\/282\/revisions"}],"predecessor-version":[{"id":788,"href":"https:\/\/www.medicina.ufmg.br\/cpgsaudedamulher\/wp-json\/wp\/v2\/pages\/282\/revisions\/788"}],"wp:attachment":[{"href":"https:\/\/www.medicina.ufmg.br\/cpgsaudedamulher\/wp-json\/wp\/v2\/media?parent=282"}],"curies":[{"name":"wp","href":"https:\/\/api.w.org\/{rel}","templated":true}]}}