
{"id":377,"date":"2020-09-24T17:43:06","date_gmt":"2020-09-24T17:43:06","guid":{"rendered":"https:\/\/www.medicina.ufmg.br\/cpgsaudedamulher\/?page_id=377"},"modified":"2020-09-24T17:43:08","modified_gmt":"2020-09-24T17:43:08","slug":"processo-seletivo-2020","status":"publish","type":"page","link":"https:\/\/www.medicina.ufmg.br\/cpgsaudedamulher\/processo-seletivo-2020\/","title":{"rendered":"Processo Seletivo 2020"},"content":{"rendered":"<p>[otw_shortcode_content_toggle title=&#8221;<strong>Processo Seletivo &#8211; Mestrado Regular 2020<\/strong>&#8221; opened=&#8221;closed&#8221;]<\/p>\n<p><a href=\"https:\/\/www.medicina.ufmg.br\/cpgsaudedamulher\/wp-content\/uploads\/sites\/41\/2019\/11\/Resultado-Final-Mestrado-Reprodu\u00e7\u00e3o.pdf\">Resultado Final- Patologia e Reprodu\u00e7\u00e3o<\/a><br \/>\n<a href=\"https:\/\/www.medicina.ufmg.br\/cpgsaudedamulher\/wp-content\/uploads\/sites\/41\/2019\/11\/Resultado-Final-Mestrado-Perinatologia.pdf\">Resultado Final- Perinatalogia<\/a><br \/>\n<a href=\"https:\/\/www.medicina.ufmg.br\/cpgsaudedamulher\/wp-content\/uploads\/sites\/41\/2019\/11\/Resultado-1\u00aa-etapa-Mestrado-Perinatologia-18-11-2019.pdf\" target=\"_blank\" rel=\"noopener noreferrer\">Resultado 1\u00aa etapa- Perinatalogia<\/a><br \/>\n<a href=\"https:\/\/www.medicina.ufmg.br\/cpgsaudedamulher\/wp-content\/uploads\/sites\/41\/2019\/11\/Resultado-1\u00aa-etapa-Mestrado-Reprodu\u00e7\u00e3o-18-11-2019.pdf\" target=\"_blank\" rel=\"noopener noreferrer\">Resultado 1\u00aa etapa- Patologia e Reprodu\u00e7\u00e3o<\/a><br \/>\n<a href=\"https:\/\/www.medicina.ufmg.br\/cpgsaudedamulher\/wp-content\/uploads\/sites\/41\/2019\/11\/Escala-de-argui\u00e7\u00e3o-18-11-2019.pdf\" target=\"_blank\" rel=\"noopener noreferrer\">Escala de Argui\u00e7\u00e3o<\/a><br \/>\n<a href=\"https:\/\/www.medicina.ufmg.br\/cpgsaudedamulher\/wp-content\/uploads\/sites\/41\/2019\/11\/Declara\u00e7\u00e3o-de-Inexistencia-e-Impedimento.pdf\">Declara\u00e7\u00e3o de inexist\u00eancia e impedimento<\/a><br \/>\n<a href=\"https:\/\/www.medicina.ufmg.br\/cpgsaudedamulher\/wp-content\/uploads\/sites\/41\/2019\/10\/Situa\u00e7\u00e3o-da-inscri\u00e7\u00e3o-23-10-2019.pdf\" target=\"_blank\" rel=\"noopener noreferrer\">Situa\u00e7\u00e3o da Inscri\u00e7\u00e3o<\/a><br \/>\n<a href=\"https:\/\/www.medicina.ufmg.br\/cpgsaudedamulher\/wp-content\/uploads\/sites\/41\/2019\/09\/Edital-Regular-final.pdf\" target=\"_blank\" rel=\"noopener noreferrer\">Edital Regular<\/a><br \/>\n<a href=\"http:\/\/ftp.medicina.ufmg.br\/cpg\/programas\/saude_mulher\/2019\/Formul%c3%a1rio%20de%20inscri%c3%a7%c3%a3o%20Regular.xls\" target=\"_blank\" rel=\"noopener noreferrer\">Formul\u00e1rio de Inscri\u00e7\u00e3o<\/a><br \/>\n<a href=\"https:\/\/www.medicina.ufmg.br\/cpgsaudedamulher\/wp-content\/uploads\/sites\/41\/2019\/09\/FormulariodeAutodeclaracaoEtnicoRacial-2.pdf\">Declara\u00e7\u00e3o \u00c9tnico- Racial.\u00a0<\/a><\/p>\n<p>[\/otw_shortcode_content_toggle]<\/p>\n\n\n<p>[otw_shortcode_content_toggle title=&#8221;<strong>Processo Seletivo &#8211; Mestrado Suplementar 2020<\/strong>&#8221; opened=&#8221;closed&#8221;]<\/p>\n<p><a href=\"https:\/\/www.medicina.ufmg.br\/cpgsaudedamulher\/wp-content\/uploads\/sites\/41\/2019\/09\/Edital-Suplementar-final.pdf\" target=\"_blank\" rel=\"noopener noreferrer\">Edital Suplementar<\/a><br \/>\n<a href=\"http:\/\/ftp.medicina.ufmg.br\/cpg\/programas\/saude_mulher\/2019\/Formul%c3%a1rio%20de%20inscri%c3%a7%c3%a3o%20Suplementar.xls\" target=\"_blank\" rel=\"noopener noreferrer\">Formul\u00e1rio de Inscri\u00e7\u00e3o<\/a><br \/>\n<a href=\"https:\/\/www.medicina.ufmg.br\/cpgsaudedamulher\/wp-content\/uploads\/sites\/41\/2019\/09\/Declara\u00e7\u00e3o-de-Lideran\u00e7as-Ind\u00edgenas-1.pdf\" target=\"_blank\" rel=\"noopener noreferrer\">Declara\u00e7\u00e3o de Lideran\u00e7as Ind\u00edgenas<\/a><br \/>\n<a href=\"https:\/\/www.medicina.ufmg.br\/cpgsaudedamulher\/wp-content\/uploads\/sites\/41\/2019\/09\/Declara\u00e7\u00e3o-de-Resid\u00eancia_Ind\u00edgena-1.pdf\" target=\"_blank\" rel=\"noopener noreferrer\">Declara\u00e7\u00e3o de Resid\u00eancia Ind\u00edgena<\/a><br \/>\n<a href=\"https:\/\/www.medicina.ufmg.br\/cpgsaudedamulher\/wp-content\/uploads\/sites\/41\/2019\/09\/Autoreconhecimento_Ind\u00edgena-1.pdf\" target=\"_blank\" rel=\"noopener noreferrer\">Autorreconhecimento Ind\u00edgena<\/a><br \/>\n<a href=\"https:\/\/www.medicina.ufmg.br\/cpgsaudedamulher\/wp-content\/uploads\/sites\/41\/2019\/09\/Laudo-m\u00e9dico-1-2.pdf\" target=\"_blank\" rel=\"noopener noreferrer\">Laudo M\u00e9dico<\/a><br \/>\n<a href=\"https:\/\/www.medicina.ufmg.br\/cpgsaudedamulher\/wp-content\/uploads\/sites\/41\/2019\/09\/Solicita\u00e7\u00e3o-de-condi\u00e7\u00f5es-especiais-1-2.pdf\" target=\"_blank\" rel=\"noopener noreferrer\">Solicita\u00e7\u00e3o de Condi\u00e7\u00f5es Especiais<\/a><br \/>\n<a href=\"http:\/\/ftp.medicina.ufmg.br\/cpg\/programas\/saude_mulher\/2019\/AUTODECLARA%c3%87%c3%83O%20DE%20PESSOA%20COM%20DEFICI%c3%8aNCIA_Dast.docx\" target=\"_blank\" rel=\"noopener noreferrer\">Autodeclara\u00e7\u00e3o de Pessoa com Defici\u00eancia<\/a><br \/>\n<a href=\"http:\/\/ftp.medicina.ufmg.br\/cpg\/programas\/saude_mulher\/2019\/MODELO%20DE%20RELAT%c3%93RIO%20DO%20M%c3%89DICO%20ASSISTENTE_Dast%20(1).docx\" target=\"_blank\" rel=\"noopener noreferrer\">Modelo de Relat\u00f3rio do M\u00e9dico Assistente<\/a><\/p>\n<p>[\/otw_shortcode_content_toggle]<\/p>\n","protected":false},"excerpt":{"rendered":"","protected":false},"author":17,"featured_media":0,"parent":0,"menu_order":0,"comment_status":"closed","ping_status":"closed","template":"","meta":{"footnotes":""},"class_list":["post-377","page","type-page","status-publish","hentry"],"_links":{"self":[{"href":"https:\/\/www.medicina.ufmg.br\/cpgsaudedamulher\/wp-json\/wp\/v2\/pages\/377","targetHints":{"allow":["GET"]}}],"collection":[{"href":"https:\/\/www.medicina.ufmg.br\/cpgsaudedamulher\/wp-json\/wp\/v2\/pages"}],"about":[{"href":"https:\/\/www.medicina.ufmg.br\/cpgsaudedamulher\/wp-json\/wp\/v2\/types\/page"}],"author":[{"embeddable":true,"href":"https:\/\/www.medicina.ufmg.br\/cpgsaudedamulher\/wp-json\/wp\/v2\/users\/17"}],"replies":[{"embeddable":true,"href":"https:\/\/www.medicina.ufmg.br\/cpgsaudedamulher\/wp-json\/wp\/v2\/comments?post=377"}],"version-history":[{"count":1,"href":"https:\/\/www.medicina.ufmg.br\/cpgsaudedamulher\/wp-json\/wp\/v2\/pages\/377\/revisions"}],"predecessor-version":[{"id":378,"href":"https:\/\/www.medicina.ufmg.br\/cpgsaudedamulher\/wp-json\/wp\/v2\/pages\/377\/revisions\/378"}],"wp:attachment":[{"href":"https:\/\/www.medicina.ufmg.br\/cpgsaudedamulher\/wp-json\/wp\/v2\/media?parent=377"}],"curies":[{"name":"wp","href":"https:\/\/api.w.org\/{rel}","templated":true}]}}