
{"id":420,"date":"2022-01-14T18:09:22","date_gmt":"2022-01-14T18:09:22","guid":{"rendered":"https:\/\/www.medicina.ufmg.br\/cpgsaudedamulher\/?page_id=420"},"modified":"2022-07-22T14:06:44","modified_gmt":"2022-07-22T14:06:44","slug":"processo-seletivo-2022","status":"publish","type":"page","link":"https:\/\/www.medicina.ufmg.br\/cpgsaudedamulher\/processo-seletivo-2022\/","title":{"rendered":"PROCESSO SELETIVO 2022"},"content":{"rendered":"\t\t<div data-elementor-type=\"wp-page\" data-elementor-id=\"420\" class=\"elementor elementor-420\">\n\t\t\t\t\t\t<section class=\"elementor-section elementor-top-section elementor-element elementor-element-6f9786d elementor-section-boxed elementor-section-height-default elementor-section-height-default\" data-id=\"6f9786d\" data-element_type=\"section\">\n\t\t\t\t\t\t<div class=\"elementor-container elementor-column-gap-default\">\n\t\t\t\t\t<div class=\"elementor-column elementor-col-100 elementor-top-column elementor-element elementor-element-124e7a8\" data-id=\"124e7a8\" data-element_type=\"column\">\n\t\t\t<div class=\"elementor-widget-wrap elementor-element-populated\">\n\t\t\t\t\t\t<div class=\"elementor-element elementor-element-5826f04 elementor-widget elementor-widget-toggle\" data-id=\"5826f04\" data-element_type=\"widget\" data-widget_type=\"toggle.default\">\n\t\t\t\t<div class=\"elementor-widget-container\">\n\t\t\t\t\t\t\t<div class=\"elementor-toggle\">\n\t\t\t\t\t\t\t<div class=\"elementor-toggle-item\">\n\t\t\t\t\t<div id=\"elementor-tab-title-9241\" class=\"elementor-tab-title\" data-tab=\"1\" role=\"button\" aria-controls=\"elementor-tab-content-9241\" aria-expanded=\"false\">\n\t\t\t\t\t\t\t\t\t\t\t\t<span class=\"elementor-toggle-icon elementor-toggle-icon-left\" aria-hidden=\"true\">\n\t\t\t\t\t\t\t\t\t\t\t\t\t\t\t<span class=\"elementor-toggle-icon-closed\"><i class=\"fas fa-caret-right\"><\/i><\/span>\n\t\t\t\t\t\t\t\t<span class=\"elementor-toggle-icon-opened\"><i class=\"elementor-toggle-icon-opened fas fa-caret-up\"><\/i><\/span>\n\t\t\t\t\t\t\t\t\t\t\t\t\t<\/span>\n\t\t\t\t\t\t\t\t\t\t\t\t<a class=\"elementor-toggle-title\" tabindex=\"0\">Sele\u00e7\u00e3o Mestrado 2022\/2<\/a>\n\t\t\t\t\t<\/div>\n\n\t\t\t\t\t<div id=\"elementor-tab-content-9241\" class=\"elementor-tab-content elementor-clearfix\" data-tab=\"1\" role=\"region\" aria-labelledby=\"elementor-tab-title-9241\"><div><a href=\"https:\/\/www.medicina.ufmg.br\/cpgsaudedamulher\/wp-content\/uploads\/sites\/41\/2022\/06\/Cronograma-de-selecao-do-MESTRADO-FLUXO-CONTINUO-SM-2022-2.pdf\">Cronograma &#8211; Fluxo Cont\u00ednuo\u00a0Mestrado<\/a><\/div><div><p><a href=\"https:\/\/ftp.medicina.ufmg.br\/cpg\/programas\/saude_mulher\/2022\/Formulario%20de%20inscricao-fluxo%20continuo%202022.xls\">Formul\u00e1rio para inscri\u00e7\u00e3o<\/a><br \/><a href=\"https:\/\/www.medicina.ufmg.br\/cpgsaudedamulher\/wp-content\/uploads\/sites\/41\/2022\/07\/DECLARACAO-DE-IMPEDIMENTO-SAUDE-DA-MULHER-2022-2.pdf\">Declara\u00e7\u00e3o de Impedimento<\/a><\/p><div><a href=\"https:\/\/www.medicina.ufmg.br\/cpgsaudedamulher\/wp-content\/uploads\/sites\/41\/2022\/07\/Escala-de-teste-AOS-ALUNOS-CLASSIFICADO.pdf\">Escala de teste\/ candidatos classificados<\/a><\/div><div>\u00a0<\/div><div><a href=\"https:\/\/www.medicina.ufmg.br\/cpgsaudedamulher\/wp-content\/uploads\/sites\/41\/2022\/07\/Escala-de-entrevista-atualizada.pdf\">Escala de entrevista\/ candidatos\u00a0classificados<\/a><\/div><\/div><div>\u00a0<\/div><div><a href=\"https:\/\/www.medicina.ufmg.br\/cpgsaudedamulher\/wp-content\/uploads\/sites\/41\/2022\/07\/Resultado-Final-Mestrado-Patologia-Ginecologica-e-Reproducao-2022-2.pdf\">Resultado Final<\/a><\/div><div>\u00a0<\/div><\/div>\n\t\t\t\t<\/div>\n\t\t\t\t\t\t\t<div class=\"elementor-toggle-item\">\n\t\t\t\t\t<div id=\"elementor-tab-title-9242\" class=\"elementor-tab-title\" data-tab=\"2\" role=\"button\" aria-controls=\"elementor-tab-content-9242\" aria-expanded=\"false\">\n\t\t\t\t\t\t\t\t\t\t\t\t<span class=\"elementor-toggle-icon elementor-toggle-icon-left\" aria-hidden=\"true\">\n\t\t\t\t\t\t\t\t\t\t\t\t\t\t\t<span class=\"elementor-toggle-icon-closed\"><i class=\"fas fa-caret-right\"><\/i><\/span>\n\t\t\t\t\t\t\t\t<span class=\"elementor-toggle-icon-opened\"><i class=\"elementor-toggle-icon-opened fas fa-caret-up\"><\/i><\/span>\n\t\t\t\t\t\t\t\t\t\t\t\t\t<\/span>\n\t\t\t\t\t\t\t\t\t\t\t\t<a class=\"elementor-toggle-title\" tabindex=\"0\">Sele\u00e7\u00e3o Mestrado 2022<\/a>\n\t\t\t\t\t<\/div>\n\n\t\t\t\t\t<div id=\"elementor-tab-content-9242\" class=\"elementor-tab-content elementor-clearfix\" data-tab=\"2\" role=\"region\" aria-labelledby=\"elementor-tab-title-9242\"><p><a href=\"https:\/\/ftp.medicina.ufmg.br\/cpg\/programas\/saude_mulher\/2022\/Ed.Regular_Sa%fade%20da%20Mulher_M_2022.pdf\">Edital Regular<\/a><\/p><p><a href=\"https:\/\/ftp.medicina.ufmg.br\/cpg\/programas\/saude_mulher\/2022\/3-Autodeclara%e7%e3o-%c9tnico-Racial.pdf\">Autodeclara\u00e7\u00e3o racial<\/a><\/p><p><a href=\"https:\/\/ftp.medicina.ufmg.br\/cpg\/programas\/saude_mulher\/2022\/Formul%e1rio%20de%20inscri%e7%e3o%20Regular.xls\">Formul\u00e1rio de Inscri\u00e7\u00e3o<\/a><\/p><div><a href=\"https:\/\/www.medicina.ufmg.br\/cpgsaudedamulher\/wp-content\/uploads\/sites\/41\/2022\/02\/Declaracao-impedimento-retificada.pdf\">Declara\u00e7\u00e3o de impedimento\/ inexist\u00eancia<\/a><\/div><div>\u00a0<\/div><div><a href=\"https:\/\/www.medicina.ufmg.br\/cpgsaudedamulher\/wp-content\/uploads\/sites\/41\/2022\/02\/Comunicado-de-homologacao-inscricoes-2022-1.pdf\">Comunicado \/ Homologa\u00e7\u00e3o de inscri\u00e7\u00e3o<\/a><\/div><div><p><a href=\"https:\/\/www.medicina.ufmg.br\/cpgsaudedamulher\/wp-content\/uploads\/sites\/41\/2022\/02\/Resultado-1a-etapa-PERINATOLOGIA.pdf\">Resultado 1\u00aa Etapa Perinatologia<\/a><\/p><p><a href=\"https:\/\/www.medicina.ufmg.br\/cpgsaudedamulher\/wp-content\/uploads\/sites\/41\/2022\/02\/Resultado-1a-etapa-PATOLOGIA-GINECOLOGICA-E-REPRODUCAO.pdf\">Resultado 1\u00aa Etapa PATOLOGIA GINECOL\u00d3GICA E REPRODU\u00c7\u00c3O<\/a><\/p><p><a href=\"https:\/\/www.medicina.ufmg.br\/cpgsaudedamulher\/wp-content\/uploads\/sites\/41\/2022\/02\/TESTE-DE-CONEXAO-PROCESSO-SELETIVO-2022.pdf\">Comunicado ( teste de conex\u00e3o)<\/a><\/p><p><a href=\"https:\/\/www.medicina.ufmg.br\/cpgsaudedamulher\/wp-content\/uploads\/sites\/41\/2022\/02\/PPGSM2022-ESCALA_ARGUICAO.pdf\">Escala &#8211; Apresenta\u00e7\u00e3o e Argui\u00e7\u00e3o do Projeto de Pesquisa<\/a><\/p><p><a href=\"https:\/\/www.medicina.ufmg.br\/cpgsaudedamulher\/wp-content\/uploads\/sites\/41\/2022\/02\/RETIFICAC\u0327A\u0303O-Resultado-1a-etapa-Patologia.pdf\"><b>Resultado 1\u00aa Etapa Perinatologia: RETIFICA\u00c7\u00c3O<\/b><\/a><\/p><p><a href=\"https:\/\/www.medicina.ufmg.br\/cpgsaudedamulher\/wp-content\/uploads\/sites\/41\/2022\/02\/Resultado-Final-Mestrado-Patologia-Ginecologica-e-Reproducao-2022.pdf\">Resultado Final Mestrado &#8211; Patologia Ginecol\u00f3gica e Reprodu\u00e7\u00e3o 2022<\/a><\/p><p><a href=\"https:\/\/www.medicina.ufmg.br\/cpgsaudedamulher\/wp-content\/uploads\/sites\/41\/2022\/02\/Resultado-Final-Mestrado-Perinatologia-2022.pdf\">Resultado Final Mestrado &#8211; Perinatologia 2022<\/a><\/p><\/div><\/div>\n\t\t\t\t<\/div>\n\t\t\t\t\t\t\t<div class=\"elementor-toggle-item\">\n\t\t\t\t\t<div id=\"elementor-tab-title-9243\" class=\"elementor-tab-title\" data-tab=\"3\" role=\"button\" aria-controls=\"elementor-tab-content-9243\" aria-expanded=\"false\">\n\t\t\t\t\t\t\t\t\t\t\t\t<span class=\"elementor-toggle-icon elementor-toggle-icon-left\" aria-hidden=\"true\">\n\t\t\t\t\t\t\t\t\t\t\t\t\t\t\t<span class=\"elementor-toggle-icon-closed\"><i class=\"fas fa-caret-right\"><\/i><\/span>\n\t\t\t\t\t\t\t\t<span class=\"elementor-toggle-icon-opened\"><i class=\"elementor-toggle-icon-opened fas fa-caret-up\"><\/i><\/span>\n\t\t\t\t\t\t\t\t\t\t\t\t\t<\/span>\n\t\t\t\t\t\t\t\t\t\t\t\t<a class=\"elementor-toggle-title\" tabindex=\"0\">Edital Suplementar 2022<\/a>\n\t\t\t\t\t<\/div>\n\n\t\t\t\t\t<div id=\"elementor-tab-content-9243\" class=\"elementor-tab-content elementor-clearfix\" data-tab=\"3\" role=\"region\" aria-labelledby=\"elementor-tab-title-9243\"><p><a href=\"https:\/\/ftp.medicina.ufmg.br\/cpg\/programas\/saude_mulher\/2022\/Edital%20Suplementar_Sa%fade%20da%20Mulher_2022.pdf\">Edital Suplementar<\/a><\/p><p><a href=\"https:\/\/ftp.medicina.ufmg.br\/cpg\/programas\/saude_mulher\/2022\/Formul%e1rio%20de%20inscri%e7%e3o%20Suplementar.xls\">Formul\u00e1rio de Inscri\u00e7\u00e3o<\/a><\/p><p><a href=\"https:\/\/ftp.medicina.ufmg.br\/cpg\/programas\/saude_mulher\/2022\/MODELO%20DE%20RELAT%d3RIO%20DO%20M%c9DICO%20ASSISTENTE.pdf\">Modelo de Relat\u00f3rio do M\u00e9dico Assistente<\/a><\/p><p><a href=\"https:\/\/ftp.medicina.ufmg.br\/cpg\/programas\/saude_mulher\/2022\/Declara%e7%e3o%20de%20Autorreconhecimento%20Ind%edgena.pdf\">Declara\u00e7\u00e3o de Autoreconhecimento Ind\u00edgena<\/a><\/p><p><a href=\"https:\/\/ftp.medicina.ufmg.br\/cpg\/programas\/saude_mulher\/2022\/Declara%e7%e3o%20de%20Lideran%e7a%20Ind%edgena.pdf\">Declara\u00e7\u00e3o Lideran\u00e7a Ind\u00edgena<\/a><\/p><p><a href=\"https:\/\/ftp.medicina.ufmg.br\/cpg\/programas\/saude_mulher\/2022\/Declara%e7%e3o%20de%20Resid%eancia%20Ind%edgena.pdf\">Declara\u00e7\u00e3o de Resid\u00eancia Ind\u00edgena<\/a><\/p><p><a href=\"https:\/\/ftp.medicina.ufmg.br\/cpg\/programas\/saude_mulher\/2022\/AUTODECLARA%c7%c3O%20DE%20PESSOA%20COM%20DEFICI%caNCIA.pdf\">Autodeclara\u00e7\u00e3o de Pessoa com Defici\u00eancia<\/a><\/p><p><a href=\"https:\/\/ftp.medicina.ufmg.br\/cpg\/programas\/saude_mulher\/2022\/FORMUL%c1RIO%20DE%20SOLICITA%c7%c3O%20DE%20CONDI%c7%d5ES%20ESPECIAIS%20PARA%20A%20REALIZA%c7%c3O%20DA%20PROVAPG.pdf\">Formul\u00e1rio de Solicita\u00e7\u00e3o de Condi\u00e7\u00f5es Especiais<\/a><\/p><\/div>\n\t\t\t\t<\/div>\n\t\t\t\t\t\t\t\t<\/div>\n\t\t\t\t\t\t<\/div>\n\t\t\t\t<\/div>\n\t\t\t\t\t<\/div>\n\t\t<\/div>\n\t\t\t\t\t<\/div>\n\t\t<\/section>\n\t\t\t\t<\/div>\n\t\t","protected":false},"excerpt":{"rendered":"<p>Sele\u00e7\u00e3o Mestrado 2022\/2 Cronograma &#8211; Fluxo Cont\u00ednuo\u00a0Mestrado Formul\u00e1rio para inscri\u00e7\u00e3oDeclara\u00e7\u00e3o de Impedimento Escala de teste\/ candidatos classificados\u00a0Escala de entrevista\/ candidatos\u00a0classificados\u00a0Resultado Final\u00a0 Sele\u00e7\u00e3o Mestrado 2022 Edital Regular Autodeclara\u00e7\u00e3o racial Formul\u00e1rio de Inscri\u00e7\u00e3o Declara\u00e7\u00e3o de impedimento\/ inexist\u00eancia\u00a0Comunicado \/ Homologa\u00e7\u00e3o de inscri\u00e7\u00e3o Resultado 1\u00aa Etapa Perinatologia Resultado 1\u00aa Etapa PATOLOGIA GINECOL\u00d3GICA E REPRODU\u00c7\u00c3O Comunicado ( teste de conex\u00e3o) [&hellip;]<\/p>\n","protected":false},"author":17,"featured_media":0,"parent":0,"menu_order":0,"comment_status":"closed","ping_status":"closed","template":"","meta":{"footnotes":""},"class_list":["post-420","page","type-page","status-publish","hentry"],"_links":{"self":[{"href":"https:\/\/www.medicina.ufmg.br\/cpgsaudedamulher\/wp-json\/wp\/v2\/pages\/420","targetHints":{"allow":["GET"]}}],"collection":[{"href":"https:\/\/www.medicina.ufmg.br\/cpgsaudedamulher\/wp-json\/wp\/v2\/pages"}],"about":[{"href":"https:\/\/www.medicina.ufmg.br\/cpgsaudedamulher\/wp-json\/wp\/v2\/types\/page"}],"author":[{"embeddable":true,"href":"https:\/\/www.medicina.ufmg.br\/cpgsaudedamulher\/wp-json\/wp\/v2\/users\/17"}],"replies":[{"embeddable":true,"href":"https:\/\/www.medicina.ufmg.br\/cpgsaudedamulher\/wp-json\/wp\/v2\/comments?post=420"}],"version-history":[{"count":17,"href":"https:\/\/www.medicina.ufmg.br\/cpgsaudedamulher\/wp-json\/wp\/v2\/pages\/420\/revisions"}],"predecessor-version":[{"id":469,"href":"https:\/\/www.medicina.ufmg.br\/cpgsaudedamulher\/wp-json\/wp\/v2\/pages\/420\/revisions\/469"}],"wp:attachment":[{"href":"https:\/\/www.medicina.ufmg.br\/cpgsaudedamulher\/wp-json\/wp\/v2\/media?parent=420"}],"curies":[{"name":"wp","href":"https:\/\/api.w.org\/{rel}","templated":true}]}}