
{"id":517,"date":"2022-12-29T18:26:06","date_gmt":"2022-12-29T18:26:06","guid":{"rendered":"https:\/\/www.medicina.ufmg.br\/cpgsaudedamulher\/?page_id=517"},"modified":"2023-05-10T17:31:30","modified_gmt":"2023-05-10T17:31:30","slug":"historia","status":"publish","type":"page","link":"https:\/\/www.medicina.ufmg.br\/cpgsaudedamulher\/historia\/","title":{"rendered":"HIST\u00d3RIA"},"content":{"rendered":"\n<p>O Curso de Mestrado em Sa\u00fade da Mulher da UFMG foi criado em 1970 pelo Professor Clovis Salgado. Inicialmente, apenas com o curso de Mestrado, tornou-se uma refer\u00eancia na forma\u00e7\u00e3o de docentes para as Escolas M\u00e9dicas de Minas Gerais. Foi atrav\u00e9s do Mestrado da UFMG que os primeiros passos da pesquisa moderna foram introduzidos em nosso Estado. Posteriormente, foi inclu\u00eddo o curso do Doutorado (entre 1996 e 2016). A partir de 2022, o Programa vem passando por um amplo processo de reestrutura\u00e7\u00e3o rumo \u00e0 excel\u00eancia, sendo o \u00fanico Programa dedicado exclusivamente \u00e0 Sa\u00fade da Mulher em Minas Gerais.<\/p>\n\n\n\n<p>A evolu\u00e7\u00e3o do programa em qualidade e volume de suas publica\u00e7\u00f5es coincide com o verificado em toda a produ\u00e7\u00e3o acad\u00eamica nacional. A p\u00f3s-gradua\u00e7\u00e3o que inicialmente visou exclusivamente \u00e0 forma\u00e7\u00e3o de docentes para o ensino universit\u00e1rio foi progressivamente assumindo a responsabilidade de formar pesquisadores e de liderar o processo de forma\u00e7\u00e3o de grupos de pesquisa em nossas Institui\u00e7\u00f5es de Ensino.<\/p>\n\n\n\n<p>Parcerias internacionais fazem parte da hist\u00f3ria do Programa e t\u00eam contribu\u00eddo para excel\u00eancia em pesquisa e troca de experi\u00eancias com grandes centros mundiais de investiga\u00e7\u00e3o. A capta\u00e7\u00e3o de recursos nacionais e internacionais pelos seus docentes tem sido uma das marcas de excel6encia do Programa, formando alian\u00e7as e abrindo a possibilidade de interc\u00e2mbio internacional para docentes e discentes.<\/p>\n\n\n\n<p>Esperamos que os pr\u00f3ximos anos de funcionamento do nosso curso possam produzir avan\u00e7os na qualidade e na import\u00e2ncia dos produtos cient\u00edficos, na forma de publica\u00e7\u00f5es cientificas de qualidade, patentes, foco em inova\u00e7\u00e3o e forma\u00e7\u00e3o de pessoas.<\/p>\n","protected":false},"excerpt":{"rendered":"<p>O Curso de Mestrado em Sa\u00fade da Mulher da UFMG foi criado em 1970 pelo Professor Clovis Salgado. Inicialmente, apenas com o curso de Mestrado, tornou-se uma refer\u00eancia na forma\u00e7\u00e3o de docentes para as Escolas M\u00e9dicas de Minas Gerais. Foi atrav\u00e9s do Mestrado da UFMG que os primeiros passos da pesquisa moderna foram introduzidos em [&hellip;]<\/p>\n","protected":false},"author":17,"featured_media":0,"parent":0,"menu_order":0,"comment_status":"closed","ping_status":"closed","template":"","meta":{"footnotes":""},"class_list":["post-517","page","type-page","status-publish","hentry"],"_links":{"self":[{"href":"https:\/\/www.medicina.ufmg.br\/cpgsaudedamulher\/wp-json\/wp\/v2\/pages\/517","targetHints":{"allow":["GET"]}}],"collection":[{"href":"https:\/\/www.medicina.ufmg.br\/cpgsaudedamulher\/wp-json\/wp\/v2\/pages"}],"about":[{"href":"https:\/\/www.medicina.ufmg.br\/cpgsaudedamulher\/wp-json\/wp\/v2\/types\/page"}],"author":[{"embeddable":true,"href":"https:\/\/www.medicina.ufmg.br\/cpgsaudedamulher\/wp-json\/wp\/v2\/users\/17"}],"replies":[{"embeddable":true,"href":"https:\/\/www.medicina.ufmg.br\/cpgsaudedamulher\/wp-json\/wp\/v2\/comments?post=517"}],"version-history":[{"count":8,"href":"https:\/\/www.medicina.ufmg.br\/cpgsaudedamulher\/wp-json\/wp\/v2\/pages\/517\/revisions"}],"predecessor-version":[{"id":616,"href":"https:\/\/www.medicina.ufmg.br\/cpgsaudedamulher\/wp-json\/wp\/v2\/pages\/517\/revisions\/616"}],"wp:attachment":[{"href":"https:\/\/www.medicina.ufmg.br\/cpgsaudedamulher\/wp-json\/wp\/v2\/media?parent=517"}],"curies":[{"name":"wp","href":"https:\/\/api.w.org\/{rel}","templated":true}]}}