
{"id":519,"date":"2022-12-29T18:26:28","date_gmt":"2022-12-29T18:26:28","guid":{"rendered":"https:\/\/www.medicina.ufmg.br\/cpgsaudedamulher\/?page_id=519"},"modified":"2024-07-22T12:02:54","modified_gmt":"2024-07-22T12:02:54","slug":"linha-do-tempo-e-coordenadores","status":"publish","type":"page","link":"https:\/\/www.medicina.ufmg.br\/cpgsaudedamulher\/linha-do-tempo-e-coordenadores\/","title":{"rendered":"LINHA DO TEMPO E COORDENADORES"},"content":{"rendered":"\n<figure class=\"wp-block-table\"><table><tbody><tr><td><\/td><td>Coordena\u00e7\u00e3o<\/td><td>Per\u00edodo<\/td><td>Foto<\/td><\/tr><tr><td>1<\/td><td>Professor Cl\u00f3vis Salgado<\/td><td>1971 1973<\/td><td><a href=\"https:\/\/www.medicina.ufmg.br\/cpgsaudedamulher\/wp-content\/uploads\/sites\/41\/2023\/01\/Clovis-1.png\"><img decoding=\"async\" src=\"https:\/\/www.medicina.ufmg.br\/cpgsaudedamulher\/wp-content\/uploads\/sites\/41\/2023\/01\/Clovis-1-53x53.png\" alt=\"\" width=\"53\" height=\"53\"><\/a><\/td><\/tr><tr><td>2<\/td><td>Professor Rubens Monteiro de Barros<\/td><td>1973 a 1977<\/td><td><a href=\"https:\/\/www.medicina.ufmg.br\/cpgsaudedamulher\/wp-content\/uploads\/sites\/41\/2023\/01\/Rubens-scaled.jpg\"><img decoding=\"async\" src=\"https:\/\/www.medicina.ufmg.br\/cpgsaudedamulher\/wp-content\/uploads\/sites\/41\/2023\/01\/Rubens-53x53.jpg\" alt=\"\" width=\"53\" height=\"53\"><\/a><\/td><\/tr><tr><td>3<\/td><td>Professor Rui Pimenta Fiho<\/td><td>1977 a 1981<\/td><td><a href=\"https:\/\/www.medicina.ufmg.br\/cpgsaudedamulher\/wp-content\/uploads\/sites\/41\/2023\/01\/Rui.png\"><img decoding=\"async\" src=\"https:\/\/www.medicina.ufmg.br\/cpgsaudedamulher\/wp-content\/uploads\/sites\/41\/2023\/01\/Rui-53x53.png\" alt=\"\" width=\"53\" height=\"53\"><\/a><\/td><\/tr><tr><td>4<\/td><td>Professor Manuel Maur\u00edcio Gon\u00e7alves<\/td><td>1981 a 1983<\/td><td><a href=\"https:\/\/www.medicina.ufmg.br\/cpgsaudedamulher\/wp-content\/uploads\/sites\/41\/2023\/01\/Manuel_mauricio.jpg\"><img loading=\"lazy\" decoding=\"async\" src=\"https:\/\/www.medicina.ufmg.br\/cpgsaudedamulher\/wp-content\/uploads\/sites\/41\/2023\/01\/Manuel_mauricio-53x53.jpg\" alt=\"\" width=\"53\" height=\"53\"><\/a><\/td><\/tr><tr><td>5<\/td><td>Professor An\u00edbal Carvalho Lamego<\/td><td>1983 a 1986<\/td><td>&nbsp;<\/td><\/tr><tr><td>6<\/td><td>Professor Ant\u00f4nio Carlos Vieira Cabral<\/td><td>1986 a 1988<\/td><td><a href=\"https:\/\/www.medicina.ufmg.br\/cpgsaudedamulher\/wp-content\/uploads\/sites\/41\/2023\/01\/Antonio-1.png\"><img loading=\"lazy\" decoding=\"async\" src=\"https:\/\/www.medicina.ufmg.br\/cpgsaudedamulher\/wp-content\/uploads\/sites\/41\/2023\/01\/Antonio-1-53x53.png\" alt=\"\" width=\"53\" height=\"53\"><\/a><\/td><\/tr><tr><td>7<\/td><td>Professor Aroldo Fernando Camargos<\/td><td>1988 a 1993<\/td><td><a href=\"https:\/\/www.medicina.ufmg.br\/cpgsaudedamulher\/wp-content\/uploads\/sites\/41\/2023\/01\/Aroldo2.png\"><img loading=\"lazy\" decoding=\"async\" src=\"https:\/\/www.medicina.ufmg.br\/cpgsaudedamulher\/wp-content\/uploads\/sites\/41\/2023\/01\/Aroldo2-53x53.png\" alt=\"\" width=\"53\" height=\"53\"><\/a><\/td><\/tr><tr><td>8<\/td><td>Victor Hugo de Melo<\/td><td>1993 a 1994<\/td><td><a href=\"https:\/\/www.medicina.ufmg.br\/cpgsaudedamulher\/wp-content\/uploads\/sites\/41\/2023\/01\/Vitor-1.jpeg\"><img loading=\"lazy\" decoding=\"async\" src=\"https:\/\/www.medicina.ufmg.br\/cpgsaudedamulher\/wp-content\/uploads\/sites\/41\/2023\/01\/Vitor-1-53x53.jpeg\" alt=\"\" width=\"53\" height=\"53\"><\/a><\/td><\/tr><tr><td>9<\/td><td>Professor Cezar Alencar de Lima Rezende<\/td><td>1994 a 1999<\/td><td><a href=\"https:\/\/www.medicina.ufmg.br\/cpgsaudedamulher\/wp-content\/uploads\/sites\/41\/2023\/01\/Cezar-1.png\"><img loading=\"lazy\" decoding=\"async\" src=\"https:\/\/www.medicina.ufmg.br\/cpgsaudedamulher\/wp-content\/uploads\/sites\/41\/2023\/01\/Cezar-1-53x53.png\" alt=\"\" width=\"53\" height=\"53\"><\/a><\/td><\/tr><tr><td>10<\/td><td>Professor Ant\u00f4nio Carlos Vieira Cabral<\/td><td>1999 a 2003<\/td><td><a href=\"https:\/\/www.medicina.ufmg.br\/cpgsaudedamulher\/wp-content\/uploads\/sites\/41\/2023\/01\/Antonio-1.png\"><img loading=\"lazy\" decoding=\"async\" src=\"https:\/\/www.medicina.ufmg.br\/cpgsaudedamulher\/wp-content\/uploads\/sites\/41\/2023\/01\/Antonio-1-53x53.png\" alt=\"\" width=\"53\" height=\"53\"><\/a><\/td><\/tr><tr><td>11<\/td><td>Professor Mario Jorge Barreto Viegas de Castro<\/td><td>2003 a 2005<\/td><td> <p>&nbsp;<span style=\"font-family: inherit; font-size: inherit; font-weight: inherit; color: initial;\"> <\/span><\/p><\/td><\/tr><tr><td>12<\/td><td>Professor Jo\u00e3o L\u00facio dos Santos Junior<\/td><td>2005 a 2008<\/td><td><a href=\"https:\/\/www.medicina.ufmg.br\/cpgsaudedamulher\/wp-content\/uploads\/sites\/41\/2023\/01\/Joao_lucio-1.jpg\"><img loading=\"lazy\" decoding=\"async\" src=\"https:\/\/www.medicina.ufmg.br\/cpgsaudedamulher\/wp-content\/uploads\/sites\/41\/2023\/01\/Joao_lucio-1-53x53.jpg\" alt=\"\" width=\"53\" height=\"53\"><\/a><\/td><\/tr><tr><td>13<\/td><td>Professora Alamanda Kfoury Pereira<\/td><td>2008 a 2009<\/td><td><a href=\"https:\/\/www.medicina.ufmg.br\/cpgsaudedamulher\/wp-content\/uploads\/sites\/41\/2023\/01\/Alamanda.jpeg\"><img loading=\"lazy\" decoding=\"async\" src=\"https:\/\/www.medicina.ufmg.br\/cpgsaudedamulher\/wp-content\/uploads\/sites\/41\/2023\/01\/Alamanda-53x53.jpeg\" alt=\"\" width=\"53\" height=\"53\"><\/a><\/td><\/tr><tr><td>14<\/td><td>Professor Ant\u00f4nio Carlos Vieira Cabral<\/td><td>2009 a 2015<\/td><td><a href=\"https:\/\/www.medicina.ufmg.br\/cpgsaudedamulher\/wp-content\/uploads\/sites\/41\/2023\/01\/Antonio-1.png\"><img loading=\"lazy\" decoding=\"async\" src=\"https:\/\/www.medicina.ufmg.br\/cpgsaudedamulher\/wp-content\/uploads\/sites\/41\/2023\/01\/Antonio-1-53x53.png\" alt=\"\" width=\"53\" height=\"53\"><\/a><\/td><\/tr><tr><td>15<\/td><td>Professor Selmo Geber<\/td><td>2015 a 2021<\/td><td><a href=\"https:\/\/www.medicina.ufmg.br\/cpgsaudedamulher\/wp-content\/uploads\/sites\/41\/2023\/01\/Selmo.png\"><img loading=\"lazy\" decoding=\"async\" src=\"https:\/\/www.medicina.ufmg.br\/cpgsaudedamulher\/wp-content\/uploads\/sites\/41\/2023\/01\/Selmo-53x53.png\" alt=\"\" width=\"53\" height=\"53\"><\/a><\/td><\/tr><tr><td>16<\/td><td>Professor Fernando Marcos dos Reis<\/td><td>2021 a 2022<\/td><td><a href=\"https:\/\/www.medicina.ufmg.br\/cpgsaudedamulher\/wp-content\/uploads\/sites\/41\/2023\/01\/Fernando.png\"><img loading=\"lazy\" decoding=\"async\" src=\"https:\/\/www.medicina.ufmg.br\/cpgsaudedamulher\/wp-content\/uploads\/sites\/41\/2023\/01\/Fernando-53x53.png\" alt=\"\" width=\"53\" height=\"53\"><\/a><\/td><\/tr><tr><td>17<\/td><td>Professora Zilma SIlveira Nogueira Reis<\/td><td>2022 a 2024<\/td><td><a href=\"https:\/\/www.medicina.ufmg.br\/cpgsaudedamulher\/wp-content\/uploads\/sites\/41\/2023\/01\/Zilma-scaled.jpg\"><img loading=\"lazy\" decoding=\"async\" src=\"https:\/\/www.medicina.ufmg.br\/cpgsaudedamulher\/wp-content\/uploads\/sites\/41\/2023\/01\/Zilma-53x53.jpg\" alt=\"\" width=\"53\" height=\"53\"><\/a><\/td><\/tr><tr><td>18<\/td><td>Professora Marilene Vale de Castro Monteiro<\/td><td>2024<\/td><td><a href=\"http:\/\/www.medicina.ufmg.br\/cpgsaudedamulher\/wp-content\/uploads\/sites\/41\/2024\/07\/Marilene_CPG-Saude-da-Mulher.png\"><img loading=\"lazy\" decoding=\"async\" width=\"53\" height=\"53\" src=\"http:\/\/www.medicina.ufmg.br\/cpgsaudedamulher\/wp-content\/uploads\/sites\/41\/2024\/07\/Marilene_CPG-Saude-da-Mulher.png\" alt=\"\"><\/a><\/td><\/tr><\/tbody><\/table><\/figure>\n","protected":false},"excerpt":{"rendered":"<p>Coordena\u00e7\u00e3o Per\u00edodo Foto 1 Professor Cl\u00f3vis Salgado 1971 1973 2 Professor Rubens Monteiro de Barros 1973 a 1977 3 Professor Rui Pimenta Fiho 1977 a 1981 4 Professor Manuel Maur\u00edcio Gon\u00e7alves 1981 a 1983 5 Professor An\u00edbal Carvalho Lamego 1983 a 1986 &nbsp; 6 Professor Ant\u00f4nio Carlos Vieira Cabral 1986 a 1988 7 Professor Aroldo [&hellip;]<\/p>\n","protected":false},"author":17,"featured_media":0,"parent":0,"menu_order":0,"comment_status":"closed","ping_status":"closed","template":"","meta":{"footnotes":""},"class_list":["post-519","page","type-page","status-publish","hentry"],"_links":{"self":[{"href":"https:\/\/www.medicina.ufmg.br\/cpgsaudedamulher\/wp-json\/wp\/v2\/pages\/519","targetHints":{"allow":["GET"]}}],"collection":[{"href":"https:\/\/www.medicina.ufmg.br\/cpgsaudedamulher\/wp-json\/wp\/v2\/pages"}],"about":[{"href":"https:\/\/www.medicina.ufmg.br\/cpgsaudedamulher\/wp-json\/wp\/v2\/types\/page"}],"author":[{"embeddable":true,"href":"https:\/\/www.medicina.ufmg.br\/cpgsaudedamulher\/wp-json\/wp\/v2\/users\/17"}],"replies":[{"embeddable":true,"href":"https:\/\/www.medicina.ufmg.br\/cpgsaudedamulher\/wp-json\/wp\/v2\/comments?post=519"}],"version-history":[{"count":7,"href":"https:\/\/www.medicina.ufmg.br\/cpgsaudedamulher\/wp-json\/wp\/v2\/pages\/519\/revisions"}],"predecessor-version":[{"id":777,"href":"https:\/\/www.medicina.ufmg.br\/cpgsaudedamulher\/wp-json\/wp\/v2\/pages\/519\/revisions\/777"}],"wp:attachment":[{"href":"https:\/\/www.medicina.ufmg.br\/cpgsaudedamulher\/wp-json\/wp\/v2\/media?parent=519"}],"curies":[{"name":"wp","href":"https:\/\/api.w.org\/{rel}","templated":true}]}}