
{"id":520,"date":"2022-12-29T18:26:41","date_gmt":"2022-12-29T18:26:41","guid":{"rendered":"https:\/\/www.medicina.ufmg.br\/cpgsaudedamulher\/?page_id=520"},"modified":"2024-09-09T15:04:25","modified_gmt":"2024-09-09T15:04:25","slug":"autoridades-2","status":"publish","type":"page","link":"https:\/\/www.medicina.ufmg.br\/cpgsaudedamulher\/autoridades-2\/","title":{"rendered":"AUTORIDADES"},"content":{"rendered":"<p><strong>Reitora: <\/strong><\/p>\n<p>Prof\u00aa. Sandra Regina Goulart Almeida<\/p>\n<p><strong>Vice-Reitor: <\/strong><\/p>\n<p>Prof. Alessandro Fernandes Moreira<\/p>\n<p><strong>Pr\u00f3-Reitora de P\u00f3s-Gradua\u00e7\u00e3o:<\/strong><\/p>\n<p>Prof\u00aa. Isabela Almeida Pordeus<\/p>\n<p><strong>Pr\u00f3-Reitor Adjunto de P\u00f3s-Gradua\u00e7\u00e3o:<\/strong><\/p>\n<p>Prof. Eduardo Soares Neves Silva<\/p>\n<p><strong>Pr\u00f3-Reitor de Pesquisa: <\/strong><\/p>\n<p>Prof. Fernando Marcos dos Reis<\/p>\n<p><strong>Pr\u00f3-Reitora Adjunta de Pesquisa:<\/strong><\/p>\n<p>Prof\u00aa. Jacqueline Aparecida Takahashi<\/p>\n<p><strong>Diretora da Faculdade de Medicina:<\/strong><\/p>\n<p>Prof\u00aa. Alamanda Kfoury Pereira<\/p>\n<p><strong>Vice-Diretora da Faculdade de Medicina:<\/strong><\/p>\n<p>Prof\u00aa. Cristina Gon\u00e7alves Alvim<\/p>\n<p><strong>Coordenador do Centro de P\u00f3s-Gradua\u00e7\u00e3o:<\/strong><\/p>\n<p>Prof. Tarcizo Afonso Nunes<\/p>\n<p><strong>Subcoordenadora do Centro de P\u00f3s-Gradua\u00e7\u00e3o: <\/strong><\/p>\n<p>Profa. Ana Cristina Sim\u00f5es e Silva<\/p>\n<p><strong>Coordenador do Centro de P\u00f3s-Gradua\u00e7\u00e3o:<\/strong><\/p>\n<p>Prof. Tarcizo Afonso Nunes<\/p>\n<p><strong> Subcoordenadora do Centro de P\u00f3s-Gradua\u00e7\u00e3o:<\/strong><\/p>\n<p>Profa. Ana Cristina Sim\u00f5es e Silva<\/p>\n<p><strong>Subcoordenadora do Centro de P\u00f3s-Gradua\u00e7\u00e3o: <\/strong><\/p>\n<p>Prof\u00aa. Ana Cristina Sim\u00f5es e Silva<\/p>\n<p><strong>Chefe do Departamento de Ginecologia e Obstetr\u00edcia:<\/strong><\/p>\n<p>Profa. M\u00e1rcia Cristina Fran\u00e7a Ferreira<\/p>\n<p><strong>Colegiado do Curso de Mestrado em Sa\u00fade da Mulher:<\/strong><\/p>\n<p>Prof\u00aa. Marilene Vale de Castro Monteiro ( coordenador)<br \/>\nProf\u00aa. Zilma Silveira Nogueira Reis (subcoordenador)<br \/>\nProf\u00aa. Ana Luiza Lunardi Rocha Baroni \/ Prof. Fernando Marcos dos Reis<br \/>\nProf. Eduardo Batista C\u00e2ndido \/ Profa. M\u00e1rcia Cristina Fran\u00e7a Ferreira<br \/>\nProf. Henrique Vitor Leite \/ Profa. Alamanda Kfoury Pereira<\/p>\n","protected":false},"excerpt":{"rendered":"<p>Reitora: Prof\u00aa. Sandra Regina Goulart Almeida Vice-Reitor: Prof. Alessandro Fernandes Moreira Pr\u00f3-Reitora de P\u00f3s-Gradua\u00e7\u00e3o: Prof\u00aa. Isabela Almeida Pordeus Pr\u00f3-Reitor Adjunto de P\u00f3s-Gradua\u00e7\u00e3o: Prof. Eduardo Soares Neves Silva Pr\u00f3-Reitor de Pesquisa: Prof. Fernando Marcos dos Reis Pr\u00f3-Reitora Adjunta de Pesquisa: Prof\u00aa. Jacqueline Aparecida Takahashi Diretora da Faculdade de Medicina: Prof\u00aa. Alamanda Kfoury Pereira Vice-Diretora da Faculdade [&hellip;]<\/p>\n","protected":false},"author":17,"featured_media":0,"parent":0,"menu_order":0,"comment_status":"closed","ping_status":"closed","template":"","meta":{"footnotes":""},"class_list":["post-520","page","type-page","status-publish","hentry"],"_links":{"self":[{"href":"https:\/\/www.medicina.ufmg.br\/cpgsaudedamulher\/wp-json\/wp\/v2\/pages\/520","targetHints":{"allow":["GET"]}}],"collection":[{"href":"https:\/\/www.medicina.ufmg.br\/cpgsaudedamulher\/wp-json\/wp\/v2\/pages"}],"about":[{"href":"https:\/\/www.medicina.ufmg.br\/cpgsaudedamulher\/wp-json\/wp\/v2\/types\/page"}],"author":[{"embeddable":true,"href":"https:\/\/www.medicina.ufmg.br\/cpgsaudedamulher\/wp-json\/wp\/v2\/users\/17"}],"replies":[{"embeddable":true,"href":"https:\/\/www.medicina.ufmg.br\/cpgsaudedamulher\/wp-json\/wp\/v2\/comments?post=520"}],"version-history":[{"count":7,"href":"https:\/\/www.medicina.ufmg.br\/cpgsaudedamulher\/wp-json\/wp\/v2\/pages\/520\/revisions"}],"predecessor-version":[{"id":792,"href":"https:\/\/www.medicina.ufmg.br\/cpgsaudedamulher\/wp-json\/wp\/v2\/pages\/520\/revisions\/792"}],"wp:attachment":[{"href":"https:\/\/www.medicina.ufmg.br\/cpgsaudedamulher\/wp-json\/wp\/v2\/media?parent=520"}],"curies":[{"name":"wp","href":"https:\/\/api.w.org\/{rel}","templated":true}]}}