
{"id":534,"date":"2022-12-29T18:40:08","date_gmt":"2022-12-29T18:40:08","guid":{"rendered":"https:\/\/www.medicina.ufmg.br\/cpgsaudedamulher\/?page_id=534"},"modified":"2025-01-16T18:19:33","modified_gmt":"2025-01-16T18:19:33","slug":"dissertacoes-e-teses","status":"publish","type":"page","link":"https:\/\/www.medicina.ufmg.br\/cpgsaudedamulher\/dissertacoes-e-teses\/","title":{"rendered":"Disserta\u00e7\u00f5es e Teses"},"content":{"rendered":"\n<p>As Disserta\u00e7\u00f5es e Teses defendidas no PPGSM podem ser consultadas e acessadas, na \u00edntegra, via Biblioteca Digital de Teses e Disserta\u00e7\u00f5es da UFMG e tamb\u00e9m no Reposit\u00f3rio de Teses e Disserta\u00e7\u00f5es da CAPES.<\/p>\n\n\n\n<p><a href=\"https:\/\/repositorio.ufmg.br\/handle\/1843\/390\" data-type=\"link\" data-id=\"https:\/\/repositorio.ufmg.br\/handle\/1843\/390\"> Reposit\u00f3rio UFMG <\/a><\/p>\n\n\n\n<p><a href=\"https:\/\/sucupira-v2.capes.gov.br\/observatorio\/producoes?id-programa=759&amp;search=&amp;size=20&amp;page=0\" data-type=\"link\" data-id=\"https:\/\/sucupira-v2.capes.gov.br\/observatorio\/producoes?id-programa=759&amp;search=&amp;size=20&amp;page=0\">Plataforma Sucupira<\/a><\/p>\n","protected":false},"excerpt":{"rendered":"<p>As Disserta\u00e7\u00f5es e Teses defendidas no PPGSM podem ser consultadas e acessadas, na \u00edntegra, via Biblioteca Digital de Teses e Disserta\u00e7\u00f5es da UFMG e tamb\u00e9m no Reposit\u00f3rio de Teses e Disserta\u00e7\u00f5es da CAPES. Reposit\u00f3rio UFMG Plataforma Sucupira<\/p>\n","protected":false},"author":17,"featured_media":0,"parent":0,"menu_order":0,"comment_status":"closed","ping_status":"closed","template":"","meta":{"footnotes":""},"class_list":["post-534","page","type-page","status-publish","hentry"],"_links":{"self":[{"href":"https:\/\/www.medicina.ufmg.br\/cpgsaudedamulher\/wp-json\/wp\/v2\/pages\/534","targetHints":{"allow":["GET"]}}],"collection":[{"href":"https:\/\/www.medicina.ufmg.br\/cpgsaudedamulher\/wp-json\/wp\/v2\/pages"}],"about":[{"href":"https:\/\/www.medicina.ufmg.br\/cpgsaudedamulher\/wp-json\/wp\/v2\/types\/page"}],"author":[{"embeddable":true,"href":"https:\/\/www.medicina.ufmg.br\/cpgsaudedamulher\/wp-json\/wp\/v2\/users\/17"}],"replies":[{"embeddable":true,"href":"https:\/\/www.medicina.ufmg.br\/cpgsaudedamulher\/wp-json\/wp\/v2\/comments?post=534"}],"version-history":[{"count":2,"href":"https:\/\/www.medicina.ufmg.br\/cpgsaudedamulher\/wp-json\/wp\/v2\/pages\/534\/revisions"}],"predecessor-version":[{"id":913,"href":"https:\/\/www.medicina.ufmg.br\/cpgsaudedamulher\/wp-json\/wp\/v2\/pages\/534\/revisions\/913"}],"wp:attachment":[{"href":"https:\/\/www.medicina.ufmg.br\/cpgsaudedamulher\/wp-json\/wp\/v2\/media?parent=534"}],"curies":[{"name":"wp","href":"https:\/\/api.w.org\/{rel}","templated":true}]}}