
{"id":539,"date":"2023-01-03T13:53:05","date_gmt":"2023-01-03T13:53:05","guid":{"rendered":"https:\/\/www.medicina.ufmg.br\/cpgsaudedamulher\/?page_id=539"},"modified":"2023-01-03T13:53:07","modified_gmt":"2023-01-03T13:53:07","slug":"cooperacoes-cientificas","status":"publish","type":"page","link":"https:\/\/www.medicina.ufmg.br\/cpgsaudedamulher\/cooperacoes-cientificas\/","title":{"rendered":"Coopera\u00e7\u00f5es cient\u00edficas"},"content":{"rendered":"\n<p>Centro de Inova\u00e7\u00e3o e Intelig\u00eancia Artificial para Sa\u00fade &#8211; Brasil<br><a href=\"https:\/\/ciia-saude.dcc.ufmg.br\/\">https:\/\/ciia-saude.dcc.ufmg.br\/<\/a><\/p>\n\n\n\n<p>CINTESIS &#8211; Portugal<br><a href=\"https:\/\/cintesis.eu\/pt\/homepage\/\">https:\/\/cintesis.eu\/pt\/homepage\/<\/a><\/p>\n","protected":false},"excerpt":{"rendered":"<p>Centro de Inova\u00e7\u00e3o e Intelig\u00eancia Artificial para Sa\u00fade &#8211; Brasilhttps:\/\/ciia-saude.dcc.ufmg.br\/ CINTESIS &#8211; Portugalhttps:\/\/cintesis.eu\/pt\/homepage\/<\/p>\n","protected":false},"author":17,"featured_media":0,"parent":0,"menu_order":0,"comment_status":"closed","ping_status":"closed","template":"","meta":{"footnotes":""},"class_list":["post-539","page","type-page","status-publish","hentry"],"_links":{"self":[{"href":"https:\/\/www.medicina.ufmg.br\/cpgsaudedamulher\/wp-json\/wp\/v2\/pages\/539","targetHints":{"allow":["GET"]}}],"collection":[{"href":"https:\/\/www.medicina.ufmg.br\/cpgsaudedamulher\/wp-json\/wp\/v2\/pages"}],"about":[{"href":"https:\/\/www.medicina.ufmg.br\/cpgsaudedamulher\/wp-json\/wp\/v2\/types\/page"}],"author":[{"embeddable":true,"href":"https:\/\/www.medicina.ufmg.br\/cpgsaudedamulher\/wp-json\/wp\/v2\/users\/17"}],"replies":[{"embeddable":true,"href":"https:\/\/www.medicina.ufmg.br\/cpgsaudedamulher\/wp-json\/wp\/v2\/comments?post=539"}],"version-history":[{"count":1,"href":"https:\/\/www.medicina.ufmg.br\/cpgsaudedamulher\/wp-json\/wp\/v2\/pages\/539\/revisions"}],"predecessor-version":[{"id":540,"href":"https:\/\/www.medicina.ufmg.br\/cpgsaudedamulher\/wp-json\/wp\/v2\/pages\/539\/revisions\/540"}],"wp:attachment":[{"href":"https:\/\/www.medicina.ufmg.br\/cpgsaudedamulher\/wp-json\/wp\/v2\/media?parent=539"}],"curies":[{"name":"wp","href":"https:\/\/api.w.org\/{rel}","templated":true}]}}