
{"id":58,"date":"2016-01-06T13:39:10","date_gmt":"2016-01-06T13:39:10","guid":{"rendered":"https:\/\/www.medicina.ufmg.br\/saudedamulher\/?page_id=58"},"modified":"2025-02-28T17:19:37","modified_gmt":"2025-02-28T17:19:37","slug":"areas-de-concentracao","status":"publish","type":"page","link":"https:\/\/www.medicina.ufmg.br\/cpgsaudedamulher\/areas-de-concentracao\/","title":{"rendered":"Linhas de Pesquisa"},"content":{"rendered":"\n<p>\u00c1rea da Concentra\u00e7\u00e3o: Sa\u00fade da Mulher<\/p>\n\n\n\n<p>Linhas de Pesquisa<\/p>\n\n\n\n<p>1- Desafios e solu\u00e7\u00f5es em reprodu\u00e7\u00e3o assistida.<\/p>\n\n\n\n<p>2- Estudos avan\u00e7ados em endocrinologia ginecol\u00f3gica, contracep\u00e7\u00e3o, climat\u00e9rio e menopausa.<\/p>\n\n\n\n<p>3- Avan\u00e7os diagn\u00f3sticos e terap\u00eauticos, abordagem interdisciplinar no c\u00e2ncer ginecol\u00f3gico e da mama.<\/p>\n\n\n\n<p>4- Desafios e solu\u00e7\u00f5es para excel\u00eancia em cirurgia ginecol\u00f3gica.<\/p>\n\n\n\n<p>5- Estudos avan\u00e7ados em proped\u00eautica, terap\u00eautica e gen\u00e9tica fetal.<\/p>\n\n\n\n<p>6- Avalia\u00e7\u00e3o ampliada e interdisciplinar dos desafios da perinatologia.<\/p>\n\n\n\n<p>7- Desafios e solu\u00e7\u00f5es para excel\u00eancia na assist\u00eancia obst\u00e9trica.<\/p>\n\n\n\n<p>8- Pesquisa e inova\u00e7\u00e3o em sa\u00fade digital aplicada \u00e0 sa\u00fade da mulher.<\/p>\n","protected":false},"excerpt":{"rendered":"<p>\u00c1rea da Concentra\u00e7\u00e3o: Sa\u00fade da Mulher Linhas de Pesquisa 1- Desafios e solu\u00e7\u00f5es em reprodu\u00e7\u00e3o assistida. 2- Estudos avan\u00e7ados em endocrinologia ginecol\u00f3gica, contracep\u00e7\u00e3o, climat\u00e9rio e menopausa. 3- Avan\u00e7os diagn\u00f3sticos e terap\u00eauticos, abordagem interdisciplinar no c\u00e2ncer ginecol\u00f3gico e da mama. 4- Desafios e solu\u00e7\u00f5es para excel\u00eancia em cirurgia ginecol\u00f3gica. 5- Estudos avan\u00e7ados em proped\u00eautica, terap\u00eautica e [&hellip;]<\/p>\n","protected":false},"author":17,"featured_media":0,"parent":0,"menu_order":0,"comment_status":"closed","ping_status":"closed","template":"","meta":{"footnotes":""},"class_list":["post-58","page","type-page","status-publish","hentry"],"_links":{"self":[{"href":"https:\/\/www.medicina.ufmg.br\/cpgsaudedamulher\/wp-json\/wp\/v2\/pages\/58","targetHints":{"allow":["GET"]}}],"collection":[{"href":"https:\/\/www.medicina.ufmg.br\/cpgsaudedamulher\/wp-json\/wp\/v2\/pages"}],"about":[{"href":"https:\/\/www.medicina.ufmg.br\/cpgsaudedamulher\/wp-json\/wp\/v2\/types\/page"}],"author":[{"embeddable":true,"href":"https:\/\/www.medicina.ufmg.br\/cpgsaudedamulher\/wp-json\/wp\/v2\/users\/17"}],"replies":[{"embeddable":true,"href":"https:\/\/www.medicina.ufmg.br\/cpgsaudedamulher\/wp-json\/wp\/v2\/comments?post=58"}],"version-history":[{"count":9,"href":"https:\/\/www.medicina.ufmg.br\/cpgsaudedamulher\/wp-json\/wp\/v2\/pages\/58\/revisions"}],"predecessor-version":[{"id":934,"href":"https:\/\/www.medicina.ufmg.br\/cpgsaudedamulher\/wp-json\/wp\/v2\/pages\/58\/revisions\/934"}],"wp:attachment":[{"href":"https:\/\/www.medicina.ufmg.br\/cpgsaudedamulher\/wp-json\/wp\/v2\/media?parent=58"}],"curies":[{"name":"wp","href":"https:\/\/api.w.org\/{rel}","templated":true}]}}