
{"id":61,"date":"2016-01-06T13:41:11","date_gmt":"2016-01-06T13:41:11","guid":{"rendered":"https:\/\/www.medicina.ufmg.br\/saudedamulher\/?page_id=61"},"modified":"2023-05-10T17:36:10","modified_gmt":"2023-05-10T17:36:10","slug":"objetivos","status":"publish","type":"page","link":"https:\/\/www.medicina.ufmg.br\/cpgsaudedamulher\/objetivos\/","title":{"rendered":"Objetivos"},"content":{"rendered":"<p>O Curso de Mestrado em Sa\u00fade da Mulher se prop\u00f5e a formar recursos humanos voltados para atuar em pesquisa cient\u00edfica, inova\u00e7\u00e3o e qualificar as pr\u00e1ticas em sa\u00fade da mulher, com base em evid\u00eancia cient\u00edfica. O Curso contribui tamb\u00e9m na forma\u00e7\u00e3o profissionais aptos a exercer doc\u00eancia em cursos de terceiro grau e a desempenhar papel de refer\u00eancia cient\u00edfica em suas \u00e1reas de atua\u00e7\u00e3o. Para atingir estes objetivos prioriza-se uma grade curricular que baliza a pr\u00e1tica cient\u00edfica e disciplinas espec\u00edficas que d\u00e3o suporte \u00e0s linhas de pesquisa.<\/p>\n<p>Espera-se que o conhecimento cient\u00edfico produzido nas pesquisas desenvolvidas e o investimento na forma\u00e7\u00e3o de capital humano qualificado se alinhem aos impactos esperados na \u00c1rea da Medicina III, trazendo: Aprimorem as pra\u0301ticas profissionais, com base em evid\u00eancia cient\u00edfica; Promovam soluc\u0327o\u0303es que qualifiquem o tratamento cl\u00ednico e cir\u00fargico; Beneficiem o cuidado com m\u00e9todos diagn\u00f3sticos mais resolutivos e reformulac\u0327o\u0303es de processos especi\u0301ficos com consequente benefi\u0301cio econo\u0302mico; Revertam-se para o mercado de trabalho na forma de qualifica\u00e7\u00e3o profissional e na forma de transfer\u00eancia de tecnologia para empresas; Promova as relac\u0327o\u0303es internacionais; Impactem a relac\u0327a\u0303o ensino e pesquisa e criticismo, al\u00e9m da troca e interdisciplinaridade, entre outros.<\/p>\n","protected":false},"excerpt":{"rendered":"<p>O Curso de Mestrado em Sa\u00fade da Mulher se prop\u00f5e a formar recursos humanos voltados para atuar em pesquisa cient\u00edfica, inova\u00e7\u00e3o e qualificar as pr\u00e1ticas em sa\u00fade da mulher, com base em evid\u00eancia cient\u00edfica. O Curso contribui tamb\u00e9m na forma\u00e7\u00e3o profissionais aptos a exercer doc\u00eancia em cursos de terceiro grau e a desempenhar papel de [&hellip;]<\/p>\n","protected":false},"author":17,"featured_media":0,"parent":0,"menu_order":0,"comment_status":"closed","ping_status":"closed","template":"","meta":{"footnotes":""},"class_list":["post-61","page","type-page","status-publish","hentry"],"_links":{"self":[{"href":"https:\/\/www.medicina.ufmg.br\/cpgsaudedamulher\/wp-json\/wp\/v2\/pages\/61","targetHints":{"allow":["GET"]}}],"collection":[{"href":"https:\/\/www.medicina.ufmg.br\/cpgsaudedamulher\/wp-json\/wp\/v2\/pages"}],"about":[{"href":"https:\/\/www.medicina.ufmg.br\/cpgsaudedamulher\/wp-json\/wp\/v2\/types\/page"}],"author":[{"embeddable":true,"href":"https:\/\/www.medicina.ufmg.br\/cpgsaudedamulher\/wp-json\/wp\/v2\/users\/17"}],"replies":[{"embeddable":true,"href":"https:\/\/www.medicina.ufmg.br\/cpgsaudedamulher\/wp-json\/wp\/v2\/comments?post=61"}],"version-history":[{"count":6,"href":"https:\/\/www.medicina.ufmg.br\/cpgsaudedamulher\/wp-json\/wp\/v2\/pages\/61\/revisions"}],"predecessor-version":[{"id":622,"href":"https:\/\/www.medicina.ufmg.br\/cpgsaudedamulher\/wp-json\/wp\/v2\/pages\/61\/revisions\/622"}],"wp:attachment":[{"href":"https:\/\/www.medicina.ufmg.br\/cpgsaudedamulher\/wp-json\/wp\/v2\/media?parent=61"}],"curies":[{"name":"wp","href":"https:\/\/api.w.org\/{rel}","templated":true}]}}