
{"id":611,"date":"2023-05-08T17:34:07","date_gmt":"2023-05-08T17:34:07","guid":{"rendered":"https:\/\/www.medicina.ufmg.br\/cpgsaudedamulher\/?page_id=611"},"modified":"2024-07-19T18:09:03","modified_gmt":"2024-07-19T18:09:03","slug":"atas-2023","status":"publish","type":"page","link":"https:\/\/www.medicina.ufmg.br\/cpgsaudedamulher\/atas-2023\/","title":{"rendered":"Atas 2023"},"content":{"rendered":"<p><a href=\"https:\/\/www.medicina.ufmg.br\/cpgsaudedamulher\/wp-content\/uploads\/sites\/41\/2023\/05\/ATA-SAUDE-DA-MULHER-MARCO.pdf\">Ata Sa\u00fade da Mulher &#8211; Mar\u00e7o<\/a><br \/><a href=\"http:\/\/www.medicina.ufmg.br\/cpgsaudedamulher\/wp-content\/uploads\/sites\/41\/2023\/10\/ATA-ABRIL-SAUDE-DA-MULHER.pdf\">Ata Sa\u00fade da Mulher &#8211; Abril<\/a><br \/><a href=\"http:\/\/www.medicina.ufmg.br\/cpgsaudedamulher\/wp-content\/uploads\/sites\/41\/2023\/10\/ATA-SAUDE-DE-MULHER-SETEMBRO.pdf\">Ata Sa\u00fade da Mulher &#8211; Setembro<\/a>\u00a0<br \/><a href=\"http:\/\/www.medicina.ufmg.br\/cpgsaudedamulher\/wp-content\/uploads\/sites\/41\/2024\/07\/Ata-outubro-2023_saude-da-mulher.pdf\">Ata Sa\u00fade da Mulher &#8211; Outubro 2023<\/a><br \/><a href=\"http:\/\/www.medicina.ufmg.br\/cpgsaudedamulher\/wp-content\/uploads\/sites\/41\/2024\/07\/Ata-dezembro-2023_saude-da-mulher.pdf\">Ata Sa\u00fade da Mulher &#8211; Dezembro 2023<\/a><\/p>\n\n\n<p><\/p>\n","protected":false},"excerpt":{"rendered":"<p>Ata Sa\u00fade da Mulher &#8211; Mar\u00e7oAta Sa\u00fade da Mulher &#8211; AbrilAta Sa\u00fade da Mulher &#8211; Setembro\u00a0Ata Sa\u00fade da Mulher &#8211; Outubro 2023Ata Sa\u00fade da Mulher &#8211; Dezembro 2023<\/p>\n","protected":false},"author":17,"featured_media":0,"parent":0,"menu_order":0,"comment_status":"closed","ping_status":"closed","template":"","meta":{"footnotes":""},"class_list":["post-611","page","type-page","status-publish","hentry"],"_links":{"self":[{"href":"https:\/\/www.medicina.ufmg.br\/cpgsaudedamulher\/wp-json\/wp\/v2\/pages\/611","targetHints":{"allow":["GET"]}}],"collection":[{"href":"https:\/\/www.medicina.ufmg.br\/cpgsaudedamulher\/wp-json\/wp\/v2\/pages"}],"about":[{"href":"https:\/\/www.medicina.ufmg.br\/cpgsaudedamulher\/wp-json\/wp\/v2\/types\/page"}],"author":[{"embeddable":true,"href":"https:\/\/www.medicina.ufmg.br\/cpgsaudedamulher\/wp-json\/wp\/v2\/users\/17"}],"replies":[{"embeddable":true,"href":"https:\/\/www.medicina.ufmg.br\/cpgsaudedamulher\/wp-json\/wp\/v2\/comments?post=611"}],"version-history":[{"count":5,"href":"https:\/\/www.medicina.ufmg.br\/cpgsaudedamulher\/wp-json\/wp\/v2\/pages\/611\/revisions"}],"predecessor-version":[{"id":764,"href":"https:\/\/www.medicina.ufmg.br\/cpgsaudedamulher\/wp-json\/wp\/v2\/pages\/611\/revisions\/764"}],"wp:attachment":[{"href":"https:\/\/www.medicina.ufmg.br\/cpgsaudedamulher\/wp-json\/wp\/v2\/media?parent=611"}],"curies":[{"name":"wp","href":"https:\/\/api.w.org\/{rel}","templated":true}]}}