
{"id":667,"date":"2023-12-04T14:51:46","date_gmt":"2023-12-04T14:51:46","guid":{"rendered":"https:\/\/www.medicina.ufmg.br\/cpgsaudedamulher\/?page_id=667"},"modified":"2024-11-07T14:11:44","modified_gmt":"2024-11-07T14:11:44","slug":"processo-seletivo-2024","status":"publish","type":"page","link":"https:\/\/www.medicina.ufmg.br\/cpgsaudedamulher\/processo-seletivo-2024\/","title":{"rendered":"2024"},"content":{"rendered":"\t\t<div data-elementor-type=\"wp-page\" data-elementor-id=\"667\" class=\"elementor elementor-667\">\n\t\t\t\t\t\t<section class=\"elementor-section elementor-top-section elementor-element elementor-element-1a430d3 elementor-section-boxed elementor-section-height-default elementor-section-height-default\" data-id=\"1a430d3\" data-element_type=\"section\">\n\t\t\t\t\t\t<div class=\"elementor-container elementor-column-gap-default\">\n\t\t\t\t\t<div class=\"elementor-column elementor-col-100 elementor-top-column elementor-element elementor-element-009060f\" data-id=\"009060f\" data-element_type=\"column\">\n\t\t\t<div class=\"elementor-widget-wrap elementor-element-populated\">\n\t\t\t\t\t\t<div class=\"elementor-element elementor-element-67d878d elementor-widget elementor-widget-heading\" data-id=\"67d878d\" data-element_type=\"widget\" data-widget_type=\"heading.default\">\n\t\t\t\t<div class=\"elementor-widget-container\">\n\t\t\t\t\t<h2 class=\"elementor-heading-title elementor-size-default\">2024\/2<\/h2>\t\t\t\t<\/div>\n\t\t\t\t<\/div>\n\t\t\t\t<div class=\"elementor-element elementor-element-5c5f7b1 elementor-widget elementor-widget-toggle\" data-id=\"5c5f7b1\" data-element_type=\"widget\" data-widget_type=\"toggle.default\">\n\t\t\t\t<div class=\"elementor-widget-container\">\n\t\t\t\t\t\t\t<div class=\"elementor-toggle\">\n\t\t\t\t\t\t\t<div class=\"elementor-toggle-item\">\n\t\t\t\t\t<div id=\"elementor-tab-title-9681\" class=\"elementor-tab-title\" data-tab=\"1\" role=\"button\" aria-controls=\"elementor-tab-content-9681\" aria-expanded=\"false\">\n\t\t\t\t\t\t\t\t\t\t\t\t<span class=\"elementor-toggle-icon elementor-toggle-icon-left\" aria-hidden=\"true\">\n\t\t\t\t\t\t\t\t\t\t\t\t\t\t\t<span class=\"elementor-toggle-icon-closed\"><i class=\"fas fa-caret-right\"><\/i><\/span>\n\t\t\t\t\t\t\t\t<span class=\"elementor-toggle-icon-opened\"><i class=\"elementor-toggle-icon-opened fas fa-caret-up\"><\/i><\/span>\n\t\t\t\t\t\t\t\t\t\t\t\t\t<\/span>\n\t\t\t\t\t\t\t\t\t\t\t\t<a class=\"elementor-toggle-title\" tabindex=\"0\">Edital Regular e Suplementar<\/a>\n\t\t\t\t\t<\/div>\n\n\t\t\t\t\t<div id=\"elementor-tab-content-9681\" class=\"elementor-tab-content elementor-clearfix\" data-tab=\"1\" role=\"region\" aria-labelledby=\"elementor-tab-title-9681\"><p><a href=\"http:\/\/www.medicina.ufmg.br\/cpgsaudedamulher\/wp-content\/uploads\/sites\/41\/2024\/05\/EDITAL_REGULAR-2024-1.pdf\">Edital<\/a><\/p><p><a href=\"http:\/\/www.medicina.ufmg.br\/cpgsaudedamulher\/wp-content\/uploads\/sites\/41\/2024\/05\/Cronograma-Saude-da-Mulher-02.pdf\">Cronograma<\/a><\/p><p><a href=\"http:\/\/www.medicina.ufmg.br\/cpgsaudedamulher\/wp-content\/uploads\/sites\/41\/2024\/06\/Homologacao-Processo-Seletivo-SM-PDF.pdf\">Homologa\u00e7\u00e3o<\/a><\/p><p><a href=\"http:\/\/www.medicina.ufmg.br\/cpgsaudedamulher\/wp-content\/uploads\/sites\/41\/2024\/06\/Resultado-Processo-Seletivo-SM.pdf\">Resultado da Primeira Etapa<\/a><\/p><p><a href=\"http:\/\/www.medicina.ufmg.br\/cpgsaudedamulher\/wp-content\/uploads\/sites\/41\/2024\/07\/Declaracao-Nao-impedimento.pdf\">Declara\u00e7\u00e3o de N\u00e3o Impedimento<\/a><\/p><div><p><a href=\"http:\/\/www.medicina.ufmg.br\/cpgsaudedamulher\/wp-content\/uploads\/sites\/41\/2024\/07\/Horario-Arguicao-1.pdf\">Hor\u00e1rio da argui\u00e7\u00e3o<\/a><\/p><\/div><div><a href=\"http:\/\/www.medicina.ufmg.br\/cpgsaudedamulher\/wp-content\/uploads\/sites\/41\/2024\/07\/Resultado-2aEtapa.pdf\"> Resultado 2\u00aa etapa<\/a><\/div><div>\u00a0<\/div><div><a href=\"http:\/\/www.medicina.ufmg.br\/cpgsaudedamulher\/wp-content\/uploads\/sites\/41\/2024\/07\/Resultado-Final-Processo-Seletivo-2024-2.pdf\">Resultado Final<\/a><\/div><\/div>\n\t\t\t\t<\/div>\n\t\t\t\t\t\t\t\t<\/div>\n\t\t\t\t\t\t<\/div>\n\t\t\t\t<\/div>\n\t\t\t\t\t<\/div>\n\t\t<\/div>\n\t\t\t\t\t<\/div>\n\t\t<\/section>\n\t\t\t\t<section class=\"elementor-section elementor-top-section elementor-element elementor-element-ac397ff elementor-section-boxed elementor-section-height-default elementor-section-height-default\" data-id=\"ac397ff\" data-element_type=\"section\">\n\t\t\t\t\t\t<div class=\"elementor-container elementor-column-gap-default\">\n\t\t\t\t\t<div class=\"elementor-column elementor-col-100 elementor-top-column elementor-element elementor-element-049bc53\" data-id=\"049bc53\" data-element_type=\"column\">\n\t\t\t<div class=\"elementor-widget-wrap elementor-element-populated\">\n\t\t\t\t\t\t<div class=\"elementor-element elementor-element-1117814 elementor-widget-divider--view-line elementor-widget elementor-widget-divider\" data-id=\"1117814\" data-element_type=\"widget\" data-widget_type=\"divider.default\">\n\t\t\t\t<div class=\"elementor-widget-container\">\n\t\t\t\t\t\t\t<div class=\"elementor-divider\">\n\t\t\t<span class=\"elementor-divider-separator\">\n\t\t\t\t\t\t<\/span>\n\t\t<\/div>\n\t\t\t\t\t\t<\/div>\n\t\t\t\t<\/div>\n\t\t\t\t<div class=\"elementor-element elementor-element-7499abb elementor-widget elementor-widget-heading\" data-id=\"7499abb\" data-element_type=\"widget\" data-widget_type=\"heading.default\">\n\t\t\t\t<div class=\"elementor-widget-container\">\n\t\t\t\t\t<h2 class=\"elementor-heading-title elementor-size-default\">2024\/1<\/h2>\t\t\t\t<\/div>\n\t\t\t\t<\/div>\n\t\t\t\t<div class=\"elementor-element elementor-element-6c665c3 elementor-widget elementor-widget-toggle\" data-id=\"6c665c3\" data-element_type=\"widget\" data-widget_type=\"toggle.default\">\n\t\t\t\t<div class=\"elementor-widget-container\">\n\t\t\t\t\t\t\t<div class=\"elementor-toggle\">\n\t\t\t\t\t\t\t<div class=\"elementor-toggle-item\">\n\t\t\t\t\t<div id=\"elementor-tab-title-1131\" class=\"elementor-tab-title\" data-tab=\"1\" role=\"button\" aria-controls=\"elementor-tab-content-1131\" aria-expanded=\"false\">\n\t\t\t\t\t\t\t\t\t\t\t\t<span class=\"elementor-toggle-icon elementor-toggle-icon-left\" aria-hidden=\"true\">\n\t\t\t\t\t\t\t\t\t\t\t\t\t\t\t<span class=\"elementor-toggle-icon-closed\"><i class=\"fas fa-caret-right\"><\/i><\/span>\n\t\t\t\t\t\t\t\t<span class=\"elementor-toggle-icon-opened\"><i class=\"elementor-toggle-icon-opened fas fa-caret-up\"><\/i><\/span>\n\t\t\t\t\t\t\t\t\t\t\t\t\t<\/span>\n\t\t\t\t\t\t\t\t\t\t\t\t<a class=\"elementor-toggle-title\" tabindex=\"0\">Edital Regular e Suplementar<\/a>\n\t\t\t\t\t<\/div>\n\n\t\t\t\t\t<div id=\"elementor-tab-content-1131\" class=\"elementor-tab-content elementor-clearfix\" data-tab=\"1\" role=\"region\" aria-labelledby=\"elementor-tab-title-1131\"><p><span style=\"font-family: arial, sans-serif;\">Inscri\u00e7\u00f5es SISPPG:\u00a0<span id=\"m_389663954785872537m_-1902566526126952378m_-8896682440914163209m_8510467317773421731gmail-docs-internal-guid-f59397af-7fff-202a-a41d-9f97c223d0d2\">\u00a0<a href=\"https:\/\/intranet3.medicina.ufmg.br\/sisppg\/candidato\" target=\"_blank\" rel=\"noopener\" data-saferedirecturl=\"https:\/\/www.google.com\/url?q=https:\/\/intranet3.medicina.ufmg.br\/sisppg\/candidato&amp;source=gmail&amp;ust=1701787024519000&amp;usg=AOvVaw3fTwFq-kujAbvgxzVeMN9N\">https:\/\/intranet3.<wbr \/>medicina.ufmg.br\/sisppg\/<wbr \/>candidato<\/a><\/span><\/span><\/p><p><a href=\"http:\/\/www.medicina.ufmg.br\/cpgsaudedamulher\/wp-content\/uploads\/sites\/41\/2023\/12\/EDITAL_REGULAR_SM-2024_Final.pdf\"><span style=\"font-family: arial, sans-serif;\">Edital Regular<\/span><\/a><\/p><p><span style=\"font-family: arial, sans-serif;\"><a href=\"http:\/\/www.medicina.ufmg.br\/cpgsaudedamulher\/wp-content\/uploads\/sites\/41\/2023\/12\/Extrato_Regular_SM_2024.pdf\">Extrato Regular<\/a><\/span><\/p><p><a href=\"https:\/\/ftp.medicina.ufmg.br\/cpg\/arquivos\/2023\/2024_CARTA-DE-RECOMENDACAO%20(1).docx\"><span style=\"font-family: arial, sans-serif;\">Modelo de carta de recomenda\u00e7\u00e3o<\/span><\/a><\/p><p><span style=\"font-family: arial, sans-serif;\"><a href=\"http:\/\/www.medicina.ufmg.br\/cpgsaudedamulher\/wp-content\/uploads\/sites\/41\/2023\/12\/Edital-Suplementar_Sa\uff63de_da_Mulher_-2024_Final.pdf\">Edital Suplementar<\/a><\/span><\/p><p><span style=\"font-family: arial, sans-serif;\"> <a href=\"http:\/\/www.medicina.ufmg.br\/cpgsaudedamulher\/wp-content\/uploads\/sites\/41\/2023\/12\/Extrato_Suplementar_Sa\uff63de_da_Mulher_2024.pdf\">Extrato Suplementar<\/a><\/span><\/p><div><p><a href=\"http:\/\/www.medicina.ufmg.br\/cpgsaudedamulher\/wp-content\/uploads\/sites\/41\/2024\/01\/Homologacao_das_inscricoes_assinado-1.pdf\">Homologa\u00e7\u00e3o Processo Seletivo Mestrado\u00a02024\/1<\/a><\/p><\/div><div><div class=\"gmail_signature\" dir=\"ltr\"><div dir=\"ltr\"><a href=\"http:\/\/www.medicina.ufmg.br\/cpgsaudedamulher\/wp-content\/uploads\/sites\/41\/2024\/01\/Banca-impedimento_assinado-2-1.pdf\">Declara\u00e7\u00e3o de aus\u00eancia impedimentos &#8211; Banca<\/a><\/div><div dir=\"ltr\"><p><a href=\"http:\/\/www.medicina.ufmg.br\/cpgsaudedamulher\/wp-content\/uploads\/sites\/41\/2024\/01\/Resultado-da-1a-Etapa-1.pdf\">Resultado da 1a Etapa\u00a0<\/a><\/p><p><a href=\"http:\/\/www.medicina.ufmg.br\/cpgsaudedamulher\/wp-content\/uploads\/sites\/41\/2024\/01\/Escala-de-Arguicao-dos-candidatos-1.pdf\">Teste de conex\u00e3o e escala de argui\u00e7\u00e3o dos candidatos <\/a><\/p><p><a href=\"http:\/\/www.medicina.ufmg.br\/cpgsaudedamulher\/wp-content\/uploads\/sites\/41\/2024\/01\/Resultado-Final-1.pdf\">Resultado Final<\/a><br \/><br \/><a href=\"http:\/\/www.medicina.ufmg.br\/cpgsaudedamulher\/wp-content\/uploads\/sites\/41\/2024\/01\/Resultado-Final-1-2.pdf\">Retifica\u00e7\u00e3o do Resultado Final<\/a><\/p><div>\u00a0<\/div><\/div><\/div><\/div><\/div>\n\t\t\t\t<\/div>\n\t\t\t\t\t\t\t\t<\/div>\n\t\t\t\t\t\t<\/div>\n\t\t\t\t<\/div>\n\t\t\t\t\t<\/div>\n\t\t<\/div>\n\t\t\t\t\t<\/div>\n\t\t<\/section>\n\t\t\t\t<\/div>\n\t\t","protected":false},"excerpt":{"rendered":"<p>2024\/2 Edital Regular e Suplementar Edital Cronograma Homologa\u00e7\u00e3o Resultado da Primeira Etapa Declara\u00e7\u00e3o de N\u00e3o Impedimento Hor\u00e1rio da argui\u00e7\u00e3o Resultado 2\u00aa etapa\u00a0Resultado Final 2024\/1 Edital Regular e Suplementar Inscri\u00e7\u00f5es SISPPG:\u00a0\u00a0https:\/\/intranet3.medicina.ufmg.br\/sisppg\/candidato Edital Regular Extrato Regular Modelo de carta de recomenda\u00e7\u00e3o Edital Suplementar Extrato Suplementar Homologa\u00e7\u00e3o Processo Seletivo Mestrado\u00a02024\/1 Declara\u00e7\u00e3o de aus\u00eancia impedimentos &#8211; Banca Resultado da [&hellip;]<\/p>\n","protected":false},"author":105,"featured_media":0,"parent":0,"menu_order":0,"comment_status":"closed","ping_status":"closed","template":"","meta":{"footnotes":""},"class_list":["post-667","page","type-page","status-publish","hentry"],"_links":{"self":[{"href":"https:\/\/www.medicina.ufmg.br\/cpgsaudedamulher\/wp-json\/wp\/v2\/pages\/667","targetHints":{"allow":["GET"]}}],"collection":[{"href":"https:\/\/www.medicina.ufmg.br\/cpgsaudedamulher\/wp-json\/wp\/v2\/pages"}],"about":[{"href":"https:\/\/www.medicina.ufmg.br\/cpgsaudedamulher\/wp-json\/wp\/v2\/types\/page"}],"author":[{"embeddable":true,"href":"https:\/\/www.medicina.ufmg.br\/cpgsaudedamulher\/wp-json\/wp\/v2\/users\/105"}],"replies":[{"embeddable":true,"href":"https:\/\/www.medicina.ufmg.br\/cpgsaudedamulher\/wp-json\/wp\/v2\/comments?post=667"}],"version-history":[{"count":61,"href":"https:\/\/www.medicina.ufmg.br\/cpgsaudedamulher\/wp-json\/wp\/v2\/pages\/667\/revisions"}],"predecessor-version":[{"id":817,"href":"https:\/\/www.medicina.ufmg.br\/cpgsaudedamulher\/wp-json\/wp\/v2\/pages\/667\/revisions\/817"}],"wp:attachment":[{"href":"https:\/\/www.medicina.ufmg.br\/cpgsaudedamulher\/wp-json\/wp\/v2\/media?parent=667"}],"curies":[{"name":"wp","href":"https:\/\/api.w.org\/{rel}","templated":true}]}}