
{"id":870,"date":"2025-01-15T13:32:33","date_gmt":"2025-01-15T13:32:33","guid":{"rendered":"https:\/\/www.medicina.ufmg.br\/cpgsaudedamulher\/?page_id=870"},"modified":"2026-03-13T18:13:35","modified_gmt":"2026-03-13T18:13:35","slug":"pagina-inicial","status":"publish","type":"page","link":"https:\/\/www.medicina.ufmg.br\/cpgsaudedamulher\/","title":{"rendered":"In\u00edcio"},"content":{"rendered":"\t\t<div data-elementor-type=\"wp-page\" data-elementor-id=\"870\" class=\"elementor elementor-870\">\n\t\t\t\t<div class=\"elementor-element elementor-element-8d6be34 e-flex e-con-boxed e-con e-parent\" data-id=\"8d6be34\" data-element_type=\"container\" data-settings=\"{&quot;background_background&quot;:&quot;classic&quot;}\">\n\t\t\t\t\t<div class=\"e-con-inner\">\n\t\t<div class=\"elementor-element elementor-element-8e6f95f e-con-full e-flex e-con e-child\" data-id=\"8e6f95f\" data-element_type=\"container\">\n\t\t\t\t<div class=\"elementor-element elementor-element-e9b8b5d elementor-widget elementor-widget-heading\" data-id=\"e9b8b5d\" data-element_type=\"widget\" data-widget_type=\"heading.default\">\n\t\t\t\t<div class=\"elementor-widget-container\">\n\t\t\t\t\t<h3 class=\"elementor-heading-title elementor-size-default\">P\u00f3s-Gradua\u00e7\u00e3o:<\/h3>\t\t\t\t<\/div>\n\t\t\t\t<\/div>\n\t\t\t\t<div class=\"elementor-element elementor-element-8afefbd elementor-widget elementor-widget-heading\" data-id=\"8afefbd\" data-element_type=\"widget\" data-widget_type=\"heading.default\">\n\t\t\t\t<div class=\"elementor-widget-container\">\n\t\t\t\t\t<h1 class=\"elementor-heading-title elementor-size-default\">Sa\u00fade da Mulher<\/h1>\t\t\t\t<\/div>\n\t\t\t\t<\/div>\n\t\t\t\t<div class=\"elementor-element elementor-element-9ea9975 elementor-widget elementor-widget-text-editor\" data-id=\"9ea9975\" data-element_type=\"widget\" data-widget_type=\"text-editor.default\">\n\t\t\t\t<div class=\"elementor-widget-container\">\n\t\t\t\t\t\t\t\t\t<p><\/p>\n<div class=\"elementor-element elementor-element-1366f713 elementor-widget elementor-widget-text-editor\" data-id=\"1366f713\" data-element_type=\"widget\" data-widget_type=\"text-editor.default\">\n<div class=\"elementor-widget-container\">\n<p>O Curso de Mestrado em Sa\u00fade da Mulher foi fundado pelo Prof. Cl\u00f3vis Salgado e atua desde 1970 na forma\u00e7\u00e3o de recursos humanos para doc\u00eancia e para a pesquisa. Tem como caracter\u00edstica fundamental o fato de ser multidisciplinar. Desta forma, tem se mantido tradicionalmente aberto aos diversos egressos de cursos superiores de outras \u00e1reas do conhecimento al\u00e9m da Medicina III, acolhendo a pesquisa em sa\u00fade da mulher que aborda aspectos da ci\u00eancia b\u00e1sica, transla\u00e7\u00e3o e diversas pr\u00e1ticas cl\u00ednicas suportadas por evid\u00eancia cient\u00edfica e tecnologia.<\/p>\n<\/div>\n<\/div>\n<div class=\"elementor-element elementor-element-4b6dc015 elementor-align-right elementor-widget elementor-widget-button\" data-id=\"4b6dc015\" data-element_type=\"widget\" data-widget_type=\"button.default\">\n<div class=\"elementor-widget-container\">\n<div class=\"elementor-button-wrapper\">\u00a0<\/div>\n<\/div>\n<\/div>\t\t\t\t\t\t\t\t<\/div>\n\t\t\t\t<\/div>\n\t\t\t\t<\/div>\n\t\t<div class=\"elementor-element elementor-element-14dec26 e-con-full e-flex e-con e-child\" data-id=\"14dec26\" data-element_type=\"container\" data-settings=\"{&quot;background_background&quot;:&quot;classic&quot;}\">\n\t\t\t\t<div class=\"elementor-element elementor-element-aaaf4f0 elementor-widget elementor-widget-image\" data-id=\"aaaf4f0\" data-element_type=\"widget\" data-widget_type=\"image.default\">\n\t\t\t\t<div class=\"elementor-widget-container\">\n\t\t\t\t\t\t\t\t\t\t\t\t\t\t\t<img fetchpriority=\"high\" decoding=\"async\" width=\"667\" height=\"667\" src=\"https:\/\/www.medicina.ufmg.br\/cpgsaudedamulher\/wp-content\/uploads\/sites\/41\/2026\/03\/NOTAS-CAPES-04.png\" class=\"attachment-large size-large wp-image-1060\" alt=\"\" srcset=\"https:\/\/www.medicina.ufmg.br\/cpgsaudedamulher\/wp-content\/uploads\/sites\/41\/2026\/03\/NOTAS-CAPES-04.png 667w, https:\/\/www.medicina.ufmg.br\/cpgsaudedamulher\/wp-content\/uploads\/sites\/41\/2026\/03\/NOTAS-CAPES-04-620x620.png 620w, https:\/\/www.medicina.ufmg.br\/cpgsaudedamulher\/wp-content\/uploads\/sites\/41\/2026\/03\/NOTAS-CAPES-04-53x53.png 53w\" sizes=\"(max-width: 667px) 100vw, 667px\" \/>\t\t\t\t\t\t\t\t\t\t\t\t\t\t\t<\/div>\n\t\t\t\t<\/div>\n\t\t\t\t<\/div>\n\t\t\t\t\t<\/div>\n\t\t\t\t<\/div>\n\t\t\t\t<section class=\"elementor-section elementor-top-section elementor-element elementor-element-585b774 elementor-section-boxed elementor-section-height-default elementor-section-height-default\" data-id=\"585b774\" data-element_type=\"section\">\n\t\t\t\t\t\t<div class=\"elementor-container elementor-column-gap-default\">\n\t\t\t\t\t<div class=\"elementor-column elementor-col-100 elementor-top-column elementor-element elementor-element-c402de2\" data-id=\"c402de2\" data-element_type=\"column\">\n\t\t\t<div class=\"elementor-widget-wrap elementor-element-populated\">\n\t\t\t\t\t\t<div class=\"elementor-element elementor-element-21321e7 elementor-widget elementor-widget-html\" data-id=\"21321e7\" data-element_type=\"widget\" data-widget_type=\"html.default\">\n\t\t\t\t<div class=\"elementor-widget-container\">\n\t\t\t\t\t<style>\n    \n   body {background-color: #034651;} \n<\/style>\t\t\t\t<\/div>\n\t\t\t\t<\/div>\n\t\t\t\t\t<\/div>\n\t\t<\/div>\n\t\t\t\t\t<\/div>\n\t\t<\/section>\n\t\t\t\t<section class=\"elementor-section elementor-top-section elementor-element elementor-element-e5e929e elementor-section-boxed elementor-section-height-default elementor-section-height-default\" data-id=\"e5e929e\" data-element_type=\"section\">\n\t\t\t\t\t\t<div class=\"elementor-container elementor-column-gap-default\">\n\t\t\t\t\t<div class=\"elementor-column elementor-col-100 elementor-top-column elementor-element elementor-element-ed632a8\" data-id=\"ed632a8\" data-element_type=\"column\">\n\t\t\t<div class=\"elementor-widget-wrap elementor-element-populated\">\n\t\t\t\t\t\t<div class=\"elementor-element elementor-element-ad61a1f elementor-widget elementor-widget-heading\" data-id=\"ad61a1f\" data-element_type=\"widget\" data-widget_type=\"heading.default\">\n\t\t\t\t<div class=\"elementor-widget-container\">\n\t\t\t\t\t<h2 class=\"elementor-heading-title elementor-size-default\">Linhas de Pesquisa<\/h2>\t\t\t\t<\/div>\n\t\t\t\t<\/div>\n\t\t\t\t\t<\/div>\n\t\t<\/div>\n\t\t\t\t\t<\/div>\n\t\t<\/section>\n\t\t<div class=\"elementor-element elementor-element-ae36947 e-flex e-con-boxed e-con e-parent\" data-id=\"ae36947\" data-element_type=\"container\">\n\t\t\t\t\t<div class=\"e-con-inner\">\n\t\t<div class=\"elementor-element elementor-element-275bba5 e-con-full e-flex e-con e-child\" data-id=\"275bba5\" data-element_type=\"container\" data-settings=\"{&quot;background_background&quot;:&quot;classic&quot;}\">\n\t\t<a class=\"elementor-element elementor-element-cd322c8 e-flex e-con-boxed e-con e-child\" data-id=\"cd322c8\" data-element_type=\"container\" data-settings=\"{&quot;background_background&quot;:&quot;classic&quot;}\" href=\"https:\/\/www.medicina.ufmg.br\/cpgsaudedamulher\/areas-de-concentracao\/\">\n\t\t\t\t\t<div class=\"e-con-inner\">\n\t\t\t\t<div class=\"elementor-element elementor-element-c9ea4a4 elementor-widget elementor-widget-text-editor\" data-id=\"c9ea4a4\" data-element_type=\"widget\" data-widget_type=\"text-editor.default\">\n\t\t\t\t<div class=\"elementor-widget-container\">\n\t\t\t\t\t\t\t\t\t<p style=\"text-align: center;\"><span style=\"color: #ffffff;\">Desafios e solu\u00e7\u00f5es em reprodu\u00e7\u00e3o assistida.<\/span><\/p>\t\t\t\t\t\t\t\t<\/div>\n\t\t\t\t<\/div>\n\t\t\t\t\t<\/div>\n\t\t\t\t<\/a>\n\t\t\t\t<\/div>\n\t\t<div class=\"elementor-element elementor-element-1209e62 e-con-full e-flex e-con e-child\" data-id=\"1209e62\" data-element_type=\"container\" data-settings=\"{&quot;background_background&quot;:&quot;classic&quot;}\">\n\t\t<a class=\"elementor-element elementor-element-198fb18 e-flex e-con-boxed e-con e-child\" data-id=\"198fb18\" data-element_type=\"container\" data-settings=\"{&quot;background_background&quot;:&quot;classic&quot;}\" href=\"https:\/\/www.medicina.ufmg.br\/cpgsaudedamulher\/areas-de-concentracao\/\">\n\t\t\t\t\t<div class=\"e-con-inner\">\n\t\t\t\t<div class=\"elementor-element elementor-element-f0528df elementor-widget elementor-widget-text-editor\" data-id=\"f0528df\" data-element_type=\"widget\" data-widget_type=\"text-editor.default\">\n\t\t\t\t<div class=\"elementor-widget-container\">\n\t\t\t\t\t\t\t\t\t<p style=\"text-align: center;\"><span style=\"color: #ffffff;\">Estudos avan\u00e7ados em endocrinologia ginecol\u00f3gica, contracep\u00e7\u00e3o, climat\u00e9rio e menopausa. <\/span><\/p>\t\t\t\t\t\t\t\t<\/div>\n\t\t\t\t<\/div>\n\t\t\t\t\t<\/div>\n\t\t\t\t<\/a>\n\t\t\t\t<\/div>\n\t\t<div class=\"elementor-element elementor-element-131a89b e-con-full e-flex e-con e-child\" data-id=\"131a89b\" data-element_type=\"container\" data-settings=\"{&quot;background_background&quot;:&quot;classic&quot;}\">\n\t\t<a class=\"elementor-element elementor-element-cb04dbd e-flex e-con-boxed e-con e-child\" data-id=\"cb04dbd\" data-element_type=\"container\" data-settings=\"{&quot;background_background&quot;:&quot;classic&quot;}\" href=\"https:\/\/www.medicina.ufmg.br\/cpgsaudedamulher\/areas-de-concentracao\/\">\n\t\t\t\t\t<div class=\"e-con-inner\">\n\t\t\t\t<div class=\"elementor-element elementor-element-75ff195 elementor-widget elementor-widget-text-editor\" data-id=\"75ff195\" data-element_type=\"widget\" data-widget_type=\"text-editor.default\">\n\t\t\t\t<div class=\"elementor-widget-container\">\n\t\t\t\t\t\t\t\t\t<p style=\"text-align: center;\"><span style=\"color: #ffffff;\">Avan\u00e7os diagn\u00f3sticos e terap\u00eauticos, abordagem interdisciplinar no c\u00e2ncer ginecol\u00f3gico e da mama. <\/span><\/p>\t\t\t\t\t\t\t\t<\/div>\n\t\t\t\t<\/div>\n\t\t\t\t\t<\/div>\n\t\t\t\t<\/a>\n\t\t\t\t<\/div>\n\t\t<div class=\"elementor-element elementor-element-345f5f3 e-con-full e-flex e-con e-child\" data-id=\"345f5f3\" data-element_type=\"container\" data-settings=\"{&quot;background_background&quot;:&quot;classic&quot;}\">\n\t\t<a class=\"elementor-element elementor-element-074cfed e-flex e-con-boxed e-con e-child\" data-id=\"074cfed\" data-element_type=\"container\" data-settings=\"{&quot;background_background&quot;:&quot;classic&quot;}\" href=\"https:\/\/www.medicina.ufmg.br\/cpgsaudedamulher\/areas-de-concentracao\/\">\n\t\t\t\t\t<div class=\"e-con-inner\">\n\t\t\t\t<div class=\"elementor-element elementor-element-5870cad elementor-widget elementor-widget-text-editor\" data-id=\"5870cad\" data-element_type=\"widget\" data-widget_type=\"text-editor.default\">\n\t\t\t\t<div class=\"elementor-widget-container\">\n\t\t\t\t\t\t\t\t\t<p style=\"text-align: center;\"><span style=\"color: #ffffff;\">Desafios e solu\u00e7\u00f5es para excel\u00eancia em cirurgia ginecol\u00f3gica. <\/span><\/p>\t\t\t\t\t\t\t\t<\/div>\n\t\t\t\t<\/div>\n\t\t\t\t\t<\/div>\n\t\t\t\t<\/a>\n\t\t\t\t<\/div>\n\t\t\t\t\t<\/div>\n\t\t\t\t<\/div>\n\t\t<div class=\"elementor-element elementor-element-1b1dc01 e-flex e-con-boxed e-con e-parent\" data-id=\"1b1dc01\" data-element_type=\"container\">\n\t\t\t\t\t<div class=\"e-con-inner\">\n\t\t<div class=\"elementor-element elementor-element-fd46bd7 e-con-full e-flex e-con e-child\" data-id=\"fd46bd7\" data-element_type=\"container\" data-settings=\"{&quot;background_background&quot;:&quot;classic&quot;}\">\n\t\t<a class=\"elementor-element elementor-element-f40a8a2 e-flex e-con-boxed e-con e-child\" data-id=\"f40a8a2\" data-element_type=\"container\" data-settings=\"{&quot;background_background&quot;:&quot;classic&quot;}\" href=\"https:\/\/www.medicina.ufmg.br\/cpgsaudedamulher\/areas-de-concentracao\/\">\n\t\t\t\t\t<div class=\"e-con-inner\">\n\t\t\t\t<div class=\"elementor-element elementor-element-2a8f584 elementor-widget elementor-widget-text-editor\" data-id=\"2a8f584\" data-element_type=\"widget\" data-widget_type=\"text-editor.default\">\n\t\t\t\t<div class=\"elementor-widget-container\">\n\t\t\t\t\t\t\t\t\t<p style=\"text-align: center;\"><span style=\"color: #ffffff;\">Estudos avan\u00e7ados em proped\u00eautica, terap\u00eautica e gen\u00e9tica fetal.<\/span><\/p>\t\t\t\t\t\t\t\t<\/div>\n\t\t\t\t<\/div>\n\t\t\t\t\t<\/div>\n\t\t\t\t<\/a>\n\t\t\t\t<\/div>\n\t\t<div class=\"elementor-element elementor-element-497eb32 e-con-full e-flex e-con e-child\" data-id=\"497eb32\" data-element_type=\"container\" data-settings=\"{&quot;background_background&quot;:&quot;classic&quot;}\">\n\t\t<a class=\"elementor-element elementor-element-89e789d e-flex e-con-boxed e-con e-child\" data-id=\"89e789d\" data-element_type=\"container\" data-settings=\"{&quot;background_background&quot;:&quot;classic&quot;}\" href=\"https:\/\/www.medicina.ufmg.br\/cpgsaudedamulher\/areas-de-concentracao\/\">\n\t\t\t\t\t<div class=\"e-con-inner\">\n\t\t\t\t<div class=\"elementor-element elementor-element-1fbed3b elementor-widget elementor-widget-text-editor\" data-id=\"1fbed3b\" data-element_type=\"widget\" data-widget_type=\"text-editor.default\">\n\t\t\t\t<div class=\"elementor-widget-container\">\n\t\t\t\t\t\t\t\t\t<p style=\"text-align: center;\"><span style=\"color: #ffffff;\">Avalia\u00e7\u00e3o ampliada e interdisciplinar dos desafios da perinatologia. <\/span><\/p>\t\t\t\t\t\t\t\t<\/div>\n\t\t\t\t<\/div>\n\t\t\t\t\t<\/div>\n\t\t\t\t<\/a>\n\t\t\t\t<\/div>\n\t\t<div class=\"elementor-element elementor-element-137c410 e-con-full e-flex e-con e-child\" data-id=\"137c410\" data-element_type=\"container\" data-settings=\"{&quot;background_background&quot;:&quot;classic&quot;}\">\n\t\t<a class=\"elementor-element elementor-element-f6b0b1f e-flex e-con-boxed e-con e-child\" data-id=\"f6b0b1f\" data-element_type=\"container\" data-settings=\"{&quot;background_background&quot;:&quot;classic&quot;}\" href=\"https:\/\/www.medicina.ufmg.br\/cpgsaudedamulher\/areas-de-concentracao\/\">\n\t\t\t\t\t<div class=\"e-con-inner\">\n\t\t\t\t<div class=\"elementor-element elementor-element-f744e82 elementor-widget elementor-widget-text-editor\" data-id=\"f744e82\" data-element_type=\"widget\" data-widget_type=\"text-editor.default\">\n\t\t\t\t<div class=\"elementor-widget-container\">\n\t\t\t\t\t\t\t\t\t<p style=\"text-align: center;\"><span style=\"color: #ffffff;\">Desafios e solu\u00e7\u00f5es para excel\u00eancia na assist\u00eancia obst\u00e9trica.<\/span><\/p>\t\t\t\t\t\t\t\t<\/div>\n\t\t\t\t<\/div>\n\t\t\t\t\t<\/div>\n\t\t\t\t<\/a>\n\t\t\t\t<\/div>\n\t\t<div class=\"elementor-element elementor-element-5b377b9 e-con-full e-flex e-con e-child\" data-id=\"5b377b9\" data-element_type=\"container\" data-settings=\"{&quot;background_background&quot;:&quot;classic&quot;}\">\n\t\t<a class=\"elementor-element elementor-element-8e0a043 e-flex e-con-boxed e-con e-child\" data-id=\"8e0a043\" data-element_type=\"container\" data-settings=\"{&quot;background_background&quot;:&quot;classic&quot;}\" href=\"https:\/\/www.medicina.ufmg.br\/cpgsaudedamulher\/areas-de-concentracao\/\">\n\t\t\t\t\t<div class=\"e-con-inner\">\n\t\t\t\t<div class=\"elementor-element elementor-element-93ec9e8 elementor-widget elementor-widget-text-editor\" data-id=\"93ec9e8\" data-element_type=\"widget\" data-widget_type=\"text-editor.default\">\n\t\t\t\t<div class=\"elementor-widget-container\">\n\t\t\t\t\t\t\t\t\t<p style=\"text-align: center;\"><span style=\"color: #ffffff;\">Pesquisa e inova\u00e7\u00e3o em sa\u00fade digital aplicada \u00e0 sa\u00fade da mulher. <\/span><\/p>\t\t\t\t\t\t\t\t<\/div>\n\t\t\t\t<\/div>\n\t\t\t\t\t<\/div>\n\t\t\t\t<\/a>\n\t\t\t\t<\/div>\n\t\t\t\t\t<\/div>\n\t\t\t\t<\/div>\n\t\t<div class=\"elementor-element elementor-element-6223a75 e-flex e-con-boxed e-con e-parent\" data-id=\"6223a75\" data-element_type=\"container\" data-settings=\"{&quot;background_background&quot;:&quot;classic&quot;}\">\n\t\t\t\t\t<div class=\"e-con-inner\">\n\t\t<div class=\"elementor-element elementor-element-0e56828 e-flex e-con-boxed e-con e-child\" data-id=\"0e56828\" data-element_type=\"container\">\n\t\t\t\t\t<div class=\"e-con-inner\">\n\t\t<a class=\"elementor-element elementor-element-045abcd e-flex e-con-boxed e-con e-child\" data-id=\"045abcd\" data-element_type=\"container\" data-settings=\"{&quot;background_background&quot;:&quot;classic&quot;}\" href=\"https:\/\/www.medicina.ufmg.br\/cpg\">\n\t\t\t\t\t<div class=\"e-con-inner\">\n\t\t\t\t<div class=\"elementor-element elementor-element-0eb4480 elementor-widget elementor-widget-heading\" data-id=\"0eb4480\" data-element_type=\"widget\" data-widget_type=\"heading.default\">\n\t\t\t\t<div class=\"elementor-widget-container\">\n\t\t\t\t\t<h3 class=\"elementor-heading-title elementor-size-default\">CPG<\/h3>\t\t\t\t<\/div>\n\t\t\t\t<\/div>\n\t\t\t\t<div class=\"elementor-element elementor-element-d501cfb elementor-widget elementor-widget-text-editor\" data-id=\"d501cfb\" data-element_type=\"widget\" data-widget_type=\"text-editor.default\">\n\t\t\t\t<div class=\"elementor-widget-container\">\n\t\t\t\t\t\t\t\t\t<p><span style=\"color: #ffffff;\">Acesse o portal do Centro de P\u00f3s-Gradua\u00e7\u00e3o<\/span><\/p>\t\t\t\t\t\t\t\t<\/div>\n\t\t\t\t<\/div>\n\t\t\t\t\t<\/div>\n\t\t\t\t<\/a>\n\t\t<a class=\"elementor-element elementor-element-8ce808a e-flex e-con-boxed e-con e-child\" data-id=\"8ce808a\" data-element_type=\"container\" data-settings=\"{&quot;background_background&quot;:&quot;classic&quot;}\" href=\"https:\/\/www.medicina.ufmg.br\/portal\/posgraduacao\/\">\n\t\t\t\t\t<div class=\"e-con-inner\">\n\t\t\t\t<div class=\"elementor-element elementor-element-97de479 elementor-widget elementor-widget-heading\" data-id=\"97de479\" data-element_type=\"widget\" data-widget_type=\"heading.default\">\n\t\t\t\t<div class=\"elementor-widget-container\">\n\t\t\t\t\t<h3 class=\"elementor-heading-title elementor-size-default\">NOT\u00cdCIAS DA P\u00d3S-GRADUA\u00c7\u00c3O<\/h3>\t\t\t\t<\/div>\n\t\t\t\t<\/div>\n\t\t\t\t<div class=\"elementor-element elementor-element-f20a67d elementor-widget elementor-widget-text-editor\" data-id=\"f20a67d\" data-element_type=\"widget\" data-widget_type=\"text-editor.default\">\n\t\t\t\t<div class=\"elementor-widget-container\">\n\t\t\t\t\t\t\t\t\t<p><span style=\"color: #ffffff;\">Acompanhe not\u00edcias da P\u00f3s-Gradua\u00e7\u00e3o no portal da Faculdade de Medicina da UFMG<\/span><\/p>\t\t\t\t\t\t\t\t<\/div>\n\t\t\t\t<\/div>\n\t\t\t\t\t<\/div>\n\t\t\t\t<\/a>\n\t\t\t\t\t<\/div>\n\t\t\t\t<\/div>\n\t\t\t\t\t<\/div>\n\t\t\t\t<\/div>\n\t\t\t\t<\/div>\n\t\t","protected":false},"excerpt":{"rendered":"<p>P\u00f3s-Gradua\u00e7\u00e3o: Sa\u00fade da Mulher O Curso de Mestrado em Sa\u00fade da Mulher foi fundado pelo Prof. Cl\u00f3vis Salgado e atua desde 1970 na forma\u00e7\u00e3o de recursos humanos para doc\u00eancia e para a pesquisa. Tem como caracter\u00edstica fundamental o fato de ser multidisciplinar. Desta forma, tem se mantido tradicionalmente aberto aos diversos egressos de cursos superiores [&hellip;]<\/p>\n","protected":false},"author":17,"featured_media":0,"parent":0,"menu_order":0,"comment_status":"closed","ping_status":"closed","template":"elementor_header_footer","meta":{"footnotes":""},"class_list":["post-870","page","type-page","status-publish","hentry"],"_links":{"self":[{"href":"https:\/\/www.medicina.ufmg.br\/cpgsaudedamulher\/wp-json\/wp\/v2\/pages\/870","targetHints":{"allow":["GET"]}}],"collection":[{"href":"https:\/\/www.medicina.ufmg.br\/cpgsaudedamulher\/wp-json\/wp\/v2\/pages"}],"about":[{"href":"https:\/\/www.medicina.ufmg.br\/cpgsaudedamulher\/wp-json\/wp\/v2\/types\/page"}],"author":[{"embeddable":true,"href":"https:\/\/www.medicina.ufmg.br\/cpgsaudedamulher\/wp-json\/wp\/v2\/users\/17"}],"replies":[{"embeddable":true,"href":"https:\/\/www.medicina.ufmg.br\/cpgsaudedamulher\/wp-json\/wp\/v2\/comments?post=870"}],"version-history":[{"count":46,"href":"https:\/\/www.medicina.ufmg.br\/cpgsaudedamulher\/wp-json\/wp\/v2\/pages\/870\/revisions"}],"predecessor-version":[{"id":1063,"href":"https:\/\/www.medicina.ufmg.br\/cpgsaudedamulher\/wp-json\/wp\/v2\/pages\/870\/revisions\/1063"}],"wp:attachment":[{"href":"https:\/\/www.medicina.ufmg.br\/cpgsaudedamulher\/wp-json\/wp\/v2\/media?parent=870"}],"curies":[{"name":"wp","href":"https:\/\/api.w.org\/{rel}","templated":true}]}}