
{"id":11,"date":"2016-03-04T17:54:24","date_gmt":"2016-03-04T17:54:24","guid":{"rendered":"https:\/\/www.medicina.ufmg.br\/cpgsaudedoadulto\/?page_id=11"},"modified":"2026-03-16T12:20:55","modified_gmt":"2026-03-16T12:20:55","slug":"11-2","status":"publish","type":"page","link":"https:\/\/www.medicina.ufmg.br\/cpgsaudedoadulto\/","title":{"rendered":"P\u00e1gina Iinicial"},"content":{"rendered":"\t\t<div data-elementor-type=\"wp-page\" data-elementor-id=\"11\" class=\"elementor elementor-11\">\n\t\t\t\t<div class=\"elementor-element elementor-element-da075a8 e-con-full e-flex e-con e-parent\" data-id=\"da075a8\" data-element_type=\"container\" data-settings=\"{&quot;background_background&quot;:&quot;classic&quot;}\">\n\t\t<div class=\"elementor-element elementor-element-f728914 e-con-full e-flex e-con e-child\" data-id=\"f728914\" data-element_type=\"container\" data-settings=\"{&quot;background_background&quot;:&quot;classic&quot;}\">\n\t\t<div class=\"elementor-element elementor-element-69be862 e-con-full e-flex e-con e-child\" data-id=\"69be862\" data-element_type=\"container\">\n\t\t\t\t<div class=\"elementor-element elementor-element-32e70f5 elementor-widget elementor-widget-heading\" data-id=\"32e70f5\" data-element_type=\"widget\" data-widget_type=\"heading.default\">\n\t\t\t\t<div class=\"elementor-widget-container\">\n\t\t\t\t\t<h3 class=\"elementor-heading-title elementor-size-default\">P\u00f3s-Gradua\u00e7\u00e3o:<\/h3>\t\t\t\t<\/div>\n\t\t\t\t<\/div>\n\t\t\t\t<div class=\"elementor-element elementor-element-d104471 elementor-widget elementor-widget-heading\" data-id=\"d104471\" data-element_type=\"widget\" data-widget_type=\"heading.default\">\n\t\t\t\t<div class=\"elementor-widget-container\">\n\t\t\t\t\t<h1 class=\"elementor-heading-title elementor-size-default\">Ci\u00eancias Aplicadas \u00e0 Sa\u00fade do Adulto<\/h1>\t\t\t\t<\/div>\n\t\t\t\t<\/div>\n\t\t\t\t<div class=\"elementor-element elementor-element-3582a7a elementor-widget__width-initial elementor-widget elementor-widget-text-editor\" data-id=\"3582a7a\" data-element_type=\"widget\" data-widget_type=\"text-editor.default\">\n\t\t\t\t<div class=\"elementor-widget-container\">\n\t\t\t\t\t\t\t\t\t<p><\/p><div class=\"elementor-element elementor-element-1366f713 elementor-widget elementor-widget-text-editor\" data-id=\"1366f713\" data-element_type=\"widget\" data-widget_type=\"text-editor.default\"><div class=\"elementor-widget-container\"><p>O Programa de P\u00f3s-Gradua\u00e7\u00e3o em Ci\u00eancias Aplicadas \u00e0 Sa\u00fade do Adulto (PrPGCASA) resultou do processo de reestrutura\u00e7\u00e3o do Programa de P\u00f3s-Gradua\u00e7\u00e3o em Cl\u00ednica M\u00e9dica, concretizada em 2008. Neste processo foi contemplada a inclus\u00e3o de docentes, da infra-estrutura e de linhas de pesquisa do Programa de P\u00f3s-Gradua\u00e7\u00e3o em Gastroenterologia.<\/p><\/div><\/div>\t\t\t\t\t\t\t\t<\/div>\n\t\t\t\t<\/div>\n\t\t\t\t<\/div>\n\t\t<div class=\"elementor-element elementor-element-d9f2467 e-con-full e-flex e-con e-child\" data-id=\"d9f2467\" data-element_type=\"container\" data-settings=\"{&quot;background_background&quot;:&quot;classic&quot;}\">\n\t\t\t\t<div class=\"elementor-element elementor-element-309263b elementor-widget elementor-widget-image\" data-id=\"309263b\" data-element_type=\"widget\" data-widget_type=\"image.default\">\n\t\t\t\t<div class=\"elementor-widget-container\">\n\t\t\t\t\t\t\t\t\t\t\t\t\t\t\t<img fetchpriority=\"high\" decoding=\"async\" width=\"667\" height=\"667\" src=\"https:\/\/www.medicina.ufmg.br\/cpgsaudedoadulto\/wp-content\/uploads\/sites\/46\/2026\/03\/NOTAS-CAPES-05.png\" class=\"attachment-large size-large wp-image-1538\" alt=\"\" srcset=\"https:\/\/www.medicina.ufmg.br\/cpgsaudedoadulto\/wp-content\/uploads\/sites\/46\/2026\/03\/NOTAS-CAPES-05.png 667w, https:\/\/www.medicina.ufmg.br\/cpgsaudedoadulto\/wp-content\/uploads\/sites\/46\/2026\/03\/NOTAS-CAPES-05-300x300.png 300w, https:\/\/www.medicina.ufmg.br\/cpgsaudedoadulto\/wp-content\/uploads\/sites\/46\/2026\/03\/NOTAS-CAPES-05-150x150.png 150w\" sizes=\"(max-width: 667px) 100vw, 667px\" \/>\t\t\t\t\t\t\t\t\t\t\t\t\t\t\t<\/div>\n\t\t\t\t<\/div>\n\t\t\t\t<\/div>\n\t\t\t\t<\/div>\n\t\t\t\t<\/div>\n\t\t\t\t<section class=\"elementor-section elementor-top-section elementor-element elementor-element-e1fec7b elementor-section-boxed elementor-section-height-default elementor-section-height-default\" data-id=\"e1fec7b\" data-element_type=\"section\">\n\t\t\t\t\t\t<div class=\"elementor-container elementor-column-gap-default\">\n\t\t\t\t\t<div class=\"elementor-column elementor-col-100 elementor-top-column elementor-element elementor-element-1690fa1\" data-id=\"1690fa1\" data-element_type=\"column\">\n\t\t\t<div class=\"elementor-widget-wrap elementor-element-populated\">\n\t\t\t\t\t\t<div class=\"elementor-element elementor-element-805a7ee elementor-widget elementor-widget-html\" data-id=\"805a7ee\" data-element_type=\"widget\" data-widget_type=\"html.default\">\n\t\t\t\t<div class=\"elementor-widget-container\">\n\t\t\t\t\t<style>\n    \n   body {background-color: #034651;} \n<\/style>\t\t\t\t<\/div>\n\t\t\t\t<\/div>\n\t\t\t\t\t<\/div>\n\t\t<\/div>\n\t\t\t\t\t<\/div>\n\t\t<\/section>\n\t\t<div class=\"elementor-element elementor-element-f081567 e-flex e-con-boxed e-con e-parent\" data-id=\"f081567\" data-element_type=\"container\">\n\t\t\t\t\t<div class=\"e-con-inner\">\n\t\t\t\t<div class=\"elementor-element elementor-element-96b4363 elementor-widget elementor-widget-heading\" data-id=\"96b4363\" data-element_type=\"widget\" data-widget_type=\"heading.default\">\n\t\t\t\t<div class=\"elementor-widget-container\">\n\t\t\t\t\t<h2 class=\"elementor-heading-title elementor-size-default\">Linhas de Pesquisa<\/h2>\t\t\t\t<\/div>\n\t\t\t\t<\/div>\n\t\t\t\t\t<\/div>\n\t\t\t\t<\/div>\n\t\t<div class=\"elementor-element elementor-element-5144439 e-grid e-con-boxed e-con e-parent\" data-id=\"5144439\" data-element_type=\"container\">\n\t\t\t\t\t<div class=\"e-con-inner\">\n\t\t<a class=\"elementor-element elementor-element-8f24a3e e-con-full e-flex e-con e-child\" data-id=\"8f24a3e\" data-element_type=\"container\" data-settings=\"{&quot;background_background&quot;:&quot;classic&quot;}\" href=\"https:\/\/www.medicina.ufmg.br\/cpgsaudedoadulto\/atividades-de-pesquisa\/\">\n\t\t\t\t<div class=\"elementor-element elementor-element-8df80ca elementor-widget elementor-widget-text-editor\" data-id=\"8df80ca\" data-element_type=\"widget\" data-widget_type=\"text-editor.default\">\n\t\t\t\t<div class=\"elementor-widget-container\">\n\t\t\t\t\t\t\t\t\t<p style=\"text-align: center;\"><span style=\"color: #ffffff;\">Dist\u00farbios da hemostasia e trombose\n<\/span><\/p>\t\t\t\t\t\t\t\t<\/div>\n\t\t\t\t<\/div>\n\t\t\t\t<\/a>\n\t\t<a class=\"elementor-element elementor-element-784cffd e-con-full e-flex e-con e-child\" data-id=\"784cffd\" data-element_type=\"container\" data-settings=\"{&quot;background_background&quot;:&quot;classic&quot;}\" href=\"https:\/\/www.medicina.ufmg.br\/cpgsaudedoadulto\/atividades-de-pesquisa\/\">\n\t\t\t\t<div class=\"elementor-element elementor-element-5d16407 elementor-widget elementor-widget-text-editor\" data-id=\"5d16407\" data-element_type=\"widget\" data-widget_type=\"text-editor.default\">\n\t\t\t\t<div class=\"elementor-widget-container\">\n\t\t\t\t\t\t\t\t\t<p style=\"text-align: center;\"><span style=\"color: #ffffff;\">Dist\u00farbios Morfofuncionais do Tubo Digestivo\n<\/span><\/p>\t\t\t\t\t\t\t\t<\/div>\n\t\t\t\t<\/div>\n\t\t\t\t<\/a>\n\t\t<a class=\"elementor-element elementor-element-479a5d8 e-con-full e-flex e-con e-child\" data-id=\"479a5d8\" data-element_type=\"container\" data-settings=\"{&quot;background_background&quot;:&quot;classic&quot;}\" href=\"https:\/\/www.medicina.ufmg.br\/cpgsaudedoadulto\/atividades-de-pesquisa\/\">\n\t\t\t\t<div class=\"elementor-element elementor-element-e6ae5ef elementor-widget elementor-widget-text-editor\" data-id=\"e6ae5ef\" data-element_type=\"widget\" data-widget_type=\"text-editor.default\">\n\t\t\t\t<div class=\"elementor-widget-container\">\n\t\t\t\t\t\t\t\t\t<p style=\"text-align: center;\"><span style=\"color: #ffffff;\"> Doen\u00e7as Cr\u00f4nico-Degenerativas\n<\/span><\/p>\t\t\t\t\t\t\t\t<\/div>\n\t\t\t\t<\/div>\n\t\t\t\t<\/a>\n\t\t<a class=\"elementor-element elementor-element-5d78d0e e-con-full e-flex e-con e-child\" data-id=\"5d78d0e\" data-element_type=\"container\" data-settings=\"{&quot;background_background&quot;:&quot;classic&quot;}\" href=\"https:\/\/www.medicina.ufmg.br\/cpgsaudedoadulto\/atividades-de-pesquisa\/\">\n\t\t\t\t<div class=\"elementor-element elementor-element-c133a6a elementor-widget elementor-widget-text-editor\" data-id=\"c133a6a\" data-element_type=\"widget\" data-widget_type=\"text-editor.default\">\n\t\t\t\t<div class=\"elementor-widget-container\">\n\t\t\t\t\t\t\t\t\t<p style=\"text-align: center;\"><span style=\"color: #ffffff;\"> Doen\u00e7as Infecciosas e Parasit\u00e1rias\n<\/span><\/p>\t\t\t\t\t\t\t\t<\/div>\n\t\t\t\t<\/div>\n\t\t\t\t<\/a>\n\t\t<a class=\"elementor-element elementor-element-71237a7 e-con-full e-flex e-con e-child\" data-id=\"71237a7\" data-element_type=\"container\" data-settings=\"{&quot;background_background&quot;:&quot;classic&quot;}\" href=\"https:\/\/www.medicina.ufmg.br\/cpgsaudedoadulto\/atividades-de-pesquisa\/\">\n\t\t\t\t<div class=\"elementor-element elementor-element-89eca41 elementor-widget elementor-widget-text-editor\" data-id=\"89eca41\" data-element_type=\"widget\" data-widget_type=\"text-editor.default\">\n\t\t\t\t<div class=\"elementor-widget-container\">\n\t\t\t\t\t\t\t\t\t<p style=\"text-align: center;\"><span style=\"color: #ffffff;\"> Doen\u00e7as Neopl\u00e1sicas\n<\/span><\/p>\t\t\t\t\t\t\t\t<\/div>\n\t\t\t\t<\/div>\n\t\t\t\t<\/a>\n\t\t<a class=\"elementor-element elementor-element-af1fc66 e-con-full e-flex e-con e-child\" data-id=\"af1fc66\" data-element_type=\"container\" data-settings=\"{&quot;background_background&quot;:&quot;classic&quot;}\" href=\"https:\/\/www.medicina.ufmg.br\/cpgsaudedoadulto\/atividades-de-pesquisa\/\">\n\t\t\t\t<div class=\"elementor-element elementor-element-782d128 elementor-widget elementor-widget-text-editor\" data-id=\"782d128\" data-element_type=\"widget\" data-widget_type=\"text-editor.default\">\n\t\t\t\t<div class=\"elementor-widget-container\">\n\t\t\t\t\t\t\t\t\t<p style=\"text-align: center;\"><span style=\"color: #ffffff;\">Doen\u00e7as Pulmonares\n<\/span><\/p>\t\t\t\t\t\t\t\t<\/div>\n\t\t\t\t<\/div>\n\t\t\t\t<\/a>\n\t\t\t\t\t<\/div>\n\t\t\t\t<\/div>\n\t\t<div class=\"elementor-element elementor-element-ddfe62b e-grid e-con-boxed e-con e-parent\" data-id=\"ddfe62b\" data-element_type=\"container\">\n\t\t\t\t\t<div class=\"e-con-inner\">\n\t\t<a class=\"elementor-element elementor-element-f95a7e7 e-con-full e-flex e-con e-child\" data-id=\"f95a7e7\" data-element_type=\"container\" data-settings=\"{&quot;background_background&quot;:&quot;classic&quot;}\" href=\"https:\/\/www.medicina.ufmg.br\/cpgsaudedoadulto\/atividades-de-pesquisa\/\">\n\t\t\t\t<div class=\"elementor-element elementor-element-a9ef97d elementor-widget elementor-widget-text-editor\" data-id=\"a9ef97d\" data-element_type=\"widget\" data-widget_type=\"text-editor.default\">\n\t\t\t\t<div class=\"elementor-widget-container\">\n\t\t\t\t\t\t\t\t\t<p style=\"text-align: center;\"><span style=\"color: #ffffff;\">Ensino em Sa\u00fade\n<\/span><\/p>\t\t\t\t\t\t\t\t<\/div>\n\t\t\t\t<\/div>\n\t\t\t\t<\/a>\n\t\t<a class=\"elementor-element elementor-element-20a9c7a e-con-full e-flex e-con e-child\" data-id=\"20a9c7a\" data-element_type=\"container\" data-settings=\"{&quot;background_background&quot;:&quot;classic&quot;}\" href=\"https:\/\/www.medicina.ufmg.br\/cpgsaudedoadulto\/atividades-de-pesquisa\/\">\n\t\t\t\t<div class=\"elementor-element elementor-element-f00e371 elementor-widget elementor-widget-text-editor\" data-id=\"f00e371\" data-element_type=\"widget\" data-widget_type=\"text-editor.default\">\n\t\t\t\t<div class=\"elementor-widget-container\">\n\t\t\t\t\t\t\t\t\t<p style=\"text-align: center;\"><span style=\"color: #ffffff;\"> Epidemiologia, Diagn\u00f3stico, Fisiopatologia e Tratamento das Cardiopatias\n<\/span><\/p>\t\t\t\t\t\t\t\t<\/div>\n\t\t\t\t<\/div>\n\t\t\t\t<\/a>\n\t\t<a class=\"elementor-element elementor-element-e8b24ed e-con-full e-flex e-con e-child\" data-id=\"e8b24ed\" data-element_type=\"container\" data-settings=\"{&quot;background_background&quot;:&quot;classic&quot;}\" href=\"https:\/\/www.medicina.ufmg.br\/cpgsaudedoadulto\/atividades-de-pesquisa\/\">\n\t\t\t\t<div class=\"elementor-element elementor-element-31189f5 elementor-widget elementor-widget-text-editor\" data-id=\"31189f5\" data-element_type=\"widget\" data-widget_type=\"text-editor.default\">\n\t\t\t\t<div class=\"elementor-widget-container\">\n\t\t\t\t\t\t\t\t\t<p style=\"text-align: center;\"><span style=\"color: #ffffff;\"> Epidemiologia, Diagn\u00f3stico, Fisiopatologia e Tratamento das Endocrinopatias\n<\/span><\/p>\t\t\t\t\t\t\t\t<\/div>\n\t\t\t\t<\/div>\n\t\t\t\t<\/a>\n\t\t<a class=\"elementor-element elementor-element-ee17524 e-con-full e-flex e-con e-child\" data-id=\"ee17524\" data-element_type=\"container\" data-settings=\"{&quot;background_background&quot;:&quot;classic&quot;}\" href=\"https:\/\/www.medicina.ufmg.br\/cpgsaudedoadulto\/atividades-de-pesquisa\/\">\n\t\t\t\t<div class=\"elementor-element elementor-element-d5c2438 elementor-widget elementor-widget-text-editor\" data-id=\"d5c2438\" data-element_type=\"widget\" data-widget_type=\"text-editor.default\">\n\t\t\t\t<div class=\"elementor-widget-container\">\n\t\t\t\t\t\t\t\t\t<p style=\"text-align: center;\"><span style=\"color: #ffffff;\"> Gest\u00e3o da Assist\u00eancia em Sa\u00fade\n<\/span><\/p>\t\t\t\t\t\t\t\t<\/div>\n\t\t\t\t<\/div>\n\t\t\t\t<\/a>\n\t\t<a class=\"elementor-element elementor-element-1ff4673 e-con-full e-flex e-con e-child\" data-id=\"1ff4673\" data-element_type=\"container\" data-settings=\"{&quot;background_background&quot;:&quot;classic&quot;}\" href=\"https:\/\/www.medicina.ufmg.br\/cpgsaudedoadulto\/atividades-de-pesquisa\/\">\n\t\t\t\t<div class=\"elementor-element elementor-element-1eea8e5 elementor-widget elementor-widget-text-editor\" data-id=\"1eea8e5\" data-element_type=\"widget\" data-widget_type=\"text-editor.default\">\n\t\t\t\t<div class=\"elementor-widget-container\">\n\t\t\t\t\t\t\t\t\t<p style=\"text-align: center;\"><span style=\"color: #ffffff;\">Helicobacter pylori e patologia neuroend\u00f3crina do trato digestivo\n<\/span><\/p>\t\t\t\t\t\t\t\t<\/div>\n\t\t\t\t<\/div>\n\t\t\t\t<\/a>\n\t\t<a class=\"elementor-element elementor-element-23c7f29 e-con-full e-flex e-con e-child\" data-id=\"23c7f29\" data-element_type=\"container\" data-settings=\"{&quot;background_background&quot;:&quot;classic&quot;}\" href=\"https:\/\/www.medicina.ufmg.br\/cpgsaudedoadulto\/atividades-de-pesquisa\/\">\n\t\t\t\t<div class=\"elementor-element elementor-element-260cc0e elementor-widget elementor-widget-text-editor\" data-id=\"260cc0e\" data-element_type=\"widget\" data-widget_type=\"text-editor.default\">\n\t\t\t\t<div class=\"elementor-widget-container\">\n\t\t\t\t\t\t\t\t\t<p style=\"text-align: center;\"><span style=\"color: #ffffff;\">Hist\u00f3ria da sa\u00fade e da doen\u00e7a \u2013 transdisciplinaridade dos saberes adquiridos com a evolu\u00e7\u00e3o da ci\u00eancia\n<\/span><\/p>\t\t\t\t\t\t\t\t<\/div>\n\t\t\t\t<\/div>\n\t\t\t\t<\/a>\n\t\t\t\t\t<\/div>\n\t\t\t\t<\/div>\n\t\t<div class=\"elementor-element elementor-element-c46caa7 e-grid e-con-boxed e-con e-parent\" data-id=\"c46caa7\" data-element_type=\"container\">\n\t\t\t\t\t<div class=\"e-con-inner\">\n\t\t<a class=\"elementor-element elementor-element-0338818 e-con-full e-flex e-con e-child\" data-id=\"0338818\" data-element_type=\"container\" data-settings=\"{&quot;background_background&quot;:&quot;classic&quot;}\" href=\"https:\/\/www.medicina.ufmg.br\/cpgsaudedoadulto\/atividades-de-pesquisa\/\">\n\t\t\t\t<div class=\"elementor-element elementor-element-3344d3a elementor-widget elementor-widget-text-editor\" data-id=\"3344d3a\" data-element_type=\"widget\" data-widget_type=\"text-editor.default\">\n\t\t\t\t<div class=\"elementor-widget-container\">\n\t\t\t\t\t\t\t\t\t<p style=\"text-align: center;\"><span style=\"color: #ffffff;\"> Mecanismos Reguladores e Mediadores da Resposta Inflamat\u00f3ria Sist\u00eamica\n<\/span><\/p>\t\t\t\t\t\t\t\t<\/div>\n\t\t\t\t<\/div>\n\t\t\t\t<\/a>\n\t\t<a class=\"elementor-element elementor-element-0e847f8 e-con-full e-flex e-con e-child\" data-id=\"0e847f8\" data-element_type=\"container\" data-settings=\"{&quot;background_background&quot;:&quot;classic&quot;}\" href=\"https:\/\/www.medicina.ufmg.br\/cpgsaudedoadulto\/atividades-de-pesquisa\/\">\n\t\t\t\t<div class=\"elementor-element elementor-element-3a85f79 elementor-widget elementor-widget-text-editor\" data-id=\"3a85f79\" data-element_type=\"widget\" data-widget_type=\"text-editor.default\">\n\t\t\t\t<div class=\"elementor-widget-container\">\n\t\t\t\t\t\t\t\t\t<p style=\"text-align: center;\"><span style=\"color: #ffffff;\"> Transtornos Neurol\u00f3gicos e Psiqui\u00e1tricos\n<\/span><\/p>\t\t\t\t\t\t\t\t<\/div>\n\t\t\t\t<\/div>\n\t\t\t\t<\/a>\n\t\t<a class=\"elementor-element elementor-element-2466d32 e-con-full e-flex e-con e-child\" data-id=\"2466d32\" data-element_type=\"container\" data-settings=\"{&quot;background_background&quot;:&quot;classic&quot;}\" href=\"https:\/\/www.medicina.ufmg.br\/cpgsaudedoadulto\/atividades-de-pesquisa\/\">\n\t\t\t\t<div class=\"elementor-element elementor-element-1a1b9b6 elementor-widget elementor-widget-text-editor\" data-id=\"1a1b9b6\" data-element_type=\"widget\" data-widget_type=\"text-editor.default\">\n\t\t\t\t<div class=\"elementor-widget-container\">\n\t\t\t\t\t\t\t\t\t<p style=\"text-align: center;\"><span style=\"color: #ffffff;\"> Tumores de Origem Ectod\u00e9rmica e Dermatoses de Interesse Social\n<\/span><\/p>\t\t\t\t\t\t\t\t<\/div>\n\t\t\t\t<\/div>\n\t\t\t\t<\/a>\n\t\t\t\t\t<\/div>\n\t\t\t\t<\/div>\n\t\t<div class=\"elementor-element elementor-element-39f2cb6 e-grid e-con-boxed e-con e-parent\" data-id=\"39f2cb6\" data-element_type=\"container\">\n\t\t\t\t\t<div class=\"e-con-inner\">\n\t\t<a class=\"elementor-element elementor-element-c44e8d5 e-con-full e-flex e-con e-child\" data-id=\"c44e8d5\" data-element_type=\"container\" data-settings=\"{&quot;background_background&quot;:&quot;classic&quot;}\" href=\"https:\/\/www.medicina.ufmg.br\/cpgsaudedoadulto\/atividades-de-pesquisa\/\">\n\t\t\t\t<div class=\"elementor-element elementor-element-22a2e79 elementor-widget elementor-widget-text-editor\" data-id=\"22a2e79\" data-element_type=\"widget\" data-widget_type=\"text-editor.default\">\n\t\t\t\t<div class=\"elementor-widget-container\">\n\t\t\t\t\t\t\t\t\t<p style=\"text-align: center;\"><span style=\"color: #ffffff;\">Mecanismos de Doen\u00e7as e Tratamento das Afec\u00e7\u00f5es Hepatobiliares\n<\/span><\/p>\t\t\t\t\t\t\t\t<\/div>\n\t\t\t\t<\/div>\n\t\t\t\t<\/a>\n\t\t<a class=\"elementor-element elementor-element-3d3c64f e-con-full e-flex e-con e-child\" data-id=\"3d3c64f\" data-element_type=\"container\" data-settings=\"{&quot;background_background&quot;:&quot;classic&quot;}\" href=\"https:\/\/www.medicina.ufmg.br\/cpgsaudedoadulto\/atividades-de-pesquisa\/\">\n\t\t\t\t<div class=\"elementor-element elementor-element-9f2f8f8 elementor-widget elementor-widget-text-editor\" data-id=\"9f2f8f8\" data-element_type=\"widget\" data-widget_type=\"text-editor.default\">\n\t\t\t\t<div class=\"elementor-widget-container\">\n\t\t\t\t\t\t\t\t\t<p style=\"text-align: center;\"><span style=\"color: #ffffff;\">Urg\u00eancia e Emerg\u00eancia\n<\/span><\/p>\t\t\t\t\t\t\t\t<\/div>\n\t\t\t\t<\/div>\n\t\t\t\t<\/a>\n\t\t\t\t\t<\/div>\n\t\t\t\t<\/div>\n\t\t<div class=\"elementor-element elementor-element-837c809 e-flex e-con-boxed e-con e-parent\" data-id=\"837c809\" data-element_type=\"container\" data-settings=\"{&quot;background_background&quot;:&quot;classic&quot;}\">\n\t\t\t\t\t<div class=\"e-con-inner\">\n\t\t<div class=\"elementor-element elementor-element-94cdc69 e-flex e-con-boxed e-con e-child\" data-id=\"94cdc69\" data-element_type=\"container\">\n\t\t\t\t\t<div class=\"e-con-inner\">\n\t\t<a class=\"elementor-element elementor-element-2696906 e-flex e-con-boxed e-con e-child\" data-id=\"2696906\" data-element_type=\"container\" data-settings=\"{&quot;background_background&quot;:&quot;classic&quot;}\" href=\"https:\/\/www.medicina.ufmg.br\/cpg\">\n\t\t\t\t\t<div class=\"e-con-inner\">\n\t\t\t\t<div class=\"elementor-element elementor-element-b08d3a0 elementor-widget elementor-widget-heading\" data-id=\"b08d3a0\" data-element_type=\"widget\" data-widget_type=\"heading.default\">\n\t\t\t\t<div class=\"elementor-widget-container\">\n\t\t\t\t\t<h3 class=\"elementor-heading-title elementor-size-default\">CPG<\/h3>\t\t\t\t<\/div>\n\t\t\t\t<\/div>\n\t\t\t\t<div class=\"elementor-element elementor-element-71287fc elementor-widget elementor-widget-text-editor\" data-id=\"71287fc\" data-element_type=\"widget\" data-widget_type=\"text-editor.default\">\n\t\t\t\t<div class=\"elementor-widget-container\">\n\t\t\t\t\t\t\t\t\t<p><span style=\"color: #ffffff;\">Acesse o portal do Centro de P\u00f3s-Gradua\u00e7\u00e3o<\/span><\/p>\t\t\t\t\t\t\t\t<\/div>\n\t\t\t\t<\/div>\n\t\t\t\t\t<\/div>\n\t\t\t\t<\/a>\n\t\t<a class=\"elementor-element elementor-element-b0d880e e-flex e-con-boxed e-con e-child\" data-id=\"b0d880e\" data-element_type=\"container\" data-settings=\"{&quot;background_background&quot;:&quot;classic&quot;}\" href=\"https:\/\/www.medicina.ufmg.br\/portal\/posgraduacao\/\">\n\t\t\t\t\t<div class=\"e-con-inner\">\n\t\t\t\t<div class=\"elementor-element elementor-element-98c74ab elementor-widget elementor-widget-heading\" data-id=\"98c74ab\" data-element_type=\"widget\" data-widget_type=\"heading.default\">\n\t\t\t\t<div class=\"elementor-widget-container\">\n\t\t\t\t\t<h3 class=\"elementor-heading-title elementor-size-default\">NOT\u00cdCIAS DA P\u00d3S-GRADUA\u00c7\u00c3O<\/h3>\t\t\t\t<\/div>\n\t\t\t\t<\/div>\n\t\t\t\t<div class=\"elementor-element elementor-element-c06c99d elementor-widget elementor-widget-text-editor\" data-id=\"c06c99d\" data-element_type=\"widget\" data-widget_type=\"text-editor.default\">\n\t\t\t\t<div class=\"elementor-widget-container\">\n\t\t\t\t\t\t\t\t\t<p><span style=\"color: #ffffff;\">Acompanhe not\u00edcias da P\u00f3s-Gradua\u00e7\u00e3o no portal da Faculdade de Medicina da UFMG<\/span><\/p>\t\t\t\t\t\t\t\t<\/div>\n\t\t\t\t<\/div>\n\t\t\t\t\t<\/div>\n\t\t\t\t<\/a>\n\t\t\t\t\t<\/div>\n\t\t\t\t<\/div>\n\t\t\t\t\t<\/div>\n\t\t\t\t<\/div>\n\t\t\t\t<\/div>\n\t\t","protected":false},"excerpt":{"rendered":"<p>P\u00f3s-Gradua\u00e7\u00e3o: Ci\u00eancias Aplicadas \u00e0 Sa\u00fade do Adulto O Programa de P\u00f3s-Gradua\u00e7\u00e3o em Ci\u00eancias Aplicadas \u00e0 Sa\u00fade do Adulto (PrPGCASA) resultou do processo de reestrutura\u00e7\u00e3o do Programa de P\u00f3s-Gradua\u00e7\u00e3o em Cl\u00ednica M\u00e9dica, concretizada em 2008. Neste processo foi contemplada a inclus\u00e3o de docentes, da infra-estrutura e de linhas de pesquisa do Programa de P\u00f3s-Gradua\u00e7\u00e3o em Gastroenterologia. [&hellip;]<\/p>\n","protected":false},"author":17,"featured_media":0,"parent":0,"menu_order":0,"comment_status":"closed","ping_status":"closed","template":"elementor_header_footer","meta":{"footnotes":""},"class_list":["post-11","page","type-page","status-publish","hentry"],"_links":{"self":[{"href":"https:\/\/www.medicina.ufmg.br\/cpgsaudedoadulto\/wp-json\/wp\/v2\/pages\/11","targetHints":{"allow":["GET"]}}],"collection":[{"href":"https:\/\/www.medicina.ufmg.br\/cpgsaudedoadulto\/wp-json\/wp\/v2\/pages"}],"about":[{"href":"https:\/\/www.medicina.ufmg.br\/cpgsaudedoadulto\/wp-json\/wp\/v2\/types\/page"}],"author":[{"embeddable":true,"href":"https:\/\/www.medicina.ufmg.br\/cpgsaudedoadulto\/wp-json\/wp\/v2\/users\/17"}],"replies":[{"embeddable":true,"href":"https:\/\/www.medicina.ufmg.br\/cpgsaudedoadulto\/wp-json\/wp\/v2\/comments?post=11"}],"version-history":[{"count":37,"href":"https:\/\/www.medicina.ufmg.br\/cpgsaudedoadulto\/wp-json\/wp\/v2\/pages\/11\/revisions"}],"predecessor-version":[{"id":1541,"href":"https:\/\/www.medicina.ufmg.br\/cpgsaudedoadulto\/wp-json\/wp\/v2\/pages\/11\/revisions\/1541"}],"wp:attachment":[{"href":"https:\/\/www.medicina.ufmg.br\/cpgsaudedoadulto\/wp-json\/wp\/v2\/media?parent=11"}],"curies":[{"name":"wp","href":"https:\/\/api.w.org\/{rel}","templated":true}]}}