
{"id":40,"date":"2016-03-10T13:37:38","date_gmt":"2016-03-10T13:37:38","guid":{"rendered":"https:\/\/www.medicina.ufmg.br\/cpgsaudedoadulto\/?page_id=40"},"modified":"2016-03-10T13:38:10","modified_gmt":"2016-03-10T13:38:10","slug":"historia","status":"publish","type":"page","link":"https:\/\/www.medicina.ufmg.br\/cpgsaudedoadulto\/historia\/","title":{"rendered":"Hist\u00f3ria"},"content":{"rendered":"<p align=\"justify\"><strong>O Programa de P\u00f3s-Gradua\u00e7\u00e3o em Ci\u00eancia Aplicadas \u00e0 Sa\u00fade do Adulto (PrPGCASA)<\/strong> resultou da reestrutura\u00e7\u00e3o do Programa de P\u00f3s-Gradua\u00e7\u00e3o em Cl\u00ednica M\u00e9dica (PrPGCLM). Sua origem remonta a 31 de maio de 2001, quando o PrPGCLM foi aprovado no \u00e2mbito da UFMG, e a 28 de agosto de 2002, quando foi credenciado pela CAPES. Durante o processo de consolida\u00e7\u00e3o e amadurecimento do PrPGCLM, foram percebidas e tamb\u00e9m alertadas pelos membros da Comiss\u00e3o de Avalia\u00e7\u00e3o da CAPES, algumas defici\u00eancias, pr\u00f3prias de um programa novo, que levaram \u00e0 sua reestrutura\u00e7\u00e3o.<\/p>\n<p align=\"justify\">A reestrutura\u00e7\u00e3o do PrPGCLM para o PrPGCASA, concretizada em 2008, resultou da incorpora\u00e7\u00e3o do Programa de P\u00f3s-Gradua\u00e7\u00e3o em Medicina-Gastroenterologia, o qual foi credenciado pela CAPES e funcionava regularmente desde 1994. Ainda, como parte da referida reestrutura\u00e7\u00e3o foram efetuadas mudan\u00e7as estruturais significativas:<\/p>\n<ol class=\"historia\">\n<li>possibilidade de admiss\u00e3o de profissionais n\u00e3o-m\u00e9dicos no corpo discente;<\/li>\n<li>mudan\u00e7a do processo de credenciamento de orientadores, com exclus\u00e3o de professores com pequena participa\u00e7\u00e3o e credenciamento de novos professores permanentes, mais produtivos;<\/li>\n<li>cria\u00e7\u00e3o de novas disciplinas;<\/li>\n<li>reestrutura\u00e7\u00e3o das linhas de pesquisa; e<\/li>\n<li>agrupamento das linhas de pesquisa em duas \u00e1reas de concentra\u00e7\u00e3o, Ci\u00eancias Cl\u00ednicas e Ci\u00eancias Aplicadas ao Aparelho Digestivo.<\/li>\n<\/ol>\n<p align=\"justify\">Estas modifica\u00e7\u00f5es, aprovadas pela C\u00e2mara de P\u00f3s-gradua\u00e7\u00e3o da UFMG em 27 de mar\u00e7o de 2008, objetivaram proporcionar maior excel\u00eancia e abrang\u00eancia ao PrPGCASA.<\/p>\n<p align=\"justify\">Como resultado desse processo de reestrutura\u00e7\u00e3o, O PrPGCASA tem hoje mais de <strong>20 professores permanentes<\/strong> com produ\u00e7\u00e3o cient\u00edfica compat\u00edvel com <strong>Programa de N\u00edvel 5<\/strong>, a orientar em m\u00e9dia 4,7 alunos. Tem havido crescimento progressivo da participa\u00e7\u00e3o discente nas publica\u00e7\u00f5es e o n\u00famero de disserta\u00e7\u00f5es e teses defendidas tamb\u00e9m tem aumentado.<\/p>\n<p align=\"justify\">Outra prioridade do Programa \u00e9 o <strong>incremento do interc\u00e2mbio internacional<\/strong>. Nesse contexto, foi firmado em 2009, conv\u00eanio entre CAPES e NUFFIC (Netherlands Organization for International Cooperation in Higher Education), que j\u00e1 foi implementado a partir de 2010. N\u00famero crescente de alunos tem realizado doutorado sandu\u00edche, e, professores, p\u00f3s-doutorado no exterior no \u00e2mbito desse conv\u00eanio.<\/p>\n<p align=\"justify\">O PrPGCASA tem hoje o <strong>conceito 4 da classifica\u00e7\u00e3o CAPES<\/strong>; no entanto, desde a sua implementa\u00e7\u00e3o, em 2008, todo o esfor\u00e7o do Colegiado e do corpo de professores tem envidado esfor\u00e7os tanto para a consolida\u00e7\u00e3o do Programa em \u00e2mbito local e nacional, como para a obten\u00e7\u00e3o de, no m\u00ednimo, o conceito 5 da classifica\u00e7\u00e3o CAPES.<\/p>\n","protected":false},"excerpt":{"rendered":"<p>O Programa de P\u00f3s-Gradua\u00e7\u00e3o em Ci\u00eancia Aplicadas \u00e0 Sa\u00fade do Adulto (PrPGCASA) resultou da reestrutura\u00e7\u00e3o do Programa de P\u00f3s-Gradua\u00e7\u00e3o em Cl\u00ednica M\u00e9dica (PrPGCLM). Sua origem remonta a 31 de maio de 2001, quando o PrPGCLM foi aprovado no \u00e2mbito da UFMG, e a 28 de agosto de 2002, quando foi credenciado pela CAPES. Durante o [&hellip;]<\/p>\n","protected":false},"author":17,"featured_media":0,"parent":0,"menu_order":0,"comment_status":"closed","ping_status":"closed","template":"","meta":{"footnotes":""},"class_list":["post-40","page","type-page","status-publish","hentry"],"_links":{"self":[{"href":"https:\/\/www.medicina.ufmg.br\/cpgsaudedoadulto\/wp-json\/wp\/v2\/pages\/40","targetHints":{"allow":["GET"]}}],"collection":[{"href":"https:\/\/www.medicina.ufmg.br\/cpgsaudedoadulto\/wp-json\/wp\/v2\/pages"}],"about":[{"href":"https:\/\/www.medicina.ufmg.br\/cpgsaudedoadulto\/wp-json\/wp\/v2\/types\/page"}],"author":[{"embeddable":true,"href":"https:\/\/www.medicina.ufmg.br\/cpgsaudedoadulto\/wp-json\/wp\/v2\/users\/17"}],"replies":[{"embeddable":true,"href":"https:\/\/www.medicina.ufmg.br\/cpgsaudedoadulto\/wp-json\/wp\/v2\/comments?post=40"}],"version-history":[{"count":2,"href":"https:\/\/www.medicina.ufmg.br\/cpgsaudedoadulto\/wp-json\/wp\/v2\/pages\/40\/revisions"}],"predecessor-version":[{"id":42,"href":"https:\/\/www.medicina.ufmg.br\/cpgsaudedoadulto\/wp-json\/wp\/v2\/pages\/40\/revisions\/42"}],"wp:attachment":[{"href":"https:\/\/www.medicina.ufmg.br\/cpgsaudedoadulto\/wp-json\/wp\/v2\/media?parent=40"}],"curies":[{"name":"wp","href":"https:\/\/api.w.org\/{rel}","templated":true}]}}