
{"id":47,"date":"2016-03-10T13:40:20","date_gmt":"2016-03-10T13:40:20","guid":{"rendered":"https:\/\/www.medicina.ufmg.br\/cpgsaudedoadulto\/?page_id=47"},"modified":"2021-10-08T16:15:14","modified_gmt":"2021-10-08T16:15:14","slug":"manual-do-aluno","status":"publish","type":"page","link":"https:\/\/www.medicina.ufmg.br\/cpgsaudedoadulto\/manual-do-aluno\/","title":{"rendered":"Manual do Aluno"},"content":{"rendered":"<p><strong><a href=\"http:\/\/www.medicina.ufmg.br\/cpgsaudedoadulto\/wp-content\/uploads\/sites\/46\/2021\/10\/Manual-do-Aluno.pdf\">Manual de Orienta\u00e7\u00e3o para defesa de teses e disserta\u00e7\u00f5es<\/a><\/strong><br \/>Este manual visa dar ao p\u00f3s-graduando as informa\u00e7\u00f5es referentes aos procedimentos para a defesa de seu trabalho e do formato padronizados pelo Programa para teses e disserta\u00e7\u00f5es.<\/p>\n","protected":false},"excerpt":{"rendered":"<p>Manual de Orienta\u00e7\u00e3o para defesa de teses e disserta\u00e7\u00f5esEste manual visa dar ao p\u00f3s-graduando as informa\u00e7\u00f5es referentes aos procedimentos para a defesa de seu trabalho e do formato padronizados pelo Programa para teses e disserta\u00e7\u00f5es.<\/p>\n","protected":false},"author":17,"featured_media":0,"parent":0,"menu_order":0,"comment_status":"closed","ping_status":"closed","template":"","meta":{"footnotes":""},"class_list":["post-47","page","type-page","status-publish","hentry"],"_links":{"self":[{"href":"https:\/\/www.medicina.ufmg.br\/cpgsaudedoadulto\/wp-json\/wp\/v2\/pages\/47","targetHints":{"allow":["GET"]}}],"collection":[{"href":"https:\/\/www.medicina.ufmg.br\/cpgsaudedoadulto\/wp-json\/wp\/v2\/pages"}],"about":[{"href":"https:\/\/www.medicina.ufmg.br\/cpgsaudedoadulto\/wp-json\/wp\/v2\/types\/page"}],"author":[{"embeddable":true,"href":"https:\/\/www.medicina.ufmg.br\/cpgsaudedoadulto\/wp-json\/wp\/v2\/users\/17"}],"replies":[{"embeddable":true,"href":"https:\/\/www.medicina.ufmg.br\/cpgsaudedoadulto\/wp-json\/wp\/v2\/comments?post=47"}],"version-history":[{"count":3,"href":"https:\/\/www.medicina.ufmg.br\/cpgsaudedoadulto\/wp-json\/wp\/v2\/pages\/47\/revisions"}],"predecessor-version":[{"id":848,"href":"https:\/\/www.medicina.ufmg.br\/cpgsaudedoadulto\/wp-json\/wp\/v2\/pages\/47\/revisions\/848"}],"wp:attachment":[{"href":"https:\/\/www.medicina.ufmg.br\/cpgsaudedoadulto\/wp-json\/wp\/v2\/media?parent=47"}],"curies":[{"name":"wp","href":"https:\/\/api.w.org\/{rel}","templated":true}]}}