
{"id":576,"date":"2019-09-16T19:03:52","date_gmt":"2019-09-16T19:03:52","guid":{"rendered":"https:\/\/www.medicina.ufmg.br\/cpgsaudedoadulto\/?page_id=576"},"modified":"2020-12-14T13:14:09","modified_gmt":"2020-12-14T13:14:09","slug":"processo-seletivo-2020","status":"publish","type":"page","link":"https:\/\/www.medicina.ufmg.br\/cpgsaudedoadulto\/processo-seletivo-2020\/","title":{"rendered":"Processo Seletivo 2020"},"content":{"rendered":"\t\t<div data-elementor-type=\"wp-post\" data-elementor-id=\"576\" class=\"elementor elementor-576\">\n\t\t\t\t\t\t<section class=\"elementor-section elementor-top-section elementor-element elementor-element-e2c3860 elementor-section-boxed elementor-section-height-default elementor-section-height-default\" data-id=\"e2c3860\" data-element_type=\"section\">\n\t\t\t\t\t\t<div class=\"elementor-container elementor-column-gap-default\">\n\t\t\t\t\t<div class=\"elementor-column elementor-col-100 elementor-top-column elementor-element elementor-element-6e006d3\" data-id=\"6e006d3\" data-element_type=\"column\">\n\t\t\t<div class=\"elementor-widget-wrap\">\n\t\t\t\t\t\t\t<\/div>\n\t\t<\/div>\n\t\t\t\t\t<\/div>\n\t\t<\/section>\n\t\t\t\t<section class=\"elementor-section elementor-top-section elementor-element elementor-element-bce6f25 elementor-section-boxed elementor-section-height-default elementor-section-height-default\" data-id=\"bce6f25\" data-element_type=\"section\">\n\t\t\t\t\t\t<div class=\"elementor-container elementor-column-gap-default\">\n\t\t\t\t\t<div class=\"elementor-column elementor-col-100 elementor-top-column elementor-element elementor-element-8560f3e\" data-id=\"8560f3e\" data-element_type=\"column\">\n\t\t\t<div class=\"elementor-widget-wrap elementor-element-populated\">\n\t\t\t\t\t\t<div class=\"elementor-element elementor-element-cc9db02 elementor-widget elementor-widget-heading\" data-id=\"cc9db02\" data-element_type=\"widget\" data-widget_type=\"heading.default\">\n\t\t\t\t<div class=\"elementor-widget-container\">\n\t\t\t\t\t<h2 class=\"elementor-heading-title elementor-size-default\">Processo Seletivo 2020\/2\u00ba<\/h2>\t\t\t\t<\/div>\n\t\t\t\t<\/div>\n\t\t\t\t<div class=\"elementor-element elementor-element-8828b00 elementor-widget elementor-widget-wp-widget-text\" data-id=\"8828b00\" data-element_type=\"widget\" data-widget_type=\"wp-widget-text.default\">\n\t\t\t\t<div class=\"elementor-widget-container\">\n\t\t\t\t\t\t\t\t<div class=\"textwidget\"><div class=\"otw-sc-toggle\"><h3 class=\"toggle-trigger widget-title closed\">Doutorado<span class=\"icon\"><\/span><\/h3><div class=\"toggle-content\"><p><\/p><br \/>\n<p><a href=\"https:\/\/www.medicina.ufmg.br\/cpgsaudedoadulto\/wp-content\/uploads\/sites\/46\/2020\/10\/Resultadofinaldoutorado-2020-10-09.pdf\" target=\"_blank\" rel=\"noopener\">Resultado Final<\/a><\/p><br \/>\n<p><a href=\"https:\/\/www.medicina.ufmg.br\/cpgsaudedoadulto\/wp-content\/uploads\/sites\/46\/2020\/09\/Escalaarguicaooraldoutoradoapospedidoderecurso.pdf\">Escala de argui\u00e7\u00e3o oral ap\u00f3s pedido de recurso<\/a><\/p><br \/>\n<p><a href=\"https:\/\/www.medicina.ufmg.br\/cpgsaudedoadulto\/wp-content\/uploads\/sites\/46\/2020\/09\/Resultadoprimeiraetapadoutoradoapospedidoderecurso.pdf\">Resultado primeira etapa ap\u00f3s pedido de recurso <\/a><\/p><br \/>\n<p><a href=\"https:\/\/www.medicina.ufmg.br\/cpgsaudedoadulto\/wp-content\/uploads\/sites\/46\/2020\/09\/Resultadodaanalisedadocumentacaodoutoradoapospedidoderecurso.pdf\">Resultado da an\u00e1lise da documenta\u00e7\u00e3o pelo Programa ap\u00f3s pedido de recurso <\/a><\/p><br \/>\n<p><a href=\"https:\/\/www.medicina.ufmg.br\/cpgsaudedoadulto\/wp-content\/uploads\/sites\/46\/2020\/09\/Declaracaodeinexistenciadeimpedimentooususpeicaodoutorado-15-09-2020.pdf\" target=\"_blank\" rel=\"noopener\">Declara\u00e7\u00e3o de inexist\u00eancia de impedimento ou suspei\u00e7\u00e3o<\/a><\/p><br \/>\n<p><strong>Banca Examinadora:<\/strong><br \/><br \/>\nGilda Aparecida Ferreira (presidente)<br \/><br \/>\nPaulo Caramelli (titular)<br \/><br \/>\nTarc\u00edlia Aparecida da Silva (titular)<\/p><br \/>\n<p><a href=\"https:\/\/www.medicina.ufmg.br\/cpgsaudedoadulto\/wp-content\/uploads\/sites\/46\/2020\/09\/Escalaarguicaooraldoutorado.pdf\"><span style=\"font-family: Arial\">E<\/span><span style=\"font-family: Arial\">scala de argui\u00e7\u00e3o oral<\/span><b><span style=\"font-family: Arial\"><br \/><br \/>\n<\/span><\/b><\/a><b><\/b><a href=\"https:\/\/www.medicina.ufmg.br\/cpgsaudedoadulto\/wp-content\/uploads\/sites\/46\/2020\/09\/Resultadoprimeiraetapadoutorado.pdf\"><span style=\"font-family: Arial\">Resultado\u00a0primeira\u00a0etapa<\/span><\/a><br \/><br \/>\n<a href=\"https:\/\/www.medicina.ufmg.br\/cpgsaudedoadulto\/wp-content\/uploads\/sites\/46\/2020\/09\/Resultadodaanalisedadocumentacaodoutorado-08-09-02020.pdf\" target=\"_blank\" rel=\"noopener\">Resultado da an\u00e1lise da documenta\u00e7\u00e3o pelo Programa<\/a><br \/><br \/>\n<a href=\"https:\/\/www.medicina.ufmg.br\/cpgsaudedoadulto\/wp-content\/uploads\/sites\/46\/2020\/07\/Cronogramaalterado.pdf\">Cronograma alterado<\/a><br \/><br \/>\n<a href=\"https:\/\/www.medicina.ufmg.br\/cpgsaudedoadulto\/wp-content\/uploads\/sites\/46\/2020\/07\/FormulariodeAutodeclaracaoEtnicoRacial.pdf\">Formul\u00e1rio de autodeclara\u00e7\u00e3o \u00e9tnico-racial<\/a><br \/><br \/>\n<a href=\"http:\/\/ftp.medicina.ufmg.br\/cpg\/programas\/saude_adulto\/2020\/Formulariodeinscricaodoutorado01072020.xls\">Formul\u00e1rio de inscri\u00e7\u00e3o <\/a><br \/><br \/>\n<a href=\"http:\/\/ftp.medicina.ufmg.br\/cpg\/programas\/saude_adulto\/2020\/CronogramaDoutorado.pdf\">Cronograma<\/a><br \/><br \/>\n<a href=\"http:\/\/ftp.medicina.ufmg.br\/cpg\/programas\/saude_adulto\/2020\/RetificacaoDoutorado.pdf\">Retifica\u00e7\u00e3o do edital de sele\u00e7\u00e3o<\/a><br \/><br \/>\n<a href=\"http:\/\/ftp.medicina.ufmg.br\/cpg\/programas\/saude_adulto\/2020\/EditalRegularSaudedoAdultoDoutorado.pdf\">Edital de sele\u00e7\u00e3o<\/a><br \/><br \/>\n<\/p><\/div><\/div>\n<div class=\"otw-sc-toggle\"><h3 class=\"toggle-trigger widget-title closed\">Mestrado<span class=\"icon\"><\/span><\/h3><div class=\"toggle-content\"><p><\/p><br \/>\n<p><a href=\"https:\/\/www.medicina.ufmg.br\/cpgsaudedoadulto\/wp-content\/uploads\/sites\/46\/2020\/10\/Resultadofinalmestradoaposdisponibilizacaodevaga-14-10-2020-2.pdf\" target=\"_blank\" rel=\"noopener\">Resultado\u00a0final ap\u00f3s disponibiliza\u00e7\u00e3o de vaga<\/a><\/p><br \/>\n<p><a href=\"https:\/\/www.medicina.ufmg.br\/cpgsaudedoadulto\/wp-content\/uploads\/sites\/46\/2020\/10\/Resultadofinalmestrado-2020-10-09.pdf\" target=\"_blank\" rel=\"noopener\">Resultado Final<\/a><\/p><br \/>\n<p><a href=\"https:\/\/www.medicina.ufmg.br\/cpgsaudedoadulto\/wp-content\/uploads\/sites\/46\/2020\/09\/Declaracaodeinexistenciadeimpedimentooususpeicaomestrado-15-09-2020.pdf\" target=\"_blank\" rel=\"noopener\">Declara\u00e7\u00e3o de inexist\u00eancia de impedimento ou suspei\u00e7\u00e3o<\/a><br \/><br \/>\n<strong><br \/><br \/>\nBanca Examinadora:<\/strong><br \/><br \/>\nMaria de Lourdes de Abreu Ferrari (presidente)<br \/><br \/>\nLuciana Diniz Silva (titular)<br \/><br \/>\nLucilene Rezende Anast\u00e1cio (titular)<\/p><br \/>\n<p><a href=\"https:\/\/www.medicina.ufmg.br\/cpgsaudedoadulto\/wp-content\/uploads\/sites\/46\/2020\/09\/Escalaarguicaooralmestrado.pdf\"><span style=\"font-family: Arial\">E<\/span><span style=\"font-family: Arial\">scala de argui\u00e7\u00e3o oral<\/span><b><span style=\"font-family: Arial\"><br \/><br \/>\n<\/span><\/b><\/a><b><\/b><a href=\"https:\/\/www.medicina.ufmg.br\/cpgsaudedoadulto\/wp-content\/uploads\/sites\/46\/2020\/09\/Resultadoprimeiraetapamestrado.pdf\"><span style=\"font-family: Arial\">Resultado\u00a0primeira\u00a0etapa<\/span><\/a><br \/><br \/>\n<a href=\"https:\/\/www.medicina.ufmg.br\/cpgsaudedoadulto\/wp-content\/uploads\/sites\/46\/2020\/09\/Resultadodaanalisedadocumentacaomestrado-ret-08-09-2020.pdf\" target=\"_blank\" rel=\"noopener\">Resultado da an\u00e1lise da documenta\u00e7\u00e3o pelo Programa<\/a><br \/><br \/>\n<a href=\"https:\/\/www.medicina.ufmg.br\/cpgsaudedoadulto\/wp-content\/uploads\/sites\/46\/2020\/07\/Cronogramaalterado.pdf\">Cronograma alterado<\/a><br \/><br \/>\n<a href=\"https:\/\/www.medicina.ufmg.br\/cpgsaudedoadulto\/wp-content\/uploads\/sites\/46\/2020\/07\/FormulariodeAutodeclaracaoEtnicoRacial.pdf\">Formul\u00e1rio de autodeclara\u00e7\u00e3o \u00e9tnico-racial <\/a><br \/><br \/>\n<a href=\"http:\/\/ftp.medicina.ufmg.br\/cpg\/programas\/saude_adulto\/2020\/FormulariodePontuacao.docx\">Formul\u00e1rio de Pontua\u00e7\u00e3o<\/a><br \/><br \/>\n<a href=\"http:\/\/ftp.medicina.ufmg.br\/cpg\/programas\/saude_adulto\/2020\/Formulariodeinscricaomestrado.xls\">Formul\u00e1rio de inscri\u00e7\u00e3o<\/a><br \/><br \/>\n<a href=\"http:\/\/ftp.medicina.ufmg.br\/cpg\/programas\/saude_adulto\/2020\/CronogramaMestrado.pdf\">Cronograma<\/a><br \/><br \/>\n<a href=\"http:\/\/ftp.medicina.ufmg.br\/cpg\/programas\/saude_adulto\/2020\/RetificacaoMestrado.pdf\">Retifica\u00e7\u00e3o do edital de sele\u00e7\u00e3o<\/a><br \/><br \/>\n<a href=\"http:\/\/ftp.medicina.ufmg.br\/cpg\/programas\/saude_adulto\/2020\/EditalRegularSaudedoAdultoMestrado.pdf\">Edital de sele\u00e7\u00e3o<\/a><br \/><br \/>\n<\/p><\/div><\/div>\n<\/div>\n\t\t\t\t\t\t<\/div>\n\t\t\t\t<\/div>\n\t\t\t\t\t<\/div>\n\t\t<\/div>\n\t\t\t\t\t<\/div>\n\t\t<\/section>\n\t\t\t\t<section class=\"elementor-section elementor-top-section elementor-element elementor-element-27897c2a elementor-section-boxed elementor-section-height-default elementor-section-height-default\" data-id=\"27897c2a\" data-element_type=\"section\">\n\t\t\t\t\t\t<div class=\"elementor-container elementor-column-gap-default\">\n\t\t\t\t\t<div class=\"elementor-column elementor-col-100 elementor-top-column elementor-element elementor-element-2d445db\" data-id=\"2d445db\" data-element_type=\"column\">\n\t\t\t<div class=\"elementor-widget-wrap elementor-element-populated\">\n\t\t\t\t\t\t<div class=\"elementor-element elementor-element-4f9dcd3 elementor-widget elementor-widget-heading\" data-id=\"4f9dcd3\" data-element_type=\"widget\" data-widget_type=\"heading.default\">\n\t\t\t\t<div class=\"elementor-widget-container\">\n\t\t\t\t\t<h2 class=\"elementor-heading-title elementor-size-default\">Processo Seletivo 2020\/1\u00ba<\/h2>\t\t\t\t<\/div>\n\t\t\t\t<\/div>\n\t\t\t\t<div class=\"elementor-element elementor-element-35938ac8 elementor-widget elementor-widget-text-editor\" data-id=\"35938ac8\" data-element_type=\"widget\" data-widget_type=\"text-editor.default\">\n\t\t\t\t<div class=\"elementor-widget-container\">\n\t\t\t\t\t\t\t\t\t<div class=\"otw-sc-toggle\"><h3 class=\"toggle-trigger widget-title closed\">Doutorado<span class=\"icon\"><\/span><\/h3><div class=\"toggle-content\"><p><br \/>\n<br \/>\n<a href=\"https:\/\/www.medicina.ufmg.br\/cpgsaudedoadulto\/wp-content\/uploads\/sites\/46\/2019\/12\/Resultadofinaldoutorado.pdf\">Resultado final<\/a><br \/>\n<br \/>\n<a href=\"https:\/\/www.medicina.ufmg.br\/cpgsaudedoadulto\/wp-content\/uploads\/sites\/46\/2019\/12\/Escalaarguicaooraldoutorado.pdf\">Escala de argui\u00e7\u00e3o oral<\/a><br \/>\n<br \/>\n<a href=\"https:\/\/www.medicina.ufmg.br\/cpgsaudedoadulto\/wp-content\/uploads\/sites\/46\/2019\/12\/Resultadoprimeiraetapadoutorado.pdf\">Resultado primeira etapa<\/a><br \/>\n<br \/>\n<a href=\"https:\/\/www.medicina.ufmg.br\/cpgsaudedoadulto\/wp-content\/uploads\/sites\/46\/2019\/12\/Declaracaodeinexistenciadeimpedimentooususpeicaodoutorado.pdf\">Declara\u00e7\u00e3o de inexist\u00eancia de impedimento ou suspei\u00e7\u00e3o<\/a><br \/>\nBanca Examinadora:<br \/>\nNilton Alves de Rezende (presidente)<br \/>\nEduardo Garcia Vilela (titular)<br \/>\n<span style=\"font-size: inherit;\">Eleonora Druve Tavares Fagundes (titular)<\/span><br \/>\n<br \/>\n<a href=\"https:\/\/www.medicina.ufmg.br\/cpgsaudedoadulto\/wp-content\/uploads\/sites\/46\/2019\/11\/Resultadodaanalisedadocumentacaodoutorado.pdf\">Resultado da an\u00e1lise da documenta\u00e7\u00e3o pelo Programa<\/a><br \/>\n<br \/>\n<a href=\"https:\/\/www.medicina.ufmg.br\/cpgsaudedoadulto\/wp-content\/uploads\/sites\/46\/2019\/09\/FormulariodeAutodeclaracaoEtnicoRacial.pdf\">Formul\u00e1rio de autodeclara\u00e7\u00e3o \u00e9tnico-racial <\/a><br \/>\n<br \/>\n<a href=\"https:\/\/www.medicina.ufmg.br\/cpgsaudedoadulto\/wp-content\/uploads\/sites\/46\/2019\/09\/EditalRegularSaudedoAdultoDoutorado.pdf\">Edital de sele\u00e7\u00e3o <\/a><br \/>\n<br \/>\n<a href=\"http:\/\/ftp.medicina.ufmg.br\/cpg\/programas\/saude_adulto\/2019\/Formulariodeinscricaodoutorado.xls\">Formul\u00e1rio de inscri\u00e7\u00e3o <\/a> <\/p><\/div><\/div>\n\n<div class=\"otw-sc-toggle\"><h3 class=\"toggle-trigger widget-title closed\">Mestrado<span class=\"icon\"><\/span><\/h3><div class=\"toggle-content\"><p><br \/>\n<br \/>\n<a href=\"https:\/\/www.medicina.ufmg.br\/cpgsaudedoadulto\/wp-content\/uploads\/sites\/46\/2019\/12\/resultadofinalmestrado.pdf\">Resultado final<\/a><br \/>\n<br \/>\n<a href=\"https:\/\/www.medicina.ufmg.br\/cpgsaudedoadulto\/wp-content\/uploads\/sites\/46\/2019\/12\/Escalaarguicaooralmestrado.pdf\">Escala de argui\u00e7\u00e3o oral<\/a><br \/>\n<br \/>\n<a href=\"https:\/\/www.medicina.ufmg.br\/cpgsaudedoadulto\/wp-content\/uploads\/sites\/46\/2019\/12\/Resultadoprimeiraetapamestrado.pdf\">Resultado primeira etapa<\/a><br \/>\n<br \/>\n<a href=\"https:\/\/www.medicina.ufmg.br\/cpgsaudedoadulto\/wp-content\/uploads\/sites\/46\/2019\/12\/Declaracaodeinexistenciadeimpedimentooususpeicaomestrado.pdf\">Declara\u00e7\u00e3o de inexist\u00eancia de impedimento ou suspei\u00e7\u00e3o<\/a><br \/>\nBanca Examinadora:<br \/>\nSilvana Sp\u00edndola de Miranda (presidente)<br \/>\nRose Mary Ferreira Lisboa da Silva (titular)<br \/>\nF\u00e1bio Vasconcellos Comin (titular)<br \/>\n<br \/>\n<a href=\"https:\/\/www.medicina.ufmg.br\/cpgsaudedoadulto\/wp-content\/uploads\/sites\/46\/2019\/11\/Resultadodaanalisedadocumentacaomestrado.pdf\">Resultado da an\u00e1lise da documenta\u00e7\u00e3o pelo Programa<\/a><br \/>\n<br \/>\n<a href=\"https:\/\/www.medicina.ufmg.br\/cpgsaudedoadulto\/wp-content\/uploads\/sites\/46\/2019\/09\/FormulariodeAutodeclaracaoEtnicoRacial.pdf\">Formul\u00e1rio de autodeclara\u00e7\u00e3o \u00e9tnico-racial <\/a><br \/>\n<br \/>\n<a href=\"http:\/\/ftp.medicina.ufmg.br\/cpg\/programas\/saude_adulto\/2019\/FormulariodePontuacao.docx\">Formul\u00e1rio de Pontua\u00e7\u00e3o <\/a><br \/>\n<br \/>\n<a href=\"http:\/\/ftp.medicina.ufmg.br\/cpg\/programas\/saude_adulto\/2019\/Formulariodeinscricaomestrado.xls\">Formul\u00e1rio de inscri\u00e7\u00e3o <\/a><br \/>\n<br \/>\n<a href=\"https:\/\/www.medicina.ufmg.br\/cpgsaudedoadulto\/wp-content\/uploads\/sites\/46\/2019\/09\/EditalRegularSaudedoAdultoMestrado.pdf\">Edital de sele\u00e7\u00e3o <\/a><br \/>\n<br \/>\n<\/p><\/div><\/div>\n\n<div class=\"otw-sc-toggle\"><h3 class=\"toggle-trigger widget-title closed\">Sele\u00e7\u00e3o Suplementar (pessoas com defici\u00eancia e ind\u00edgenas)\n<span class=\"icon\"><\/span><\/h3><div class=\"toggle-content\"><p><br \/>\n<br \/>\n<a href=\"https:\/\/www.medicina.ufmg.br\/cpgsaudedoadulto\/wp-content\/uploads\/sites\/46\/2019\/09\/Declara\u00e7\u00e3o-de-Resid\u00eancia-Ind\u00edgena.pdf\">Formul\u00e1rio de declara\u00e7\u00e3o de resid\u00eancia em comunidade ind\u00edgena <\/a><br \/>\n<br \/>\n<a href=\"https:\/\/www.medicina.ufmg.br\/cpgsaudedoadulto\/wp-content\/uploads\/sites\/46\/2019\/09\/Declara\u00e7\u00e3o-de-Lideran\u00e7a-Ind\u00edgena.pdf\">Formul\u00e1rio de declara\u00e7\u00e3o de lideran\u00e7as ind\u00edgenas <\/a><br \/>\n<br \/>\n<a href=\"https:\/\/www.medicina.ufmg.br\/cpgsaudedoadulto\/wp-content\/uploads\/sites\/46\/2019\/09\/Declara\u00e7\u00e3o-de-Autorreconhecimento-Ind\u00edgena.pdf\">Formul\u00e1rio de autorreconhecimento ind\u00edgena <\/a><br \/>\n<br \/>\n<a href=\"https:\/\/www.medicina.ufmg.br\/cpgsaudedoadulto\/wp-content\/uploads\/sites\/46\/2019\/09\/FORMUL\u00c1RIO-DE-SOLICITA\u00c7\u00c3O-DE-CONDI\u00c7\u00d5ES-ESPECIAIS-PARA-A-REALIZA\u00c7\u00c3O-DA-PROVAPG.pdf\">Formul\u00e1rio de solicita\u00e7\u00e3o de condi\u00e7\u00f5es especiais para realizar a prova <\/a><br \/>\n<br \/>\n<a href=\"https:\/\/www.medicina.ufmg.br\/cpgsaudedoadulto\/wp-content\/uploads\/sites\/46\/2019\/09\/MODELO-DE-RELAT\u00d3RIO-DO-M\u00c9DICO-ASSISTENTE.pdf\">Modelo de relat\u00f3rio do m\u00e9dico assistente <\/a><br \/>\n<br \/>\n<a href=\"https:\/\/www.medicina.ufmg.br\/cpgsaudedoadulto\/wp-content\/uploads\/sites\/46\/2019\/09\/AUTODECLARA\u00c7\u00c3O-DE-PESSOA-COM-DEFICI\u00caNCIA.pdf\">Formul\u00e1rio autodeclara\u00e7\u00e3o de pessoa com defici\u00eancia <\/a><br \/>\n<br \/>\n<a href=\"http:\/\/ftp.medicina.ufmg.br\/cpg\/programas\/saude_adulto\/2019\/Formulariodeinscricaoaoeditalsuplementar.xlsx\">Formul\u00e1rio de inscri\u00e7\u00e3o <\/a><br \/>\n<br \/>\n<a href=\"https:\/\/www.medicina.ufmg.br\/cpgsaudedoadulto\/wp-content\/uploads\/sites\/46\/2019\/09\/EditalSuplementarSaudedoAdultoMestradoeDoutorado.pdf\">Edital suplementar mestrado e doutorado (pessoas com defici\u00eancia e ind\u00edgenas) <\/a><br \/>\n<br \/>\n<\/p><\/div><\/div>\t\t\t\t\t\t\t\t<\/div>\n\t\t\t\t<\/div>\n\t\t\t\t\t<\/div>\n\t\t<\/div>\n\t\t\t\t\t<\/div>\n\t\t<\/section>\n\t\t\t\t<\/div>\n\t\t","protected":false},"excerpt":{"rendered":"<p>Processo Seletivo 2020\/2\u00ba Processo Seletivo 2020\/1\u00ba<\/p>\n","protected":false},"author":17,"featured_media":0,"parent":0,"menu_order":0,"comment_status":"closed","ping_status":"closed","template":"","meta":{"footnotes":""},"class_list":["post-576","page","type-page","status-publish","hentry"],"_links":{"self":[{"href":"https:\/\/www.medicina.ufmg.br\/cpgsaudedoadulto\/wp-json\/wp\/v2\/pages\/576","targetHints":{"allow":["GET"]}}],"collection":[{"href":"https:\/\/www.medicina.ufmg.br\/cpgsaudedoadulto\/wp-json\/wp\/v2\/pages"}],"about":[{"href":"https:\/\/www.medicina.ufmg.br\/cpgsaudedoadulto\/wp-json\/wp\/v2\/types\/page"}],"author":[{"embeddable":true,"href":"https:\/\/www.medicina.ufmg.br\/cpgsaudedoadulto\/wp-json\/wp\/v2\/users\/17"}],"replies":[{"embeddable":true,"href":"https:\/\/www.medicina.ufmg.br\/cpgsaudedoadulto\/wp-json\/wp\/v2\/comments?post=576"}],"version-history":[{"count":32,"href":"https:\/\/www.medicina.ufmg.br\/cpgsaudedoadulto\/wp-json\/wp\/v2\/pages\/576\/revisions"}],"predecessor-version":[{"id":749,"href":"https:\/\/www.medicina.ufmg.br\/cpgsaudedoadulto\/wp-json\/wp\/v2\/pages\/576\/revisions\/749"}],"wp:attachment":[{"href":"https:\/\/www.medicina.ufmg.br\/cpgsaudedoadulto\/wp-json\/wp\/v2\/media?parent=576"}],"curies":[{"name":"wp","href":"https:\/\/api.w.org\/{rel}","templated":true}]}}