
{"id":58,"date":"2016-03-10T15:45:48","date_gmt":"2016-03-10T15:45:48","guid":{"rendered":"https:\/\/www.medicina.ufmg.br\/cpgsaudedoadulto\/?page_id=58"},"modified":"2024-02-23T12:09:57","modified_gmt":"2024-02-23T12:09:57","slug":"autoridades","status":"publish","type":"page","link":"https:\/\/www.medicina.ufmg.br\/cpgsaudedoadulto\/autoridades\/","title":{"rendered":"Autoridades"},"content":{"rendered":"\n<p>Reitora: <br><strong>Professora Sandra Regina Goulart Almeida&nbsp;&nbsp;<\/strong><\/p>\n\n\n\n<p>Vice-Reitor: <br><strong>Professor Alessandro Fernandes Moreira&nbsp;&nbsp;<\/strong><\/p>\n\n\n\n<p>Pr\u00f3-Reitora de P\u00f3s-Gradua\u00e7\u00e3o: <br><strong>Professora Isabela Almeida Pordeus <\/strong><\/p>\n\n\n\n<p>Pr\u00f3-Reitor de Pesquisa: <br><strong>Professor Fernando Marcos dos Reis&nbsp;&nbsp;<\/strong><\/p>\n\n\n\n<p>Diretora da Faculdade de Medicina: <br><strong>Professora Alamanda Kfoury Pereira <\/strong><\/p>\n\n\n\n<p>Vice-Diretora da Faculdade de Medicina: <br><strong>Professora Cristina Gon\u00e7alves Alvim <\/strong><\/p>\n\n\n\n<p>Coordenadora do Centro de P\u00f3s-Gradua\u00e7\u00e3o: <br><strong>Professora Ana Cristina Sim\u00f5es e Silva&nbsp;<\/strong><\/p>\n\n\n\n<p>Subcoordenadora do Centro de P\u00f3s-Gradua\u00e7\u00e3o: <br><strong>Professora Teresa Cristina de Abreu&nbsp; Ferrari&nbsp;&nbsp;<\/strong><\/p>\n\n\n\n<p>Coordenadora do Programa de P\u00f3s-Gradua\u00e7\u00e3o em Ci\u00eancias Aplicadas \u00e0 Sa\u00fade do Adulto:&nbsp; <br><strong>Professora <strong>Luciana Costa Faria<\/strong><\/strong> <\/p>\n\n\n\n<p>Subcoordenadora do Programa de P\u00f3s-Gradua\u00e7\u00e3o em Ci\u00eancias Aplicadas \u00e0 Sa\u00fade do&nbsp; Adulto: <br><strong>Professora <strong>Gilda Aparecida Ferreira<\/strong>&nbsp;<\/strong><\/p>\n\n\n\n<p>Colegiado do Programa de P\u00f3s-Gradua\u00e7\u00e3o em Sa\u00fade do Adulto:\u00a0<br><strong>Professora Adriana Maria Kakehasi<br>Professora Claudia Alves Couto<br>Professora Luciana Costa Faria<br>Professora Maria de Lourdes de Abreu Ferrari<br>Professora Melissa Orlandin Premaor<br>Professora Teresa Cristina de Abreu Ferrari<\/strong><\/p>\n","protected":false},"excerpt":{"rendered":"<p>Reitora: Professora Sandra Regina Goulart Almeida&nbsp;&nbsp; Vice-Reitor: Professor Alessandro Fernandes Moreira&nbsp;&nbsp; Pr\u00f3-Reitora de P\u00f3s-Gradua\u00e7\u00e3o: Professora Isabela Almeida Pordeus Pr\u00f3-Reitor de Pesquisa: Professor Fernando Marcos dos Reis&nbsp;&nbsp; Diretora da Faculdade de Medicina: Professora Alamanda Kfoury Pereira Vice-Diretora da Faculdade de Medicina: Professora Cristina Gon\u00e7alves Alvim Coordenadora do Centro de P\u00f3s-Gradua\u00e7\u00e3o: Professora Ana Cristina Sim\u00f5es e Silva&nbsp; [&hellip;]<\/p>\n","protected":false},"author":17,"featured_media":0,"parent":0,"menu_order":0,"comment_status":"closed","ping_status":"closed","template":"","meta":{"footnotes":""},"class_list":["post-58","page","type-page","status-publish","hentry"],"_links":{"self":[{"href":"https:\/\/www.medicina.ufmg.br\/cpgsaudedoadulto\/wp-json\/wp\/v2\/pages\/58","targetHints":{"allow":["GET"]}}],"collection":[{"href":"https:\/\/www.medicina.ufmg.br\/cpgsaudedoadulto\/wp-json\/wp\/v2\/pages"}],"about":[{"href":"https:\/\/www.medicina.ufmg.br\/cpgsaudedoadulto\/wp-json\/wp\/v2\/types\/page"}],"author":[{"embeddable":true,"href":"https:\/\/www.medicina.ufmg.br\/cpgsaudedoadulto\/wp-json\/wp\/v2\/users\/17"}],"replies":[{"embeddable":true,"href":"https:\/\/www.medicina.ufmg.br\/cpgsaudedoadulto\/wp-json\/wp\/v2\/comments?post=58"}],"version-history":[{"count":27,"href":"https:\/\/www.medicina.ufmg.br\/cpgsaudedoadulto\/wp-json\/wp\/v2\/pages\/58\/revisions"}],"predecessor-version":[{"id":1092,"href":"https:\/\/www.medicina.ufmg.br\/cpgsaudedoadulto\/wp-json\/wp\/v2\/pages\/58\/revisions\/1092"}],"wp:attachment":[{"href":"https:\/\/www.medicina.ufmg.br\/cpgsaudedoadulto\/wp-json\/wp\/v2\/media?parent=58"}],"curies":[{"name":"wp","href":"https:\/\/api.w.org\/{rel}","templated":true}]}}