
{"id":747,"date":"2020-12-14T13:26:22","date_gmt":"2020-12-14T13:26:22","guid":{"rendered":"https:\/\/www.medicina.ufmg.br\/cpgsaudedoadulto\/?page_id=747"},"modified":"2021-08-31T20:22:42","modified_gmt":"2021-08-31T20:22:42","slug":"processo-seletivo-2021","status":"publish","type":"page","link":"https:\/\/www.medicina.ufmg.br\/cpgsaudedoadulto\/processo-seletivo-2021\/","title":{"rendered":"Processo Seletivo 2021"},"content":{"rendered":"\t\t<div data-elementor-type=\"wp-page\" data-elementor-id=\"747\" class=\"elementor elementor-747\">\n\t\t\t\t\t\t<section class=\"elementor-section elementor-top-section elementor-element elementor-element-113958db elementor-section-boxed elementor-section-height-default elementor-section-height-default\" data-id=\"113958db\" data-element_type=\"section\">\n\t\t\t\t\t\t<div class=\"elementor-container elementor-column-gap-default\">\n\t\t\t\t\t<div class=\"elementor-column elementor-col-100 elementor-top-column elementor-element elementor-element-7bbd8ee9\" data-id=\"7bbd8ee9\" data-element_type=\"column\">\n\t\t\t<div class=\"elementor-widget-wrap elementor-element-populated\">\n\t\t\t\t\t\t<div class=\"elementor-element elementor-element-7376595a elementor-widget elementor-widget-text-editor\" data-id=\"7376595a\" data-element_type=\"widget\" data-widget_type=\"text-editor.default\">\n\t\t\t\t<div class=\"elementor-widget-container\">\n\t\t\t\t\t\t\t\t\t<p><\/p>\n<p>Processo<strong>\u00a0Seletivo\u00a02021\/2\u00ba<\/strong><\/p>\n<div class=\"otw-sc-toggle\"><h3 class=\"toggle-trigger widget-title closed\">Doutorado<span class=\"icon\"><\/span><\/h3><div class=\"toggle-content\"><p><\/p><br \/>\n<p><a href=\"http:\/\/www.medicina.ufmg.br\/cpgsaudedoadulto\/wp-content\/uploads\/sites\/46\/2021\/08\/Resultadofinaldoutorado.pdf\">Resultado Final<\/a><br \/><br \/><a href=\"http:\/\/www.medicina.ufmg.br\/cpgsaudedoadulto\/wp-content\/uploads\/sites\/46\/2021\/08\/Escalaarguicaooraldoutorado-1.pdf\">Escala de argui\u00e7\u00e3o oral<\/a><br \/><br \/><a href=\"http:\/\/www.medicina.ufmg.br\/cpgsaudedoadulto\/wp-content\/uploads\/sites\/46\/2021\/08\/Resultadoprimeiraetapadoutorado-1.pdf\">Resultado primeira etapa<\/a><\/p><br \/>\n<p><a href=\"http:\/\/www.medicina.ufmg.br\/cpgsaudedoadulto\/wp-content\/uploads\/sites\/46\/2021\/08\/Declaracaodeinexistenciadeimpedimentooususpeicaodoutorado.pdf\">Declara\u00e7\u00e3o de inexist\u00eancia de impedimento ou suspei\u00e7\u00e3o<\/a><\/p><br \/>\n<p><b><a href=\"http:\/\/www.medicina.ufmg.br\/cpgsaudedoadulto\/wp-content\/uploads\/sites\/46\/2021\/08\/Resultadodaanalisedadocumentacaodoutorado.pdf\">Resultado da an\u00e1lise da documenta\u00e7\u00e3o pelo Programa<\/a><\/b><\/p><br \/>\n<p><a href=\"https:\/\/www.medicina.ufmg.br\/cpgsaudedoadulto\/wp-content\/uploads\/sites\/46\/2021\/07\/Segundaretificacaodoutorado.pdf\"><b>Retifica\u00e7\u00e3o do edital de sele\u00e7\u00e3o &#8211; em virtude da indisponibilidade de acesso aos curr\u00edculo na Plataforma Lattes<\/b><\/a><\/p><br \/>\n<p><a href=\"https:\/\/www.medicina.ufmg.br\/cpgsaudedoadulto\/wp-content\/uploads\/sites\/46\/2021\/06\/FormulariodeAutodeclaracaoEtnicoRacial.pdf\">Formul\u00e1rio de autodeclara\u00e7\u00e3o \u00e9tnico-racial<br \/><br \/><\/a><a href=\"https:\/\/ftp.medicina.ufmg.br\/cpg\/formularios\/FormulariodePontuacaoDoutorado.docx\">Formul\u00e1rio de Pontua\u00e7\u00e3o<br \/><br \/><\/a><a href=\"https:\/\/ftp.medicina.ufmg.br\/cpg\/formularios\/Formulariodeinscricaodoutorado.xls\">Formul\u00e1rio de inscri\u00e7\u00e3o<br \/><br \/><\/a><a href=\"https:\/\/www.medicina.ufmg.br\/cpgsaudedoadulto\/wp-content\/uploads\/sites\/46\/2021\/06\/CronogramaDoutorado.pdf\">Cronograma<\/a><br \/><br \/><a href=\"https:\/\/www.medicina.ufmg.br\/cpgsaudedoadulto\/wp-content\/uploads\/sites\/46\/2021\/06\/RetificacaoDoutorado.pdf\">Retifica\u00e7\u00e3o do edital de sele\u00e7\u00e3o<\/a><br \/><br \/><a href=\"https:\/\/www.medicina.ufmg.br\/cpgsaudedoadulto\/wp-content\/uploads\/sites\/46\/2021\/06\/EditalRegularSaudedoAdultoDoutorado.pdf\">Edital de sele\u00e7\u00e3o<\/a><\/p><br \/>\n<p><\/p><br \/>\n<p><p><\/p>\n<\/div>\n<\/div>\n<div class=\"otw-sc-toggle\">\n<h3 class=\"toggle-trigger widget-title closed\">Mestrado<span class=\"icon\"><\/span><\/h3>\n<div class=\"toggle-content\">\n<p><\/p>\n<\/p><br \/>\n<p style=\"font-weight: 400;\"><a href=\"http:\/\/www.medicina.ufmg.br\/cpgsaudedoadulto\/wp-content\/uploads\/sites\/46\/2021\/08\/Resultadofinalmestrado.pdf\">Resultado Final<\/a><br \/><br \/><a href=\"http:\/\/www.medicina.ufmg.br\/cpgsaudedoadulto\/wp-content\/uploads\/sites\/46\/2021\/08\/Escalaarguicaooralmestrado-1.pdf\">Escala de argui\u00e7\u00e3o oral<\/a><br \/><br \/><a href=\"http:\/\/www.medicina.ufmg.br\/cpgsaudedoadulto\/wp-content\/uploads\/sites\/46\/2021\/08\/Resultadoprimeiraetapamestrado-1.pdf\">Resultado primeira etapa<\/a><\/p><br \/>\n<p><a href=\"http:\/\/www.medicina.ufmg.br\/cpgsaudedoadulto\/wp-content\/uploads\/sites\/46\/2021\/08\/Declaracaodeinexistenciadeimpedimentooususpeicaomestrado-1.pdf\">Declara\u00e7\u00e3o de inexist\u00eancia de impedimento ou suspei\u00e7\u00e3o<\/a><\/p><br \/>\n<p><\/p><br \/>\n<p><a href=\"http:\/\/www.medicina.ufmg.br\/cpgsaudedoadulto\/wp-content\/uploads\/sites\/46\/2021\/08\/Resultadodaanalisedadocumentacaomestrado.pdf\" target=\"_blank\" rel=\"noopener\">Resultado da an\u00e1lise da documenta\u00e7\u00e3o pelo Programa<\/a><\/p><br \/>\n<p><a href=\"https:\/\/www.medicina.ufmg.br\/cpgsaudedoadulto\/wp-content\/uploads\/sites\/46\/2021\/07\/Segundaretificacaomestrado.pdf\"><span style=\"font-weight: bold;\">Retifica\u00e7\u00e3o do edital de sele\u00e7\u00e3o &#8211; em virtude da indisponibilidade de acesso aos curr\u00edculo na Plataforma Lattes<\/span><\/a><\/p><br \/>\n<p><a href=\"https:\/\/www.medicina.ufmg.br\/cpgsaudedoadulto\/wp-content\/uploads\/sites\/46\/2021\/06\/FormulariodeAutodeclaracaoEtnicoRacial.pdf\">Formul\u00e1rio de autodeclara\u00e7\u00e3o \u00e9tnico-racial<br \/><br \/><\/a><a href=\"https:\/\/ftp.medicina.ufmg.br\/cpg\/formularios\/FormulariodePontuacaoMestrado.docx\">Formul\u00e1rio de Pontua\u00e7\u00e3o<br \/><br \/><\/a><a href=\"https:\/\/ftp.medicina.ufmg.br\/cpg\/formularios\/Formulariodeinscricaomestrado.xls\">Formul\u00e1rio de inscri\u00e7\u00e3o<br \/><br \/><\/a><a href=\"https:\/\/www.medicina.ufmg.br\/cpgsaudedoadulto\/wp-content\/uploads\/sites\/46\/2021\/06\/CronogramaMestrado.pdf\">Cronograma<br \/><br \/><\/a><a href=\"https:\/\/www.medicina.ufmg.br\/cpgsaudedoadulto\/wp-content\/uploads\/sites\/46\/2021\/06\/RetificacaoMestrado.pdf\">Retifica\u00e7\u00e3o do edital de sele\u00e7\u00e3o<br \/><br \/><\/a><a href=\"https:\/\/www.medicina.ufmg.br\/cpgsaudedoadulto\/wp-content\/uploads\/sites\/46\/2021\/06\/EditalRegularSaudedoAdultoMestrado.pdf\">Edital de sele\u00e7\u00e3o<\/a><\/p><br \/>\n<p><\/p><br \/>\n<p><\/p><br \/>\n<hr \/><br \/>\n<p><\/p><br \/>\n<p><p><\/p>\n<\/div>\n<\/div>\n<p><\/p>\n<\/p>\n<p><\/p>\n<p><\/p>\n<p><\/p>\n<p><strong>Processo\u00a0Seletivo\u00a02021\/1\u00ba<\/strong><\/p>\n<div class=\"otw-sc-toggle\"><h3 class=\"toggle-trigger widget-title closed\">Doutorado<span class=\"icon\"><\/span><\/h3><div class=\"toggle-content\"><p><\/p><br \/>\n<p>\u00a0<\/p><br \/>\n<p><a href=\"https:\/\/www.medicina.ufmg.br\/cpgsaudedoadulto\/wp-content\/uploads\/sites\/46\/2021\/03\/Resultadofinadoutorado.pdf\">Resultado final<\/a><br \/><a href=\"https:\/\/www.medicina.ufmg.br\/cpgsaudedoadulto\/wp-content\/uploads\/sites\/46\/2021\/03\/Escalaarguicaooraldoutorado.pdf\">Escala de argui\u00e7\u00e3o oral<\/a><br \/><a href=\"https:\/\/www.medicina.ufmg.br\/cpgsaudedoadulto\/wp-content\/uploads\/sites\/46\/2021\/03\/Resultadoprimeiraetapadoutorado.pdf\">Resultado primeira etapa<\/a><\/p><br \/>\n<p><\/p><br \/>\n<p><\/p><br \/>\n<p><a href=\"https:\/\/www.medicina.ufmg.br\/cpgsaudedoadulto\/wp-content\/uploads\/sites\/46\/2021\/03\/Declaracaodeinexistenciadeimpedimentooususpeicaodoutorado-08-03-2021.pdf\" target=\"_blank\" rel=\"noreferrer noopener\">Declara\u00e7\u00e3o de inexist\u00eancia de impedimento ou suspei\u00e7\u00e3o<\/a><\/p><br \/>\n<p><strong>Banca Examinadora:<\/strong><br \/>Luciana Costa Faria (presidente)<br \/>Daniel Dias Ribeiro (titular)<br \/>Paula Vieira Teixeira Vidigal (titular)<\/p><br \/>\n<p><a href=\"https:\/\/www.medicina.ufmg.br\/cpgsaudedoadulto\/wp-content\/uploads\/sites\/46\/2021\/02\/Resultadodaanalisedadocumentacaodoutorado.pdf\">Resultado da an\u00e1lise da documenta\u00e7\u00e3o pelo Programa<\/a><\/p><br \/>\n<p><a href=\"http:\/\/ftp.medicina.ufmg.br\/cpg\/programas\/saude_adulto\/2021\/FormulariodeAutodeclaracaoEtnicoRacial.pdf\">Formul\u00e1rio de autodeclara\u00e7\u00e3o \u00e9tnico-racial<\/a><\/p><br \/>\n<p><a href=\"http:\/\/ftp.medicina.ufmg.br\/cpg\/programas\/saude_adulto\/2021\/Formulariodeinscricaodoutorado.xls\">Formul\u00e1rio de inscri\u00e7\u00e3o<\/a><\/p><br \/>\n<p><a href=\"http:\/\/ftp.medicina.ufmg.br\/cpg\/programas\/saude_adulto\/2021\/EditalRegularSaudedoAdultoDoutorado.pdf\">Edital de sele\u00e7\u00e3o<\/a><\/p><br \/>\n<p><\/p><br \/>\n<p><\/p><br \/>\n<p><\/p><br \/>\n<p><p><\/p>\n<\/div>\n<\/div>\n<div class=\"otw-sc-toggle\">\n<h3 class=\"toggle-trigger widget-title closed\">Mestrado<span class=\"icon\"><\/span><\/h3>\n<div class=\"toggle-content\">\n<p><\/p>\n<\/p><br \/>\n<p><\/p><br \/>\n<p><a href=\"https:\/\/www.medicina.ufmg.br\/cpgsaudedoadulto\/wp-content\/uploads\/sites\/46\/2021\/03\/Resultadofinalmestrado.pdf\">Resultado final<\/a><br \/><a href=\"https:\/\/www.medicina.ufmg.br\/cpgsaudedoadulto\/wp-content\/uploads\/sites\/46\/2021\/03\/Escalaarguicaooralmestrado.pdf\">Escala de argui\u00e7\u00e3o oral<\/a><br \/><a href=\"https:\/\/www.medicina.ufmg.br\/cpgsaudedoadulto\/wp-content\/uploads\/sites\/46\/2021\/03\/Resultadoprimeiraetapamestrado.pdf\">Resultado primeira etapa<\/a><\/p><br \/>\n<p><\/p><br \/>\n<p><\/p><br \/>\n<p><a href=\"https:\/\/www.medicina.ufmg.br\/cpgsaudedoadulto\/wp-content\/uploads\/sites\/46\/2021\/03\/Declaracaodeinexistenciadeimpedimentooususpeicaomestrado-08-03-2021.pdf\" target=\"_blank\" rel=\"noreferrer noopener\">Declara\u00e7\u00e3o de inexist\u00eancia de impedimento ou suspei\u00e7\u00e3o<\/a><\/p><br \/>\n<p><strong>Banca Examinadora:<\/strong><br \/>Suely Meireles Rezende (presidente)<br \/>Wanessa Trindade Clemente (titular)<br \/>Melissa Orlandin Premaor (titular)<\/p><br \/>\n<p><a href=\"https:\/\/www.medicina.ufmg.br\/cpgsaudedoadulto\/wp-content\/uploads\/sites\/46\/2021\/02\/Resultadodaanalisedadocumentacaomestrado.pdf\">Resultado da an\u00e1lise da documenta\u00e7\u00e3o pelo Programa<\/a><\/p><br \/>\n<p><a href=\"http:\/\/ftp.medicina.ufmg.br\/cpg\/programas\/saude_adulto\/2021\/FormulariodeAutodeclaracaoEtnicoRacial.pdf\">Formul\u00e1rio de autodeclara\u00e7\u00e3o \u00e9tnico-racial<\/a><\/p><br \/>\n<p><a href=\"http:\/\/ftp.medicina.ufmg.br\/cpg\/programas\/saude_adulto\/2021\/FormulariodePontuacao.docx\">Formul\u00e1rio de Pontua\u00e7\u00e3o<\/a><\/p><br \/>\n<p><a href=\"http:\/\/ftp.medicina.ufmg.br\/cpg\/programas\/saude_adulto\/2021\/Formulariodeinscricaomestrado.xls\">Formul\u00e1rio de inscri\u00e7\u00e3o<\/a><\/p><br \/>\n<p><a href=\"http:\/\/ftp.medicina.ufmg.br\/cpg\/programas\/saude_adulto\/2021\/EditalRegularSaudedoAdultoMestrado.pdf\">Edital de sele\u00e7\u00e3o<\/a><\/p><br \/>\n<p><\/p><br \/>\n<p><\/p><br \/>\n<p><\/p><br \/>\n<p><p><\/p>\n<\/div>\n<\/div>\n<div class=\"otw-sc-toggle\">\n<h3 class=\"toggle-trigger widget-title closed\">Sele\u00e7\u00e3o Suplementar (pessoas com defici\u00eancia e ind\u00edgenas)<br \/><span class=\"icon\"><\/span><\/h3>\n<div class=\"toggle-content\">\n<p><\/p>\n<\/p><br \/>\n<p><\/p><br \/>\n<p><a href=\"http:\/\/ftp.medicina.ufmg.br\/cpg\/programas\/saude_adulto\/2021\/Declara%C3%A7%C3%A3o%20de%20Resid%C3%AAncia%20Ind%C3%ADgena.pdf\">Formul\u00e1rio de declara\u00e7\u00e3o de resid\u00eancia em comunidade ind\u00edgena<\/a><\/p><br \/>\n<p><a href=\"http:\/\/ftp.medicina.ufmg.br\/cpg\/programas\/saude_adulto\/2021\/Declara%C3%A7%C3%A3o%20de%20Lideran%C3%A7a%20Ind%C3%ADgena.pdf\">Formul\u00e1rio de declara\u00e7\u00e3o de lideran\u00e7as ind\u00edgenas<\/a><\/p><br \/>\n<p><a href=\"http:\/\/ftp.medicina.ufmg.br\/cpg\/programas\/saude_adulto\/2021\/Declara%C3%A7%C3%A3o%20de%20Autorreconhecimento%20Ind%C3%ADgena.pdf\">Formul\u00e1rio de autorreconhecimento ind\u00edgena<\/a><\/p><br \/>\n<p><a href=\"http:\/\/ftp.medicina.ufmg.br\/cpg\/programas\/saude_adulto\/2021\/FORMUL%C3%81RIO%20DE%20SOLICITA%C3%87%C3%83O%20DE%20CONDI%C3%87%C3%95ES%20ESPECIAIS%20PARA%20A%20REALIZA%C3%87%C3%83O%20DA%20PROVAPG.pdf\">Formul\u00e1rio de solicita\u00e7\u00e3o de condi\u00e7\u00f5es especiais para realizar a prova<\/a><\/p><br \/>\n<p><a href=\"http:\/\/ftp.medicina.ufmg.br\/cpg\/programas\/saude_adulto\/2021\/MODELO%20DE%20RELAT%C3%93RIO%20DO%20M%C3%89DICO%20ASSISTENTE.pdf\">Modelo de relat\u00f3rio do m\u00e9dico assistente<\/a><\/p><br \/>\n<p><a href=\"http:\/\/ftp.medicina.ufmg.br\/cpg\/programas\/saude_adulto\/2021\/AUTODECLARA%C3%87%C3%83O%20DE%20PESSOA%20COM%20DEFICI%C3%8ANCIA.pdf\">Formul\u00e1rio autodeclara\u00e7\u00e3o de pessoa com defici\u00eancia<\/a><\/p><br \/>\n<p><a href=\"http:\/\/ftp.medicina.ufmg.br\/cpg\/programas\/saude_adulto\/2021\/Formulariodeinscricaoaoeditalsuplementar.xlsx\">Formul\u00e1rio de inscri\u00e7\u00e3o<\/a><\/p><br \/>\n<p><a href=\"http:\/\/ftp.medicina.ufmg.br\/cpg\/programas\/saude_adulto\/2021\/EditalSuplementarSaudedoAdultoMestradoeDoutorado.pdf\">Edital suplementar mestrado e doutorado (pessoas com defici\u00eancia e ind\u00edgenas)<\/a><\/p><br \/>\n<p><\/p><\/div><\/div><br \/><\/p>\n<p><\/p>\n<p>Se voc\u00ea estiver usando o Google Chrome e encontrar dificuldades de baixar os arquivos, recomendamos clicar com o bot\u00e3o direito do mouse e selecionar &#8216;Abrir link em uma nova guia&#8217; ou usar outros navegadores.<\/p>\n<p><\/p>\t\t\t\t\t\t\t\t<\/div>\n\t\t\t\t<\/div>\n\t\t\t\t\t<\/div>\n\t\t<\/div>\n\t\t\t\t\t<\/div>\n\t\t<\/section>\n\t\t\t\t<\/div>\n\t\t","protected":false},"excerpt":{"rendered":"<p>Processo\u00a0Seletivo\u00a02021\/2\u00ba Processo\u00a0Seletivo\u00a02021\/1\u00ba Se voc\u00ea estiver usando o Google Chrome e encontrar dificuldades de baixar os arquivos, recomendamos clicar com o bot\u00e3o direito do mouse e selecionar &#8216;Abrir link em uma nova guia&#8217; ou usar outros navegadores.<\/p>\n","protected":false},"author":17,"featured_media":0,"parent":0,"menu_order":0,"comment_status":"closed","ping_status":"closed","template":"","meta":{"footnotes":""},"class_list":["post-747","page","type-page","status-publish","hentry"],"_links":{"self":[{"href":"https:\/\/www.medicina.ufmg.br\/cpgsaudedoadulto\/wp-json\/wp\/v2\/pages\/747","targetHints":{"allow":["GET"]}}],"collection":[{"href":"https:\/\/www.medicina.ufmg.br\/cpgsaudedoadulto\/wp-json\/wp\/v2\/pages"}],"about":[{"href":"https:\/\/www.medicina.ufmg.br\/cpgsaudedoadulto\/wp-json\/wp\/v2\/types\/page"}],"author":[{"embeddable":true,"href":"https:\/\/www.medicina.ufmg.br\/cpgsaudedoadulto\/wp-json\/wp\/v2\/users\/17"}],"replies":[{"embeddable":true,"href":"https:\/\/www.medicina.ufmg.br\/cpgsaudedoadulto\/wp-json\/wp\/v2\/comments?post=747"}],"version-history":[{"count":34,"href":"https:\/\/www.medicina.ufmg.br\/cpgsaudedoadulto\/wp-json\/wp\/v2\/pages\/747\/revisions"}],"predecessor-version":[{"id":844,"href":"https:\/\/www.medicina.ufmg.br\/cpgsaudedoadulto\/wp-json\/wp\/v2\/pages\/747\/revisions\/844"}],"wp:attachment":[{"href":"https:\/\/www.medicina.ufmg.br\/cpgsaudedoadulto\/wp-json\/wp\/v2\/media?parent=747"}],"curies":[{"name":"wp","href":"https:\/\/api.w.org\/{rel}","templated":true}]}}