
{"id":1065,"date":"2020-11-12T15:52:26","date_gmt":"2020-11-12T15:52:26","guid":{"rendered":"https:\/\/www.medicina.ufmg.br\/cpgsaudepublica\/?page_id=1065"},"modified":"2021-09-03T14:08:45","modified_gmt":"2021-09-03T14:08:45","slug":"processo-seletivo-2021","status":"publish","type":"page","link":"https:\/\/www.medicina.ufmg.br\/cpgsaudepublica\/processo-seletivo-2021\/","title":{"rendered":"Processo Seletivo 2021"},"content":{"rendered":"<div class=\"otw-sc-toggle\"><h3 class=\"toggle-trigger widget-title closed\">Doutorado Fluxo-Cont\u00ednuo<span class=\"icon\"><\/span><\/h3><div class=\"toggle-content\"><p><\/p><br \/>\n<p><a href=\"https:\/\/www.medicina.ufmg.br\/cpgsaudepublica\/wp-content\/uploads\/sites\/43\/2021\/07\/1-CRONOGRAMA-do-Doutorado-fluxo-continuo-PPGSP-2021.pdf\">1 &#8211; CRONOGRAMA do Doutorado fluxo cont\u00ednuo &#8211; EDITAL REGULAR N\u00ba 01\/2021<\/a><br \/><br \/>\n<a href=\"https:\/\/www.medicina.ufmg.br\/cpgsaudepublica\/wp-content\/uploads\/sites\/43\/2021\/07\/2-EDITAL-REGULAR-no-01-2021-DOUTORADO-PPGSP.pdf\">2 &#8211; EDITAL DE SELE\u00c7\u00c3O REGULAR N\u00ba 01\/2021<\/a><br \/><br \/>\n<a href=\"https:\/\/www.medicina.ufmg.br\/cpgsaudepublica\/wp-content\/uploads\/sites\/43\/2021\/07\/3-2a-RETIFICACAO-DO-EDITAL-REGULAR-SAUDE-PUBLICA-publicada-em-07julho2021.pdf\">3 &#8211; 2\u00aa RETIFICA\u00c7\u00c3O AO EDITAL REGULAR N\u00ba 01\/2021- SA\u00daDE P\u00daBLICA -publicada em 07\/07\/2021<\/a><br \/><br \/>\n<a href=\"https:\/\/ftp.medicina.ufmg.br\/cpg\/formularios\/4%20-%20Formul%e1rio%20de%20inscri%e7%e3o%20Doutorado%20fluxo-cont%ednuo-%20Sa%fade%20P%fablica%202021.xlsx\">4 &#8211; FORMUL\u00c1RIO DE INSCRI\u00c7\u00c3O DOUTORADO FLUXO-CONT\u00cdNUO &#8211; EDITAL REGULAR N\u00ba 01\/2021<\/a><br \/><br \/>\n<a href=\"https:\/\/www.medicina.ufmg.br\/cpgsaudepublica\/wp-content\/uploads\/sites\/43\/2021\/07\/5-Autodeclaracao-Etnico-Racial-doutorado.pdf\">5 &#8211; FORMUL\u00c1RIO DE AUTODECLARA\u00c7\u00c3O-\u00c9TNICO-RACIAL<\/a><br \/><br \/>\n<a href=\"http:\/\/www.medicina.ufmg.br\/cpgsaudepublica\/wp-content\/uploads\/sites\/43\/2021\/08\/3aRETIFICACAO-DO-EDITAL-REGULAR-SAUDE-PUBLICA-MD02agosto2021.pdf\">6 &#8211; 3\u00aa &#8211; RETIFICA\u00c7\u00c3O DO EDITAL DE SELE\u00c7\u00c3O REGULAR N\u00ba 01\/2021 &#8211; publicada em 02\/08\/2021<\/a><br \/><br \/>\n<a href=\"http:\/\/www.medicina.ufmg.br\/cpgsaudepublica\/wp-content\/uploads\/sites\/43\/2021\/08\/7-LISTA-DE-DEFERIMENTOS-E-INDEFERIMENTOS-DAS-INSCRICOES-DOUTORADO-FLUXO-CONTINUO-1.pdf\">7 &#8211; LISTA DE DEFERIMENTOS E INDEFERIMENTOS DAS INSCRI\u00c7\u00d5ES DOUTORADO FLUXO CONT\u00cdNUO<\/a><br \/><br \/>\n<a href=\"http:\/\/www.medicina.ufmg.br\/cpgsaudepublica\/wp-content\/uploads\/sites\/43\/2021\/08\/DECLARACOES-DE-INEXISTENCIA-DE-IMPEDIMENTO-DOUTORADO-FLUXO-CONTINUO.pdf\">8 &#8211; DECLARA\u00c7\u00c3O DE INEXIST\u00caNCIA DE IMPEDIMENTO DA COMISS\u00c3O DE DOUTORADO FLUXO CONT\u00cdNUO&#8221;<\/a><br \/><br \/>\n<a href=\"http:\/\/www.medicina.ufmg.br\/cpgsaudepublica\/wp-content\/uploads\/sites\/43\/2021\/08\/9-RESULTADO-1a-ETAPA-DOUTORADO-FLUXO-CONTINUO-EDITAL-01-2021.pdf\"><b>9 &#8211; RESULTADO 1\u00aa ETAPA DOUTORADO FLUXO-CONT\u00cdNUO &#8211; EDITAL 01-2021<\/b><\/a><br \/><br \/>\n<a href=\"http:\/\/www.medicina.ufmg.br\/cpgsaudepublica\/wp-content\/uploads\/sites\/43\/2021\/08\/10-ESCALA-DE-APRESENTACAO-DO-PROJETO-E-ARGUICAO-ORAL-DOUTORADO-FLUXO-CONTINUO.pdf\"><b>10 &#8211; ESCALA DE APRESENTA\u00c7\u00c3O DO PROJETO E ARGUI\u00c7\u00c3O ORAL &#8211; DOUTORADO FLUXO CONT\u00cdNUO<\/b><\/a><br \/><br \/>\n<a href=\"http:\/\/www.medicina.ufmg.br\/cpgsaudepublica\/wp-content\/uploads\/sites\/43\/2021\/09\/11-Resultado-Final-Doutorado-FLuxo-continuo-para-divulgacao.pdf\">11 &#8211; RESULTADO FINAL DOUTORADO FLUXO CONT\u00cdNUO<\/a><\/p><br \/>\n<p><strong>Comiss\u00e3o de Sele\u00e7\u00e3o Doutorado fluxo-cont\u00ednuo:<\/strong><\/p><br \/>\n<p>Ada \u00c1vila Assun\u00e7\u00e3o<br \/><br \/>\nLuciana de Gouv\u00eaa Viana<br \/><br \/>\nJuliana Lustosa Torres<\/p><br \/>\n<p><\/p><\/div><\/div>\n<div class=\"otw-sc-toggle\"><h3 class=\"toggle-trigger widget-title closed\">Doutorado<span class=\"icon\"><\/span><\/h3><div class=\"toggle-content\"><p><\/p><br \/>\n<p><a href=\"https:\/\/www.medicina.ufmg.br\/cpgsaudepublica\/wp-content\/uploads\/sites\/43\/2020\/11\/1-EDITAL-REGULAR-n\u00ba-01-2021-DOUTORADO-PPGSP-1.pdf\">1 &#8211; EDITAL DE SELE\u00c7\u00c3O REGULAR N\u00ba 01\/2021 <\/a><br \/><br \/>\n<a href=\"http:\/\/ftp.medicina.ufmg.br\/cpg\/programas\/saude_publica\/2020\/2-FormulariodeinscricaoDoutorado-SaudePublica.xlsx\" target=\"_blank\" rel=\"noopener noreferrer\">2 &#8211; FORMUL\u00c1RIO DE INSCRI\u00c7\u00c3O DOUTORADO 01\/2021<\/a><br \/><br \/>\n<a href=\"http:\/\/ftp.medicina.ufmg.br\/cpg\/programas\/saude_publica\/2020\/3 - Autodeclara\u00e7\u00e3o-\u00c9tnico-Racial - doutorado.pdf\">3 &#8211; FORMUL\u00c1RIO DE AUTODECLARA\u00c7\u00c3O-\u00c9TNICO-RACIAL<br \/><br \/>\n<\/a><a href=\"https:\/\/www.medicina.ufmg.br\/cpgsaudepublica\/wp-content\/uploads\/sites\/43\/2020\/11\/4-1\u00aaRETIFICA\u00c7\u00c3O-DO-EDITAL-REGULAR-SA\u00daDE-P\u00daBLICA-MESTRADO-E-DOUTORADO-25-11-2020.pdf\" target=\"_blank\" rel=\"noopener noreferrer\">4 &#8211; 1\u00aa RETIFICA\u00c7\u00c3O DO EDITAL N\u00ba 01\/2021 REGULAR<\/a><br \/><br \/>\n<a href=\"https:\/\/www.medicina.ufmg.br\/cpgsaudepublica\/wp-content\/uploads\/sites\/43\/2021\/01\/5-LISTA-DE-DEFERIMENTOS-E-INDEFERIMENTOS-DAS-INSCRI\u00c7\u00d5ES-DOUTORADO-EDITAL-REGULAR-N\u00ba-01-2021-RETIFICADO-EM-12-01-2021-1.pdf\">5 &#8211; LISTA DE DEFERIMENTOS E INDEFERIMENTOS DAS INSCRI\u00c7\u00d5ES DOUTORADO &#8211; EDITAL REGULAR N\u00ba 01-2021 &#8211; RETIFICADO EM 12-01-2021<\/a><br \/><br \/>\n<a href=\"https:\/\/www.medicina.ufmg.br\/cpgsaudepublica\/wp-content\/uploads\/sites\/43\/2021\/01\/6-DECLARAC\u0327A\u0303O-DE-INEXISTE\u0302NCIA-DE-IMPEDIMENTO-DOUTORADO.pdf\">6 &#8211; DECLARAC\u0327A\u0303O DE INEXISTE\u0302NCIA DE IMPEDIMENTO COMISS\u00c3O DE SELE\u00c7\u00c3O DOUTORADO &#8211; 2021\/1\u00ba<\/a><br \/><br \/>\n<a href=\"https:\/\/www.medicina.ufmg.br\/cpgsaudepublica\/wp-content\/uploads\/sites\/43\/2021\/01\/7-RESULTADO-1\u00aa-ETAPA-DOUTORADO-EDITAL-01-2021-RETIFICADO-EM-28-01-2021.pdf\">7 &#8211; RESULTADO 1\u00aa ETAPA DOUTORADO &#8211; EDITAL 01-2021 &#8211; RETIFICADO EM 28-01-2021RESULTADO 1\u00aa ETAPA DOUTORADO &#8211; 2021\/1\u00ba<\/a><br \/><br \/>\n<a href=\"https:\/\/www.medicina.ufmg.br\/cpgsaudepublica\/wp-content\/uploads\/sites\/43\/2021\/01\/8-ESCALA-DE-APRESENTA\u00c7\u00c3O-DO-PROJETO-E-ARGUI\u00c7\u00c3O-ORAL-DOUTORADO-RETIFICADO-EM-28-01-2021.pdf\">8 &#8211; ESCALA DE APRESENTA\u00c7\u00c3O DO PROJETO E ARGUI\u00c7\u00c3O ORAL &#8211; DOUTORADO &#8211; RETIFICADO EM 28-01-2021<\/a><br \/><br \/>\n<a href=\"https:\/\/www.medicina.ufmg.br\/cpgsaudepublica\/wp-content\/uploads\/sites\/43\/2021\/02\/9-RESULTADO-FINAL-DOUTORADO-2021-1.pdf\">9 &#8211; RESULTADO FINAL DOUTORADO &#8211; 2021\/1<\/a><\/p><br \/>\n<p><strong>Comiss\u00e3o de Sele\u00e7\u00e3o Doutorado:<\/strong><br \/><br \/>\nAna Paula Souto Melo<br \/><br \/>\nMaria Aparecida Turci<br \/><br \/>\nAdriana L\u00facia Meireles<\/p><br \/>\n<p><\/p><\/div><\/div>\n<div class=\"otw-sc-toggle\"><h3 class=\"toggle-trigger widget-title closed\">Mestrado<span class=\"icon\"><\/span><\/h3><div class=\"toggle-content\"><p><\/p><br \/>\n<p><a href=\"https:\/\/www.medicina.ufmg.br\/cpgsaudepublica\/wp-content\/uploads\/sites\/43\/2020\/11\/1-EDITAL-REGULAR-n\u00ba-01-2021-MESTRADO-PPGSP-1.pdf\">1 &#8211; EDITAL DE SELE\u00c7\u00c3O REGULAR N\u00ba 01\/2021 <\/a><br \/><br \/>\n<a href=\"http:\/\/ftp.medicina.ufmg.br\/cpg\/programas\/saude_publica\/2020\/2-FormulariodeinscricaoMestrado-SaudePublica2021.xlsx\" target=\"_blank\" rel=\"noopener noreferrer\">2 &#8211; FORMUL\u00c1RIO DE INSCRI\u00c7\u00c3O MESTRADO 01\/2021<\/a><br \/><br \/>\n<a href=\"http:\/\/ftp.medicina.ufmg.br\/cpg\/programas\/saude_publica\/2020\/3 - Autodeclara\u00e7\u00e3o-\u00c9tnico-Racial - mestrado.pdf\">3 &#8211; FORMUL\u00c1RIO DE AUTODECLARA\u00c7\u00c3O-\u00c9TNICO-RACIAL<\/a><br \/><br \/>\n<a href=\"https:\/\/www.medicina.ufmg.br\/cpgsaudepublica\/wp-content\/uploads\/sites\/43\/2020\/11\/4-1\u00aaRETIFICA\u00c7\u00c3O-DO-EDITAL-REGULAR-SA\u00daDE-P\u00daBLICA-MESTRADO-E-DOUTORADO-25-11-2020.pdf\" target=\"_blank\" rel=\"noopener noreferrer\">4 &#8211; 1\u00aa RETIFICA\u00c7\u00c3O DO EDITAL N\u00ba 01\/2021 REGULAR<\/a><br \/><br \/>\n<a href=\"https:\/\/www.medicina.ufmg.br\/cpgsaudepublica\/wp-content\/uploads\/sites\/43\/2021\/01\/5-LISTA-DE-DEFERIMENTOS-E-INDEFERIMENTOS-DAS-INSCRI\u00c7\u00d5ES-MESTRADO-\u00c1REA-DE-CONCENTRA\u00c7\u00c3O-SA\u00daDE-P\u00daBLICA-EDITAL-REGULAR-N\u00ba-01-2021-RETIFICADO-EM-14-01-2021.pdf\">5 &#8211; LISTA DE DEFERIMENTOS E INDEFERIMENTOS DAS INSCRI\u00c7\u00d5ES MESTRADO &#8211; \u00c1REA DE CONCENTRA\u00c7\u00c3O SA\u00daDE P\u00daBLICA &#8211; EDITAL REGULAR N\u00ba 01-2021\u00a0&#8211; RETIFICADO EM 14-01-2021<\/a><br \/><br \/>\n<a href=\"https:\/\/www.medicina.ufmg.br\/cpgsaudepublica\/wp-content\/uploads\/sites\/43\/2021\/01\/6-LISTA-DE-DEFERIMENTOS-E-INDEFERIMENTOS-DAS-INSCRI\u00c7\u00d5ES-MESTRADO-\u00c1REA-DE-CONCENTRA\u00c7\u00c3O-EPIDEMIOLOGIA-EDITAL-REGULAR-N\u00ba-01-2021-08-01-2021.pdf\" target=\"_blank\" rel=\"noopener noreferrer\">6 &#8211; LISTA DE DEFERIMENTOS E INDEFERIMENTOS DAS INSCRI\u00c7\u00d5ES MESTRADO &#8211; \u00c1REA DE CONCENTRA\u00c7\u00c3O EPIDEMIOLOGIA &#8211; EDITAL REGULAR N\u00ba 01-2021<\/a><br \/><br \/>\n<a href=\"https:\/\/www.medicina.ufmg.br\/cpgsaudepublica\/wp-content\/uploads\/sites\/43\/2021\/01\/8-DECLARA\u00c7\u00c3O-DE-INEXIST\u00caNCIA-DE-IMPEDIMENTO-MESTRADO.pdf\">7 &#8211; DECLARA\u00c7\u00c3O DE INEXIST\u00caNCIA DE IMPEDIMENTO COMISS\u00c3O DE SELE\u00c7\u00c3O MESTRADO &#8211; 2021\/1\u00ba<\/a><br \/><br \/>\n<strong>Comiss\u00e3o de Sele\u00e7\u00e3o Mestrado:<\/strong><br \/><br \/>\nAlaneir de F\u00e1tima dos Santos<br \/><br \/>\nAline Dayrell Ferreira Sales<br \/><br \/>\nLarissa Loures Mendes<br \/><br \/>\n<a href=\"https:\/\/www.medicina.ufmg.br\/cpgsaudepublica\/wp-content\/uploads\/sites\/43\/2021\/01\/8-Informa\u00e7\u00f5es-para-1\u00aa-e-2\u00aa-etapa-da-sele\u00e7\u00e3o-mestrado.pdf\">8 &#8211; INFORMA\u00c7\u00d5ES PARA 1\u00aa E 2\u00aa ETAPA DA SELE\u00c7\u00c3O DE MESTRADO<\/a><br \/><br \/>\n<a href=\"https:\/\/www.medicina.ufmg.br\/cpgsaudepublica\/wp-content\/uploads\/sites\/43\/2021\/02\/9-GABARITO-DA-PROVA-DA-1\u00aa-ETAPA-MESTRADO-03-02-2021.pdf\" target=\"_blank\" rel=\"noopener noreferrer\">9 &#8211; GABARITO DA PROVA DA 1\u00aa ETAPA &#8211; MESTRADO<\/a><br \/><br \/>\n<a href=\"https:\/\/www.medicina.ufmg.br\/cpgsaudepublica\/wp-content\/uploads\/sites\/43\/2021\/02\/10-RESULTADO-1\u00aa-ETAPA-SA\u00daDE-P\u00daBLICA-Ampla-concorr\u00eancia-e-cotas-RETIFICADO.pdf\">10 &#8211; RESULTADO 1\u00aa ETAPA SA\u00daDE P\u00daBLICA &#8211; Ampla concorr\u00eancia e cotas &#8211; RETIFICADO<\/a><br \/><br \/>\n<a href=\"https:\/\/www.medicina.ufmg.br\/cpgsaudepublica\/wp-content\/uploads\/sites\/43\/2021\/02\/11-RESULTADO-1\u00aa-ETAPA-EPIDEMIOLOGIA-Ampla-concorr\u00eancia-e-cotas-RETIFICADO.pdf\">11 &#8211; RESULTADO 1\u00aa ETAPA EPIDEMIOLOGIA &#8211; Ampla concorr\u00eancia e cotas &#8211; RETIFICADO<\/a><br \/><br \/>\n<a href=\"https:\/\/www.medicina.ufmg.br\/cpgsaudepublica\/wp-content\/uploads\/sites\/43\/2021\/02\/12-RESULTADO-FINAL-MESTRADO-SAUDE-PUBLICA-AMPLA-CONCORRENCIA-E-COTA.pdf\">12 &#8211; RESULTADO FINAL MESTRADO SA\u00daDE P\u00daBLICA &#8211; AMPLA CONCORR\u00caNCIA E COTA &#8211; 2021\/1<\/a><br \/><br \/>\n<a href=\"https:\/\/www.medicina.ufmg.br\/cpgsaudepublica\/wp-content\/uploads\/sites\/43\/2021\/02\/13-RESULTADO-FINAL-MESTRADO-EPIDEMIOLOGIA-AMPLA-CONCORRENCIA-E-COTA.pdf\">13 &#8211; RESULTADO FINAL MESTRADO EPIDEMIOLOGIA &#8211; AMPLA CONCORR\u00caNCIA E COTA &#8211; 2021\/1<\/a><br \/><br \/>\n<a href=\"https:\/\/www.medicina.ufmg.br\/cpgsaudepublica\/wp-content\/uploads\/sites\/43\/2021\/03\/14-RESULTADO-FINAL-MESTRADO-EPIDEMIOLOGIA-AMPLA-CONCORRENCIA-E-COTA-RETIFICADO-EM-15-03-21.pdf\">14 \u2013 RESULTADO FINAL MESTRADO EPIDEMIOLOGIA \u2013 AMPLA CONCORR\u00caNCIA E COTA \u2013 2021\/1 &#8211; RETIFICADO EM 15-03-21<\/a><\/p><br \/>\n<p><\/p><\/div><\/div>\n<div class=\"otw-sc-toggle\"><h3 class=\"toggle-trigger widget-title closed\">Sele\u00e7\u00e3o Suplementar<span class=\"icon\"><\/span><\/h3><div class=\"toggle-content\"><p><\/p><br \/>\n<p><a href=\"https:\/\/www.medicina.ufmg.br\/cpgsaudepublica\/wp-content\/uploads\/sites\/43\/2020\/11\/1-EDITAL-SUPLEMENTAR-N\u00ba-01-2021-MESTRADO-E-DOUTORADO-PPGSP-1.pdf\">1 &#8211; EDITAL DE SELE\u00c7\u00c3O SUPLEMENTAR N\u00ba 01\/2021 <\/a><br \/><br \/>\n<a href=\"http:\/\/ftp.medicina.ufmg.br\/cpg\/programas\/saude_publica\/2020\/2 - Formul\u00e1rio de inscri\u00e7\u00e3o suplementar - Sa\u00fade P\u00fablica 2021.xlsx\">2 &#8211; FORMUL\u00c1RIO DE INSCRI\u00c7\u00c3O SELE\u00c7\u00c3O SUPLEMENTAR 01\/2021 <\/a><br \/><br \/>\n<a href=\"http:\/\/ftp.medicina.ufmg.br\/cpg\/programas\/saude_publica\/2020\/3 - FORMUL\u00c1RIO DE SOLICITA\u00c7\u00c3O DE CONDI\u00c7\u00d5ES ESPECIAIS.docx\">3 &#8211; FORMUL\u00c1RIO DE SOLICITA\u00c7\u00c3O DE CONDI\u00c7\u00d5ES ESPECIAIS PARA A REALIZA\u00c7\u00c3O DA PROVA <\/a><br \/><br \/>\n<a href=\"http:\/\/ftp.medicina.ufmg.br\/cpg\/programas\/saude_publica\/2020\/4 - AUTODECLARA\u00c7\u00c3O DE PESSOA COM DEFICI\u00caNCIA.docx\">4 &#8211; FORMUL\u00c1RIO DE AUTODECLARA\u00c7\u00c3O DE PESSOA COM DEFICI\u00caNCIA <\/a><br \/><br \/>\n<a href=\"http:\/\/ftp.medicina.ufmg.br\/cpg\/programas\/saude_publica\/2020\/5 - MODELO DE RELAT\u00d3RIO DO M\u00c9DICO ASSISTENTE.docx\">5 &#8211; MODELO DE RELAT\u00d3RIO DO M\u00c9DICO ASSISTENTE <\/a><br \/><br \/>\n<a href=\"http:\/\/ftp.medicina.ufmg.br\/cpg\/programas\/saude_publica\/2020\/6 - Ind\u00edgena - 1 de 3 - Declara\u00e7\u00e3o de Autorreconhecimento.pdf\">6 &#8211; DECLARA\u00c7\u00c3O DE AUTORRECONHECIMENTO IND\u00cdGENA <\/a><br \/><br \/>\n<a href=\"http:\/\/ftp.medicina.ufmg.br\/cpg\/programas\/saude_publica\/2020\/7 - \u00cdndigena - 2 de 3 - Declara\u00e7\u00e3o de Lideran\u00e7as.pdf\">7 &#8211; DECLARA\u00c7\u00c3O DE LIDERAN\u00c7AS IND\u00cdGENAS <\/a><br \/><br \/>\n<a href=\"http:\/\/ftp.medicina.ufmg.br\/cpg\/programas\/saude_publica\/2020\/8 - Ind\u00edgena - 3 de 3 - Declara\u00e7\u00e3o de Resid\u00eancia.pdf\">8 &#8211; DECLARA\u00c7\u00c3O DE RESID\u00caNCIA EM COMUNIDADE IND\u00cdGENA<br \/><br \/>\n<\/a><a href=\"https:\/\/www.medicina.ufmg.br\/cpgsaudepublica\/wp-content\/uploads\/sites\/43\/2020\/11\/9-1\u00aaRETIFICA\u00c7\u00c3O-DO-EDITAL-SUPLEMENTAR-SA\u00daDE-P\u00daBLICA-MESTRADO-E-DOUTORADO-25-11-2020.pdf\" target=\"_blank\" rel=\"noopener noreferrer\">9 &#8211; 1\u00aa RETIFICA\u00c7\u00c3O DO EDITAL N\u00ba 01\/2021 SUPLEMENTAR<\/a><br \/><br \/>\n<a href=\"https:\/\/www.medicina.ufmg.br\/cpgsaudepublica\/wp-content\/uploads\/sites\/43\/2021\/01\/10-LISTA-DE-DEFERIMENTOS-E-INDEFERIMENTOS-DAS-INSCRI\u00c7\u00d5ES-MESTRADO-\u00c1REA-DE-CONCENTRA\u00c7\u00c3O-SA\u00daDE-P\u00daBLICA-EDITAL-SUPLEMENTAR-N\u00ba-01-2021-08-01-2021.pdf\" target=\"_blank\" rel=\"noopener noreferrer\">10 &#8211; LISTA DE DEFERIMENTOS E INDEFERIMENTOS DAS INSCRI\u00c7\u00d5ES MESTRADO &#8211; \u00c1REA DE CONCENTRA\u00c7\u00c3O SA\u00daDE P\u00daBLICA &#8211; EDITAL SUPLEMENTAR N\u00ba 01-2021<\/a><a href=\"http:\/\/ftp.medicina.ufmg.br\/cpg\/programas\/saude_publica\/2020\/8 - Ind\u00edgena - 3 de 3 - Declara\u00e7\u00e3o de Resid\u00eancia.pdf\"><br \/><br \/>\n<\/a> <\/p><\/div><\/div>\n<p>Se voc\u00ea estiver usando o Google Chrome e encontrar dificuldades de baixar os arquivos, recomendamos clicar com o bot\u00e3o direito do mouse e selecionar &#8216;Abrir link em uma nova guia&#8217; ou usar outros navegadores.<\/p>\n","protected":false},"excerpt":{"rendered":"<p>Se voc\u00ea estiver usando o Google Chrome e encontrar dificuldades de baixar os arquivos, recomendamos clicar com o bot\u00e3o direito do mouse e selecionar &#8216;Abrir link em uma nova guia&#8217; ou usar outros navegadores.<\/p>\n","protected":false},"author":17,"featured_media":0,"parent":0,"menu_order":0,"comment_status":"closed","ping_status":"closed","template":"","meta":{"footnotes":""},"class_list":["post-1065","page","type-page","status-publish","hentry"],"_links":{"self":[{"href":"https:\/\/www.medicina.ufmg.br\/cpgsaudepublica\/wp-json\/wp\/v2\/pages\/1065","targetHints":{"allow":["GET"]}}],"collection":[{"href":"https:\/\/www.medicina.ufmg.br\/cpgsaudepublica\/wp-json\/wp\/v2\/pages"}],"about":[{"href":"https:\/\/www.medicina.ufmg.br\/cpgsaudepublica\/wp-json\/wp\/v2\/types\/page"}],"author":[{"embeddable":true,"href":"https:\/\/www.medicina.ufmg.br\/cpgsaudepublica\/wp-json\/wp\/v2\/users\/17"}],"replies":[{"embeddable":true,"href":"https:\/\/www.medicina.ufmg.br\/cpgsaudepublica\/wp-json\/wp\/v2\/comments?post=1065"}],"version-history":[{"count":32,"href":"https:\/\/www.medicina.ufmg.br\/cpgsaudepublica\/wp-json\/wp\/v2\/pages\/1065\/revisions"}],"predecessor-version":[{"id":1341,"href":"https:\/\/www.medicina.ufmg.br\/cpgsaudepublica\/wp-json\/wp\/v2\/pages\/1065\/revisions\/1341"}],"wp:attachment":[{"href":"https:\/\/www.medicina.ufmg.br\/cpgsaudepublica\/wp-json\/wp\/v2\/media?parent=1065"}],"curies":[{"name":"wp","href":"https:\/\/api.w.org\/{rel}","templated":true}]}}