
{"id":1347,"date":"2021-12-01T19:02:01","date_gmt":"2021-12-01T19:02:01","guid":{"rendered":"https:\/\/www.medicina.ufmg.br\/cpgsaudepublica\/?page_id=1347"},"modified":"2022-07-12T12:33:12","modified_gmt":"2022-07-12T12:33:12","slug":"processo-seletivo-2022","status":"publish","type":"page","link":"https:\/\/www.medicina.ufmg.br\/cpgsaudepublica\/processo-seletivo-2022\/","title":{"rendered":"Processo Seletivo 2022"},"content":{"rendered":"\t\t<div data-elementor-type=\"wp-page\" data-elementor-id=\"1347\" class=\"elementor elementor-1347\">\n\t\t\t\t\t\t<section class=\"elementor-section elementor-top-section elementor-element elementor-element-e46ca5a elementor-section-boxed elementor-section-height-default elementor-section-height-default\" data-id=\"e46ca5a\" data-element_type=\"section\">\n\t\t\t\t\t\t<div class=\"elementor-container elementor-column-gap-default\">\n\t\t\t\t\t<div class=\"elementor-column elementor-col-100 elementor-top-column elementor-element elementor-element-685c109\" data-id=\"685c109\" data-element_type=\"column\">\n\t\t\t<div class=\"elementor-widget-wrap elementor-element-populated\">\n\t\t\t\t\t\t<div class=\"elementor-element elementor-element-2788115 elementor-widget elementor-widget-toggle\" data-id=\"2788115\" data-element_type=\"widget\" data-widget_type=\"toggle.default\">\n\t\t\t\t<div class=\"elementor-widget-container\">\n\t\t\t\t\t\t\t<div class=\"elementor-toggle\">\n\t\t\t\t\t\t\t<div class=\"elementor-toggle-item\">\n\t\t\t\t\t<div id=\"elementor-tab-title-4141\" class=\"elementor-tab-title\" data-tab=\"1\" role=\"button\" aria-controls=\"elementor-tab-content-4141\" aria-expanded=\"false\">\n\t\t\t\t\t\t\t\t\t\t\t\t<span class=\"elementor-toggle-icon elementor-toggle-icon-left\" aria-hidden=\"true\">\n\t\t\t\t\t\t\t\t\t\t\t\t\t\t\t<span class=\"elementor-toggle-icon-closed\"><i class=\"fas fa-caret-right\"><\/i><\/span>\n\t\t\t\t\t\t\t\t<span class=\"elementor-toggle-icon-opened\"><i class=\"elementor-toggle-icon-opened fas fa-caret-up\"><\/i><\/span>\n\t\t\t\t\t\t\t\t\t\t\t\t\t<\/span>\n\t\t\t\t\t\t\t\t\t\t\t\t<a class=\"elementor-toggle-title\" tabindex=\"0\">Fluxo Cont\u00ednuo 2022 - Mestrado \/ Doutorado<\/a>\n\t\t\t\t\t<\/div>\n\n\t\t\t\t\t<div id=\"elementor-tab-content-4141\" class=\"elementor-tab-content elementor-clearfix\" data-tab=\"1\" role=\"region\" aria-labelledby=\"elementor-tab-title-4141\"><p><a href=\"https:\/\/www.medicina.ufmg.br\/cpgsaudepublica\/wp-content\/uploads\/sites\/43\/2022\/05\/Cronograma-do-Mestrado-e-Doutorado-fluxo-continuo-PPGSP-2022.pdf\">1 &#8211; CRONOGRAMA do Mestrado \/ Doutorado fluxo cont\u00ednuo \u2013 EDITAL REGULAR N\u00ba 01\/2022<\/a><\/p><p><a href=\"https:\/\/www.medicina.ufmg.br\/cpgsaudepublica\/wp-content\/uploads\/sites\/43\/2022\/05\/2-Edital-Regular-Mestrado-doutorado-MD-Saude-Publica_-2022.pdf\">2 &#8211; EDITAL DE SELE\u00c7\u00c3O REGULAR N\u00ba 01\/2022<\/a><\/p><p><a href=\"https:\/\/www.medicina.ufmg.br\/cpgsaudepublica\/wp-content\/uploads\/sites\/43\/2022\/05\/1\u00b0-RETIFICACAO-DO-EDITAL-REGULAR-SAUDE-PUBLICA-31-05-22-1.pdf\">2.1 &#8211; <b>1\u00ba RETIFICA\u00c7\u00c3O &#8211; \u00a0EDITAL REGULAR N\u00ba 01\/2022- SA\u00daDE P\u00daBLICA (publicada em 31\/05\/2022)<\/b><\/a><\/p><p><a href=\"https:\/\/ftp.medicina.ufmg.br\/cpg\/programas\/saude_publica\/2022\/3-Formulario%20de%20inscricao%20Mestrado_Saude%20Publica%202022-2.xlsx\">3 &#8211; Formul\u00e1rio de Inscri\u00e7\u00e3o Mestrado<\/a><\/p><p><a href=\"https:\/\/ftp.medicina.ufmg.br\/cpg\/programas\/saude_publica\/2022\/4-Formulario%20de%20inscricao%20Doutorado-%20Saude%20Publica%202022-2.xlsx\">4 &#8211; Formul\u00e1rio de Inscri\u00e7\u00e3o Doutorado<\/a><\/p><p><a href=\"https:\/\/www.medicina.ufmg.br\/cpgsaudepublica\/wp-content\/uploads\/sites\/43\/2022\/05\/5-Autodeclaracao-Etnico-Racial-doutorado-2022-PPGSP.pdf\">5 &#8211; Autodeclara\u00e7\u00e3o \u00c9tnico-Racial &#8211; Doutorado<\/a><\/p><p>\u00a0<\/p><\/div>\n\t\t\t\t<\/div>\n\t\t\t\t\t\t\t\t<\/div>\n\t\t\t\t\t\t<\/div>\n\t\t\t\t<\/div>\n\t\t\t\t\t<\/div>\n\t\t<\/div>\n\t\t\t\t\t<\/div>\n\t\t<\/section>\n\t\t\t\t<section class=\"elementor-section elementor-top-section elementor-element elementor-element-49b6749 elementor-section-boxed elementor-section-height-default elementor-section-height-default\" data-id=\"49b6749\" data-element_type=\"section\">\n\t\t\t\t\t\t<div class=\"elementor-container elementor-column-gap-default\">\n\t\t\t\t\t<div class=\"elementor-column elementor-col-100 elementor-top-column elementor-element elementor-element-6728f9c\" data-id=\"6728f9c\" data-element_type=\"column\">\n\t\t\t<div class=\"elementor-widget-wrap elementor-element-populated\">\n\t\t\t\t\t\t<div class=\"elementor-element elementor-element-b997888 elementor-widget elementor-widget-toggle\" data-id=\"b997888\" data-element_type=\"widget\" data-widget_type=\"toggle.default\">\n\t\t\t\t<div class=\"elementor-widget-container\">\n\t\t\t\t\t\t\t<div class=\"elementor-toggle\">\n\t\t\t\t\t\t\t<div class=\"elementor-toggle-item\">\n\t\t\t\t\t<div id=\"elementor-tab-title-1941\" class=\"elementor-tab-title\" data-tab=\"1\" role=\"button\" aria-controls=\"elementor-tab-content-1941\" aria-expanded=\"false\">\n\t\t\t\t\t\t\t\t\t\t\t\t<span class=\"elementor-toggle-icon elementor-toggle-icon-left\" aria-hidden=\"true\">\n\t\t\t\t\t\t\t\t\t\t\t\t\t\t\t<span class=\"elementor-toggle-icon-closed\"><i class=\"fas fa-caret-right\"><\/i><\/span>\n\t\t\t\t\t\t\t\t<span class=\"elementor-toggle-icon-opened\"><i class=\"elementor-toggle-icon-opened fas fa-caret-up\"><\/i><\/span>\n\t\t\t\t\t\t\t\t\t\t\t\t\t<\/span>\n\t\t\t\t\t\t\t\t\t\t\t\t<a class=\"elementor-toggle-title\" tabindex=\"0\">6  Doutorado FLUXO CONT\u00cdNUO<\/a>\n\t\t\t\t\t<\/div>\n\n\t\t\t\t\t<div id=\"elementor-tab-content-1941\" class=\"elementor-tab-content elementor-clearfix\" data-tab=\"1\" role=\"region\" aria-labelledby=\"elementor-tab-title-1941\"><p><a href=\"https:\/\/www.medicina.ufmg.br\/cpgsaudepublica\/wp-content\/uploads\/sites\/43\/2022\/06\/1-LISTA-DEFERIDOS-E-INDEFERIDOS-DOUTORADO-2022-2.pdf\">1 &#8211; LISTA DE DEFERIMENTOS E INDEFERIMENTOS DAS INSCRI\u00c7\u00d5ES DOUTORADO FLUXO CONT\u00cdNUO &#8211; EDITAL REGULAR N\u00ba 01-2022<\/a><\/p><p><a href=\"https:\/\/www.medicina.ufmg.br\/cpgsaudepublica\/wp-content\/uploads\/sites\/43\/2022\/06\/3-RESULTADO-1a-ETAPA-DOUTORADO-EDITAL-01-2022-fluxo-continuo.pdf\">2- RESULTADO 1\u00aa ETAPA DOUTORADO &#8211; FLUXO CONT\u00cdNUO \u2013 2022\/2\u00ba<\/a><\/p><p><a href=\"https:\/\/www.medicina.ufmg.br\/cpgsaudepublica\/wp-content\/uploads\/sites\/43\/2022\/06\/4-ESCALA-DE-APRESENTAC\u0327A\u0303O-DO-PROJETO-E-ARGUIC\u0327A\u0303O-ORAL-DOUTORADO-Fluxo-Conti\u0301nuo-2022-2.doc_.pdf\">3- ESCALA DE APRESENTA\u00c7\u00c3O DO PROJETO E ARGUI\u00c7\u00c3O ORAL \u2013 DOUTORADO &#8211; FLUXO CONT\u00cdNUO<\/a><\/p><p><strong>Comiss\u00e3o de Sele\u00e7\u00e3o Doutorado:<\/strong><br \/>\u00a0Luana Giatti Goncalves\u00a0\u00a0<br \/>\u00a0Erica Dumont Pena\u00a0\u00a0<br \/>\u00a0Am\u00e9lia\u00a0Augusta de Lima Friche\u00a0\u00a0<\/p><p><a href=\"https:\/\/www.medicina.ufmg.br\/cpgsaudepublica\/wp-content\/uploads\/sites\/43\/2022\/06\/2-DECLARAC\u0327A\u0303O-DE-INEXISTE\u0302NCIA-DE-IMPEDIMENTO-COMISSAO-DE-SELECAO-DOUTORADO-\u2013-2022-2o.pdf\">DECLARA\u00c7\u00c3O DE INEXIST\u00caNCIA DE IMPEDIMENTO COMISS\u00c3O DE SELE\u00c7\u00c3O DOUTORADO- Fluxo Cont\u00ednuo \u2013 2022\/2\u00ba<\/a><\/p><p><a href=\"https:\/\/www.medicina.ufmg.br\/cpgsaudepublica\/wp-content\/uploads\/sites\/43\/2022\/07\/4-RESULTADO-FINAL-DOUTORADO-2022-2-fluxo-continuo.pdf\">4 &#8211; RESULTADO FINAL DOUTORADO &#8211; 2022\/2- FLUXO CONT\u00cdNUO<\/a><\/p><\/div>\n\t\t\t\t<\/div>\n\t\t\t\t\t\t\t<div class=\"elementor-toggle-item\">\n\t\t\t\t\t<div id=\"elementor-tab-title-1942\" class=\"elementor-tab-title\" data-tab=\"2\" role=\"button\" aria-controls=\"elementor-tab-content-1942\" aria-expanded=\"false\">\n\t\t\t\t\t\t\t\t\t\t\t\t<span class=\"elementor-toggle-icon elementor-toggle-icon-left\" aria-hidden=\"true\">\n\t\t\t\t\t\t\t\t\t\t\t\t\t\t\t<span class=\"elementor-toggle-icon-closed\"><i class=\"fas fa-caret-right\"><\/i><\/span>\n\t\t\t\t\t\t\t\t<span class=\"elementor-toggle-icon-opened\"><i class=\"elementor-toggle-icon-opened fas fa-caret-up\"><\/i><\/span>\n\t\t\t\t\t\t\t\t\t\t\t\t\t<\/span>\n\t\t\t\t\t\t\t\t\t\t\t\t<a class=\"elementor-toggle-title\" tabindex=\"0\">7  Mestrado FLUXO CONT\u00cdNUO<\/a>\n\t\t\t\t\t<\/div>\n\n\t\t\t\t\t<div id=\"elementor-tab-content-1942\" class=\"elementor-tab-content elementor-clearfix\" data-tab=\"2\" role=\"region\" aria-labelledby=\"elementor-tab-title-1942\"><p><a href=\"https:\/\/www.medicina.ufmg.br\/cpgsaudepublica\/wp-content\/uploads\/sites\/43\/2022\/06\/1-LISTA-DEFERIDOS-E-INDEFERIDOS-MESTRADO-SAUDE-PUBLICA-2022-2-2-1-2.pdf\">1 &#8211; LISTA DE DEFERIMENTOS E INDEFERIMENTOS DAS INSCRI\u00c7\u00d5ES MESTRADO- FLUXO CONT\u00cdNUO- \u00c1REA DE CONCENTRA\u00c7\u00c3O SA\u00daDE P\u00daBLICA &#8211; EDITAL REGULAR N\u00ba 01-2022<\/a><\/p><p><a href=\"https:\/\/www.medicina.ufmg.br\/cpgsaudepublica\/wp-content\/uploads\/sites\/43\/2022\/06\/2-LISTA-DEFERIDOS-E-INDEFERIDOS-MESTRADO-EPIDEMIOLOGIA-2022-2-2.pdf\">2 &#8211; LISTA DE DEFERIMENTOS E INDEFERIMENTOS DAS INSCRI\u00c7\u00d5ES MESTRADO-FLUXO CONT\u00cdNUO -\u00c1REA DE CONCENTRA\u00c7\u00c3O EPIDEMIOLOGIA- EDITAL REGULAR N\u00ba 01-2022<\/a><\/p><p><a href=\"https:\/\/www.medicina.ufmg.br\/cpgsaudepublica\/wp-content\/uploads\/sites\/43\/2022\/06\/GABARITO-MESTRADO-FLUXO-CONTINUO-2022-2.pdf\"><b>3 &#8211; GABARITO DA PROVA DA 1\u00aa ETAPA &#8211; MESTRADO\/fluxo cont\u00ednuo<\/b><\/a><\/p><p><a href=\"https:\/\/www.medicina.ufmg.br\/cpgsaudepublica\/wp-content\/uploads\/sites\/43\/2022\/06\/5-Resultado-1a-etapa-Mestrado-fluxo-continuo-Saude-Publica-e-Epidemiologia-Ampla-concorrencia-e-cotas-.pdf\">4 &#8211; RESULTADO 1\u00aa ETAPA- SA\u00daDE P\u00daBLICA\/ EPIDEMIOLOGIA \u2013 MESTRADO &#8211; FLUXO CONT\u00cdNUO<\/a><\/p><p><a href=\"https:\/\/www.medicina.ufmg.br\/cpgsaudepublica\/wp-content\/uploads\/sites\/43\/2022\/07\/5-RESULTADO-FINAL-MESTRADO-SAUDE-PUBLICA-e-EPIDEMIOLOGIA-AMPLA-CONCORRENCIA-E-COTAS-2022-2-FLUXO-CONTINUO.pdf\"><b>5 &#8211;\u00a0RESULTADO\u00a0FINAL\u00a0MESTRADO SA\u00daDE P\u00daBLICA\/\u00a0 EPIDEMIOLOGIA &#8211; AMPLA CONCORR\u00caNCIA E COTA<\/b>\u00a0<b>&#8211; 2022\/2- FLUXO CONT\u00cdNUO<\/b><\/a><\/p><div class=\"gmail_default\"><span style=\"color: #000000; font-family: verdana, sans-serif;\"><strong>Comiss\u00e3o de Sele\u00e7\u00e3o Mestrado:<\/strong><br \/>Carolina Gomes Coelho<\/span><\/div><div class=\"gmail_default\"><span style=\"color: #000000; font-family: verdana, sans-serif;\">David Soeiro Barbosa<\/span><\/div><div class=\"gmail_default\"><span style=\"color: #000000; font-family: verdana, sans-serif;\">Juliana Lustosa Torres<\/span><\/div><div>\u00a0<\/div><div><a href=\"https:\/\/www.medicina.ufmg.br\/cpgsaudepublica\/wp-content\/uploads\/sites\/43\/2022\/06\/3-DECLARACAO-DE-INEXISTENCIA-DE-IMPEDIMENTO-COMISSAO-DE-SELECAO-MESTRADO-\u2013-2022-2o.pdf\">DECLARA\u00c7\u00c3O DE INEXIST\u00caNCIA DE IMPEDIMENTO COMISS\u00c3O DE SELE\u00c7\u00c3O MESTRADO\u2013 Fluxo Cont\u00ednuo-\u00a0 2022\/2\u00ba<\/a><\/div><div>\u00a0<\/div><div><div class=\"gmail_default\"><a href=\"https:\/\/www.medicina.ufmg.br\/cpgsaudepublica\/wp-content\/uploads\/sites\/43\/2022\/06\/4-Informacoes-para-1a-e-2a-etapa-da-selecao-mestrado-2022-fluxo-continuo-1.pdf\">Informa\u00e7\u00f5es para-1\u00aa e 2\u00aa etapa da sele\u00e7\u00e3o-mestrado 2022- fluxo cont\u00ednuo<\/a><\/div><\/div><\/div>\n\t\t\t\t<\/div>\n\t\t\t\t\t\t\t\t<\/div>\n\t\t\t\t\t\t<\/div>\n\t\t\t\t<\/div>\n\t\t\t\t\t<\/div>\n\t\t<\/div>\n\t\t\t\t\t<\/div>\n\t\t<\/section>\n\t\t\t\t<section class=\"elementor-section elementor-top-section elementor-element elementor-element-954d390 elementor-section-boxed elementor-section-height-default elementor-section-height-default\" data-id=\"954d390\" data-element_type=\"section\">\n\t\t\t\t\t\t<div class=\"elementor-container elementor-column-gap-default\">\n\t\t\t\t\t<div class=\"elementor-column elementor-col-100 elementor-top-column elementor-element elementor-element-f7fb8ff\" data-id=\"f7fb8ff\" data-element_type=\"column\">\n\t\t\t<div class=\"elementor-widget-wrap elementor-element-populated\">\n\t\t\t\t\t\t<div class=\"elementor-element elementor-element-b3d29fa elementor-widget elementor-widget-toggle\" data-id=\"b3d29fa\" data-element_type=\"widget\" data-widget_type=\"toggle.default\">\n\t\t\t\t<div class=\"elementor-widget-container\">\n\t\t\t\t\t\t\t<div class=\"elementor-toggle\">\n\t\t\t\t\t\t\t<div class=\"elementor-toggle-item\">\n\t\t\t\t\t<div id=\"elementor-tab-title-1881\" class=\"elementor-tab-title\" data-tab=\"1\" role=\"button\" aria-controls=\"elementor-tab-content-1881\" aria-expanded=\"false\">\n\t\t\t\t\t\t\t\t\t\t\t\t<span class=\"elementor-toggle-icon elementor-toggle-icon-left\" aria-hidden=\"true\">\n\t\t\t\t\t\t\t\t\t\t\t\t\t\t\t<span class=\"elementor-toggle-icon-closed\"><i class=\"fas fa-caret-right\"><\/i><\/span>\n\t\t\t\t\t\t\t\t<span class=\"elementor-toggle-icon-opened\"><i class=\"elementor-toggle-icon-opened fas fa-caret-up\"><\/i><\/span>\n\t\t\t\t\t\t\t\t\t\t\t\t\t<\/span>\n\t\t\t\t\t\t\t\t\t\t\t\t<a class=\"elementor-toggle-title\" tabindex=\"0\">Doutorado<\/a>\n\t\t\t\t\t<\/div>\n\n\t\t\t\t\t<div id=\"elementor-tab-content-1881\" class=\"elementor-tab-content elementor-clearfix\" data-tab=\"1\" role=\"region\" aria-labelledby=\"elementor-tab-title-1881\"><div class=\"gmail_default\"><a href=\"https:\/\/ftp.medicina.ufmg.br\/cpg\/programas\/saude_publica\/2022\/Edital%20Regular%20doutorado%20MD%20Sa%fade%20P%fablica_%20%202022.pdf\">1 &#8211; EDITAL DE SELE\u00c7\u00c3O REGULAR N\u00ba 01\/2022<\/a><br \/><a href=\"https:\/\/ftp.medicina.ufmg.br\/cpg\/programas\/saude_publica\/2022\/2%20-%20Formul%e1rio%20de%20inscri%e7%e3o%20Doutorado-%20Sa%fade%20P%fablica%202022.xlsx\">2 &#8211; FORMUL\u00c1RIO DE INSCRI\u00c7\u00c3O DOUTORADO 01\/2022<\/a><br \/><a href=\"https:\/\/ftp.medicina.ufmg.br\/cpg\/programas\/saude_publica\/2022\/3-Autodeclara%e7%e3o%20%c9tnico-Racial-%20%20doutorado-%202022%20(4).pdf\">3 &#8211; FORMUL\u00c1RIO DE AUTODECLARA\u00c7\u00c3O-\u00c9TNICO-RACIAL<\/a><\/div><div><p><a href=\"https:\/\/www.medicina.ufmg.br\/cpgsaudepublica\/wp-content\/uploads\/sites\/43\/2022\/01\/4-LISTA-DEFERIDOS-E-INDEFERIDOS-DOUTORADO-2022-PDF.pdf\">4 &#8211; LISTA DE DEFERIMENTOS E INDEFERIMENTOS DAS INSCRI\u00c7\u00d5ES DOUTORADO &#8211; EDITAL REGULAR N\u00ba 01-2022<\/a><br \/><a href=\"https:\/\/www.medicina.ufmg.br\/cpgsaudepublica\/wp-content\/uploads\/sites\/43\/2022\/01\/5-Banca-doutorado.pdf\"><strong>5 &#8211;<\/strong> <b>DECLARAC\u0327A\u0303O DE INEXISTE\u0302NCIA DE IMPEDIMENTO COMISS\u00c3O DE SELE\u00c7\u00c3O DOUTORADO &#8211; 2022\/1\u00ba<\/b><\/a><\/p><div class=\"gmail_default\"><b><br \/>Comiss\u00e3o de Sele\u00e7\u00e3o Doutorado:<\/b><\/div><div class=\"gmail_default\"><p><b>D\u00e9borah Carvalho Malta<br \/><\/b><b>Lidyane do Valle Camelo<br \/><\/b><b>Roberta Carvalho de Figueiredo<\/b><\/p><p><a href=\"https:\/\/www.medicina.ufmg.br\/cpgsaudepublica\/wp-content\/uploads\/sites\/43\/2022\/02\/6-RESULTADO-1a-ETAPA-DOUTORADO-EDITAL-01-2022.pdf\">6 &#8211; RESULTADO 1\u00aa ETAPA DOUTORADO\u00a0 &#8211; 2022\/1\u00ba<\/a><br \/><a href=\"https:\/\/www.medicina.ufmg.br\/cpgsaudepublica\/wp-content\/uploads\/sites\/43\/2022\/02\/7-ESCALA-DE-APRESENTACAO-DO-PROJETO-E-ARGUICAO-ORAL-DOUTORADO.pdf\">7 &#8211; \u00a0ESCALA DE APRESENTA\u00c7\u00c3O DO PROJETO E ARGUI\u00c7\u00c3O ORAL &#8211; DOUTORADO<\/a><br \/><a href=\"https:\/\/www.medicina.ufmg.br\/cpgsaudepublica\/wp-content\/uploads\/sites\/43\/2022\/02\/08-RESULTADO-FINAL-DOUTORADO-2022-1-1.pdf\">8 &#8211; RESULTADO FINAL DOUTORADO &#8211; 2022\/1<\/a><\/p><\/div><\/div><\/div>\n\t\t\t\t<\/div>\n\t\t\t\t\t\t\t<div class=\"elementor-toggle-item\">\n\t\t\t\t\t<div id=\"elementor-tab-title-1882\" class=\"elementor-tab-title\" data-tab=\"2\" role=\"button\" aria-controls=\"elementor-tab-content-1882\" aria-expanded=\"false\">\n\t\t\t\t\t\t\t\t\t\t\t\t<span class=\"elementor-toggle-icon elementor-toggle-icon-left\" aria-hidden=\"true\">\n\t\t\t\t\t\t\t\t\t\t\t\t\t\t\t<span class=\"elementor-toggle-icon-closed\"><i class=\"fas fa-caret-right\"><\/i><\/span>\n\t\t\t\t\t\t\t\t<span class=\"elementor-toggle-icon-opened\"><i class=\"elementor-toggle-icon-opened fas fa-caret-up\"><\/i><\/span>\n\t\t\t\t\t\t\t\t\t\t\t\t\t<\/span>\n\t\t\t\t\t\t\t\t\t\t\t\t<a class=\"elementor-toggle-title\" tabindex=\"0\">Mestrado<\/a>\n\t\t\t\t\t<\/div>\n\n\t\t\t\t\t<div id=\"elementor-tab-content-1882\" class=\"elementor-tab-content elementor-clearfix\" data-tab=\"2\" role=\"region\" aria-labelledby=\"elementor-tab-title-1882\"><p><a href=\"https:\/\/ftp.medicina.ufmg.br\/cpg\/programas\/saude_publica\/2022\/1-Edital%20Regular%20Mestrado%20MD%20Sa%fade%20P%fablica_%20%202022.pdf\">1 &#8211; EDITAL DE SELE\u00c7\u00c3O REGULAR N\u00ba 01\/2022<\/a><br \/><a href=\"https:\/\/ftp.medicina.ufmg.br\/cpg\/programas\/saude_publica\/2022\/2%20-%20Formul%e1rio%20de%20inscri%e7%e3o%20Mestrado%20-%20Sa%fade%20P%fablica%202021.xlsx\">2 &#8211; FORMUL\u00c1RIO DE INSCRI\u00c7\u00c3O MESTRADO 01\/2022<\/a><br \/><a href=\"https:\/\/www.medicina.ufmg.br\/cpgsaudepublica\/wp-content\/uploads\/sites\/43\/2021\/12\/Autodeclaracao-Etnico-Racial-mestrado-2022-4-1.pdf\">3 &#8211; FORMUL\u00c1RIO DE AUTODECLARA\u00c7\u00c3O-\u00c9TNICO-RACIAL<\/a><br \/><a href=\"https:\/\/www.medicina.ufmg.br\/cpgsaudepublica\/wp-content\/uploads\/sites\/43\/2022\/01\/4-LISTA-DEFERIDOS-E-INDEFERIDOS-MESTRADO-SAUDE-PUBLICA-2022-1-1.pdf\">4 -LISTA DE DEFERIMENTOS E INDEFERIMENTOS DAS INSCRI\u00c7\u00d5ES MESTRADO &#8211; \u00c1REA DE CONCENTRA\u00c7\u00c3O SA\u00daDE P\u00daBLICA<\/a><br \/><a href=\"https:\/\/www.medicina.ufmg.br\/cpgsaudepublica\/wp-content\/uploads\/sites\/43\/2022\/01\/4-LISTA-DEFERIDO-E-INDEFERIDOS-MESTRADO-EPIDEMIOLOGIA-2022-1.pdf\">4 &#8211; LISTA DE DEFERIMENTOS E INDEFERIMENTOS DAS INSCRI\u00c7\u00d5ES MESTRADO \u00a0&#8211; \u00c1REA DE CONCENTRA\u00c7\u00c3O EPIDEMIOLOGIA &#8211; EDITAL REGULAR N\u00ba 01-2022\u00a0<\/a><br \/><a href=\"https:\/\/www.medicina.ufmg.br\/cpgsaudepublica\/wp-content\/uploads\/sites\/43\/2022\/01\/LISTA-DEFERIOS-E-INDEFERIDOS-MESTRADO-EPIDEMIOLOGIA-RETIFICACAO-21-01-2022.pdf\">5 &#8211; LISTA DE DEFERIMENTOS E INDEFERIMENTOS DAS INSCRI\u00c7\u00d5ES MESTRADO- RETIFICA\u00c7\u00c3O &#8211; \u00c1REA DE CONCENTRA\u00c7\u00c3O EPIDEMIOLOGIA . RETIFICADO 21\/01\/2022<\/a><br \/><a href=\"https:\/\/www.medicina.ufmg.br\/cpgsaudepublica\/wp-content\/uploads\/sites\/43\/2022\/01\/6-Banca-mestrado.pdf\"><strong>6 &#8211; <b>DECLARA\u00c7\u00c3O DE INEXIST\u00caNCIA DE IMPEDIMENTO COMISS\u00c3O DE SELE\u00c7\u00c3O\u00a0 MESTRADO\u00a0\u00a0\u00a0&#8211; 2022\/1\u00ba<\/b><\/strong><\/a><\/p><div class=\"gmail_default\"><b>Comiss\u00e3o de Sele\u00e7\u00e3o Mestrado:<\/b><\/div><div class=\"gmail_default\"><p><b>Luciana de Souza Braga<br \/><\/b><b>Fl\u00e1via Bulegon Pilecco<br \/><\/b><b>Larissa Loures Mendes<br \/><\/b><b>Veneza Berenice de Oliveira\u00a0\u00a0<\/b><\/p><\/div><p><a href=\"https:\/\/www.medicina.ufmg.br\/cpgsaudepublica\/wp-content\/uploads\/sites\/43\/2022\/01\/7-Guia-do-Candidato.pdf\"><strong>7 &#8211; GUIA DO CANDIDATO<\/strong><\/a><br \/><a href=\"https:\/\/www.medicina.ufmg.br\/cpgsaudepublica\/wp-content\/uploads\/sites\/43\/2022\/02\/8-Gabarito-2022.1.pdf\"><b>8 &#8211; GABARITO DA PROVA DA 1\u00aa ETAPA &#8211; MESTRADO<\/b><\/a><br \/><a href=\"https:\/\/www.medicina.ufmg.br\/cpgsaudepublica\/wp-content\/uploads\/sites\/43\/2022\/02\/9-Resultado-1a-etapa-EPIDEMIOLOGIA-Ampla-concorrencia-e-cotas.pdf\"><b>09\u00a0&#8211; RESULTADO 1\u00aa ETAPA EPIDEMIOLOGIA\u00a0&#8211; MESTRADO<\/b><\/a><br \/><a href=\"https:\/\/www.medicina.ufmg.br\/cpgsaudepublica\/wp-content\/uploads\/sites\/43\/2022\/02\/10-Resultado-1a-etapa-SAUDE-PUBLICA-Ampla-concorrencia-e-cotas.pdf\"><b>10 &#8211; RESULTADO 1\u00aa ETAPA SA\u00daDE P\u00daBLICA\u00a0&#8211; MESTRADO<\/b><\/a><br \/><strong><a href=\"https:\/\/www.medicina.ufmg.br\/cpgsaudepublica\/wp-content\/uploads\/sites\/43\/2022\/02\/11-Gabarito-2022.1-RETIFICADO.pdf\">11 &#8211; GABARITO RETIFICADO &#8211;\u00a010\/02\/22<\/a><br \/><a href=\"https:\/\/www.medicina.ufmg.br\/cpgsaudepublica\/wp-content\/uploads\/sites\/43\/2022\/02\/12-Resultado-1a-etapa-EPI_-Ampla-concorrencia-e-cotas-RETIFICADO.pdf\"><b>12\u00a0&#8211; RESULTADO 1\u00aa ETAPA EPIDEMIOLOGIA &#8211; RETIFICADO &#8211; MESTRADO<\/b><\/a><br \/><a href=\"https:\/\/www.medicina.ufmg.br\/cpgsaudepublica\/wp-content\/uploads\/sites\/43\/2022\/02\/13-Resultado-1a-etapa-SP_-Ampla-concorrencia-e-cotas-RETIFICADO.pdf\"><b>13 &#8211; RESULTADO 1\u00aa ETAPA SA\u00daDE P\u00daBLICA &#8211; RETIFICADO &#8211; MESTRADO<\/b><\/a><br \/><a href=\"https:\/\/www.medicina.ufmg.br\/cpgsaudepublica\/wp-content\/uploads\/sites\/43\/2022\/02\/14-RESULTAOD-FINAL-SAUDE-PUBLICA-AMPLA-CONCORRENCIA-E-COTAS-2022-1.pdf\">14 &#8211; RESULTADO FINAL MESTRADO SA\u00daDE P\u00daBLICA &#8211; AMPLA CONCORR\u00caNCIA E COTA &#8211; 2022\/1<\/a><br \/><a href=\"https:\/\/www.medicina.ufmg.br\/cpgsaudepublica\/wp-content\/uploads\/sites\/43\/2022\/02\/15-RESULTADO-FINAL-EPIDEMIOLOGIA-AMPLA-CONCORRENCIA-E-COTAS-2022-1.pdf\">15 &#8211; RESULTADO FINAL MESTRADO EPIDEMIOLOGIA &#8211; AMPLA CONCORR\u00caNCIA E COTA &#8211; 2022\/1<\/a><br \/><a href=\"https:\/\/www.medicina.ufmg.br\/cpgsaudepublica\/wp-content\/uploads\/sites\/43\/2022\/03\/16-Resultado-final-EPIDEMIOLOGIA-RETIFICADO-03-03-2022.docx_.pdf\">16 &#8211; RESULTADO FINAL MESTRADO EPIDEMIOLOGIA \u2013 AMPLA CONCORR\u00caNCIA E COTA \u2013 2022\/1- RETIFICADO 03\/03\/2022<\/a><br \/><\/strong><\/p><\/div>\n\t\t\t\t<\/div>\n\t\t\t\t\t\t\t<div class=\"elementor-toggle-item\">\n\t\t\t\t\t<div id=\"elementor-tab-title-1883\" class=\"elementor-tab-title\" data-tab=\"3\" role=\"button\" aria-controls=\"elementor-tab-content-1883\" aria-expanded=\"false\">\n\t\t\t\t\t\t\t\t\t\t\t\t<span class=\"elementor-toggle-icon elementor-toggle-icon-left\" aria-hidden=\"true\">\n\t\t\t\t\t\t\t\t\t\t\t\t\t\t\t<span class=\"elementor-toggle-icon-closed\"><i class=\"fas fa-caret-right\"><\/i><\/span>\n\t\t\t\t\t\t\t\t<span class=\"elementor-toggle-icon-opened\"><i class=\"elementor-toggle-icon-opened fas fa-caret-up\"><\/i><\/span>\n\t\t\t\t\t\t\t\t\t\t\t\t\t<\/span>\n\t\t\t\t\t\t\t\t\t\t\t\t<a class=\"elementor-toggle-title\" tabindex=\"0\">Sele\u00e7\u00e3o Suplementar<\/a>\n\t\t\t\t\t<\/div>\n\n\t\t\t\t\t<div id=\"elementor-tab-content-1883\" class=\"elementor-tab-content elementor-clearfix\" data-tab=\"3\" role=\"region\" aria-labelledby=\"elementor-tab-title-1883\"><p><a href=\"https:\/\/ftp.medicina.ufmg.br\/cpg\/programas\/saude_publica\/2022\/EDITAL%20SUPLEMENTAR-%20%20Sa%fade%20P%fablica%202022.pdf\">1 &#8211; EDITAL DE SELE\u00c7\u00c3O SUPLEMENTAR N\u00ba 01\/2022<\/a><br \/><a href=\"https:\/\/ftp.medicina.ufmg.br\/cpg\/programas\/saude_publica\/2022\/2%20-%20Formul%e1rio%20de%20inscri%e7%e3o%20suplementar%20-%20Sa%fade%20P%fablica%202022.xlsx\">2 &#8211; FORMUL\u00c1RIO DE INSCRI\u00c7\u00c3O SELE\u00c7\u00c3O SUPLEMENTAR 01\/2022<\/a><br \/><a href=\"https:\/\/ftp.medicina.ufmg.br\/cpg\/programas\/saude_publica\/2022\/3%20-%20FORMUL%c1RIO%20DE%20SOLICITA%c7%c3O%20DE%20CONDI%c7%d5ES%20ESPECIAIS.docx\">3 &#8211; FORMUL\u00c1RIO DE SOLICITA\u00c7\u00c3O DE CONDI\u00c7\u00d5ES ESPECIAIS PARA A REALIZA\u00c7\u00c3O DA PROVA<\/a><br \/><a href=\"https:\/\/ftp.medicina.ufmg.br\/cpg\/programas\/saude_publica\/2022\/4%20-%20AUTODECLARA%c7%c3O%20DE%20PESSOA%20COM%20DEFICI%caNCIA.docx\">4 &#8211; FORMUL\u00c1RIO DE AUTODECLARA\u00c7\u00c3O DE PESSOA COM DEFICI\u00caNCIA<\/a><br \/><a href=\"https:\/\/ftp.medicina.ufmg.br\/cpg\/programas\/saude_publica\/2022\/5%20-%20MODELO%20DE%20RELAT%d3RIO%20DO%20M%c9DICO%20ASSISTENTE.docx\">5 &#8211; MODELO DE RELAT\u00d3RIO DO M\u00c9DICO ASSISTENTE<\/a><br \/><a href=\"https:\/\/ftp.medicina.ufmg.br\/cpg\/programas\/saude_publica\/2022\/6%20-%20Ind%edgena%20-%201%20de%203%20-%20Declara%e7%e3o%20de%20Autorreconhecimento.pdf\">6 &#8211; DECLARA\u00c7\u00c3O DE AUTORRECONHECIMENTO IND\u00cdGENA<\/a><br \/><a href=\"https:\/\/ftp.medicina.ufmg.br\/cpg\/programas\/saude_publica\/2022\/7%20-%20%cdndigena%20-%202%20de%203%20-%20Declara%e7%e3o%20de%20Lideran%e7as.pdf\">7 &#8211; DECLARA\u00c7\u00c3O DE LIDERAN\u00c7AS IND\u00cdGENAS<\/a><br \/><a href=\"https:\/\/ftp.medicina.ufmg.br\/cpg\/programas\/saude_publica\/2022\/8%20-%20Ind%edgena%20-%203%20de%203%20-%20Declara%e7%e3o%20de%20Resid%eancia.pdf\">8 &#8211; DECLARA\u00c7\u00c3O DE RESID\u00caNCIA EM COMUNIDADE IND\u00cdGENA<\/a><br \/><strong><a href=\"https:\/\/www.medicina.ufmg.br\/cpgsaudepublica\/wp-content\/uploads\/sites\/43\/2022\/01\/09-LISTA-DE-DEFERIMENTOS-E-INDEFERIMENTOS-DAS-INSCRICOES-MESTRADO-AREA-DE-CONCENTRACAO-SAUDE-PUBLICA-EDITAL-SUPLEMENTAR-No-01-2022-RETIFICADO-24-01-22.pdf\">9 &#8211; LISTA DE DEFERIMENTOS E INDEFERIMENTOS DAS INSCRI\u00c7\u00d5ES MESTRADO &#8211; \u00c1REA DE CONCENTRA\u00c7\u00c3O SA\u00daDE P\u00daBLICA<br \/>RETIFICADO: 24-01-22<\/a><br \/><a href=\"https:\/\/www.medicina.ufmg.br\/cpgsaudepublica\/wp-content\/uploads\/sites\/43\/2022\/02\/10-Resultado-1a-etapa-SUPLEMENTAR.pdf\"><b>10\u00a0&#8211; RESULTADO 1\u00aa ETAPA SA\u00daDE P\u00daBLICA- SUPLEMENTAR\u00a0 &#8211; MESTRADO<\/b><\/a><br \/><a href=\"https:\/\/www.medicina.ufmg.br\/cpgsaudepublica\/wp-content\/uploads\/sites\/43\/2022\/02\/11-Resultado-1a-etapa-SUPLEMENTAR-RETIFICADO.pdf\"><b>11 &#8211; RESULTADO 1\u00aa ETAPA SA\u00daDE P\u00daBLICA- RETIFICADO- SUPLEMENTAR\u00a0 &#8211; MESTRADO<\/b><\/a><br \/><\/strong><\/p><\/div>\n\t\t\t\t<\/div>\n\t\t\t\t\t\t\t\t<\/div>\n\t\t\t\t\t\t<\/div>\n\t\t\t\t<\/div>\n\t\t\t\t\t<\/div>\n\t\t<\/div>\n\t\t\t\t\t<\/div>\n\t\t<\/section>\n\t\t\t\t<\/div>\n\t\t","protected":false},"excerpt":{"rendered":"<p>Fluxo Cont\u00ednuo 2022 &#8211; Mestrado \/ Doutorado 1 &#8211; CRONOGRAMA do Mestrado \/ Doutorado fluxo cont\u00ednuo \u2013 EDITAL REGULAR N\u00ba 01\/2022 2 &#8211; EDITAL DE SELE\u00c7\u00c3O REGULAR N\u00ba 01\/2022 2.1 &#8211; 1\u00ba RETIFICA\u00c7\u00c3O &#8211; \u00a0EDITAL REGULAR N\u00ba 01\/2022- SA\u00daDE P\u00daBLICA (publicada em 31\/05\/2022) 3 &#8211; Formul\u00e1rio de Inscri\u00e7\u00e3o Mestrado 4 &#8211; Formul\u00e1rio de Inscri\u00e7\u00e3o Doutorado [&hellip;]<\/p>\n","protected":false},"author":17,"featured_media":0,"parent":0,"menu_order":0,"comment_status":"closed","ping_status":"closed","template":"","meta":{"footnotes":""},"class_list":["post-1347","page","type-page","status-publish","hentry"],"_links":{"self":[{"href":"https:\/\/www.medicina.ufmg.br\/cpgsaudepublica\/wp-json\/wp\/v2\/pages\/1347","targetHints":{"allow":["GET"]}}],"collection":[{"href":"https:\/\/www.medicina.ufmg.br\/cpgsaudepublica\/wp-json\/wp\/v2\/pages"}],"about":[{"href":"https:\/\/www.medicina.ufmg.br\/cpgsaudepublica\/wp-json\/wp\/v2\/types\/page"}],"author":[{"embeddable":true,"href":"https:\/\/www.medicina.ufmg.br\/cpgsaudepublica\/wp-json\/wp\/v2\/users\/17"}],"replies":[{"embeddable":true,"href":"https:\/\/www.medicina.ufmg.br\/cpgsaudepublica\/wp-json\/wp\/v2\/comments?post=1347"}],"version-history":[{"count":42,"href":"https:\/\/www.medicina.ufmg.br\/cpgsaudepublica\/wp-json\/wp\/v2\/pages\/1347\/revisions"}],"predecessor-version":[{"id":1472,"href":"https:\/\/www.medicina.ufmg.br\/cpgsaudepublica\/wp-json\/wp\/v2\/pages\/1347\/revisions\/1472"}],"wp:attachment":[{"href":"https:\/\/www.medicina.ufmg.br\/cpgsaudepublica\/wp-json\/wp\/v2\/media?parent=1347"}],"curies":[{"name":"wp","href":"https:\/\/api.w.org\/{rel}","templated":true}]}}