
{"id":1744,"date":"2024-06-05T14:17:46","date_gmt":"2024-06-05T14:17:46","guid":{"rendered":"https:\/\/www.medicina.ufmg.br\/cpgsaudepublica\/?page_id=1744"},"modified":"2025-09-03T17:50:50","modified_gmt":"2025-09-03T17:50:50","slug":"chamadas-encerradas","status":"publish","type":"page","link":"https:\/\/www.medicina.ufmg.br\/cpgsaudepublica\/chamadas-encerradas\/","title":{"rendered":"Chamadas Encerradas"},"content":{"rendered":"\n<h2 class=\"wp-block-heading\">Chamadas Encerradas<\/h2>\n\n\n\n<p><a href=\"http:\/\/www.medicina.ufmg.br\/cpgsaudepublica\/wp-content\/uploads\/sites\/43\/2024\/11\/1-Edital-02-2024_-Selecao-interna-PDSE-CAPES-selecao-PPGSP.pdf\" data-type=\"link\" data-id=\"http:\/\/www.medicina.ufmg.br\/cpgsaudepublica\/wp-content\/uploads\/sites\/43\/2024\/11\/1-Edital-02-2024_-Selecao-interna-PDSE-CAPES-selecao-PPGSP.pdf\">1- Edital n\u00ba02\/2024 -Sele\u00e7\u00e3o-interna-PDSE-CAPES&nbsp;<\/a><\/p>\n\n\n\n<p><a href=\"http:\/\/www.medicina.ufmg.br\/cpgsaudepublica\/wp-content\/uploads\/sites\/43\/2024\/11\/1.1-Edital_26_2024-CAPES-Doutorado-Sanduiche.pdf\" data-type=\"link\" data-id=\"http:\/\/www.medicina.ufmg.br\/cpgsaudepublica\/wp-content\/uploads\/sites\/43\/2024\/11\/1.1-Edital_26_2024-CAPES-Doutorado-Sanduiche.pdf\">1.1-&nbsp; Edital 26\/2024 &#8211; referente a sele\u00e7\u00e3o&nbsp;Edital n\u00ba02\/2024 -Sele\u00e7\u00e3o-interna- PDSE-CAPES<\/a><\/p>\n\n\n\n<p><a href=\"http:\/\/www.medicina.ufmg.br\/cpgsaudepublica\/wp-content\/uploads\/sites\/43\/2025\/01\/RESULTADO-PRELIMINAR-23-01-25.pdf\">1.1.2- Resultado Preliminar- Sele\u00e7\u00e3o-interna doutorado sandu\u00edche -PDSE-CAPES -23\/01\/2025<\/a><\/p>\n\n\n\n<p><a href=\"http:\/\/www.medicina.ufmg.br\/cpgsaudepublica\/wp-content\/uploads\/sites\/43\/2025\/01\/RESULTADO-FINAL-29-01-25.pdf\">1.1.3-&nbsp;Resultado Final &#8211;&nbsp;Sele\u00e7\u00e3o-interna doutorado sandu\u00edche -PDSE-CAPES -29\/01\/2025<\/a><\/p>\n\n\n\n<p><a href=\"http:\/\/www.medicina.ufmg.br\/cpgsaudepublica\/wp-content\/uploads\/sites\/43\/2024\/06\/Chamada-08.2024-Missoes-de-Trabalho-no-Exterior-2.pdf\"><strong>CHAMADA INTERNA&nbsp; 08\/2024 &#8211;&nbsp;&nbsp;FINANCIAMENTO DE MISS\u00d5ES DE TRABALHO NO EXTERIOR (VIAGENS CURTAS DE PROFESSORES PARA PARCERIAS INTERNACIONAIS)<\/strong><\/a><\/p>\n\n\n\n<hr class=\"wp-block-separator has-alpha-channel-opacity\"\/>\n\n\n\n<h2 class=\"wp-block-heading\"><strong>Doutorado Sandu\u00edche no Exterior<\/strong><\/h2>\n\n\n\n<h3 class=\"wp-block-heading\"><strong><mark style=\"background-color:rgba(0, 0, 0, 0)\" class=\"has-inline-color has-black-color\">Programa Institucional de Doutorado Sandu\u00edche no Exterior (PDSE) da CAPES<\/mark><\/strong><\/h3>\n\n\n\n<p><strong><a href=\"http:\/\/www.medicina.ufmg.br\/cpgsaudepublica\/wp-content\/uploads\/sites\/43\/2024\/04\/Edital-01-2024_-Selecao-interna-PDSE-CAPES-0804-1.pdf\">Acesse aqui o edital do Doutorado Sandu\u00edche&nbsp;no Exterior 2024 (PDSE \u2013 CAPES)<\/a><\/strong><\/p>\n\n\n\n<hr class=\"wp-block-separator has-alpha-channel-opacity\"\/>\n\n\n\n<h3 class=\"wp-block-heading\"><strong><mark style=\"background-color:rgba(0, 0, 0, 0)\" class=\"has-inline-color has-black-color\">Chamadas Internas Programa Fapemig de Fomento \u00e0 Internacionaliza\u00e7\u00e3o<\/mark><\/strong><\/h3>\n\n\n\n<p><a href=\"http:\/\/www.medicina.ufmg.br\/cpgsaudepublica\/wp-content\/uploads\/sites\/43\/2024\/04\/Chamada-04.2024-FAPEMIG.pdf\">Edital Fapemig 04<\/a><br><a href=\"http:\/\/www.medicina.ufmg.br\/cpgsaudepublica\/wp-content\/uploads\/sites\/43\/2024\/04\/Chamada-05.2024-FAPEMIG.pdf\">Edital Fapemig 05<\/a><br><a href=\"http:\/\/www.medicina.ufmg.br\/cpgsaudepublica\/wp-content\/uploads\/sites\/43\/2024\/04\/Chamada-06.2024-FAPEMIG.pdf\">Edital Fapemig 06<\/a><\/p>\n\n\n\n<p>Informamos que as&nbsp;<strong>inscri\u00e7\u00f5es&nbsp;<\/strong>das Chamadas Internas do Programa Fapemig de Fomento \u00e0 Internacionaliza\u00e7\u00e3o das ICTMGs foram&nbsp;<strong>prorrogadas&nbsp;at\u00e9 o dia 27 de maio de 2024.&nbsp;<\/strong>O cronograma atualizado de cada chamada segue em anexo e est\u00e1 dispon\u00edvel tamb\u00e9m em&nbsp;<a href=\"https:\/\/www.ufmg.br\/prpg\/noticia\/chamadas-do-programa-fapemig-de-fomento-a-internacionalizacao\/\" target=\"_blank\" rel=\"noreferrer noopener\">https:\/\/www.ufmg.br\/prpg\/noticia\/chamadas-do-programa-fapemig-de-fomento-a-internacionalizacao\/<\/a>&nbsp;<\/p>\n\n\n<p><a href=\"http:\/\/www.medicina.ufmg.br\/cpgsaudepublica\/wp-content\/uploads\/sites\/43\/2024\/05\/Alteracao-de-Cronograma-Pos-Doutorado-no-Exterior.pdf\">Altera\u00e7\u00e3o de Cronograma &#8211; <strong>P\u00f3s-Doutorado no Exterior<\/strong><\/a> <br \/><a href=\"http:\/\/www.medicina.ufmg.br\/cpgsaudepublica\/wp-content\/uploads\/sites\/43\/2024\/05\/Alteracao-de-Cronograma-Pesquisador-Visitante-no-Brasil.pdf\">Altera\u00e7\u00e3o de Cronograma &#8211; <strong>Pesquisador Visitante no Brasil<\/strong><\/a> <br \/><a href=\"http:\/\/www.medicina.ufmg.br\/cpgsaudepublica\/wp-content\/uploads\/sites\/43\/2024\/05\/Alteracao-de-Cronograma-Doutorado-Sanduiche.pdf\">Altera\u00e7\u00e3o de Cronograma &#8211; <strong>Doutorado Sandu\u00edche<\/strong><\/a><\/p>\n\n\n<hr class=\"wp-block-separator has-alpha-channel-opacity\"\/>\n\n\n\n<h3 class=\"wp-block-heading\"><mark style=\"background-color:rgba(0, 0, 0, 0)\" class=\"has-inline-color has-black-color\">Resultados<\/mark><\/h3>\n\n\n\n<p><a href=\"http:\/\/www.medicina.ufmg.br\/cpgsaudepublica\/wp-content\/uploads\/sites\/43\/2024\/04\/RESULTADO-PRELIMINAR-25-04-24-1.pdf\" target=\"_blank\" rel=\"noreferrer noopener\">Resultado Preliminar &#8211; Doutorado Sandu\u00edche no Exterior (PDSE) da CAPES<\/a><\/p>\n\n\n\n<p><a href=\"http:\/\/www.medicina.ufmg.br\/cpgsaudepublica\/wp-content\/uploads\/sites\/43\/2024\/04\/RESULTADO-FINAL-29-04-24.doc_.pdf\">Resultado Final &#8211; Programa Institucional de Doutorado Sandu\u00edche no Exterior (PDSE) da CAPES<\/a><\/p>\n","protected":false},"excerpt":{"rendered":"<p>Chamadas Encerradas 1- Edital n\u00ba02\/2024 -Sele\u00e7\u00e3o-interna-PDSE-CAPES&nbsp; 1.1-&nbsp; Edital 26\/2024 &#8211; referente a sele\u00e7\u00e3o&nbsp;Edital n\u00ba02\/2024 -Sele\u00e7\u00e3o-interna- PDSE-CAPES 1.1.2- Resultado Preliminar- Sele\u00e7\u00e3o-interna doutorado sandu\u00edche -PDSE-CAPES -23\/01\/2025 1.1.3-&nbsp;Resultado Final &#8211;&nbsp;Sele\u00e7\u00e3o-interna doutorado sandu\u00edche -PDSE-CAPES -29\/01\/2025 CHAMADA INTERNA&nbsp; 08\/2024 &#8211;&nbsp;&nbsp;FINANCIAMENTO DE MISS\u00d5ES DE TRABALHO NO EXTERIOR (VIAGENS CURTAS DE PROFESSORES PARA PARCERIAS INTERNACIONAIS) Doutorado Sandu\u00edche no Exterior Programa Institucional de [&hellip;]<\/p>\n","protected":false},"author":105,"featured_media":0,"parent":0,"menu_order":0,"comment_status":"closed","ping_status":"closed","template":"","meta":{"footnotes":""},"class_list":["post-1744","page","type-page","status-publish","hentry"],"_links":{"self":[{"href":"https:\/\/www.medicina.ufmg.br\/cpgsaudepublica\/wp-json\/wp\/v2\/pages\/1744","targetHints":{"allow":["GET"]}}],"collection":[{"href":"https:\/\/www.medicina.ufmg.br\/cpgsaudepublica\/wp-json\/wp\/v2\/pages"}],"about":[{"href":"https:\/\/www.medicina.ufmg.br\/cpgsaudepublica\/wp-json\/wp\/v2\/types\/page"}],"author":[{"embeddable":true,"href":"https:\/\/www.medicina.ufmg.br\/cpgsaudepublica\/wp-json\/wp\/v2\/users\/105"}],"replies":[{"embeddable":true,"href":"https:\/\/www.medicina.ufmg.br\/cpgsaudepublica\/wp-json\/wp\/v2\/comments?post=1744"}],"version-history":[{"count":3,"href":"https:\/\/www.medicina.ufmg.br\/cpgsaudepublica\/wp-json\/wp\/v2\/pages\/1744\/revisions"}],"predecessor-version":[{"id":2414,"href":"https:\/\/www.medicina.ufmg.br\/cpgsaudepublica\/wp-json\/wp\/v2\/pages\/1744\/revisions\/2414"}],"wp:attachment":[{"href":"https:\/\/www.medicina.ufmg.br\/cpgsaudepublica\/wp-json\/wp\/v2\/media?parent=1744"}],"curies":[{"name":"wp","href":"https:\/\/api.w.org\/{rel}","templated":true}]}}