
{"id":1791,"date":"2024-07-24T12:42:06","date_gmt":"2024-07-24T12:42:06","guid":{"rendered":"https:\/\/www.medicina.ufmg.br\/cpgsaudepublica\/?page_id=1791"},"modified":"2024-07-24T12:42:11","modified_gmt":"2024-07-24T12:42:11","slug":"historia","status":"publish","type":"page","link":"https:\/\/www.medicina.ufmg.br\/cpgsaudepublica\/historia\/","title":{"rendered":"Hist\u00f3ria"},"content":{"rendered":"\n<p>O Programa de P\u00f3s-gradua\u00e7\u00e3o em Sa\u00fade P\u00fablica da Universidade Federal de Minas Gerais (PPGSP-UFMG), vinculado ao Departamento de Medicina Preventiva e Social da Faculdade de Medicina da UFMG, foi criado em 1993 como programa de mestrado em Epidemiologia. A primeira defesa de disserta\u00e7\u00e3o ocorreu em outubro de 1995, e em 2001, o Programa passou a oferecer forma\u00e7\u00e3o em n\u00edvel de doutorado, sendo a primeira defesa de tese realizada em junho de 2004. Em 2011, uma nova estrutura\u00e7\u00e3o delineou a forma\u00e7\u00e3o em n\u00edvel de Doutorado em Sa\u00fade P\u00fablica e Mestrado em Sa\u00fade P\u00fablica, estruturado em duas \u00e1reas de concentra\u00e7\u00e3o: Epidemiologia e Sa\u00fade P\u00fablica.<\/p>\n\n\n\n<p>Atualmente conta com seis linhas de pesquisa coerentes com as \u00e1reas de concentra\u00e7\u00e3o: Avalia\u00e7\u00e3o em Sa\u00fade e Servi\u00e7os de Sa\u00fade; Condi\u00e7\u00f5es de Trabalho e Sa\u00fade; Economia da Sa\u00fade e Gest\u00e3o de Sistemas de Sa\u00fade; Epidemiologia das Doen\u00e7as e Agravos N\u00e3o- transmiss\u00edveis; Epidemiologia da Sa\u00fade do Idoso; Sa\u00fade Urbana. Atualmente essas linhas s\u00e3o apoiadas por pesquisa, que elaboram e conduzem projetos de pesquisa, estabelecem redes de colabora\u00e7\u00e3o e polarizam bolsistas de inicia\u00e7\u00e3o cient\u00edfica, mestrado e doutorado, al\u00e9m de egressos da p\u00f3s-gradua\u00e7\u00e3o, representando uma perspectiva real e importante de forma\u00e7\u00e3o continuada nas respectivas linhas de pesquisas e estabilidade nas colabora\u00e7\u00f5es.<\/p>\n\n\n\n<p>O PPGSP-UFMG destaca-se, em todo seu hist\u00f3rico de 30 anos, pela forma\u00e7\u00e3o de pesquisadores e docentes que desempenham papel importante no desenvolvimento e consolida\u00e7\u00e3o do campo da sa\u00fade coletiva no Brasil e, especialmente, no Estado de Minas Gerais. A contribui\u00e7\u00e3o cient\u00edfica relevante e diversificada est\u00e1 em conson\u00e2ncia com os principais problemas de sa\u00fade do pa\u00eds e com seus determinantes econ\u00f4micos, sociais, culturais e biol\u00f3gicos. A produ\u00e7\u00e3o acumulada tem se pautado, sobretudo, pelo compromisso em fornecer evid\u00eancias embasadas para subsidiar pol\u00edticas p\u00fablicas de sa\u00fade e para o fortalecimento do Sistema \u00danico de Sa\u00fade (SUS).&nbsp;<\/p>\n\n\n\n<p>O Programa tem contribu\u00eddo para a forma\u00e7\u00e3o de pesquisadores e docentes que t\u00eam desempenhado papel importante na nuclea\u00e7\u00e3o de outros cursos de p\u00f3s-gradua\u00e7\u00e3o e grupos de pesquisa, destacando-se tamb\u00e9m a inser\u00e7\u00e3o dos egressos na doc\u00eancia em diversas universidades do pa\u00eds, representa\u00e7\u00e3o em ag\u00eancias de fomento e participa\u00e7\u00e3o em organiza\u00e7\u00f5es governamentais em n\u00edvel nacional, estadual e municipal. O PPGSP-UFMG mant\u00e9m coopera\u00e7\u00e3o acad\u00eamica e cient\u00edfica com institui\u00e7\u00f5es nacionais e internacionais, o que tem contribu\u00eddo para o enriquecimento das investiga\u00e7\u00f5es e da produ\u00e7\u00e3o cient\u00edfica do Programa.<\/p>\n\n\n\n<p>Em junho de 2024, o PPGSP-UFMG comemorou a conclus\u00e3o de 354 disserta\u00e7\u00f5es de mestrado, 141 teses de doutorado e 14 resid\u00eancias p\u00f3s-doutorais. O programa conta com a participa\u00e7\u00e3o de 26 docentes com experi\u00eancia consolidada em pesquisa e reconhecimento no cen\u00e1rio nacional e internacional. Atualmente, o PPGSP-UFMG possui 47 alunos de doutorado, 35 de mestrado e 10 residentes p\u00f3s-doutorais.<\/p>\n\n\n\n<p>Desde sua cria\u00e7\u00e3o, o PPGSP-UFMG alcan\u00e7ou um n\u00edvel significativo de maturidade e desempenho. Desde 2010, \u00e9 avaliado como um programa de excel\u00eancia pela Coordena\u00e7\u00e3o de Aperfei\u00e7oamento de Pessoal de N\u00edvel Superior (CAPES), recebendo inicialmente a nota 6. Em 2022, o programa atingiu a nota m\u00e1xima, 7, destacando-se como um dos melhores do pa\u00eds e alcan\u00e7ando reconhecimento de padr\u00e3o internacional de qualidade.<\/p>\n\n\n\n<p>Veja o v\u00eddeo institucional comemorativo dos 30 anos do PPGSP-UFMG:<\/p>\n\n\n\n<figure class=\"wp-block-embed is-provider-youtube wp-block-embed-youtube\"><div class=\"wp-block-embed__wrapper\">\n<iframe title=\"30 anos do PPGSP-UFMG\" width=\"500\" height=\"281\" src=\"https:\/\/www.youtube.com\/embed\/m4OPm7m8PVk?start=7&#038;feature=oembed\" frameborder=\"0\" allow=\"accelerometer; autoplay; clipboard-write; encrypted-media; gyroscope; picture-in-picture; web-share\" referrerpolicy=\"strict-origin-when-cross-origin\" allowfullscreen><\/iframe>\n<\/div><\/figure>\n","protected":false},"excerpt":{"rendered":"<p>O Programa de P\u00f3s-gradua\u00e7\u00e3o em Sa\u00fade P\u00fablica da Universidade Federal de Minas Gerais (PPGSP-UFMG), vinculado ao Departamento de Medicina Preventiva e Social da Faculdade de Medicina da UFMG, foi criado em 1993 como programa de mestrado em Epidemiologia. A primeira defesa de disserta\u00e7\u00e3o ocorreu em outubro de 1995, e em 2001, o Programa passou a [&hellip;]<\/p>\n","protected":false},"author":105,"featured_media":0,"parent":0,"menu_order":0,"comment_status":"closed","ping_status":"closed","template":"","meta":{"footnotes":""},"class_list":["post-1791","page","type-page","status-publish","hentry"],"_links":{"self":[{"href":"https:\/\/www.medicina.ufmg.br\/cpgsaudepublica\/wp-json\/wp\/v2\/pages\/1791","targetHints":{"allow":["GET"]}}],"collection":[{"href":"https:\/\/www.medicina.ufmg.br\/cpgsaudepublica\/wp-json\/wp\/v2\/pages"}],"about":[{"href":"https:\/\/www.medicina.ufmg.br\/cpgsaudepublica\/wp-json\/wp\/v2\/types\/page"}],"author":[{"embeddable":true,"href":"https:\/\/www.medicina.ufmg.br\/cpgsaudepublica\/wp-json\/wp\/v2\/users\/105"}],"replies":[{"embeddable":true,"href":"https:\/\/www.medicina.ufmg.br\/cpgsaudepublica\/wp-json\/wp\/v2\/comments?post=1791"}],"version-history":[{"count":1,"href":"https:\/\/www.medicina.ufmg.br\/cpgsaudepublica\/wp-json\/wp\/v2\/pages\/1791\/revisions"}],"predecessor-version":[{"id":1792,"href":"https:\/\/www.medicina.ufmg.br\/cpgsaudepublica\/wp-json\/wp\/v2\/pages\/1791\/revisions\/1792"}],"wp:attachment":[{"href":"https:\/\/www.medicina.ufmg.br\/cpgsaudepublica\/wp-json\/wp\/v2\/media?parent=1791"}],"curies":[{"name":"wp","href":"https:\/\/api.w.org\/{rel}","templated":true}]}}