
{"id":1802,"date":"2024-07-24T13:22:39","date_gmt":"2024-07-24T13:22:39","guid":{"rendered":"https:\/\/www.medicina.ufmg.br\/cpgsaudepublica\/?page_id=1802"},"modified":"2025-03-19T17:47:59","modified_gmt":"2025-03-19T17:47:59","slug":"perfil-do-egresso","status":"publish","type":"page","link":"https:\/\/www.medicina.ufmg.br\/cpgsaudepublica\/perfil-do-egresso\/","title":{"rendered":"Perfil do Egresso"},"content":{"rendered":"\n<p>O PPGSP-UFMG destaca-se, em todo seu hist\u00f3rico de 30 anos, pela forma\u00e7\u00e3o de pesquisadores que t\u00eam sido amplamente absorvidos por universidades, centros&nbsp; de pesquisa, secretarias estaduais e municipais de sa\u00fade e pelo Minist\u00e9rio da Sa\u00fade.&nbsp;<\/p>\n\n\n\n<p>Em 2019, foi desenvolvida a Primeira Edi\u00e7\u00e3o da Pesquisa de Monitoramento dos Egressos do PPGSP-UFMG com objetivo de avaliar, entre outras coisas, a inser\u00e7\u00e3o profissional de seus egressos.&nbsp; Essa pesquisa envolveu coleta sistem\u00e1tica de dados do curr\u00edculo Lattes de todos os 245 egressos que&nbsp; conclu\u00edram o curso de mestrado ou doutorado entre 2010-2020 e question\u00e1rio auto-aplicado que foi enviado para&nbsp; esses mesmos egressos (propor\u00e7\u00e3o de respondentes: 44,4%).<\/p>\n\n\n\n<p>Encontramos que 86% dos egressos de doutorado e 69% dos egressos de mestrado foram absorvidos por universidades,&nbsp; institutos tecnol\u00f3gicos, centros de pesquisa, Minist\u00e9rio da Sa\u00fade e secretarias estaduais e municipais de sa\u00fade. Destaca-se que 100% dos egressos de doutorado est\u00e3o inseridos no mercado de trabalho e 66%&nbsp; est\u00e3o atuando como docentes no ensino superior, a maioria em universidades p\u00fablicas federais.&nbsp;<\/p>\n\n\n\n<p>Ap\u00f3s a realiza\u00e7\u00e3o do curso praticamente dobrou a propor\u00e7\u00e3o de egressos inseridos na \u00e1rea de ensino (25% versus 48%) e a propor\u00e7\u00e3o de egressos que trabalhavam na \u00e1rea de pesquisa passou de 16% para 40%.&nbsp;<\/p>\n\n\n\n<p>A realiza\u00e7\u00e3o do curso no Programa tamb\u00e9m impactou a qualidade do v\u00ednculo trabalhista, pois ap\u00f3s a finaliza\u00e7\u00e3o do curso 77% dos egressos estavam trabalhando sob regime de contrata\u00e7\u00e3o CLT ou servidor p\u00fablico, sendo que esse percentual antes do ingresso no PPGSP-UFMG era de 59%.&nbsp;<\/p>\n\n\n\n<p>Por fim, observa-se tamb\u00e9m impacto na remunera\u00e7\u00e3o dos egressos, pois 73% relataram aumento salarial ap\u00f3s conclus\u00e3o do curso e atribu\u00edram esse aumento a realiza\u00e7\u00e3o do mestrado ou doutorado no PPGSP-UFMG.<\/p>\n\n\n\n<p>Esses resultados evidenciam a capacidade do PPGSP-UFMG de contribuir para o desenvolvimento de compet\u00eancias e habilidades dos seus estudantes que s\u00e3o essenciais para o desenvolvimento de pesquisadores e docentes e mostram, de forma inquestion\u00e1vel, a import\u00e2ncia do PPGSP-UFMG na forma\u00e7\u00e3o e na carreira dos profissionais que passaram por esse Programa de P\u00f3s-gradua\u00e7\u00e3o.<\/p>\n","protected":false},"excerpt":{"rendered":"<p>O PPGSP-UFMG destaca-se, em todo seu hist\u00f3rico de 30 anos, pela forma\u00e7\u00e3o de pesquisadores que t\u00eam sido amplamente absorvidos por universidades, centros&nbsp; de pesquisa, secretarias estaduais e municipais de sa\u00fade e pelo Minist\u00e9rio da Sa\u00fade.&nbsp; Em 2019, foi desenvolvida a Primeira Edi\u00e7\u00e3o da Pesquisa de Monitoramento dos Egressos do PPGSP-UFMG com objetivo de avaliar, entre [&hellip;]<\/p>\n","protected":false},"author":105,"featured_media":0,"parent":0,"menu_order":0,"comment_status":"closed","ping_status":"closed","template":"","meta":{"footnotes":""},"class_list":["post-1802","page","type-page","status-publish","hentry"],"_links":{"self":[{"href":"https:\/\/www.medicina.ufmg.br\/cpgsaudepublica\/wp-json\/wp\/v2\/pages\/1802","targetHints":{"allow":["GET"]}}],"collection":[{"href":"https:\/\/www.medicina.ufmg.br\/cpgsaudepublica\/wp-json\/wp\/v2\/pages"}],"about":[{"href":"https:\/\/www.medicina.ufmg.br\/cpgsaudepublica\/wp-json\/wp\/v2\/types\/page"}],"author":[{"embeddable":true,"href":"https:\/\/www.medicina.ufmg.br\/cpgsaudepublica\/wp-json\/wp\/v2\/users\/105"}],"replies":[{"embeddable":true,"href":"https:\/\/www.medicina.ufmg.br\/cpgsaudepublica\/wp-json\/wp\/v2\/comments?post=1802"}],"version-history":[{"count":3,"href":"https:\/\/www.medicina.ufmg.br\/cpgsaudepublica\/wp-json\/wp\/v2\/pages\/1802\/revisions"}],"predecessor-version":[{"id":2161,"href":"https:\/\/www.medicina.ufmg.br\/cpgsaudepublica\/wp-json\/wp\/v2\/pages\/1802\/revisions\/2161"}],"wp:attachment":[{"href":"https:\/\/www.medicina.ufmg.br\/cpgsaudepublica\/wp-json\/wp\/v2\/media?parent=1802"}],"curies":[{"name":"wp","href":"https:\/\/api.w.org\/{rel}","templated":true}]}}