
{"id":2393,"date":"2025-09-01T16:50:15","date_gmt":"2025-09-01T16:50:15","guid":{"rendered":"https:\/\/www.medicina.ufmg.br\/cpgsaudepublica\/?page_id=2393"},"modified":"2026-01-27T18:22:11","modified_gmt":"2026-01-27T18:22:11","slug":"processo-seletivo-2026","status":"publish","type":"page","link":"https:\/\/www.medicina.ufmg.br\/cpgsaudepublica\/processo-seletivo-2026\/","title":{"rendered":"Processo Seletivo 2026"},"content":{"rendered":"\t\t<div data-elementor-type=\"wp-page\" data-elementor-id=\"2393\" class=\"elementor elementor-2393\">\n\t\t\t\t\t\t<section class=\"elementor-section elementor-top-section elementor-element elementor-element-2f4206c elementor-section-boxed elementor-section-height-default elementor-section-height-default\" data-id=\"2f4206c\" data-element_type=\"section\">\n\t\t\t\t\t\t<div class=\"elementor-container elementor-column-gap-default\">\n\t\t\t\t\t<div class=\"elementor-column elementor-col-100 elementor-top-column elementor-element elementor-element-b4e341f\" data-id=\"b4e341f\" data-element_type=\"column\">\n\t\t\t<div class=\"elementor-widget-wrap elementor-element-populated\">\n\t\t\t\t\t\t<div class=\"elementor-element elementor-element-6fd77be elementor-widget elementor-widget-heading\" data-id=\"6fd77be\" data-element_type=\"widget\" data-widget_type=\"heading.default\">\n\t\t\t\t<div class=\"elementor-widget-container\">\n\t\t\t\t\t<h2 class=\"elementor-heading-title elementor-size-default\">Edital Mestrado e Doutorado 2026\n<\/h2>\t\t\t\t<\/div>\n\t\t\t\t<\/div>\n\t\t\t\t<div class=\"elementor-element elementor-element-cf3b9a2 elementor-widget elementor-widget-toggle\" data-id=\"cf3b9a2\" data-element_type=\"widget\" data-widget_type=\"toggle.default\">\n\t\t\t\t<div class=\"elementor-widget-container\">\n\t\t\t\t\t\t\t<div class=\"elementor-toggle\">\n\t\t\t\t\t\t\t<div class=\"elementor-toggle-item\">\n\t\t\t\t\t<div id=\"elementor-tab-title-2171\" class=\"elementor-tab-title\" data-tab=\"1\" role=\"button\" aria-controls=\"elementor-tab-content-2171\" aria-expanded=\"false\">\n\t\t\t\t\t\t\t\t\t\t\t\t<span class=\"elementor-toggle-icon elementor-toggle-icon-left\" aria-hidden=\"true\">\n\t\t\t\t\t\t\t\t\t\t\t\t\t\t\t<span class=\"elementor-toggle-icon-closed\"><i class=\"fas fa-caret-right\"><\/i><\/span>\n\t\t\t\t\t\t\t\t<span class=\"elementor-toggle-icon-opened\"><i class=\"elementor-toggle-icon-opened fas fa-caret-up\"><\/i><\/span>\n\t\t\t\t\t\t\t\t\t\t\t\t\t<\/span>\n\t\t\t\t\t\t\t\t\t\t\t\t<a class=\"elementor-toggle-title\" tabindex=\"0\">Edital Regular<\/a>\n\t\t\t\t\t<\/div>\n\n\t\t\t\t\t<div id=\"elementor-tab-content-2171\" class=\"elementor-tab-content elementor-clearfix\" data-tab=\"1\" role=\"region\" aria-labelledby=\"elementor-tab-title-2171\"><ol><li style=\"list-style-type: none;\"><ol><li style=\"list-style-type: none;\"><ol><li><a href=\"https:\/\/ftp.medicina.ufmg.br\/cpg\/programas\/saude_publica\/2025\/1-Edital-Reg_Saude-Publica_MD_2026.pdf\">Edital de Sele\u00e7\u00e3o Regular \u2013 N\u00ba 01\/2026<\/a><\/li><li><a href=\"http:\/\/www.medicina.ufmg.br\/cpgsaudepublica\/wp-content\/uploads\/sites\/43\/2025\/04\/4-Autodeclaracao-Etnico-Racial-doutorado-2025.pdf\">Formul\u00e1rio de Autodeclara\u00e7\u00e3o-\u00c9tnico-racial<\/a><ol><li><b>Link para inscri\u00e7\u00f5es SISPPG:\u00a0<a href=\"https:\/\/intranet3.medicina.ufmg.br\/sisppg\/candidato\/login.php\" target=\"_blank\" rel=\"noopener\" data-saferedirecturl=\"https:\/\/www.google.com\/url?q=https:\/\/intranet3.medicina.ufmg.br\/sisppg\/candidato\/login.php&amp;source=gmail&amp;ust=1756822948135000&amp;usg=AOvVaw1qCeIIc5vaMGGFPIY28N7Q\">https:\/\/intranet3.<wbr \/>medicina.ufmg.br\/sisppg\/<wbr \/>candidato\/login.php<\/a><\/b><\/li><\/ol><\/li><li><a href=\"http:\/\/www.medicina.ufmg.br\/cpgsaudepublica\/wp-content\/uploads\/sites\/43\/2025\/09\/3-Modelo-de-Ficha-de-Pontuacao-do-Curriculo-Doutorado-.pdf\">Modelo de Ficha de Pontua\u00e7\u00e3o do Curr\u00edculo (Doutorado)<\/a><\/li><li><a href=\"http:\/\/www.medicina.ufmg.br\/cpgsaudepublica\/wp-content\/uploads\/sites\/43\/2025\/09\/4-ORIENTACOES-PARA-A-ORGNIZACAO-DOS-COMPROVANTES-DO-CURRICULO-LATTES-1.pdf\">Organiza\u00e7\u00e3o para os comprovantes do curr\u00edculo Lattes<\/a><\/li><li><a href=\"http:\/\/www.medicina.ufmg.br\/cpgsaudepublica\/wp-content\/uploads\/sites\/43\/2025\/10\/LISTA-DE-DEFERIMENTO-E-INDEFERIMENTO-DE-INSCRICOES-EDTIAL-REGULAR-2026-1-AREA-SAUDE-PUBLICA.pdf\">Lista de Deferimentos e Indeferimentos \u2013inscri\u00e7\u00e3o mestrado Edital Regular 2026-1- \u00e1rea Sa\u00fade P\u00fablica<\/a><\/li><li><a href=\"http:\/\/www.medicina.ufmg.br\/cpgsaudepublica\/wp-content\/uploads\/sites\/43\/2025\/10\/LISTA-DE-DEFERIMENTO-E-INDEFERIMENTO-DE-INSCRICOES-EDTIAL-REGULAR-2026-1-AREA-EPIDEMIOLOGIA.pdf\">Lista de Deferimentos e Indeferimentos \u2013 inscri\u00e7\u00e3o mestrado Edital Regular 2026-1- area Epidemiologia<\/a><\/li><li><a href=\"http:\/\/www.medicina.ufmg.br\/cpgsaudepublica\/wp-content\/uploads\/sites\/43\/2025\/10\/LISTA-DE-DEFERIMENTO-E-INDEFERIMENTO-DE-INSCRICOES-DOUTORADO-EDTIAL-REGULAR-2026-1.pdf\">Lista de Deferimentos e Indeferimentos \u2013inscri\u00e7\u00e3o doutorado- Edital Regular 2026-1<\/a><\/li><li><a href=\"http:\/\/www.medicina.ufmg.br\/cpgsaudepublica\/wp-content\/uploads\/sites\/43\/2025\/10\/Guia-Usuario-Dist-PT-1-1.pdf\">\ud83d\udcd8 Guia do Utilizador sele\u00e7\u00e3o mestrado 2026\/1<\/a><br \/><a href=\"https:\/\/youtu.be\/H2T_mBzThN4\">\ud83c\udfa5 Tutorial em v\u00eddeo<\/a><\/li><li><a href=\"http:\/\/www.medicina.ufmg.br\/cpgsaudepublica\/wp-content\/uploads\/sites\/43\/2025\/10\/DECLARACAO-BANCA-EXAMINADORA-SELECAO-MESTRADO-2026-1.pdf\">Declara\u00e7\u00e3o Membros Banca Examinadora Processo Seletivo- Mestrado<\/a><\/li><li><a href=\"http:\/\/www.medicina.ufmg.br\/cpgsaudepublica\/wp-content\/uploads\/sites\/43\/2025\/10\/DECLARACAO-BANCA-EXAMINADORA-SELECAO-DOUTORADO-2026-1.pdf\">Declara\u00e7\u00e3o Membros Banca Examinadora Processo Seletivo- Doutorado<\/a><\/li><li><a href=\"http:\/\/www.medicina.ufmg.br\/cpgsaudepublica\/wp-content\/uploads\/sites\/43\/2025\/10\/RESULTADO-1a-ETAPA-DOUTORADO-PROCESSO-SELETIVO-EDITAL-REGULAR-01-2026.pdf\">Resultado da 1\u00aa Etapa \u2013 Doutorado<\/a><\/li><li><a href=\"http:\/\/www.medicina.ufmg.br\/cpgsaudepublica\/wp-content\/uploads\/sites\/43\/2025\/10\/ESCALA-DE-ARGUICAO-ORAL-PROCESSO-SELETIVO-EDITAL-REGULAR-2026-1.pdf\">Escala de Argui\u00e7\u00e3o Oral<\/a><\/li><li><a href=\"http:\/\/www.medicina.ufmg.br\/cpgsaudepublica\/wp-content\/uploads\/sites\/43\/2025\/10\/INSTRUCOES-PARA-PROVA-DE-MESTRADO-2026-1.pdf\">Instru\u00e7\u00f5es para prova de Mestrado<\/a><\/li><li><a href=\"http:\/\/www.medicina.ufmg.br\/cpgsaudepublica\/wp-content\/uploads\/sites\/43\/2025\/11\/GABARITO-DA-PROVA-DA-1o-ETAPA-MESTRADO-\u2013-2026.pdf\">GABARITO DA PROVA DA 1\u00ba ETAPA MESTRADO \u2013 2026<\/a><\/li><li><a href=\"http:\/\/www.medicina.ufmg.br\/cpgsaudepublica\/wp-content\/uploads\/sites\/43\/2025\/11\/Prova-Mestrado-selecao-2026-0BJETIVA-.pdf\">PROVA MESTRADO SA\u00daDE P\u00daBLICA \u2013 2026 (1\u00ba ETAPA)<\/a><\/li><li><a href=\"http:\/\/www.medicina.ufmg.br\/cpgsaudepublica\/wp-content\/uploads\/sites\/43\/2025\/11\/RESULTADO-1o-ETAPA-\u2013-EDITAL-REGULAR-PROCESSO-SELETIVO-MESTRADO-AREA-DE-CONCENTRACAO-SAUDE-PUBLICA-E-EPIDEMIOLOGIA-01-2026.pdf\">Resultado 1\u00baetapa Processo seletivo MESTRADO 2026\/1\u2013 Edital regular- \u00e1rea de concentra\u00e7\u00e3o Sa\u00fade P\u00fablica e Epidemiologia<\/a><\/li><li><a href=\"http:\/\/www.medicina.ufmg.br\/cpgsaudepublica\/wp-content\/uploads\/sites\/43\/2025\/11\/Prova-aberta-do-mestrado-com-gabarito-2o-etapa.pdf\">P<span class=\"gmail_default\">rova aberta- 2\u00ba etapa<\/span><\/a><\/li><li><a href=\"http:\/\/www.medicina.ufmg.br\/cpgsaudepublica\/wp-content\/uploads\/sites\/43\/2025\/12\/Retificacao-Ed.-Regular_Saude-Publica_MD-2026.pdf\">1\u00aa Retifica\u00e7\u00e3o do Edital de Sele\u00e7\u00e3o Regular<\/a><\/li><li><a href=\"http:\/\/www.medicina.ufmg.br\/cpgsaudepublica\/wp-content\/uploads\/sites\/43\/2025\/12\/RESULTADO-FINAL-SELECAO-MESTRADO-EDITAL-REGULAR-01-2026-AREA-CONCENTRACAO-EPIDEMIOLOGIA-E-SAUDE-PUBLICA.pdf\">RESULTADO FINAL &#8211; SELE\u00c7\u00c3O MESTRADO &#8211; \u00c1REA DE CONCENTRA\u00c7\u00c3O EPIDEMIOLOGIA E SA\u00daDE P\u00daBLICA<\/a><\/li><li><a href=\"http:\/\/www.medicina.ufmg.br\/cpgsaudepublica\/wp-content\/uploads\/sites\/43\/2025\/12\/RESULTADO-FINAL-DOUTORADO-2026-1-EDITAL-REGULAR.pdf\">RESULTADO FINAL- SELE\u00c7\u00c3O DOUTORADO<\/a><\/li><li><a href=\"http:\/\/www.medicina.ufmg.br\/cpgsaudepublica\/wp-content\/uploads\/sites\/43\/2026\/01\/Horarios-do-Procedimento-de-Heteroidentificacao-do-PPG-Saude-Publica-1.pdf\">Hor\u00e1rios do Procedimento de para banca de Heteroidentifica\u00e7\u00e3o<\/a><\/li><li><div id=\":1gr\" class=\"ii gt adO\"><div id=\":1gq\" class=\"a3s aiL\"><div id=\"avWBGd-405\"><div dir=\"ltr\"><div class=\"gmail_quote\"><div><a href=\"http:\/\/www.medicina.ufmg.br\/cpgsaudepublica\/wp-content\/uploads\/sites\/43\/2026\/01\/PPGSP-1.pdf\"><span class=\"gmail_default\">Resultado da avalia\u00e7\u00e3o de Heteroidentifica\u00e7\u00e3o- PPGSP<\/span><\/a><\/div><\/div><\/div><\/div><\/div><\/div><div id=\":1dl\" class=\"hq gt\">\u00a0<\/div><\/li><\/ol><\/li><\/ol><\/li><\/ol><\/div>\n\t\t\t\t<\/div>\n\t\t\t\t\t\t\t<div class=\"elementor-toggle-item\">\n\t\t\t\t\t<div id=\"elementor-tab-title-2172\" class=\"elementor-tab-title\" data-tab=\"2\" role=\"button\" aria-controls=\"elementor-tab-content-2172\" aria-expanded=\"false\">\n\t\t\t\t\t\t\t\t\t\t\t\t<span class=\"elementor-toggle-icon elementor-toggle-icon-left\" aria-hidden=\"true\">\n\t\t\t\t\t\t\t\t\t\t\t\t\t\t\t<span class=\"elementor-toggle-icon-closed\"><i class=\"fas fa-caret-right\"><\/i><\/span>\n\t\t\t\t\t\t\t\t<span class=\"elementor-toggle-icon-opened\"><i class=\"elementor-toggle-icon-opened fas fa-caret-up\"><\/i><\/span>\n\t\t\t\t\t\t\t\t\t\t\t\t\t<\/span>\n\t\t\t\t\t\t\t\t\t\t\t\t<a class=\"elementor-toggle-title\" tabindex=\"0\">Edital Suplementar <\/a>\n\t\t\t\t\t<\/div>\n\n\t\t\t\t\t<div id=\"elementor-tab-content-2172\" class=\"elementor-tab-content elementor-clearfix\" data-tab=\"2\" role=\"region\" aria-labelledby=\"elementor-tab-title-2172\"><ol><li style=\"list-style-type: none;\"><ol><li style=\"list-style-type: none;\"><ol><li><a href=\"https:\/\/ftp.medicina.ufmg.br\/cpg\/programas\/saude_publica\/2025\/1-Edital-Supl_Saude%20Publica_MD_2026.pdf\">Edital Suplementar<\/a><ol><li><strong>Link para inscri\u00e7\u00f5es SISPPG:<\/strong>\u00a0<a href=\"https:\/\/intranet3.medicina.ufmg.br\/sisppg\/candidato\/login.php\" target=\"_blank\" rel=\"noopener\" data-saferedirecturl=\"https:\/\/www.google.com\/url?q=https:\/\/intranet3.medicina.ufmg.br\/sisppg\/candidato\/login.php&amp;source=gmail&amp;ust=1756823745449000&amp;usg=AOvVaw0XKAM-cAMAiTHBsjIbJYl5\">https:\/\/intranet3.<wbr \/>medicina.ufmg.br\/sisppg\/<wbr \/>candidato\/login.php<\/a><\/li><\/ol><\/li><li><a href=\"http:\/\/www.medicina.ufmg.br\/cpgsaudepublica\/wp-content\/uploads\/sites\/43\/2025\/09\/3-Modelo-de-Ficha-de-Pontuacao-do-Curriculo-Doutorado-.pdf\">Modelo de Ficha de Pontua\u00e7\u00e3o do Curr\u00edculo (Doutorado)<\/a><\/li><li><a href=\"http:\/\/www.medicina.ufmg.br\/cpgsaudepublica\/wp-content\/uploads\/sites\/43\/2025\/09\/4-ORIENTACOES-PARA-A-ORGNIZACAO-DOS-COMPROVANTES-DO-CURRICULO-LATTES-1.pdf\">Organiza\u00e7\u00e3o para os comprovantes do curr\u00edculo Lattes<\/a><\/li><li><a href=\"http:\/\/www.medicina.ufmg.br\/cpgsaudepublica\/wp-content\/uploads\/sites\/43\/2025\/09\/FORMULARIO-DE-SOLICITACAO-DE-CONDICOES-ESPECIAIS.pdf\">Formul\u00e1rio de Solicita\u00e7\u00e3o de Condi\u00e7\u00f5es Especiais para a Realiza\u00e7\u00e3o da Prova<\/a><\/li><li><a href=\"http:\/\/www.medicina.ufmg.br\/cpgsaudepublica\/wp-content\/uploads\/sites\/43\/2025\/09\/AUTODECLARACAO-DE-PESSOA-COM-DEFICIENCIA.pdf\">Formul\u00e1rio de Autodeclara\u00e7\u00e3o de Pessoa com Defici\u00eancia<\/a><\/li><li><a href=\"http:\/\/www.medicina.ufmg.br\/cpgsaudepublica\/wp-content\/uploads\/sites\/43\/2025\/09\/MODELO-DE-RELATORIO-DO-MEDICO-ASSISTENTE.pdf\">Modelo de Relat\u00f3rio do M\u00e9dico Assistente<\/a><\/li><li><a href=\"http:\/\/www.medicina.ufmg.br\/cpgsaudepublica\/wp-content\/uploads\/sites\/43\/2025\/09\/Indigena-1-de-3-Declaracao-de-Autorreconhecimento.pdf\">Declara\u00e7\u00e3o de Autorreconhecimento Ind\u00edgena<\/a><\/li><li><a href=\"http:\/\/www.medicina.ufmg.br\/cpgsaudepublica\/wp-content\/uploads\/sites\/43\/2025\/09\/Indigena-2-de-3-Declaracao-de-Liderancas.pdf\">Declara\u00e7\u00e3o de Lideran\u00e7as Ind\u00edgena<\/a><\/li><li><a href=\"http:\/\/www.medicina.ufmg.br\/cpgsaudepublica\/wp-content\/uploads\/sites\/43\/2025\/09\/Indigena-3-de-3-Declaracao-de-Residencia.pdf\">Declara\u00e7\u00e3o de Resid\u00eancia Ind\u00edgena<\/a><\/li><li><a href=\"http:\/\/www.medicina.ufmg.br\/cpgsaudepublica\/wp-content\/uploads\/sites\/43\/2025\/10\/LISTA-DE-DEFERIDOS-E-INDEFERIDOS-EDITAL-SUPLEMENTAR-2026-1-1-1.pdf\"> Lista de Deferimentos e Indeferimentos \u2013 inscri\u00e7\u00e3o mestrado Edital Suplementar- Vagas para Ind\u00edgenas e Pessoas com Defici\u00eancia -2026-1<\/a><\/li><li><a href=\"https:\/\/www.medicina.ufmg.br\/cpgsaudepublica\/wp-content\/uploads\/sites\/43\/2025\/10\/LISTA-DE-DEFERIMENTO-E-INDEFERIMENTO-DE-INSCRICOES-DOUTORADO-EDTIAL-SUPLEMENTAT-2026-1.pdf\">Lista de Deferimentos e Indeferimentos \u2013inscri\u00e7\u00e3o doutorado- Edital Suplementar 2026-1- Vagas para Ind\u00edgenas e Pessoas com Defici\u00eancia -2026-1<\/a><\/li><li><a href=\"http:\/\/www.medicina.ufmg.br\/cpgsaudepublica\/wp-content\/uploads\/sites\/43\/2025\/10\/Guia-Usuario-Dist-PT-1-1.pdf\">\ud83d\udcd8 Guia do Utilizador sele\u00e7\u00e3o mestrado 2026\/1<\/a><br \/><a href=\"https:\/\/youtu.be\/H2T_mBzThN4\">\ud83c\udfa5 Tutorial em v\u00eddeo<\/a><\/li><li><a href=\"http:\/\/www.medicina.ufmg.br\/cpgsaudepublica\/wp-content\/uploads\/sites\/43\/2025\/10\/DECLARACAO-BANCA-EXAMINADORA-SELECAO-MESTRADO-2026-1.pdf\">Declara\u00e7\u00e3o Membros Banca Examinadora Processo Seletivo- Mestrado<\/a><\/li><li><a href=\"http:\/\/www.medicina.ufmg.br\/cpgsaudepublica\/wp-content\/uploads\/sites\/43\/2025\/10\/DECLARACAO-BANCA-EXAMINADORA-SELECAO-DOUTORADO-2026-1.pdf\">Declara\u00e7\u00e3o Membros Banca Examinadora Processo Seletivo- Doutorado<\/a><\/li><li><a href=\"http:\/\/www.medicina.ufmg.br\/cpgsaudepublica\/wp-content\/uploads\/sites\/43\/2025\/10\/RESULTADO-1a-ETAPA-DOUTORADO-PROCESSO-SELETIVO-EDITAL-SUPLEMENTAR-01-2026.pdf\">Resultado da 1\u00aa Etapa \u2013 Doutorado<\/a><\/li><li><a href=\"http:\/\/www.medicina.ufmg.br\/cpgsaudepublica\/wp-content\/uploads\/sites\/43\/2025\/10\/ESCALA-DE-ARGUICAO-ORAL-PROCESSO-SELETIVO-EDITAL-SUPLEMENTAR-2026-1.pdf\">Escala de Argui\u00e7\u00e3o Oral<\/a><\/li><li><a href=\"http:\/\/www.medicina.ufmg.br\/cpgsaudepublica\/wp-content\/uploads\/sites\/43\/2025\/10\/INSTRUCOES-PARA-PROVA-DE-MESTRADO-2026-1.pdf\">Instru\u00e7\u00f5es para prova de Mestrado<\/a><\/li><li><a href=\"http:\/\/www.medicina.ufmg.br\/cpgsaudepublica\/wp-content\/uploads\/sites\/43\/2025\/11\/GABARITO-DA-PROVA-DA-1o-ETAPA-MESTRADO-\u2013-2026.pdf\">GABARITO DA PROVA DA 1\u00ba ETAPA MESTRADO \u2013 2026<\/a><\/li><li><a href=\"http:\/\/www.medicina.ufmg.br\/cpgsaudepublica\/wp-content\/uploads\/sites\/43\/2025\/11\/Prova-Mestrado-selecao-2026-0BJETIVA-.pdf\">PROVA MESTRADO SA\u00daDE P\u00daBLICA \u2013 2026 (1\u00ba ETAPA)<\/a><\/li><li><a href=\"http:\/\/www.medicina.ufmg.br\/cpgsaudepublica\/wp-content\/uploads\/sites\/43\/2025\/11\/RESULTADO-1o-ETAPA-\u2013-EDITAL-SUPLEMENTAR-PROCESSO-SELETIVO-MESTRADO-AREA-DE-CONCENTRACAO-SAUDE-PUBLICA-E-EPIDEMIOLOGIA-01-2026.pdf\">Resultado 1\u00baetapa Processo seletivo MESTRADO &#8211; \u00c1rea de concentra\u00e7\u00e3o Sa\u00fade P\u00fablica e Epidemiologia<\/a><\/li><li><a href=\"http:\/\/www.medicina.ufmg.br\/cpgsaudepublica\/wp-content\/uploads\/sites\/43\/2025\/11\/Prova-aberta-do-mestrado-com-gabarito-2o-etapa.pdf\">P<span class=\"gmail_default\">rova aberta- 2\u00ba etapa<\/span><\/a><\/li><li><a href=\"http:\/\/www.medicina.ufmg.br\/cpgsaudepublica\/wp-content\/uploads\/sites\/43\/2025\/12\/Retificacao-Ed.-Suplementar_Saude-Publica_MD_2026.pdf\">1\u00aa Retifica\u00e7\u00e3o do Edital de Sele\u00e7\u00e3o Suplementar<\/a><\/li><li><div class=\"gmail_default\"><a href=\"http:\/\/www.medicina.ufmg.br\/cpgsaudepublica\/wp-content\/uploads\/sites\/43\/2025\/12\/RESULTADO-FINAL-DOUTORADO-2026-1-EDITAL-SUPLEMENTAR.pdf\">RESULTADO &#8211; SELE\u00c7\u00c3O MESTRADO EDITAL SUPLEMENTAR &#8211; <span class=\"selectable-text copyable-text xkrh14z\">\u00c1rea de concentra\u00e7\u00e3o Sa\u00fade P\u00fablica e Epidemiologia<\/span><\/a><\/div><\/li><li><div class=\"gmail_default\"><a href=\"http:\/\/www.medicina.ufmg.br\/cpgsaudepublica\/wp-content\/uploads\/sites\/43\/2025\/12\/RESULTADO-FINAL-DOUTORADO-2026-1-EDITAL-SUPLEMENTAR.pdf\">RESULTADO FINAL- SELE\u00c7\u00c3O\u00a0 DOUTORADO &#8211; SUPLEMENTAR<\/a><\/div><\/li><li><a href=\"http:\/\/www.medicina.ufmg.br\/cpgsaudepublica\/wp-content\/uploads\/sites\/43\/2025\/12\/RESULTADO-FINAL-SELECAO-MESTRADO-EDTIAL-SUPLEMENTAR-01-2026-Vagas-para-Indigenas-e-Pessoas-com-Deficiencia.pdf\">RESULTADO FINAL &#8211; SELE\u00c7\u00c3O MESTRADO &#8211; SUPLEMENTAR\u00a0<\/a><\/li><\/ol><\/li><\/ol><\/li><\/ol><\/div>\n\t\t\t\t<\/div>\n\t\t\t\t\t\t\t\t<\/div>\n\t\t\t\t\t\t<\/div>\n\t\t\t\t<\/div>\n\t\t\t\t\t<\/div>\n\t\t<\/div>\n\t\t\t\t\t<\/div>\n\t\t<\/section>\n\t\t\t\t<\/div>\n\t\t","protected":false},"excerpt":{"rendered":"<p>Edital Mestrado e Doutorado 2026 Edital Regular Edital de Sele\u00e7\u00e3o Regular \u2013 N\u00ba 01\/2026 Formul\u00e1rio de Autodeclara\u00e7\u00e3o-\u00c9tnico-racial Link para inscri\u00e7\u00f5es SISPPG:\u00a0https:\/\/intranet3.medicina.ufmg.br\/sisppg\/candidato\/login.php Modelo de Ficha de Pontua\u00e7\u00e3o do Curr\u00edculo (Doutorado) Organiza\u00e7\u00e3o para os comprovantes do curr\u00edculo Lattes Lista de Deferimentos e Indeferimentos \u2013inscri\u00e7\u00e3o mestrado Edital Regular 2026-1- \u00e1rea Sa\u00fade P\u00fablica Lista de Deferimentos e Indeferimentos \u2013 [&hellip;]<\/p>\n","protected":false},"author":116,"featured_media":0,"parent":0,"menu_order":0,"comment_status":"closed","ping_status":"closed","template":"","meta":{"footnotes":""},"class_list":["post-2393","page","type-page","status-publish","hentry"],"_links":{"self":[{"href":"https:\/\/www.medicina.ufmg.br\/cpgsaudepublica\/wp-json\/wp\/v2\/pages\/2393","targetHints":{"allow":["GET"]}}],"collection":[{"href":"https:\/\/www.medicina.ufmg.br\/cpgsaudepublica\/wp-json\/wp\/v2\/pages"}],"about":[{"href":"https:\/\/www.medicina.ufmg.br\/cpgsaudepublica\/wp-json\/wp\/v2\/types\/page"}],"author":[{"embeddable":true,"href":"https:\/\/www.medicina.ufmg.br\/cpgsaudepublica\/wp-json\/wp\/v2\/users\/116"}],"replies":[{"embeddable":true,"href":"https:\/\/www.medicina.ufmg.br\/cpgsaudepublica\/wp-json\/wp\/v2\/comments?post=2393"}],"version-history":[{"count":72,"href":"https:\/\/www.medicina.ufmg.br\/cpgsaudepublica\/wp-json\/wp\/v2\/pages\/2393\/revisions"}],"predecessor-version":[{"id":2536,"href":"https:\/\/www.medicina.ufmg.br\/cpgsaudepublica\/wp-json\/wp\/v2\/pages\/2393\/revisions\/2536"}],"wp:attachment":[{"href":"https:\/\/www.medicina.ufmg.br\/cpgsaudepublica\/wp-json\/wp\/v2\/media?parent=2393"}],"curies":[{"name":"wp","href":"https:\/\/api.w.org\/{rel}","templated":true}]}}