
{"id":47,"date":"2016-02-19T16:22:18","date_gmt":"2016-02-19T16:22:18","guid":{"rendered":"https:\/\/www.medicina.ufmg.br\/cpgsaudepublica\/?page_id=47"},"modified":"2025-09-25T12:52:01","modified_gmt":"2025-09-25T12:52:01","slug":"regulamento-e-resolucoes","status":"publish","type":"page","link":"https:\/\/www.medicina.ufmg.br\/cpgsaudepublica\/regulamento-e-resolucoes\/","title":{"rendered":"Regulamento e Resolu\u00e7\u00f5es"},"content":{"rendered":"<h3>Regulamento<\/h3>\n<p><a class=\"textolink\" href=\"http:\/\/www.medicina.ufmg.br\/cpgsaudepublica\/wp-content\/uploads\/sites\/43\/2025\/04\/REGULAMENTO-DO-PROGRAMA-DE-POS-GRADUACAO-EM-SAUDE.pdf\" target=\"_blank\" rel=\"noopener noreferrer\">Regulamento do Programa de P\u00f3s-Gradua\u00e7\u00e3o em Sa\u00fade P\u00fablica<\/a><\/p>\n<h3>Resolu\u00e7\u00f5es<\/h3>\n<p><a href=\"http:\/\/www.medicina.ufmg.br\/cpgsaudepublica\/wp-content\/uploads\/sites\/43\/2025\/04\/RESOLUCAO-N1-APROVEITAMENTO-DE-CREDITOS-PPGSP-26-03-25.pdf\">Resolu\u00e7\u00e3o N\u00ba 01 de 26 de mar\u00e7o de 2025:<\/a> Estabelece os crit\u00e9rios que trata sobre o pedido e a avalia\u00e7\u00e3o do aproveitamento de cr\u00e9ditos junto ao Programa de P\u00f3s-Gradua\u00e7\u00e3o em Sa\u00fade P\u00fablica da UFMG.<\/p>\n<p><a href=\"http:\/\/www.medicina.ufmg.br\/cpgsaudepublica\/wp-content\/uploads\/sites\/43\/2025\/09\/RESOLUCAO_02_2025_do_Programa_de_Pos_Graduacao_em_Saude_Publica___Credenciamento.pdf\">Resolu\u00e7\u00e3o N\u00ba 02\/2025 de 02 de setembro de 2025<\/a> &#8211;\u00a0 Regulamenta o credenciamento e recredenciamento de professores permanentes e colaboradores do Programa de P\u00f3s-Gradua\u00e7\u00e3o em Sa\u00fade P\u00fablica da Universidade Federal de Minas Gerais (UFMG)<\/p>\n<p><a href=\"http:\/\/www.medicina.ufmg.br\/cpgsaudepublica\/wp-content\/uploads\/sites\/43\/2025\/09\/RESOLUCAO-02-2024.pdf\">Resolu\u00e7\u00e3o n\u00ba 02\/2024, de 9 de maio de 2024<\/a>: Regulamenta as diretrizes institucionais para a distribui\u00e7\u00e3o de bolsas de mestrado, doutorado e p\u00f3s-doutorado e normatiza o ac\u00famulo de bolsas com outros rendimentos, sejam oriundos de atividade remunerada, sejam provenientes de outras bolsas, no Programa de P\u00f3s-gradua\u00e7\u00e3o em Sa\u00fade P\u00fablica<\/p>\n<p><a href=\"http:\/\/www.medicina.ufmg.br\/cpgsaudepublica\/wp-content\/uploads\/sites\/43\/2024\/04\/2024.03.11_Resolucao-diretrizes-de-normatizacao-dos-projetos-de-tese-e-dissertacao_Aprovada-PRPG1.pdf\">Resolu\u00e7\u00e3o N\u00ba01\/2023<\/a>: Estabelece as diretrizes de normatiza\u00e7\u00e3o dos pr\u00e9-projetos e projetos de tese e disserta\u00e7\u00e3o realizadas pelo Programa de P\u00f3s-Gradua\u00e7\u00e3o em Sa\u00fade P\u00fablica da UFMG.<br \/><a href=\"http:\/\/www.medicina.ufmg.br\/cpgsaudepublica\/wp-content\/uploads\/sites\/43\/2024\/04\/diretrizes-para-normalizacao-de-trabalhos-academicos-da-UFMG.pdf\"><strong>Diretrizes para Normaliza\u00e7\u00e3o de Trabalhos Acad\u00eamicos<\/strong><\/a><\/p>\n<p><a href=\"https:\/\/www.medicina.ufmg.br\/cpgsaudepublica\/wp-content\/uploads\/sites\/43\/2019\/10\/Resolu\u00e7\u00e3o-n\u00ba-01-2019-Regulamenta-o-Est\u00e1gio-Doc\u00eancia-PPGSP-15-10-2019.pdf\" target=\"_blank\" rel=\"noopener noreferrer\">Resolu\u00e7\u00e3o N\u00ba 01\/2019<\/a> &#8211; Regulamenta o Est\u00e1gio em Doc\u00eancia para discentes do Programa de P\u00f3s-Gradua\u00e7\u00e3o em Sa\u00fade P\u00fablica da Universidade Federal de Minas Gerais.<\/p>\n\n\n<p><\/p>\n","protected":false},"excerpt":{"rendered":"<p>Regulamento Regulamento do Programa de P\u00f3s-Gradua\u00e7\u00e3o em Sa\u00fade P\u00fablica Resolu\u00e7\u00f5es Resolu\u00e7\u00e3o N\u00ba 01 de 26 de mar\u00e7o de 2025: Estabelece os crit\u00e9rios que trata sobre o pedido e a avalia\u00e7\u00e3o do aproveitamento de cr\u00e9ditos junto ao Programa de P\u00f3s-Gradua\u00e7\u00e3o em Sa\u00fade P\u00fablica da UFMG. Resolu\u00e7\u00e3o N\u00ba 02\/2025 de 02 de setembro de 2025 &#8211;\u00a0 Regulamenta [&hellip;]<\/p>\n","protected":false},"author":17,"featured_media":0,"parent":0,"menu_order":0,"comment_status":"closed","ping_status":"closed","template":"","meta":{"footnotes":""},"class_list":["post-47","page","type-page","status-publish","hentry"],"_links":{"self":[{"href":"https:\/\/www.medicina.ufmg.br\/cpgsaudepublica\/wp-json\/wp\/v2\/pages\/47","targetHints":{"allow":["GET"]}}],"collection":[{"href":"https:\/\/www.medicina.ufmg.br\/cpgsaudepublica\/wp-json\/wp\/v2\/pages"}],"about":[{"href":"https:\/\/www.medicina.ufmg.br\/cpgsaudepublica\/wp-json\/wp\/v2\/types\/page"}],"author":[{"embeddable":true,"href":"https:\/\/www.medicina.ufmg.br\/cpgsaudepublica\/wp-json\/wp\/v2\/users\/17"}],"replies":[{"embeddable":true,"href":"https:\/\/www.medicina.ufmg.br\/cpgsaudepublica\/wp-json\/wp\/v2\/comments?post=47"}],"version-history":[{"count":19,"href":"https:\/\/www.medicina.ufmg.br\/cpgsaudepublica\/wp-json\/wp\/v2\/pages\/47\/revisions"}],"predecessor-version":[{"id":2426,"href":"https:\/\/www.medicina.ufmg.br\/cpgsaudepublica\/wp-json\/wp\/v2\/pages\/47\/revisions\/2426"}],"wp:attachment":[{"href":"https:\/\/www.medicina.ufmg.br\/cpgsaudepublica\/wp-json\/wp\/v2\/media?parent=47"}],"curies":[{"name":"wp","href":"https:\/\/api.w.org\/{rel}","templated":true}]}}