
{"id":49,"date":"2016-02-19T16:23:10","date_gmt":"2016-02-19T16:23:10","guid":{"rendered":"https:\/\/www.medicina.ufmg.br\/cpgsaudepublica\/?page_id=49"},"modified":"2025-10-23T14:24:58","modified_gmt":"2025-10-23T14:24:58","slug":"colegiado","status":"publish","type":"page","link":"https:\/\/www.medicina.ufmg.br\/cpgsaudepublica\/colegiado\/","title":{"rendered":"Colegiado"},"content":{"rendered":"<p><a href=\"https:\/\/www.medicina.ufmg.br\/cpgsaudepublica\/ultimas-decisoes-do-colegiado\/\">\u00daltimas Decis\u00f5es do Colegiado<\/a><\/p>\n<div class=\"gmail_default\">\n<div class=\"gmail_default\">\n<p><strong>Coordenadora do Programa de P\u00f3s-Gradua\u00e7\u00e3o em Sa\u00fade\u00a0P\u00fablica<br \/><\/strong>Professora Lidyane do Valle Camelo<\/p>\n<p><strong>Subcoordenadora do Programa de P\u00f3s-Gradua\u00e7\u00e3o em Sa\u00fade P\u00fablica<br \/><\/strong>Professora\u00a0Luciana de Souza Braga<\/p>\n<p style=\"font-weight: 400;\"><strong>Colegiado do Programa de P\u00f3s-Gradua\u00e7\u00e3o em Sa\u00fade P\u00fablica:<br \/><\/strong><\/p>\n<p style=\"font-weight: 400;\">Prof\u00aa. Lidyane do Valle Camelo (titular) e Prof. Rafael Moreira Claro (suplente)<br \/>Prof\u00aa. Ilka Afonso Reis (titular) e Prof\u00aa. Mariangela Leal Cherchiglia (suplente)<br \/>Prof\u00aa. Luana Giatti Gon\u00e7alves (titular) e Profa.\u00a0Larissa Loures Mendes (suplente)\u00a0<br \/>Prof\u00aa. Deborah Carvalho Malta (titular) \u2013 Profa. Fl\u00e1via Bulegon Pilecco (suplente)\u00a0<br \/>Prof\u00aa. Am\u00e9lia Augusta Friche ( titular) \u2013 Profa. Juliana Lustosa Torres (suplente)<br \/>Profa. Luciana de Souza Braga (titular) e Profa.\u00a0 Elis Mina Seraya Borde (suplente)\u00a0<br \/>Profa. Alzira de Oliveira Jorge (titular) e\u00a0 Profa. Aline Cristine de Souza Lopes (suplente)\u00a0<\/p>\n<p style=\"font-weight: 400;\"><strong>Representantes discentes:<\/strong><\/p>\n<p>Maura Regina Silva da P\u00e1scoa Vilela\u00a0 \u2013 Representante Discente (<wbr \/>Titular)<br \/>Maria Lu\u00edsa Morais Fonseca \u2013 Representante\u00a0<wbr \/>Discente\u00a0(Suplente)<\/p>\n<\/div>\n<\/div>\n\n\n<p><\/p>\n","protected":false},"excerpt":{"rendered":"<p>\u00daltimas Decis\u00f5es do Colegiado Coordenadora do Programa de P\u00f3s-Gradua\u00e7\u00e3o em Sa\u00fade\u00a0P\u00fablicaProfessora Lidyane do Valle Camelo Subcoordenadora do Programa de P\u00f3s-Gradua\u00e7\u00e3o em Sa\u00fade P\u00fablicaProfessora\u00a0Luciana de Souza Braga Colegiado do Programa de P\u00f3s-Gradua\u00e7\u00e3o em Sa\u00fade P\u00fablica: Prof\u00aa. Lidyane do Valle Camelo (titular) e Prof. Rafael Moreira Claro (suplente)Prof\u00aa. Ilka Afonso Reis (titular) e Prof\u00aa. Mariangela Leal Cherchiglia [&hellip;]<\/p>\n","protected":false},"author":17,"featured_media":0,"parent":0,"menu_order":0,"comment_status":"closed","ping_status":"closed","template":"","meta":{"footnotes":""},"class_list":["post-49","page","type-page","status-publish","hentry"],"_links":{"self":[{"href":"https:\/\/www.medicina.ufmg.br\/cpgsaudepublica\/wp-json\/wp\/v2\/pages\/49","targetHints":{"allow":["GET"]}}],"collection":[{"href":"https:\/\/www.medicina.ufmg.br\/cpgsaudepublica\/wp-json\/wp\/v2\/pages"}],"about":[{"href":"https:\/\/www.medicina.ufmg.br\/cpgsaudepublica\/wp-json\/wp\/v2\/types\/page"}],"author":[{"embeddable":true,"href":"https:\/\/www.medicina.ufmg.br\/cpgsaudepublica\/wp-json\/wp\/v2\/users\/17"}],"replies":[{"embeddable":true,"href":"https:\/\/www.medicina.ufmg.br\/cpgsaudepublica\/wp-json\/wp\/v2\/comments?post=49"}],"version-history":[{"count":25,"href":"https:\/\/www.medicina.ufmg.br\/cpgsaudepublica\/wp-json\/wp\/v2\/pages\/49\/revisions"}],"predecessor-version":[{"id":2464,"href":"https:\/\/www.medicina.ufmg.br\/cpgsaudepublica\/wp-json\/wp\/v2\/pages\/49\/revisions\/2464"}],"wp:attachment":[{"href":"https:\/\/www.medicina.ufmg.br\/cpgsaudepublica\/wp-json\/wp\/v2\/media?parent=49"}],"curies":[{"name":"wp","href":"https:\/\/api.w.org\/{rel}","templated":true}]}}