
{"id":558,"date":"2017-10-09T14:17:37","date_gmt":"2017-10-09T14:17:37","guid":{"rendered":"https:\/\/www.medicina.ufmg.br\/cpgsaudepublica\/?page_id=558"},"modified":"2018-08-28T19:06:14","modified_gmt":"2018-08-28T19:06:14","slug":"processo-seletivo-2018","status":"publish","type":"page","link":"https:\/\/www.medicina.ufmg.br\/cpgsaudepublica\/processo-seletivo-2018\/","title":{"rendered":"Processo Seletivo 2018"},"content":{"rendered":"<p>&nbsp;<\/p>\n<p><a href=\"https:\/\/www.medicina.ufmg.br\/cpgsaudepublica\/wp-content\/uploads\/sites\/43\/2018\/08\/RESULTADO-PNPD.pdf\">Resultado Final \u2013 P\u00f3s-doutorado Edital N\u00ba 1\/2018 &#8211; PPGSP<\/a><\/p>\n<p><a href=\"https:\/\/www.medicina.ufmg.br\/cpgsaudepublica\/wp-content\/uploads\/sites\/43\/2018\/08\/CRIT\u00c9RIOS-DE-AVALIA\u00c7\u00c3O-DO-CURR\u00cdCULO-PNPD-PPGSP.pdf\">Resumo do BAREMA &#8211; Crit\u00e9rios de avalia\u00e7\u00e3o do Curr\u00edculo PNPD<\/a><\/p>\n<p><strong>Comiss\u00e3o de Sele\u00e7\u00e3o \u2013 P\u00f3s-Doutorado 2018\/2<\/strong><\/p>\n<p>Prof\u00aa. Mari\u00e2ngela Leal Cherchiglia<br \/>\nProf\u00aa. Lidyane do Valle Camelo<br \/>\nProf\u00aa. Stela Maris Aguiar Lemos<\/p>\n<p><b> Declara\u00e7\u00e3o de inexist\u00eancia de impedimento e suspei\u00e7\u00e3o dos membros da Comiss\u00e3o Examinadora de de Sele\u00e7\u00e3o de bolsista de P\u00f3s-Doutorado<\/b><\/p>\n<p><a href=\"https:\/\/www.medicina.ufmg.br\/cpgsaudepublica\/wp-content\/uploads\/sites\/43\/2018\/08\/Declara\u00e7\u00e3o-Inexist\u00eancia-de-Impedimento-e-Suspei\u00e7\u00e3o-P\u00f3s-Doutorado-Maria\u0302ngela.pdf\">Declara\u00e7\u00e3o Inexist\u00eancia de Impedimento e Suspei\u00e7\u00e3o Prof\u00aa. Mari\u00e2ngela Leal Cherchiglia <\/a><br \/>\n<a href=\"https:\/\/www.medicina.ufmg.br\/cpgsaudepublica\/wp-content\/uploads\/sites\/43\/2018\/08\/Declara\u00e7\u00e3o-Inexist\u00eancia-de-Impedimento-e-Suspei\u00e7\u00e3o-P\u00f3s-Doutorado-Lidyane.pdf\">Declara\u00e7\u00e3o Inexist\u00eancia de Impedimento e Suspei\u00e7\u00e3o Prof\u00aa. Lidyane do Valle Camelo <\/a><br \/>\n<a href=\"https:\/\/www.medicina.ufmg.br\/cpgsaudepublica\/wp-content\/uploads\/sites\/43\/2018\/08\/Declara\u00e7\u00e3o-Inexist\u00eancia-de-Impedimento-e-Suspei\u00e7\u00e3o-P\u00f3s-Doutorado-Stela-Maris.pdf\">Declara\u00e7\u00e3o Inexist\u00eancia de Impedimento e Suspei\u00e7\u00e3o Prof\u00aa. Stela Maris Aguiar Lemos<\/a><\/p>\n<p><a href=\"https:\/\/www.medicina.ufmg.br\/cpgsaudepublica\/wp-content\/uploads\/sites\/43\/2018\/07\/Edital-PNPD-n\u00ba-01-2018-PPGSP-10-07-2018.pdf\" target=\"_blank\" rel=\"noopener\">Edital de Sele\u00e7\u00e3o de bolsista de P\u00f3s-Doutorado (PNPD &#8211; CAPES) n\u00ba 01\/2018 &#8211; Programa de P\u00f3s-Gradua\u00e7\u00e3o em Sa\u00fade P\u00fablica<\/a><\/p>\n<hr \/>\n<p><a href=\"https:\/\/www.medicina.ufmg.br\/cpgsaudepublica\/wp-content\/uploads\/sites\/43\/2018\/06\/Resultado-Final-Doutorado-2018-2-Saude-Publica.pdf\">Resultado Final do Doutorado 2018\/2 &#8211; fluxo cont\u00ednuo<\/a><\/p>\n<p><a href=\"https:\/\/www.medicina.ufmg.br\/cpgsaudepublica\/wp-content\/uploads\/sites\/43\/2018\/06\/Resultado-1-Etapa-DOUTORADO-2018-2.pdf\">Resultado da 1\u00aa Etapa do Doutorado 2018\/2 &#8211; fluxo cont\u00ednuo<\/a><\/p>\n<p><a href=\"https:\/\/www.medicina.ufmg.br\/cpgsaudepublica\/wp-content\/uploads\/sites\/43\/2018\/06\/Escala-Arguic\u0327a\u0303o-Oral-Doutorado-2018-2.pdf\">Escala de Arguic\u0327a\u0303o Oral &#8211; 2\u00aa Etapa do Doutorado 2018\/2 &#8211; fluxo cont\u00ednuo<\/a><\/p>\n<p><strong>Comiss\u00e3o de Sele\u00e7\u00e3o \u2013 Doutorado 2018\/2<\/strong><\/p>\n<p>Prof. Adriano Mar\u00e7al Pimenta<br \/>\nProf\u00aa. Adriane Mesquita de Medeiros<br \/>\nProf\u00aa. Am\u00e9lia Augusta de Lima Friche<\/p>\n<p><strong>Declara\u00e7\u00e3o de inexist\u00eancia de impedimento e suspei\u00e7\u00e3o dos membros da Comiss\u00e3o Examinadora de Doutorado<\/strong><\/p>\n<p><a href=\"https:\/\/www.medicina.ufmg.br\/cpgsaudepublica\/wp-content\/uploads\/sites\/43\/2018\/06\/Declara\u00e7\u00e3o-Inexist\u00eancia-de-Impedimento-e-Suspei\u00e7\u00e3o-Doutorado-Adriane.pdf\">Declara\u00e7\u00e3o Inexist\u00eancia de Impedimento e Suspei\u00e7\u00e3o Doutorado &#8211; Adriane<\/a><br \/>\n<a href=\"https:\/\/www.medicina.ufmg.br\/cpgsaudepublica\/wp-content\/uploads\/sites\/43\/2018\/06\/Declara\u00e7\u00e3o-Inexist\u00eancia-de-Impedimento-e-Suspei\u00e7\u00e3o-Doutorado-Adriano.pdf\">Declara\u00e7\u00e3o Inexist\u00eancia de Impedimento e Suspei\u00e7\u00e3o Doutorado &#8211; Adriano<\/a><br \/>\n<a href=\"https:\/\/www.medicina.ufmg.br\/cpgsaudepublica\/wp-content\/uploads\/sites\/43\/2018\/06\/Declara%C3%A7%C3%A3o-Inexist%C3%AAncia-de-Impedimento-e-Suspei%C3%A7%C3%A3o-Doutorado-Am%C3%A9lia-1.pdf\">Declara\u00e7\u00e3o Inexist\u00eancia de Impedimento e Suspei\u00e7\u00e3o Doutorado &#8211; Am\u00e9lia<\/a><\/p>\n<hr \/>\n<p><a href=\"https:\/\/www.medicina.ufmg.br\/cpgsaudepublica\/wp-content\/uploads\/sites\/43\/2018\/06\/Deferimento-Inscri\u00e7\u00f5es-Processo-Seleitvo-2018-2-Doutorado-07-06-2018.pdf\" target=\"_blank\" rel=\"noopener\">Deferimentos das Inscri\u00e7\u00f5es do Doutorado 2018\/2<\/a><\/p>\n<p><a href=\"https:\/\/www.medicina.ufmg.br\/cpgsaudepublica\/wp-content\/uploads\/sites\/43\/2018\/05\/Retifica\u00e7\u00e3o-data-final-de-inscri\u00e7\u00e3o-e-data-de-divulga\u00e7\u00e3o-do-deferimento-de-inscri\u00e7\u00e3o-Doutorado-Fluxo-Cont\u00ednuo-Sa\u00fade-P\u00fablica-29-05-2018.pdf\" target=\"_blank\" rel=\"noopener\">Retifica\u00e7\u00e3o do Cronograma do Edital Doutorado Fluxo Cont\u00ednuo 2018\/2 &#8211; prorroga\u00e7\u00e3o da data de inscri\u00e7\u00e3o e altera\u00e7\u00e3o da data de divulga\u00e7\u00e3o do deferimento de inscri\u00e7\u00e3o<\/a><\/p>\n<p><a href=\"https:\/\/www.medicina.ufmg.br\/cpgsaudepublica\/wp-content\/uploads\/sites\/43\/2018\/05\/Autodeclara\u00e7\u00e3o-\u00c9tnico-Racial.pdf\">Autodeclara\u00e7\u00e3o \u00c9tnico-Racial<\/a><\/p>\n<p><a href=\"https:\/\/www.medicina.ufmg.br\/cpgsaudepublica\/wp-content\/uploads\/sites\/43\/2018\/05\/Edital-Doutorado-2-2018-Fluxo-Continuo.pdf\">Edital de Sele\u00e7\u00e3o 2018\/2 \u2013 Doutorado Fluxo Cont\u00ednuo<\/a><\/p>\n<p><a href=\"http:\/\/ftp.medicina.ufmg.br\/cpg\/arquivos\/2018\/FormulariodeInscricaoSaudePublica2018.xls\">Formul\u00e1rio de Inscri\u00e7\u00e3o 2018\/2<\/a><\/p>\n<p><a href=\"https:\/\/www.medicina.ufmg.br\/cpgsaudepublica\/wp-content\/uploads\/sites\/43\/2017\/12\/Resultado-Final-Mestrado.pdf\">Resultado Final &#8211; Mestrado 2018\/1<\/a><\/p>\n<p><a href=\"https:\/\/www.medicina.ufmg.br\/cpgsaudepublica\/wp-content\/uploads\/sites\/43\/2017\/12\/Resultado-Final-Doutorado.pdf\">Resultado Final &#8211; Doutorado 2018\/1<\/a><\/p>\n<p><strong>Comiss\u00e3o de Sele\u00e7\u00e3o \u2013 Mestrado 2018\/1<\/strong><br \/>\nProfa. Lidyane do Valle Camelo<br \/>\nProfa. Ilka Afonso Reis<br \/>\nProfa. Adriane Mesquita de Medeiros<br \/>\nProfa. Alzira de Oliveira Jorge<\/p>\n<p><strong>Comiss\u00e3o de Sele\u00e7\u00e3o \u2013 Doutorado 2018\/1<\/strong><br \/>\nProfa. Ana Paula Souto Melo<br \/>\nProfa. Juliana \u00c1lvares<br \/>\nProfa. Aline Cristina de Souza Lopes<\/p>\n<p><a href=\"https:\/\/www.medicina.ufmg.br\/cpgsaudepublica\/wp-content\/uploads\/sites\/43\/2017\/11\/Escala-de-Argui\u00e7\u00e3o-\u2013-Doutorado-24-11-2017.pdf\" target=\"_blank\" rel=\"noopener\">Escala de Argui\u00e7\u00e3o \u2013 Doutorado<\/a><\/p>\n<p><a href=\"https:\/\/www.medicina.ufmg.br\/cpgsaudepublica\/wp-content\/uploads\/sites\/43\/2017\/11\/Resultado-1-Etapa-DOUTORADO-2018-1-24-11-2017.pdf\" target=\"_blank\" rel=\"noopener\">Resultado 1\u00aa Etapa &#8211; Doutorado<\/a><\/p>\n<p><a href=\"https:\/\/www.medicina.ufmg.br\/cpgsaudepublica\/wp-content\/uploads\/sites\/43\/2017\/11\/Instru\u00e7\u00f5es-Prova-Mestrado-Etapa-2-24-11-2017.pdf\" target=\"_blank\" rel=\"noopener\">Instru\u00e7\u00f5es Prova 2\u00aa Etapa &#8211; Mestrado<\/a><\/p>\n<p><a href=\"https:\/\/www.medicina.ufmg.br\/cpgsaudepublica\/wp-content\/uploads\/sites\/43\/2017\/11\/1-Etapa-Saude-P\u00fablica-24-11-2017.pdf\" target=\"_blank\" rel=\"noopener\">Resultado 1\u00aa Etapa SA\u00daDE P\u00daBLICA &#8211; Mestrado<\/a><\/p>\n<p><a href=\"https:\/\/www.medicina.ufmg.br\/cpgsaudepublica\/wp-content\/uploads\/sites\/43\/2017\/11\/1-Etapa-Epidemiologia-24-11-2017.pdf\" target=\"_blank\" rel=\"noopener\">Resultado 1\u00aa Etapa EPIDEMIOLOGIA &#8211; Mestrado<\/a><\/p>\n<p><a href=\"https:\/\/www.medicina.ufmg.br\/cpgsaudepublica\/wp-content\/uploads\/sites\/43\/2017\/10\/Declara\u00e7\u00e3o-Inexist\u00eancia-Doutorado-21-11-2017.pdf\" target=\"_blank\" rel=\"noopener\">Declara\u00e7\u00e3o de inexist\u00eancia de impedimento e suspei\u00e7\u00e3o dos membros da banca examinadora de Doutorado<\/a><\/p>\n<p><a href=\"https:\/\/www.medicina.ufmg.br\/cpgsaudepublica\/wp-content\/uploads\/sites\/43\/2017\/10\/Gabarito-para-divulga\u00e7\u00e3o-prova-conhecimento-gerais-SP-2011-20-11-2017.pdf\" target=\"_blank\" rel=\"noopener\">Gabarito da Prova de Primeira Etapa &#8211; Mestrado<\/a><\/p>\n<p><a href=\"https:\/\/www.medicina.ufmg.br\/cpgsaudepublica\/wp-content\/uploads\/sites\/43\/2017\/10\/declaracoesinexistencias16112017.pdf\">Declara\u00e7\u00e3o de inexist\u00eancia de impedimento e suspei\u00e7\u00e3o dos membros da banca examinadora de Mestrado<\/a><\/p>\n<p><a href=\"https:\/\/www.medicina.ufmg.br\/cpgsaudepublica\/wp-content\/uploads\/sites\/43\/2017\/10\/instrucoes14112017.pdf\">Instru\u00e7\u00f5es Prova Mestrado<\/a><\/p>\n<p><a href=\"https:\/\/www.medicina.ufmg.br\/cpgsaudepublica\/wp-content\/uploads\/sites\/43\/2017\/10\/Deferimento-Doutorado-2018-1-2.pdf\">Deferimentos das Inscri\u00e7\u00f5es do Doutorado 2018\/1<\/a><\/p>\n<p><a href=\"https:\/\/www.medicina.ufmg.br\/cpgsaudepublica\/wp-content\/uploads\/sites\/43\/2017\/10\/Deferimento-Mestrado-2018-1-2.pdf\">Deferimentos das Inscri\u00e7\u00f5es do Mestrado 2018\/1<\/a><\/p>\n<p><a href=\"https:\/\/www.medicina.ufmg.br\/cpgsaudepublica\/wp-content\/uploads\/sites\/43\/2017\/10\/retificacaomestrado2018.pdf\">Retifica\u00e7\u00e3o Edital de Sele\u00e7\u00e3o 2018 \u2013 Mestrado<\/a><\/p>\n<p><a href=\"https:\/\/www.medicina.ufmg.br\/cpgsaudepublica\/wp-content\/uploads\/sites\/43\/2017\/10\/saudepublicaM2018.pdf\">Edital de Sele\u00e7\u00e3o 2018 \u2013 Mestrado<\/a><\/p>\n<p><a href=\"https:\/\/www.medicina.ufmg.br\/cpgsaudepublica\/wp-content\/uploads\/sites\/43\/2017\/10\/saudepublicaD2018.pdf\">Edital de Sele\u00e7\u00e3o 2018 \u2013 Doutorado<\/a><\/p>\n<p><a href=\"http:\/\/ftp.medicina.ufmg.br\/cpg\/programas\/saude_publica\/2017\/formulario09102017.xls\">Formul\u00e1rio de Inscri\u00e7\u00e3o<\/a><\/p>\n","protected":false},"excerpt":{"rendered":"<p>&nbsp; Resultado Final \u2013 P\u00f3s-doutorado Edital N\u00ba 1\/2018 &#8211; PPGSP Resumo do BAREMA &#8211; Crit\u00e9rios de avalia\u00e7\u00e3o do Curr\u00edculo PNPD Comiss\u00e3o de Sele\u00e7\u00e3o \u2013 P\u00f3s-Doutorado 2018\/2 Prof\u00aa. Mari\u00e2ngela Leal Cherchiglia Prof\u00aa. Lidyane do Valle Camelo Prof\u00aa. Stela Maris Aguiar Lemos Declara\u00e7\u00e3o de inexist\u00eancia de impedimento e suspei\u00e7\u00e3o dos membros da Comiss\u00e3o Examinadora de de Sele\u00e7\u00e3o [&hellip;]<\/p>\n","protected":false},"author":17,"featured_media":0,"parent":0,"menu_order":0,"comment_status":"closed","ping_status":"closed","template":"","meta":{"footnotes":""},"class_list":["post-558","page","type-page","status-publish","hentry"],"_links":{"self":[{"href":"https:\/\/www.medicina.ufmg.br\/cpgsaudepublica\/wp-json\/wp\/v2\/pages\/558","targetHints":{"allow":["GET"]}}],"collection":[{"href":"https:\/\/www.medicina.ufmg.br\/cpgsaudepublica\/wp-json\/wp\/v2\/pages"}],"about":[{"href":"https:\/\/www.medicina.ufmg.br\/cpgsaudepublica\/wp-json\/wp\/v2\/types\/page"}],"author":[{"embeddable":true,"href":"https:\/\/www.medicina.ufmg.br\/cpgsaudepublica\/wp-json\/wp\/v2\/users\/17"}],"replies":[{"embeddable":true,"href":"https:\/\/www.medicina.ufmg.br\/cpgsaudepublica\/wp-json\/wp\/v2\/comments?post=558"}],"version-history":[{"count":35,"href":"https:\/\/www.medicina.ufmg.br\/cpgsaudepublica\/wp-json\/wp\/v2\/pages\/558\/revisions"}],"predecessor-version":[{"id":672,"href":"https:\/\/www.medicina.ufmg.br\/cpgsaudepublica\/wp-json\/wp\/v2\/pages\/558\/revisions\/672"}],"wp:attachment":[{"href":"https:\/\/www.medicina.ufmg.br\/cpgsaudepublica\/wp-json\/wp\/v2\/media?parent=558"}],"curies":[{"name":"wp","href":"https:\/\/api.w.org\/{rel}","templated":true}]}}