
{"id":59,"date":"2016-02-22T16:59:22","date_gmt":"2016-02-22T16:59:22","guid":{"rendered":"https:\/\/www.medicina.ufmg.br\/cpgsaudepublica\/?page_id=59"},"modified":"2025-02-27T15:35:50","modified_gmt":"2025-02-27T15:35:50","slug":"dissertacoes-e-teses","status":"publish","type":"page","link":"https:\/\/www.medicina.ufmg.br\/cpgsaudepublica\/dissertacoes-e-teses\/","title":{"rendered":"Disserta\u00e7\u00f5es e Teses"},"content":{"rendered":"<p>As disserta\u00e7\u00f5es e teses do conclu\u00eddas no Programa de P\u00f3s-gradua\u00e7\u00e3o em Sa\u00fade P\u00fablica da UFMG (PPGSP-UFMG) podem ser acessadas por meio do Reposit\u00f3rio Institucional da Universidade Federal de Minas Gerais.<\/p>\n<p><a href=\"https:\/\/repositorio.ufmg.br\/handle\/1843\/390\">Reposit\u00f3rio Institucional da Universidade Federal de Minas Gerais<\/a><\/p>\n<p><a href=\"https:\/\/sucupira-v2.capes.gov.br\/observatorio\/producoes?id-programa=782&amp;search=&amp;size=20&amp;page=0\">Plataforma Sucupira<\/a><\/p>\n","protected":false},"excerpt":{"rendered":"<p>As disserta\u00e7\u00f5es e teses do conclu\u00eddas no Programa de P\u00f3s-gradua\u00e7\u00e3o em Sa\u00fade P\u00fablica da UFMG (PPGSP-UFMG) podem ser acessadas por meio do Reposit\u00f3rio Institucional da Universidade Federal de Minas Gerais. Reposit\u00f3rio Institucional da Universidade Federal de Minas Gerais Plataforma Sucupira<\/p>\n","protected":false},"author":17,"featured_media":0,"parent":0,"menu_order":0,"comment_status":"closed","ping_status":"closed","template":"","meta":{"footnotes":""},"class_list":["post-59","page","type-page","status-publish","hentry"],"_links":{"self":[{"href":"https:\/\/www.medicina.ufmg.br\/cpgsaudepublica\/wp-json\/wp\/v2\/pages\/59","targetHints":{"allow":["GET"]}}],"collection":[{"href":"https:\/\/www.medicina.ufmg.br\/cpgsaudepublica\/wp-json\/wp\/v2\/pages"}],"about":[{"href":"https:\/\/www.medicina.ufmg.br\/cpgsaudepublica\/wp-json\/wp\/v2\/types\/page"}],"author":[{"embeddable":true,"href":"https:\/\/www.medicina.ufmg.br\/cpgsaudepublica\/wp-json\/wp\/v2\/users\/17"}],"replies":[{"embeddable":true,"href":"https:\/\/www.medicina.ufmg.br\/cpgsaudepublica\/wp-json\/wp\/v2\/comments?post=59"}],"version-history":[{"count":9,"href":"https:\/\/www.medicina.ufmg.br\/cpgsaudepublica\/wp-json\/wp\/v2\/pages\/59\/revisions"}],"predecessor-version":[{"id":2065,"href":"https:\/\/www.medicina.ufmg.br\/cpgsaudepublica\/wp-json\/wp\/v2\/pages\/59\/revisions\/2065"}],"wp:attachment":[{"href":"https:\/\/www.medicina.ufmg.br\/cpgsaudepublica\/wp-json\/wp\/v2\/media?parent=59"}],"curies":[{"name":"wp","href":"https:\/\/api.w.org\/{rel}","templated":true}]}}