
{"id":64,"date":"2016-02-22T17:01:54","date_gmt":"2016-02-22T17:01:54","guid":{"rendered":"https:\/\/www.medicina.ufmg.br\/cpgsaudepublica\/?page_id=64"},"modified":"2024-09-12T14:08:24","modified_gmt":"2024-09-12T14:08:24","slug":"links-uteis","status":"publish","type":"page","link":"https:\/\/www.medicina.ufmg.br\/cpgsaudepublica\/links-uteis\/","title":{"rendered":"Links \u00dateis"},"content":{"rendered":"<p><a href=\"http:\/\/www.medicina.ufmg.br\/cpgsaudepublica\/wp-content\/uploads\/sites\/43\/2024\/09\/GRUPO-MED-CORT-PROJETO-2-Final-1-1.pdf\">E-BOOK: As estat\u00edsticas e medidas de mortalidade em Epidemiologia<\/a><\/p>\n<p><a href=\"http:\/\/regional.bvsalud.org\/php\/index.php\" target=\"_blank\" rel=\"noopener noreferrer\">Biblioteca Virtual em Sa\u00fade<\/a><\/p>\n<p><a href=\"http:\/\/www.ufmg.br\/bioetica\/coep\/\" target=\"_blank\" rel=\"noopener noreferrer\">Comit\u00ea de \u00c9tica em Pesquisa (COEP)<\/a><\/p>\n<p><a href=\"http:\/\/www.cnpq.br\/\" target=\"_blank\" rel=\"noopener noreferrer\">Conselho Nacional de Desenvolvimento Cient\u00edfico e Tecnologia (CNPq)<\/a><\/p>\n<p><a href=\"http:\/\/www.capes.gov.br\/\" target=\"_blank\" rel=\"noopener noreferrer\">Coordena\u00e7\u00e3o de Aperfei\u00e7oamento de Pessoal de N\u00edvel Superior (CAPES)<\/a><\/p>\n<p><a href=\"https:\/\/www.gov.br\/capes\/pt-br\/acesso-a-informacao\/acoes-e-programas\/bolsas\/bolsas-no-pais\/proex\">Programa de Excel\u00eancia Acad\u00eamica (PROEX \/ CAPES)<\/a><\/p>\n<p><a href=\"http:\/\/www.scielo.br\/\" target=\"_blank\" rel=\"noopener noreferrer\">Scientific Electronic Library Online<\/a><\/p>\n<p><a href=\"https:\/\/cenex.letras.ufmg.br\/2-uncategorised\/22-exames-de-proficiencia\">Informa\u00e7\u00f5es referentes aos exames de profici\u00eancias realizados pelo CENEX\/FALE<\/a><\/p>\n","protected":false},"excerpt":{"rendered":"<p>E-BOOK: As estat\u00edsticas e medidas de mortalidade em Epidemiologia Biblioteca Virtual em Sa\u00fade Comit\u00ea de \u00c9tica em Pesquisa (COEP) Conselho Nacional de Desenvolvimento Cient\u00edfico e Tecnologia (CNPq) Coordena\u00e7\u00e3o de Aperfei\u00e7oamento de Pessoal de N\u00edvel Superior (CAPES) Programa de Excel\u00eancia Acad\u00eamica (PROEX \/ CAPES) Scientific Electronic Library Online Informa\u00e7\u00f5es referentes aos exames de profici\u00eancias realizados pelo [&hellip;]<\/p>\n","protected":false},"author":17,"featured_media":0,"parent":0,"menu_order":0,"comment_status":"closed","ping_status":"closed","template":"","meta":{"footnotes":""},"class_list":["post-64","page","type-page","status-publish","hentry"],"_links":{"self":[{"href":"https:\/\/www.medicina.ufmg.br\/cpgsaudepublica\/wp-json\/wp\/v2\/pages\/64","targetHints":{"allow":["GET"]}}],"collection":[{"href":"https:\/\/www.medicina.ufmg.br\/cpgsaudepublica\/wp-json\/wp\/v2\/pages"}],"about":[{"href":"https:\/\/www.medicina.ufmg.br\/cpgsaudepublica\/wp-json\/wp\/v2\/types\/page"}],"author":[{"embeddable":true,"href":"https:\/\/www.medicina.ufmg.br\/cpgsaudepublica\/wp-json\/wp\/v2\/users\/17"}],"replies":[{"embeddable":true,"href":"https:\/\/www.medicina.ufmg.br\/cpgsaudepublica\/wp-json\/wp\/v2\/comments?post=64"}],"version-history":[{"count":7,"href":"https:\/\/www.medicina.ufmg.br\/cpgsaudepublica\/wp-json\/wp\/v2\/pages\/64\/revisions"}],"predecessor-version":[{"id":1876,"href":"https:\/\/www.medicina.ufmg.br\/cpgsaudepublica\/wp-json\/wp\/v2\/pages\/64\/revisions\/1876"}],"wp:attachment":[{"href":"https:\/\/www.medicina.ufmg.br\/cpgsaudepublica\/wp-json\/wp\/v2\/media?parent=64"}],"curies":[{"name":"wp","href":"https:\/\/api.w.org\/{rel}","templated":true}]}}