
{"id":659,"date":"2018-08-21T17:56:46","date_gmt":"2018-08-21T17:56:46","guid":{"rendered":"https:\/\/www.medicina.ufmg.br\/cpgsaudepublica\/?page_id=659"},"modified":"2025-03-19T17:49:35","modified_gmt":"2025-03-19T17:49:35","slug":"autoridades","status":"publish","type":"page","link":"https:\/\/www.medicina.ufmg.br\/cpgsaudepublica\/autoridades\/","title":{"rendered":"Autoridades"},"content":{"rendered":"<p><strong>\u00a0<\/strong><\/p>\n<div class=\"gmail_default\">\n<p><strong>Reitora<\/strong><br \/>\nProfessora Sandra Regina Goulart Almeida<\/p>\n<p><strong>Vice-Reitor<br \/>\n<\/strong>Professor Alessandro Fernandes Moreira<\/p>\n<p><strong>Pr\u00f3-Reitora de P\u00f3s-Gradua\u00e7\u00e3o<br \/>\n<\/strong>Professora Isabela Almeida Pordeus<\/p>\n<p><strong>Pr\u00f3-Reitor de Pesquisa<br \/>\n<\/strong>Professor Fernando Marcos dos Reis<\/p>\n<p><strong>Diretora da Faculdade de Medicina<br \/>\n<\/strong>Professora Alamanda Kfoury Pereira<\/p>\n<p><strong>Vice-Diretora da Faculdade de Medicina<br \/>\n<\/strong>Professora Cristina Gon\u00e7alves Alvim<\/p>\n<p><strong>Coordenador do Centro de P\u00f3s-Gradua\u00e7\u00e3o<br \/>\n<\/strong>Professora Ana Cristina Sim\u00f5es e Silva<\/p>\n<p><strong>Subcoordenadora do Centro de P\u00f3s-Gradua\u00e7\u00e3o<br \/>\n<\/strong>Professora Teresa Cristina de Abreu Ferrari<\/p>\n<p><strong>Chefe do Departamento de Medicina Preventiva e Social<br \/>\n<\/strong>Professora Andrea Maria Silveira<\/p>\n<\/div>\n<div class=\"gmail_default\">\n<p><strong>Coordenadora do Programa de P\u00f3s-Gradua\u00e7\u00e3o em Sa\u00fade\u00a0P\u00fablica<br \/>\n<\/strong>Professora Lidyane do Valle Camelo<\/p>\n<p><strong>Subcoordenadora do Programa de P\u00f3s-Gradua\u00e7\u00e3o em Sa\u00fade P\u00fablica<br \/>\n<\/strong>Professora Luciana de Souza Braga<\/p>\n<\/div>\n","protected":false},"excerpt":{"rendered":"<p>\u00a0 Reitora Professora Sandra Regina Goulart Almeida Vice-Reitor Professor Alessandro Fernandes Moreira Pr\u00f3-Reitora de P\u00f3s-Gradua\u00e7\u00e3o Professora Isabela Almeida Pordeus Pr\u00f3-Reitor de Pesquisa Professor Fernando Marcos dos Reis Diretora da Faculdade de Medicina Professora Alamanda Kfoury Pereira Vice-Diretora da Faculdade de Medicina Professora Cristina Gon\u00e7alves Alvim Coordenador do Centro de P\u00f3s-Gradua\u00e7\u00e3o Professora Ana Cristina Sim\u00f5es e [&hellip;]<\/p>\n","protected":false},"author":33,"featured_media":0,"parent":0,"menu_order":0,"comment_status":"closed","ping_status":"closed","template":"","meta":{"footnotes":""},"class_list":["post-659","page","type-page","status-publish","hentry"],"_links":{"self":[{"href":"https:\/\/www.medicina.ufmg.br\/cpgsaudepublica\/wp-json\/wp\/v2\/pages\/659","targetHints":{"allow":["GET"]}}],"collection":[{"href":"https:\/\/www.medicina.ufmg.br\/cpgsaudepublica\/wp-json\/wp\/v2\/pages"}],"about":[{"href":"https:\/\/www.medicina.ufmg.br\/cpgsaudepublica\/wp-json\/wp\/v2\/types\/page"}],"author":[{"embeddable":true,"href":"https:\/\/www.medicina.ufmg.br\/cpgsaudepublica\/wp-json\/wp\/v2\/users\/33"}],"replies":[{"embeddable":true,"href":"https:\/\/www.medicina.ufmg.br\/cpgsaudepublica\/wp-json\/wp\/v2\/comments?post=659"}],"version-history":[{"count":14,"href":"https:\/\/www.medicina.ufmg.br\/cpgsaudepublica\/wp-json\/wp\/v2\/pages\/659\/revisions"}],"predecessor-version":[{"id":2162,"href":"https:\/\/www.medicina.ufmg.br\/cpgsaudepublica\/wp-json\/wp\/v2\/pages\/659\/revisions\/2162"}],"wp:attachment":[{"href":"https:\/\/www.medicina.ufmg.br\/cpgsaudepublica\/wp-json\/wp\/v2\/media?parent=659"}],"curies":[{"name":"wp","href":"https:\/\/api.w.org\/{rel}","templated":true}]}}