
{"id":72,"date":"2016-02-22T17:35:27","date_gmt":"2016-02-22T17:35:27","guid":{"rendered":"https:\/\/www.medicina.ufmg.br\/cpgsaudepublica\/?page_id=72"},"modified":"2016-02-22T17:35:27","modified_gmt":"2016-02-22T17:35:27","slug":"processo-seletivo-2011","status":"publish","type":"page","link":"https:\/\/www.medicina.ufmg.br\/cpgsaudepublica\/processo-seletivo-2011\/","title":{"rendered":"Processo Seletivo 2011"},"content":{"rendered":"<p>&nbsp;<\/p>\n<p><a href=\"http:\/\/ftp.medicina.ufmg.br\/cpg\/programas\/saude_publica\/2014\/Saude_Publica_Doutorado_2011_03092014.pdf\">Edital de Sele\u00e7\u00e3o 2011 \u2013 Doutorado <\/a><\/p>\n<p><a href=\"http:\/\/ftp.medicina.ufmg.br\/cpg\/programas\/saude_publica\/2014\/Saude_Publica_Mestrado_2011_03092014.pdf\">Edital de Sele\u00e7\u00e3o 2011 \u2013 Mestrado <\/a><\/p>\n<p><a href=\"http:\/\/ftp.medicina.ufmg.br\/cpg\/programas\/saude_publica\/2014\/Saude_Publica_Retificacao_editais_2011_03092014.pdf\">Altera\u00e7\u00e3o dos Editais de Sele\u00e7\u00e3o 2011 <\/a><\/p>\n","protected":false},"excerpt":{"rendered":"<p>&nbsp; Edital de Sele\u00e7\u00e3o 2011 \u2013 Doutorado Edital de Sele\u00e7\u00e3o 2011 \u2013 Mestrado Altera\u00e7\u00e3o dos Editais de Sele\u00e7\u00e3o 2011<\/p>\n","protected":false},"author":17,"featured_media":0,"parent":0,"menu_order":0,"comment_status":"closed","ping_status":"closed","template":"","meta":{"footnotes":""},"class_list":["post-72","page","type-page","status-publish","hentry"],"_links":{"self":[{"href":"https:\/\/www.medicina.ufmg.br\/cpgsaudepublica\/wp-json\/wp\/v2\/pages\/72","targetHints":{"allow":["GET"]}}],"collection":[{"href":"https:\/\/www.medicina.ufmg.br\/cpgsaudepublica\/wp-json\/wp\/v2\/pages"}],"about":[{"href":"https:\/\/www.medicina.ufmg.br\/cpgsaudepublica\/wp-json\/wp\/v2\/types\/page"}],"author":[{"embeddable":true,"href":"https:\/\/www.medicina.ufmg.br\/cpgsaudepublica\/wp-json\/wp\/v2\/users\/17"}],"replies":[{"embeddable":true,"href":"https:\/\/www.medicina.ufmg.br\/cpgsaudepublica\/wp-json\/wp\/v2\/comments?post=72"}],"version-history":[{"count":1,"href":"https:\/\/www.medicina.ufmg.br\/cpgsaudepublica\/wp-json\/wp\/v2\/pages\/72\/revisions"}],"predecessor-version":[{"id":73,"href":"https:\/\/www.medicina.ufmg.br\/cpgsaudepublica\/wp-json\/wp\/v2\/pages\/72\/revisions\/73"}],"wp:attachment":[{"href":"https:\/\/www.medicina.ufmg.br\/cpgsaudepublica\/wp-json\/wp\/v2\/media?parent=72"}],"curies":[{"name":"wp","href":"https:\/\/api.w.org\/{rel}","templated":true}]}}