
{"id":819,"date":"2019-09-06T18:15:56","date_gmt":"2019-09-06T18:15:56","guid":{"rendered":"https:\/\/www.medicina.ufmg.br\/cpgsaudepublica\/?page_id=819"},"modified":"2020-06-22T19:31:54","modified_gmt":"2020-06-22T19:31:54","slug":"processo-seletivo-2020","status":"publish","type":"page","link":"https:\/\/www.medicina.ufmg.br\/cpgsaudepublica\/processo-seletivo-2020\/","title":{"rendered":"Processo Seletivo 2020"},"content":{"rendered":"<div class=\"otw-sc-toggle\"><h3 class=\"toggle-trigger widget-title closed\"><strong>Doutorado Fluxo Cont\u00ednuo<\/strong><span class=\"icon\"><\/span><\/h3><div class=\"toggle-content\"><p><br \/>\n<a href=\"https:\/\/www.medicina.ufmg.br\/cpgsaudepublica\/wp-content\/uploads\/sites\/43\/2020\/05\/1-EDITAL-REGULAR-DE-MESTRADO-E-DOUTORADO-1\u00ba-2020-SP.pdf\">1 &#8211; Edital Regular Doutorado n\u00ba 01\/2020<br \/>\n<\/a><a href=\"https:\/\/www.medicina.ufmg.br\/cpgsaudepublica\/wp-content\/uploads\/sites\/43\/2020\/05\/2-RETIFICACAO-EDITAL-REGULAR-SAUDE-PUBLICA-2020.pdf\">2 &#8211; Retifica\u00e7\u00e3o ao Edital Regular de Doutorado n\u00ba 01\/2020<br \/>\n<\/a><a href=\"https:\/\/www.medicina.ufmg.br\/cpgsaudepublica\/wp-content\/uploads\/sites\/43\/2020\/05\/3-Cronograma-do-Doutorado-fluxo-cont\u00ednuo-PPGSP.pdf\">3 &#8211; Cronograma de Sele\u00e7\u00e3o Doutorado Fluxo Cont\u00ednuo &#8211; 2020\/2<br \/>\n<\/a><a href=\"http:\/\/ftp.medicina.ufmg.br\/cpg\/programas\/saude_publica\/2020\/4-formulario.xlsx\">4 &#8211; Formul\u00e1rio de inscri\u00e7\u00e3o doutorado fluxo cont\u00ednuo &#8211; Sa\u00fade P\u00fablica 2020\/2<br \/>\n<\/a><a href=\"https:\/\/www.medicina.ufmg.br\/cpgsaudepublica\/wp-content\/uploads\/sites\/43\/2020\/05\/5-Autodeclara\u00e7\u00e3o-\u00c9tnico-Racial-doutorado.pdf\">5 &#8211; Autodeclara\u00e7\u00e3o-\u00c9tnico-Racial &#8211; doutorado<\/a><br \/>\n<a href=\"https:\/\/www.medicina.ufmg.br\/cpgsaudepublica\/wp-content\/uploads\/sites\/43\/2020\/06\/6-Lista-de-Deferimentos-e-Indeferimentos-da-Inscri\u00e7\u00e3o-2020-2-retificado-10-06-2020.pdf\">6 &#8211; Lista de Deferimentos e Indeferimentos da Inscri\u00e7\u00e3o Doutorado &#8211; 2020\/2<\/a><br \/>\n<strong>Banca de Sele\u00e7\u00e3o:<br \/>\n<\/strong> Mari\u00e2ngela Leal Cherchiglia<br \/>\nAna Paula Souto Melo<br \/>\nElaine Leandro Machado<br \/>\n<a href=\"https:\/\/www.medicina.ufmg.br\/cpgsaudepublica\/wp-content\/uploads\/sites\/43\/2020\/06\/7-Declara\u00e7\u00f5es-de-inexist\u00eancia-de-impedimento-da-Banca.pdf\">7 &#8211; Declara\u00e7\u00f5es de inexist\u00eancia de impedimento da Banca &#8220;<\/a><br \/>\n<a href=\"https:\/\/www.medicina.ufmg.br\/cpgsaudepublica\/wp-content\/uploads\/sites\/43\/2020\/06\/8-RESULTADO-DA-1\u00aa-ETAPA-\u2013-SELE\u00c7\u00c3O-DOUTORADO-2020-2-10-06-2020.pdf\" target=\"_blank\" rel=\"noreferrer noopener\" aria-label=\"8 - Resultado da 1\u00aa etapa \u2013 sele\u00e7\u00e3o doutorado 2020\/2<br \/>\n (abre numa nova aba)\">8 &#8211; Resultado da 1\u00aa etapa \u2013 sele\u00e7\u00e3o doutorado 2020\/2<br \/>\n<\/a><a href=\"https:\/\/www.medicina.ufmg.br\/cpgsaudepublica\/wp-content\/uploads\/sites\/43\/2020\/06\/9-ESCALA-DE-ARGUIC\u0327A\u0303O-ORAL-2020_2-10-06-2020.pdf\" target=\"_blank\" rel=\"noreferrer noopener\" aria-label=\"9 - Escala de argui\u00e7\u00e3o oral \u2013 sele\u00e7\u00e3o doutorado 2020\/2 (abre numa nova aba)\">9 &#8211; Escala de argui\u00e7\u00e3o oral \u2013 sele\u00e7\u00e3o doutorado 2020\/2<\/a><br \/>\n<a href=\"https:\/\/www.medicina.ufmg.br\/cpgsaudepublica\/wp-content\/uploads\/sites\/43\/2020\/06\/10-RESULTADO-FINAL.pdf\">10 &#8211; Resultado Final &#8211; Sele\u00e7\u00e3o Doutorado 2020\/2<\/a><br \/>\n<br \/>\n<\/p><\/div><\/div>\n\n<!-- \/wp:paragraph -->\n\n<!-- wp:shortcode -->\n<div class=\"otw-sc-toggle\"><h3 class=\"toggle-trigger widget-title closed\"><strong>Doutorado<\/strong><span class=\"icon\"><\/span><\/h3><div class=\"toggle-content\"><p><br \/>\n<!-- \/wp:shortcode --><br \/>\n<br \/>\n<!-- wp:paragraph --><br \/>\n<br \/>\n<a href=\"https:\/\/www.medicina.ufmg.br\/cpgsaudepublica\/wp-content\/uploads\/sites\/43\/2019\/09\/1-EDITAL-DE-DOUTORADO-2020-SP.pdf\" target=\"_blank\" rel=\"noreferrer noopener\">1 &#8211;\u00a0EDITAL DE SELE\u00c7\u00c3O N\u00ba 1\/2020 <\/a><a href=\"http:\/\/ftp.medicina.ufmg.br\/cpg\/arquivos\/2019\/2-FormulriodeinscricaoDoutorado-SaudePublica2020.xlsx\" target=\"_blank\" rel=\"noreferrer noopener\">2 &#8211;\u00a0FORMUL\u00c1RIO DE INSCRI\u00c7\u00c3O <\/a><a href=\"https:\/\/www.medicina.ufmg.br\/cpgsaudepublica\/wp-content\/uploads\/sites\/43\/2019\/09\/3-Autodeclara\u00e7\u00e3o-\u00c9tnico-Racial-doutorado.pdf\" target=\"_blank\" rel=\"noreferrer noopener\">3 &#8211; FORMUL\u00c1RIO\u00a0DE AUTODECLARA\u00c7\u00c3O-\u00c9TNICO-RACIAL<\/a><br \/>\n<a href=\"https:\/\/www.medicina.ufmg.br\/cpgsaudepublica\/wp-content\/uploads\/sites\/43\/2019\/10\/4-Lista-de-Deferimentos-e-Indeferimentos-da-Inscri\u00e7\u00e3o-2020-1-doutorado.pdf\">4 &#8211; Deferimentos e Indeferimentos das inscri\u00e7\u00f5es no Doutorado \u2013 Edital Regular 2020\/1<\/a><br \/>\n<a href=\"https:\/\/www.medicina.ufmg.br\/cpgsaudepublica\/wp-content\/uploads\/sites\/43\/2019\/11\/Declara\u00e7\u00f5es-de-Inexist\u00eancia-de-Impedimento-01-11-2019_compressed.pdf\" target=\"_blank\" rel=\"noreferrer noopener\">5 &#8211;\u00a0DECLARA\u00c7\u00c3O DE INEXIST\u00caNCIA DE IMPEDIMENTO \u2013 COMISS\u00c3O DE SELE\u00c7\u00c3O\u00a0DOUTORADO<\/a><br \/>\n<a href=\"https:\/\/www.medicina.ufmg.br\/cpgsaudepublica\/wp-content\/uploads\/sites\/43\/2019\/11\/6-RESULTADO-1\u00aa-ETAPA-06-11-2019.pdf\" target=\"_blank\" rel=\"noreferrer noopener\">6 &#8211; RESULTADO DA 1\u00aa ETAPA &#8211; SELE\u00c7\u00c3O DOUTORADO 2020\/1<\/a><br \/>\n<a href=\"https:\/\/www.medicina.ufmg.br\/cpgsaudepublica\/wp-content\/uploads\/sites\/43\/2019\/11\/7-ESCALA-DE-ARGUI\u00c7\u00c3O-ORAL-06-11-2019.pdf\" target=\"_blank\" rel=\"noreferrer noopener\">7 &#8211; ESCALA DE ARGUI\u00c7\u00c3O ORAL \u2013 SELE\u00c7\u00c3O DOUTORADO 2020\/1<\/a><br \/>\n<a href=\"https:\/\/www.medicina.ufmg.br\/cpgsaudepublica\/wp-content\/uploads\/sites\/43\/2019\/12\/RESULTADO-FINAL-DOUTORADO.pdf\">8 &#8211; RESULTADO FINAL &#8211; SELE\u00c7\u00c3O DOUTORADO 2020\/1 &#8211; AMPLA CONCORR\u00caNCIA E VAGAS RESERVADAS A POL\u00cdTICAS AFIRMATIVAS<\/a><br \/>\n<a href=\"https:\/\/www.medicina.ufmg.br\/cpgsaudepublica\/wp-content\/uploads\/sites\/43\/2019\/12\/CONVOCA\u00c7\u00c3O-REUNI\u00c3O.pdf\">9 &#8211; REUNI\u00c3O DOS APROVADOS COM A COORDENA\u00c7\u00c3O <\/a><br \/>\n<strong>Comiss\u00e3o de Sele\u00e7\u00e3o \u2013 Doutorado 2020\/1<\/strong><br \/>\nProf. FRANCISCO DE ASSIS AC\u00daRCIO<br \/>\nProf\u00aa. ALANEIR DE F\u00c1TIMA DOS SANTOS<br \/>\nProf\u00aa. LUCIANA GOUV\u00caA VIANA<br \/>\n<br \/>\n<!-- \/wp:paragraph --><br \/>\n<br \/>\n<!-- wp:paragraph --><br \/>\n<br \/>\n<\/p><\/div><\/div>\n\n<!-- \/wp:paragraph -->\n\n<!-- wp:paragraph -->\n\n<div class=\"otw-sc-toggle\"><h3 class=\"toggle-trigger widget-title closed\"><strong>Mestrado<\/strong><span class=\"icon\"><\/span><\/h3><div class=\"toggle-content\"><p><br \/>\n<br \/>\n<a href=\"https:\/\/www.medicina.ufmg.br\/cpgsaudepublica\/wp-content\/uploads\/sites\/43\/2019\/09\/1-EDITAL-MESTRADO-2020-SP.pdf\" target=\"_blank\" rel=\"noreferrer noopener\" aria-label=\" (abre numa nova aba)\">1 &#8211;\u00a0EDITAL\u00a0DE SELE\u00c7\u00c3O N\u00ba 1\/2020<br \/>\n<\/a><a href=\"http:\/\/ftp.medicina.ufmg.br\/cpg\/arquivos\/2019\/2-FormulariodeinscricaoMestrado-SaudePublica2020.xlsx\" target=\"_blank\" rel=\"noreferrer noopener\" aria-label=\"2 -\u00a0FORMUL\u00c1RIO DE INSCRI\u00c7\u00c3O<br \/>\n (abre numa nova aba)\">2 &#8211;\u00a0FORMUL\u00c1RIO DE INSCRI\u00c7\u00c3O<br \/>\n<\/a><a href=\"https:\/\/www.medicina.ufmg.br\/cpgsaudepublica\/wp-content\/uploads\/sites\/43\/2019\/09\/3-Autodeclara\u00e7\u00e3o-\u00c9tnico-Racial-mestrado.pdf\" target=\"_blank\" rel=\"noreferrer noopener\" aria-label=\" (abre numa nova aba)\">3 &#8211; FORMUL\u00c1RIO\u00a0DE AUTODECLARA\u00c7\u00c3O-\u00c9TNICO-RACIAL<\/a><br \/>\n<a href=\"https:\/\/www.medicina.ufmg.br\/cpgsaudepublica\/wp-content\/uploads\/sites\/43\/2019\/10\/4-Deferimento-Inscri\u00e7\u00f5es-Processo-Seletivo-2020-1-mestrado.pdf\">4 &#8211; Deferimentos e Indeferimentos das inscri\u00e7\u00f5es no Mestrado \u2013 Edital Regular 2020\/1 (\u00c1reas de concentra\u00e7\u00e3o: Epidemiologia e Sa\u00fade P\u00fablica)<br \/>\n<\/a><a href=\"https:\/\/www.medicina.ufmg.br\/cpgsaudepublica\/wp-content\/uploads\/sites\/43\/2019\/10\/INSTRU%C3%87%C3%95ES-PARA-PROVA-DE-MESTRADO-1%C2%AA-E-2%C2%AA-ETAPA.pdf\">5 \u2013 INSTRU\u00c7\u00d5ES PARA PROVA DE MESTRADO 1\u00aa E 2\u00aa ETAPA<\/a><br \/>\n<a href=\"https:\/\/www.medicina.ufmg.br\/cpgsaudepublica\/wp-content\/uploads\/sites\/43\/2019\/11\/Declara\u00e7\u00e3o-Inexist\u00eancia-de-impedimento-Comiss\u00e3o-01-11-2019.pdf\" target=\"_blank\" rel=\"noreferrer noopener\" aria-label=\" (abre numa nova aba)\">6 &#8211;\u00a0DECLARA\u00c7\u00c3O DE INEXIST\u00caNCIA DE IMPEDIMENTO \u2013 COMISS\u00c3O DE SELE\u00c7\u00c3O\u00a0MESTRADO<\/a><br \/>\n<a href=\"https:\/\/www.medicina.ufmg.br\/cpgsaudepublica\/wp-content\/uploads\/sites\/43\/2019\/11\/7-GABARITO-PROVA-DA-1\u00aa-ETAPA-SELE\u00c7\u00c3O-MESTRADO-Retificado-Quest\u00e3o-27.pdf\">7 &#8211; GABARITO PROVA DA 1\u00aa ETAPA SELE\u00c7\u00c3O MESTRADO &#8211; Retificado (Quest\u00e3o 27)<\/a><br \/>\n<a href=\"https:\/\/www.medicina.ufmg.br\/cpgsaudepublica\/wp-content\/uploads\/sites\/43\/2019\/11\/RESULTADO-1\u00aa-ETAPA-SA\u00daDE-P\u00daBLICA-REGULAR-RETIFICADO-EM-27-11-19.pdf\" target=\"_blank\" rel=\"noreferrer noopener\" aria-label=\"8 - RESULTADO DA 1\u00aa ETAPA SELE\u00c7\u00c3O MESTRADO \u2013 \u00c1REA SA\u00daDE P\u00daBLICA \u2013 EDITAL REGULAR N\u00ba 01\/2020 - RETIFICADO EM 27\/11\/2019 (abre numa nova aba)\">8 &#8211; RESULTADO DA 1\u00aa ETAPA SELE\u00c7\u00c3O MESTRADO \u2013 \u00c1REA SA\u00daDE P\u00daBLICA \u2013 EDITAL REGULAR N\u00ba 01\/2020 &#8211; RETIFICADO EM 27\/11\/2019<\/a><a href=\"https:\/\/www.medicina.ufmg.br\/cpgsaudepublica\/wp-content\/uploads\/sites\/43\/2019\/11\/8-RESULTADO-1\u00aa-ETAPA-SA\u00daDE-P\u00daBLICA-EDITAL-REGULAR.pdf\" rel=\"noreferrer noopener\"><br \/>\n<\/a><a href=\"https:\/\/www.medicina.ufmg.br\/cpgsaudepublica\/wp-content\/uploads\/sites\/43\/2019\/11\/RESULTADO-1\u00aa-ETAPA-EPIDEMIOLOGIA-REGULAR-RETIFICADO-EM-27-11-19.pdf\" target=\"_blank\" rel=\"noreferrer noopener\" aria-label=\"9 - RESULTADO DA 1\u00aa ETAPA SELE\u00c7\u00c3O MESTRADO \u2013 \u00c1REA EPIDEMIOLOGIA \u2013 EDITAL REGULAR N\u00ba 01\/2020 - RETIFICADO EM 27\/11\/2019 (abre numa nova aba)\">9 &#8211; RESULTADO DA 1\u00aa ETAPA SELE\u00c7\u00c3O MESTRADO \u2013 \u00c1REA EPIDEMIOLOGIA \u2013 EDITAL REGULAR N\u00ba 01\/2020 &#8211; RETIFICADO EM 27\/11\/2019<\/a><br \/>\n<a href=\"https:\/\/www.medicina.ufmg.br\/cpgsaudepublica\/wp-content\/uploads\/sites\/43\/2019\/12\/RESULTADO-FINAL-SA\u00daDE-P\u00daBLICA-AMPLA-CONCORR\u00caNCIA-E-COTA.pdf\">10 &#8211; RESULTADO FINAL \u00c1REA DE CONCENTRA\u00c7\u00c3O SA\u00daDE P\u00daBLICA<br \/>\n<\/a><a href=\"https:\/\/www.medicina.ufmg.br\/cpgsaudepublica\/wp-content\/uploads\/sites\/43\/2019\/12\/RESULTADO-FINAL-EPIDEMIOLOGIA-AMPLA-CONCORR\u00caNCIA-E-COTA-1.pdf\">11 &#8211; RESULTADO FINAL \u00c1REA DE CONCENTRA\u00c7\u00c3O EPIDEMIOLOGIA<\/a><br \/>\n<a href=\"https:\/\/www.medicina.ufmg.br\/cpgsaudepublica\/wp-content\/uploads\/sites\/43\/2019\/12\/CONVOCA\u00c7\u00c3O-REUNI\u00c3O.pdf\">12 &#8211; REUNI\u00c3O DOS APROVADOS COM A COORDENA\u00c7\u00c3O<\/a><br \/>\n<a href=\"https:\/\/www.medicina.ufmg.br\/cpgsaudepublica\/wp-content\/uploads\/sites\/43\/2019\/12\/13-COMUNICADO-COLEGIADO-DO-PROGRAMA-REMANEJAMENTO-DE-VAGAS-17-12-2019.pdf\" target=\"_blank\" rel=\"noreferrer noopener\" aria-label=\" (abre numa nova aba)\">13 &#8211; COMUNICADO DO COLEGIADO DO PROGRAMA DE P\u00d3S-GRADUA\u00c7\u00c3O EM SA\u00daDE P\u00daBLICA &#8211; REMANEJAMENTO DE VAGAS<\/a><br \/>\n<a href=\"https:\/\/www.medicina.ufmg.br\/cpgsaudepublica\/wp-content\/uploads\/sites\/43\/2019\/12\/14-RESULTADO-FINAL-SA\u00daDE-P\u00daBLICA-AMPLA-CONCORR\u00caNCIA-E-COTA-RETIFICADO-EM-17-12-2019.pdf\" target=\"_blank\" rel=\"noreferrer noopener\" aria-label=\"14 - RESULTADO FINAL SA\u00daDE P\u00daBLICA - AMPLA CONCORR\u00caNCIA E COTA - RETIFICADO EM 17-12-2019 (abre numa nova aba)\">14 &#8211; RESULTADO FINAL SA\u00daDE P\u00daBLICA &#8211; AMPLA CONCORR\u00caNCIA E COTA &#8211; RETIFICADO EM 17-12-2019<\/a><br \/>\n<a href=\"https:\/\/www.medicina.ufmg.br\/cpgsaudepublica\/wp-content\/uploads\/sites\/43\/2020\/01\/15-RESULTADO-FINAL-SA\u00daDE-P\u00daBLICA-AMPLA-CONCORR\u00caNCIA-E-COTA-AP\u00d3S-DESIST\u00caNCIA.pdf\">15 &#8211; RESULTADO FINAL SA\u00daDE P\u00daBLICA &#8211; AMPLA CONCORR\u00caNCIA E COTA &#8211; AP\u00d3S DESIST\u00caNCIA &#8221; <\/a><br \/>\n<br \/>\n<!-- \/wp:paragraph --><br \/>\n<br \/>\n<!-- wp:paragraph --><br \/>\n<br \/>\n<a href=\"https:\/\/www.medicina.ufmg.br\/cpgsaudepublica\/wp-content\/uploads\/sites\/43\/2019\/11\/9-RESULTADO-1\u00aa-ETAPA-EPIDEMIOLOGIA-EDITAL-REGULAR.pdf\" aria-label=\"9 - RESULTADO DA 1\u00aa ETAPA SELE\u00c7\u00c3O MESTRADO \u2013 \u00c1REA EPIDEMIOLOGIA \u2013 EDITAL REGULAR N\u00ba 01\/2020 - RETIFICADO EM 27\/11\/2019 (abre numa nova aba)\"><br \/>\n<\/a><br \/>\n<strong>Comiss\u00e3o de Sele\u00e7\u00e3o \u2013 Mestrado 2020\/1<\/strong><br \/>\nProf.\u00a0\u00a0Rafael Moreira Claro<br \/>\nProf\u00aa.\u00a0\u00a0Luciana de Souza Braga<br \/>\nProf\u00aa.\u00a0Alzira de Oliveira Jorge<br \/>\nProf\u00aa.\u00a0Fl\u00e1via Bulegon Pilecco <\/p><\/div><\/div>\n\n<!-- \/wp:paragraph -->\n\n<!-- wp:paragraph -->\n\n<div class=\"otw-sc-toggle\"><h3 class=\"toggle-trigger widget-title closed\"><strong>Sele\u00e7\u00e3o Suplementar<\/strong><span class=\"icon\"><\/span><\/h3><div class=\"toggle-content\"><p><br \/>\n<br \/>\n<a href=\"https:\/\/www.medicina.ufmg.br\/cpgsaudepublica\/wp-content\/uploads\/sites\/43\/2019\/09\/1-EDITAL-SUPLEMENTAR-MESTRADO-E-DOUTORADO-2020-SP.pdf\" target=\"_blank\" rel=\"noreferrer noopener\" aria-label=\" (abre numa nova aba)\">1 &#8211; EDITAL\u00a0SUPLEMENTAR DE SELE\u00c7\u00c3O N\u00ba 01\/2020<br \/>\n<\/a><a href=\"http:\/\/ftp.medicina.ufmg.br\/cpg\/arquivos\/2019\/2-Formulariodeinscricaosuplementar-SaudePublica2020.xlsx\" target=\"_blank\" rel=\"noreferrer noopener\" aria-label=\" 2 -\u00a0FORMUL\u00c1RIO DE INSCRI\u00c7\u00c3O<br \/>\n (abre numa nova aba)\"> 2 &#8211;\u00a0FORMUL\u00c1RIO DE INSCRI\u00c7\u00c3O<br \/>\n<\/a><a href=\"https:\/\/www.medicina.ufmg.br\/cpgsaudepublica\/wp-content\/uploads\/sites\/43\/2019\/09\/3-FORMUL\u00c1RIO-DE-SOLICITA\u00c7\u00c3O-DE-CONDI\u00c7\u00d5ES-ESPECIAIS-PARA-A-REALIZA\u00c7\u00c3O-DA-PROVA-1.pdf\" target=\"_blank\" rel=\"noreferrer noopener\" aria-label=\"3 - FORMUL\u00c1RIO DE SOLICITA\u00c7\u00c3O DE CONDI\u00c7\u00d5ES ESPECIAIS PARA A REALIZA\u00c7\u00c3O DA PROVA (abre numa nova aba)\">3 &#8211; FORMUL\u00c1RIO DE SOLICITA\u00c7\u00c3O DE CONDI\u00c7\u00d5ES ESPECIAIS PARA A REALIZA\u00c7\u00c3O DA PROVA<\/a><br \/>\n<a href=\"http:\/\/ftp.medicina.ufmg.br\/cpg\/arquivos\/2019\/4-AUTODECLACAODEPESSOACOMDEFICIENCIA.docx\" target=\"_blank\" rel=\"noreferrer noopener\" aria-label=\" (abre numa nova aba)\">4 &#8211; FORMUL\u00c1RIO DE\u00a0AUTODECLARA\u00c7\u00c3O DE PESSOA COM DEFICI\u00caNCIA<br \/>\n<\/a><a href=\"http:\/\/ftp.medicina.ufmg.br\/cpg\/arquivos\/2019\/5-MODELODERELATORIODOMEDICOASSISTENTE.docx\" target=\"_blank\" rel=\"noreferrer noopener\" aria-label=\"5 - MODELO DE RELAT\u00d3RIO DO M\u00c9DICO ASSISTENTE<br \/>\n (abre numa nova aba)\">5 &#8211; MODELO DE RELAT\u00d3RIO DO M\u00c9DICO ASSISTENTE<br \/>\n<\/a><a href=\"https:\/\/www.medicina.ufmg.br\/cpgsaudepublica\/wp-content\/uploads\/sites\/43\/2019\/09\/6-Ind\u00edgena-1-de-3-Declara\u00e7\u00e3o-de-Autorreconhecimento.pdf\" target=\"_blank\" rel=\"noreferrer noopener\" aria-label=\" (abre numa nova aba)\">6 &#8211;\u00a0DECLARA\u00c7\u00c3O DE AUTORRECONHECIMENTO IND\u00cdGENA<br \/>\n<\/a><a href=\"https:\/\/www.medicina.ufmg.br\/cpgsaudepublica\/wp-content\/uploads\/sites\/43\/2019\/09\/7-\u00cdndigena-2-de-3-Declara\u00e7\u00e3o-de-Lideran\u00e7as.pdf\" target=\"_blank\" rel=\"noreferrer noopener\" aria-label=\"7 -\u00a0DECLARA\u00c7\u00c3O DE LIDERAN\u00c7AS IND\u00cdGENAS<br \/>\n (abre numa nova aba)\">7 &#8211;\u00a0DECLARA\u00c7\u00c3O DE LIDERAN\u00c7AS IND\u00cdGENAS<br \/>\n<\/a><a href=\"https:\/\/www.medicina.ufmg.br\/cpgsaudepublica\/wp-content\/uploads\/sites\/43\/2019\/09\/8-Ind\u00edgena-3-de-3-Declara\u00e7\u00e3o-de-Resid\u00eancia.pdf\" target=\"_blank\" rel=\"noreferrer noopener\" aria-label=\" (abre numa nova aba)\">8 &#8211;\u00a0DECLARA\u00c7\u00c3O DE RESID\u00caNCIA EM COMUNIDADE IND\u00cdGENA<br \/>\n<\/a><br \/>\n<\/p><\/div><\/div>\n\n<!-- \/wp:paragraph -->","protected":false},"excerpt":{"rendered":"","protected":false},"author":47,"featured_media":0,"parent":0,"menu_order":0,"comment_status":"closed","ping_status":"closed","template":"","meta":{"footnotes":""},"class_list":["post-819","page","type-page","status-publish","hentry"],"_links":{"self":[{"href":"https:\/\/www.medicina.ufmg.br\/cpgsaudepublica\/wp-json\/wp\/v2\/pages\/819","targetHints":{"allow":["GET"]}}],"collection":[{"href":"https:\/\/www.medicina.ufmg.br\/cpgsaudepublica\/wp-json\/wp\/v2\/pages"}],"about":[{"href":"https:\/\/www.medicina.ufmg.br\/cpgsaudepublica\/wp-json\/wp\/v2\/types\/page"}],"author":[{"embeddable":true,"href":"https:\/\/www.medicina.ufmg.br\/cpgsaudepublica\/wp-json\/wp\/v2\/users\/47"}],"replies":[{"embeddable":true,"href":"https:\/\/www.medicina.ufmg.br\/cpgsaudepublica\/wp-json\/wp\/v2\/comments?post=819"}],"version-history":[{"count":34,"href":"https:\/\/www.medicina.ufmg.br\/cpgsaudepublica\/wp-json\/wp\/v2\/pages\/819\/revisions"}],"predecessor-version":[{"id":1044,"href":"https:\/\/www.medicina.ufmg.br\/cpgsaudepublica\/wp-json\/wp\/v2\/pages\/819\/revisions\/1044"}],"wp:attachment":[{"href":"https:\/\/www.medicina.ufmg.br\/cpgsaudepublica\/wp-json\/wp\/v2\/media?parent=819"}],"curies":[{"name":"wp","href":"https:\/\/api.w.org\/{rel}","templated":true}]}}