
{"id":82,"date":"2016-02-22T17:39:09","date_gmt":"2016-02-22T17:39:09","guid":{"rendered":"https:\/\/www.medicina.ufmg.br\/cpgsaudepublica\/?page_id=82"},"modified":"2016-02-22T17:39:09","modified_gmt":"2016-02-22T17:39:09","slug":"processo-seletivo-2015","status":"publish","type":"page","link":"https:\/\/www.medicina.ufmg.br\/cpgsaudepublica\/processo-seletivo-2015\/","title":{"rendered":"Processo Seletivo 2015"},"content":{"rendered":"<h1>Processo Seletivo 2015<\/h1>\n<p><a href=\"http:\/\/ftp.medicina.ufmg.br\/cpg\/programas\/saude_publica\/2015\/resultado01072015.pdf\">Resultado Sele\u00e7\u00e3o de Doutorado 2015-2<\/a><\/p>\n<p><a href=\"http:\/\/ftp.medicina.ufmg.br\/cpg\/programas\/saude_publica\/2015\/Resultado1Etapa%20Doutorado2015-2_24062015.pdf\">Resultado Sele\u00e7\u00e3o de Doutorado 2015\/2 &#8211; 1\u00aa etapa<\/a><\/p>\n<p><a href=\"http:\/\/ftp.medicina.ufmg.br\/cpg\/programas\/saude_publica\/2015\/EscalaDe%20Entrevistas_24062015.pdf\">Escala de entrevistas<\/a><\/p>\n<p><a href=\"http:\/\/ftp.medicina.ufmg.br\/cpg\/programas\/saude_publica\/2015\/deferimentodeinscricoes20152_22_06_2015.pdf\">Deferimento de inscri\u00e7\u00f5es 2015\/2<\/a><\/p>\n<p><strong>Comiss\u00e3o de Sele\u00e7\u00e3o \u2013 Doutorado 2015\/2 <\/strong><br \/>\nAna Paula Souto Melo &#8211; Programa de P\u00f3s Gradua\u00e7\u00e3o em Sa\u00fade P\u00fablica<br \/>\nAm\u00e9lia Augusta de Lima Friche &#8211; Programa de P\u00f3s Gradua\u00e7\u00e3o em Ci\u00eancias Fonoaudiol\u00f3gicas<br \/>\nRoberta Carvalho de Figueiredo- Universidade Federal de S\u00e3o Jo\u00e3o Del-Rei<\/p>\n<p><a href=\"http:\/\/ftp.medicina.ufmg.br\/cpg\/programas\/saude_publica\/2015\/EditaldeSelecao20152Doutorado_09_04_2015.pdf\">Edital de Sele\u00e7\u00e3o 2015\/2 \u2013 Doutorado<\/a><\/p>\n<p><a href=\"http:\/\/ftp.medicina.ufmg.br\/cpg\/programas\/saude_publica\/2015\/Formulario_de_inscricao-Saude_Publica_2015_2_20052015.xls\">Formul\u00e1rio de Inscri\u00e7\u00e3o<\/a><\/p>\n<p><a href=\"http:\/\/ftp.medicina.ufmg.br\/cpg\/programas\/saude_publica\/2015\/resultado_pos06022015.pdf\">Resultado Sele\u00e7\u00e3o de P\u00f3s-Doutorado 2015\/1<\/a><\/p>\n<p><a href=\"http:\/\/ftp.medicina.ufmg.br\/cpg\/programas\/saude_publica\/2014\/RESULTADOSELECAODEDOUTORADO_16122014.pdf\">Resultado Sele\u00e7\u00e3o de Doutorado<\/a><\/p>\n<p><a href=\"http:\/\/ftp.medicina.ufmg.br\/cpg\/programas\/saude_publica\/2014\/RESULTADOSELECAODEMESTRADO-EPIDEMIOLOGIA_16122014.pdf\">Resultado Sele\u00e7\u00e3o de Mestrado &#8211; Epidemiologia<\/a><\/p>\n<p><a href=\"http:\/\/ftp.medicina.ufmg.br\/cpg\/programas\/saude_publica\/2014\/RESULTADOSELECAODEMESTRADO-SAUDE%20PUBLICA_16122014.pdf\">Resultado Sele\u00e7\u00e3o de Mestrado &#8211; Sa\u00fade P\u00fablica<\/a><\/p>\n<p><a href=\"http:\/\/ftp.medicina.ufmg.br\/cpg\/programas\/saude_publica\/2014\/escaladeentrevistas_10_12_2014.pdf\">Escala de entrevistas<\/a><\/p>\n<p><strong>Local de Prova:<\/strong><br \/>\nSalas 828 e 829 -8\u00ba andar &#8211; Faculdade de Medicina<\/p>\n<p>Comiss\u00e3o de Sele\u00e7\u00e3o &#8211; Mestrado:<br \/>\nAda \u00c1vila Assun\u00e7\u00e3o &#8211; Programa de P\u00f3s Gradua\u00e7\u00e3o em Sa\u00fade P\u00fablica<br \/>\nMari\u00e2ngela Cherchiglia &#8211; Programa de P\u00f3s Gradua\u00e7\u00e3o em Sa\u00fade P\u00fablica<br \/>\nAdriane Mesquita de Medeiros &#8211; Programa de P\u00f3s Gradua\u00e7\u00e3o em Ci\u00eancias Fonoaudiol\u00f3gicas ?<\/p>\n<p><a href=\"http:\/\/ftp.medicina.ufmg.br\/cpg\/programas\/saude_publica\/2014\/Resultado1etapaDoutorado_10_12_2014.pdf\">Resultado 1\u00aa etapa &#8211; Doutorado<\/a><\/p>\n<p><a href=\"http:\/\/ftp.medicina.ufmg.br\/cpg\/programas\/saude_publica\/2014\/Deferimento_de_inscricao_05122014.pdf\">Deferimento dos pedidos de inscri\u00e7\u00e3o<\/a><\/p>\n<p><a href=\"http:\/\/ftp.medicina.ufmg.br\/cpg\/programas\/saude_publica\/2014\/Saude_Publica_M_29092014.pdf\">Edital de Sele\u00e7\u00e3o 2015 \u2013 Mestrado<\/a><\/p>\n<p><a href=\"http:\/\/ftp.medicina.ufmg.br\/cpg\/programas\/saude_publica\/2014\/Saude_Publica_D_29092014.pdf\">Edital de Sele\u00e7\u00e3o 2015 \u2013 Doutorado<\/a><\/p>\n<p><a href=\"http:\/\/ftp.medicina.ufmg.br\/cpg\/programas\/saude_publica\/2014\/formulario_13102014.pdf\">Formul\u00e1rio de Inscri\u00e7\u00e3o<\/a><\/p>\n<p><a href=\"http:\/\/ftp.medicina.ufmg.br\/cpg\/programas\/saude_publica\/2014\/Modelo_Protocolo_de_Pesquisa_para_Selecao_de_Doutorado_PPGSP_22102014.doc\">Modelo de Protocolo<\/a><\/p>\n<p><a href=\"http:\/\/ftp.medicina.ufmg.br\/cpg\/programas\/saude_publica\/2014\/Saude_Publica_PD_17122014.pdf\">Edital de Sele\u00e7\u00e3o 2015 \u2013 P\u00f3s Doc<\/a> *atualizado 18\/12\/2014<\/p>\n<div class=\"box_avisos\">\n<p>OBS.: Caso n\u00e3o consiga visualizar o arquivo PDF, clique com o <em>bot\u00e3o direito<\/em> do mouse sobre o link, selecione a op\u00e7\u00e3o <em>Salvar destino como <\/em>\/ <em>Salvar link como <\/em>e salve o arquivo em seu computador.<\/p>\n<p>** Para visualizar os arquivos \u00e9 necess\u00e1rio que voc\u00ea tenha instalado em seu computador o Acrobat Reader.<\/p>\n<p><a href=\"http:\/\/get.adobe.com\/br\/reader\/\" target=\"_blank\">Instalar Acrobat Reader<\/a><\/p>\n<p>OBS.1: Confira se seu navegador est\u00e1 atualizado.<\/p>\n<p>** Para melhor visualiza\u00e7\u00e3o do site, sugerimos a instala\u00e7\u00e3o do navegador Chrome.<\/p>\n<p><a href=\"http:\/\/www.google.com\/intl\/pt-BR\/chrome\/\" target=\"_blank\">Instalar Chrome<\/a><\/p>\n<\/div>\n","protected":false},"excerpt":{"rendered":"<p>Processo Seletivo 2015 Resultado Sele\u00e7\u00e3o de Doutorado 2015-2 Resultado Sele\u00e7\u00e3o de Doutorado 2015\/2 &#8211; 1\u00aa etapa Escala de entrevistas Deferimento de inscri\u00e7\u00f5es 2015\/2 Comiss\u00e3o de Sele\u00e7\u00e3o \u2013 Doutorado 2015\/2 Ana Paula Souto Melo &#8211; Programa de P\u00f3s Gradua\u00e7\u00e3o em Sa\u00fade P\u00fablica Am\u00e9lia Augusta de Lima Friche &#8211; Programa de P\u00f3s Gradua\u00e7\u00e3o em Ci\u00eancias Fonoaudiol\u00f3gicas Roberta [&hellip;]<\/p>\n","protected":false},"author":17,"featured_media":0,"parent":0,"menu_order":0,"comment_status":"closed","ping_status":"closed","template":"","meta":{"footnotes":""},"class_list":["post-82","page","type-page","status-publish","hentry"],"_links":{"self":[{"href":"https:\/\/www.medicina.ufmg.br\/cpgsaudepublica\/wp-json\/wp\/v2\/pages\/82","targetHints":{"allow":["GET"]}}],"collection":[{"href":"https:\/\/www.medicina.ufmg.br\/cpgsaudepublica\/wp-json\/wp\/v2\/pages"}],"about":[{"href":"https:\/\/www.medicina.ufmg.br\/cpgsaudepublica\/wp-json\/wp\/v2\/types\/page"}],"author":[{"embeddable":true,"href":"https:\/\/www.medicina.ufmg.br\/cpgsaudepublica\/wp-json\/wp\/v2\/users\/17"}],"replies":[{"embeddable":true,"href":"https:\/\/www.medicina.ufmg.br\/cpgsaudepublica\/wp-json\/wp\/v2\/comments?post=82"}],"version-history":[{"count":1,"href":"https:\/\/www.medicina.ufmg.br\/cpgsaudepublica\/wp-json\/wp\/v2\/pages\/82\/revisions"}],"predecessor-version":[{"id":83,"href":"https:\/\/www.medicina.ufmg.br\/cpgsaudepublica\/wp-json\/wp\/v2\/pages\/82\/revisions\/83"}],"wp:attachment":[{"href":"https:\/\/www.medicina.ufmg.br\/cpgsaudepublica\/wp-json\/wp\/v2\/media?parent=82"}],"curies":[{"name":"wp","href":"https:\/\/api.w.org\/{rel}","templated":true}]}}