
{"id":961,"date":"2019-12-11T16:21:12","date_gmt":"2019-12-11T16:21:12","guid":{"rendered":"https:\/\/www.medicina.ufmg.br\/cpgsaudepublica\/?page_id=961"},"modified":"2019-12-11T16:21:12","modified_gmt":"2019-12-11T16:21:12","slug":"legislacion-brasilena-para-la-obtencion-de-visa-2","status":"publish","type":"page","link":"https:\/\/www.medicina.ufmg.br\/cpgsaudepublica\/legislacion-brasilena-para-la-obtencion-de-visa-2\/","title":{"rendered":"LEGISLACI\u00d3N BRASILE\u00d1A PARA LA OBTENCI\u00d3N DE VISA"},"content":{"rendered":"\n<p><strong>Visa de estudiante (visa temporaria IV)<\/strong><\/p>\n\n\n\n<p>La visa de estudiante (visa temporaria IV\/VITEM IV) se puede otorgar para estad\u00edas de hasta 365 d\u00edas en Brasil, a estudiantes aceptados o matriculados en carreras de grado o de posgrado reconocidas por el Ministerio de Educaci\u00f3n (MEC) en Brasil. Los beneficiarios del VITEM IV no pueden tener v\u00ednculo laboral en Brasil.<\/p>\n\n\n\n<p>La visa de estudiante se debe solicitar en los servicios consulares brasile\u00f1os en el exterior. La documentaci\u00f3n necesaria para solicitar la visa depende del pa\u00eds de origen del aplicante.&nbsp;Los candidatos deben contactarse con el servicio consular m\u00e1s cercano para conocer los requisitos en su pa\u00eds.<\/p>\n\n\n\n<p>Por lo general, la documentaci\u00f3n solicitada incluye, como m\u00ednimo:<\/p>\n\n\n\n<ul class=\"wp-block-list\"><li>Formulario completo y firmado en dos ejemplares.<\/li><li>Pasaporte.<\/li><li>Declaraci\u00f3n de la instituci\u00f3n educativa brasile\u00f1a manifestando que el interesado fue aceptado o est\u00e1 matriculado en el curso pretendido.<\/li><li>Carta de responsabilidad financiera emitida por el organismo responsable, cuando es becado, o por la persona responsable del estudiante.<\/li><li>Autorizaci\u00f3n de los padres, en caso que sea menor de edad.<\/li><li>Certificado de antecedentes penales.<\/li><li>Boleto de medio de transporte de entrada y salida del territorio nacional.<\/li><\/ul>\n\n\n\n<p><strong>Pr\u00f3rroga de la visa<\/strong><\/p>\n\n\n\n<p>La visa temporaria IV autoriza al extranjero a concurrir a un determinado curso en una instituci\u00f3n educativa definida y podr\u00e1 tener validez de hasta un a\u00f1o (de acuerdo con la carta de aceptaci\u00f3n). A\u00fan as\u00ed, se podr\u00e1 dar una pr\u00f3rroga por igual per\u00edodo, por sucesivas veces, mientras dure el curso. El per\u00edodo de pr\u00f3rroga debe ser tramitado frente al Departamento de Polic\u00eda Federal o en el Protocolo General del Ministerio de Justicia, hasta 30 (treinta) d\u00edas antes del t\u00e9rmino de la estad\u00eda. La documentaci\u00f3n para la solicitud de pr\u00f3rroga de la visa es:<\/p>\n\n\n\n<ul class=\"wp-block-list\"><li>Requerimiento propio, disponible en&nbsp;<a href=\"https:\/\/servicos.dpf.gov.br\/sincreWeb\/\">https:\/\/servicos.dpf.gov.br\/sincreWeb\/<\/a><\/li><li>Dos (02) fotograf\u00edas tama\u00f1o 3 x 4, recientes, en color, con fondo blanco.<\/li><li>Copia certificada, n\u00edtida y completa del pasaporte o del documento de viaje equivalente v\u00e1lido.<\/li><li>Prueba de registro de temporario.<\/li><li>Garant\u00eda de matr\u00edcula (a menos que el curso haya concluido y que el extranjero est\u00e9 solicitando un plazo para retirar el diploma).<\/li><li>Declaraci\u00f3n de la instituci\u00f3n educativa con la duraci\u00f3n prevista del respectivo curso (a menos que el curso haya concluido y que el extranjero est\u00e9 solicitando un plazo para retirar el diploma).<\/li><li>Recibo original del pago de las correspondientes tasas.<\/li><\/ul>\n\n\n\n<p>Otros documentos pueden ser necesarios. Para m\u00e1s detalles, consulte:&nbsp;<a href=\"http:\/\/www.pf.gov.br\/servicos\/estrangeiro\/prorrogacao-de-prazo-de-estada-de-visto-temporario-iv-estudante\">http:\/\/www.pf.gov.br\/servicos\/estrangeiro\/prorrogacao-de-prazo-de-estada-de-visto-temporario-iv-estudante<\/a><\/p>\n\n\n\n<p>La direcci\u00f3n de la Polic\u00eda Federal en Belo Horizonte es<\/p>\n\n\n\n<p>Rua Nascimento Gurgel, N.\u00b0 30 \u2013 Bairro Gutierrez<\/p>\n\n\n\n<p>Tel\u00e9fono: (31) 3330-5200<\/p>\n\n\n\n<p>Fuente:<\/p>\n\n\n\n<ul class=\"wp-block-list\"><li>Itamaraty \u2013 Ministerio de las Relaciones Exteriores<\/li><\/ul>\n\n\n\n<p>Polic\u00eda Federal<\/p>\n","protected":false},"excerpt":{"rendered":"<p>Visa de estudiante (visa temporaria IV) La visa de estudiante (visa temporaria IV\/VITEM IV) se puede otorgar para estad\u00edas de hasta 365 d\u00edas en Brasil, a estudiantes aceptados o matriculados en carreras de grado o de posgrado reconocidas por el Ministerio de Educaci\u00f3n (MEC) en Brasil. Los beneficiarios del VITEM IV no pueden tener v\u00ednculo [&hellip;]<\/p>\n","protected":false},"author":17,"featured_media":0,"parent":0,"menu_order":0,"comment_status":"closed","ping_status":"closed","template":"pagina_idiomas.php","meta":{"footnotes":""},"class_list":["post-961","page","type-page","status-publish","hentry"],"_links":{"self":[{"href":"https:\/\/www.medicina.ufmg.br\/cpgsaudepublica\/wp-json\/wp\/v2\/pages\/961","targetHints":{"allow":["GET"]}}],"collection":[{"href":"https:\/\/www.medicina.ufmg.br\/cpgsaudepublica\/wp-json\/wp\/v2\/pages"}],"about":[{"href":"https:\/\/www.medicina.ufmg.br\/cpgsaudepublica\/wp-json\/wp\/v2\/types\/page"}],"author":[{"embeddable":true,"href":"https:\/\/www.medicina.ufmg.br\/cpgsaudepublica\/wp-json\/wp\/v2\/users\/17"}],"replies":[{"embeddable":true,"href":"https:\/\/www.medicina.ufmg.br\/cpgsaudepublica\/wp-json\/wp\/v2\/comments?post=961"}],"version-history":[{"count":1,"href":"https:\/\/www.medicina.ufmg.br\/cpgsaudepublica\/wp-json\/wp\/v2\/pages\/961\/revisions"}],"predecessor-version":[{"id":962,"href":"https:\/\/www.medicina.ufmg.br\/cpgsaudepublica\/wp-json\/wp\/v2\/pages\/961\/revisions\/962"}],"wp:attachment":[{"href":"https:\/\/www.medicina.ufmg.br\/cpgsaudepublica\/wp-json\/wp\/v2\/media?parent=961"}],"curies":[{"name":"wp","href":"https:\/\/api.w.org\/{rel}","templated":true}]}}