
{"id":8,"date":"2025-10-15T15:43:20","date_gmt":"2025-10-15T18:43:20","guid":{"rendered":"https:\/\/www.medicina.ufmg.br\/encontresuasala\/?page_id=8"},"modified":"2025-10-16T16:21:46","modified_gmt":"2025-10-16T19:21:46","slug":"home","status":"publish","type":"page","link":"https:\/\/www.medicina.ufmg.br\/encontresuasala\/","title":{"rendered":"Encontre sua Sala"},"content":{"rendered":"\t\t<div data-elementor-type=\"wp-page\" data-elementor-id=\"8\" class=\"elementor elementor-8\">\n\t\t\t\t<div class=\"elementor-element elementor-element-01cc42b e-flex e-con-boxed e-con e-parent\" data-id=\"01cc42b\" data-element_type=\"container\" data-settings=\"{&quot;background_background&quot;:&quot;classic&quot;}\">\n\t\t\t\t\t<div class=\"e-con-inner\">\n\t\t<div class=\"elementor-element elementor-element-d450abb e-con-full e-flex e-con e-child\" data-id=\"d450abb\" data-element_type=\"container\">\n\t\t\t\t<div class=\"elementor-element elementor-element-e122525 elementor-widget elementor-widget-image\" data-id=\"e122525\" data-element_type=\"widget\" data-widget_type=\"image.default\">\n\t\t\t\t<div class=\"elementor-widget-container\">\n\t\t\t\t\t\t\t\t\t\t\t\t\t\t\t<img fetchpriority=\"high\" decoding=\"async\" width=\"1024\" height=\"644\" src=\"https:\/\/www.medicina.ufmg.br\/encontresuasala\/wp-content\/uploads\/sites\/121\/2025\/10\/Marca-Encontre-Sua-Sala-1-1024x644.png\" class=\"attachment-large size-large wp-image-21\" alt=\"\" srcset=\"https:\/\/www.medicina.ufmg.br\/encontresuasala\/wp-content\/uploads\/sites\/121\/2025\/10\/Marca-Encontre-Sua-Sala-1-1024x644.png 1024w, https:\/\/www.medicina.ufmg.br\/encontresuasala\/wp-content\/uploads\/sites\/121\/2025\/10\/Marca-Encontre-Sua-Sala-1-300x189.png 300w, https:\/\/www.medicina.ufmg.br\/encontresuasala\/wp-content\/uploads\/sites\/121\/2025\/10\/Marca-Encontre-Sua-Sala-1-768x483.png 768w, https:\/\/www.medicina.ufmg.br\/encontresuasala\/wp-content\/uploads\/sites\/121\/2025\/10\/Marca-Encontre-Sua-Sala-1-1536x967.png 1536w, https:\/\/www.medicina.ufmg.br\/encontresuasala\/wp-content\/uploads\/sites\/121\/2025\/10\/Marca-Encontre-Sua-Sala-1-2048x1289.png 2048w\" sizes=\"(max-width: 1024px) 100vw, 1024px\" \/>\t\t\t\t\t\t\t\t\t\t\t\t\t\t\t<\/div>\n\t\t\t\t<\/div>\n\t\t\t\t<\/div>\n\t\t<div class=\"elementor-element elementor-element-f840214 e-con-full e-flex e-con e-child\" data-id=\"f840214\" data-element_type=\"container\" data-settings=\"{&quot;background_background&quot;:&quot;classic&quot;}\">\n\t\t\t\t<div class=\"elementor-element elementor-element-b8f92b9 elementor-widget elementor-widget-text-editor\" data-id=\"b8f92b9\" data-element_type=\"widget\" data-widget_type=\"text-editor.default\">\n\t\t\t\t<div class=\"elementor-widget-container\">\n\t\t\t\t\t\t\t\t\t<p>Encontre sua sala \u00e9 um sistema que foi desenvolvido em 2013 para agendamento de salas por docentes e atualizado em 2018. Aqui \u00e9 poss\u00edvel acessar<strong> onde a disciplina ser\u00e1 ministrada<\/strong> e encontrar seu lugar na Faculdade.<\/p>\t\t\t\t\t\t\t\t<\/div>\n\t\t\t\t<\/div>\n\t\t\t\t<div class=\"elementor-element elementor-element-ff8141a elementor-widget elementor-widget-button\" data-id=\"ff8141a\" data-element_type=\"widget\" data-widget_type=\"button.default\">\n\t\t\t\t<div class=\"elementor-widget-container\">\n\t\t\t\t\t\t\t\t\t<div class=\"elementor-button-wrapper\">\n\t\t\t\t\t<a class=\"elementor-button elementor-button-link elementor-size-sm\" href=\"https:\/\/www.medicina.ufmg.br\/encontresuasala\/aqui\/\">\n\t\t\t\t\t\t<span class=\"elementor-button-content-wrapper\">\n\t\t\t\t\t\t\t\t\t<span class=\"elementor-button-text\">Encontre Sua Sala aqui!<\/span>\n\t\t\t\t\t<\/span>\n\t\t\t\t\t<\/a>\n\t\t\t\t<\/div>\n\t\t\t\t\t\t\t\t<\/div>\n\t\t\t\t<\/div>\n\t\t\t\t<div class=\"elementor-element elementor-element-ce11f31 elementor-widget elementor-widget-menu-anchor\" data-id=\"ce11f31\" data-element_type=\"widget\" data-widget_type=\"menu-anchor.default\">\n\t\t\t\t<div class=\"elementor-widget-container\">\n\t\t\t\t\t\t\t<div class=\"elementor-menu-anchor\" id=\"formulario\"><\/div>\n\t\t\t\t\t\t<\/div>\n\t\t\t\t<\/div>\n\t\t\t\t<\/div>\n\t\t\t\t\t<\/div>\n\t\t\t\t<\/div>\n\t\t<div class=\"elementor-element elementor-element-f734aaa e-flex e-con-boxed e-con e-parent\" data-id=\"f734aaa\" data-element_type=\"container\" data-settings=\"{&quot;background_background&quot;:&quot;classic&quot;}\">\n\t\t\t\t\t<div class=\"e-con-inner\">\n\t\t<div class=\"elementor-element elementor-element-86e6d27 e-con-full e-flex e-con e-child\" data-id=\"86e6d27\" data-element_type=\"container\">\n\t\t\t\t<div class=\"elementor-element elementor-element-992b31f elementor-widget elementor-widget-heading\" data-id=\"992b31f\" data-element_type=\"widget\" data-widget_type=\"heading.default\">\n\t\t\t\t<div class=\"elementor-widget-container\">\n\t\t\t\t\t<h2 class=\"elementor-heading-title elementor-size-default\">Resolu\u00e7\u00e3o n\u00ba 01, de 28 de mar\u00e7o de 2018<\/h2>\t\t\t\t<\/div>\n\t\t\t\t<\/div>\n\t\t\t\t<\/div>\n\t\t<div class=\"elementor-element elementor-element-e22c612 e-con-full e-flex e-con e-child\" data-id=\"e22c612\" data-element_type=\"container\">\n\t\t\t\t<div class=\"elementor-element elementor-element-336b3b3 elementor-widget elementor-widget-button\" data-id=\"336b3b3\" data-element_type=\"widget\" data-widget_type=\"button.default\">\n\t\t\t\t<div class=\"elementor-widget-container\">\n\t\t\t\t\t\t\t\t\t<div class=\"elementor-button-wrapper\">\n\t\t\t\t\t<a class=\"elementor-button elementor-button-link elementor-size-sm\" href=\"https:\/\/ftp.medicina.ufmg.br\/agendesuasala\/resolucao_01_normas_para_agendamento_sala_de_aula.pdf\">\n\t\t\t\t\t\t<span class=\"elementor-button-content-wrapper\">\n\t\t\t\t\t\t\t\t\t<span class=\"elementor-button-text\">Resolu\u00e7\u00e3o n\u00ba 01, de 28 de mar\u00e7o de 2018<\/span>\n\t\t\t\t\t<\/span>\n\t\t\t\t\t<\/a>\n\t\t\t\t<\/div>\n\t\t\t\t\t\t\t\t<\/div>\n\t\t\t\t<\/div>\n\t\t\t\t<\/div>\n\t\t\t\t\t<\/div>\n\t\t\t\t<\/div>\n\t\t<div class=\"elementor-element elementor-element-3b63176 e-flex e-con-boxed e-con e-parent\" data-id=\"3b63176\" data-element_type=\"container\" data-settings=\"{&quot;background_background&quot;:&quot;classic&quot;}\">\n\t\t\t\t\t<div class=\"e-con-inner\">\n\t\t<div class=\"elementor-element elementor-element-cfb6a5b e-con-full e-flex e-con e-child\" data-id=\"cfb6a5b\" data-element_type=\"container\">\n\t\t\t\t<div class=\"elementor-element elementor-element-916d6bb elementor-widget elementor-widget-menu-anchor\" data-id=\"916d6bb\" data-element_type=\"widget\" data-widget_type=\"menu-anchor.default\">\n\t\t\t\t<div class=\"elementor-widget-container\">\n\t\t\t\t\t\t\t<div class=\"elementor-menu-anchor\" id=\"agende\"><\/div>\n\t\t\t\t\t\t<\/div>\n\t\t\t\t<\/div>\n\t\t\t\t<div class=\"elementor-element elementor-element-e6bcbc2 elementor-widget elementor-widget-heading\" data-id=\"e6bcbc2\" data-element_type=\"widget\" data-widget_type=\"heading.default\">\n\t\t\t\t<div class=\"elementor-widget-container\">\n\t\t\t\t\t<h2 class=\"elementor-heading-title elementor-size-default\">Agende sua sala aqui, <br>docente<\/h2>\t\t\t\t<\/div>\n\t\t\t\t<\/div>\n\t\t\t\t<\/div>\n\t\t<div class=\"elementor-element elementor-element-77af90b e-con-full e-flex e-con e-child\" data-id=\"77af90b\" data-element_type=\"container\">\n\t\t\t\t<div class=\"elementor-element elementor-element-b958fc5 elementor-widget elementor-widget-button\" data-id=\"b958fc5\" data-element_type=\"widget\" data-widget_type=\"button.default\">\n\t\t\t\t<div class=\"elementor-widget-container\">\n\t\t\t\t\t\t\t\t\t<div class=\"elementor-button-wrapper\">\n\t\t\t\t\t<a class=\"elementor-button elementor-button-link elementor-size-sm\" href=\"http:\/\/ftp.medicina.ufmg.br\/agendesuasala\/Manual_do_Sistema_de_Reserva_de_Salas.pdf\">\n\t\t\t\t\t\t<span class=\"elementor-button-content-wrapper\">\n\t\t\t\t\t\t\t\t\t<span class=\"elementor-button-text\">Manual de Utiliza\u00e7\u00e3o do Sistema<\/span>\n\t\t\t\t\t<\/span>\n\t\t\t\t\t<\/a>\n\t\t\t\t<\/div>\n\t\t\t\t\t\t\t\t<\/div>\n\t\t\t\t<\/div>\n\t\t\t\t<div class=\"elementor-element elementor-element-37be3ff elementor-widget elementor-widget-button\" data-id=\"37be3ff\" data-element_type=\"widget\" data-widget_type=\"button.default\">\n\t\t\t\t<div class=\"elementor-widget-container\">\n\t\t\t\t\t\t\t\t\t<div class=\"elementor-button-wrapper\">\n\t\t\t\t\t<a class=\"elementor-button elementor-button-link elementor-size-sm\" href=\"https:\/\/intranet.medicina.ufmg.br\/\">\n\t\t\t\t\t\t<span class=\"elementor-button-content-wrapper\">\n\t\t\t\t\t\t\t\t\t<span class=\"elementor-button-text\">Agende Sua Sala aqui!<\/span>\n\t\t\t\t\t<\/span>\n\t\t\t\t\t<\/a>\n\t\t\t\t<\/div>\n\t\t\t\t\t\t\t\t<\/div>\n\t\t\t\t<\/div>\n\t\t\t\t<\/div>\n\t\t\t\t\t<\/div>\n\t\t\t\t<\/div>\n\t\t\t\t<\/div>\n\t\t","protected":false},"excerpt":{"rendered":"<p>Encontre sua sala \u00e9 um sistema que foi desenvolvido em 2013 para agendamento de salas por docentes e atualizado em 2018. Aqui \u00e9 poss\u00edvel acessar onde a disciplina ser\u00e1 ministrada e encontrar seu lugar na Faculdade. Encontre Sua Sala aqui! Resolu\u00e7\u00e3o n\u00ba 01, de 28 de mar\u00e7o de 2018 Resolu\u00e7\u00e3o n\u00ba 01, de 28 de [&hellip;]<\/p>\n","protected":false},"author":105,"featured_media":0,"parent":0,"menu_order":0,"comment_status":"closed","ping_status":"closed","template":"elementor_header_footer","meta":{"footnotes":""},"class_list":["post-8","page","type-page","status-publish","hentry"],"_links":{"self":[{"href":"https:\/\/www.medicina.ufmg.br\/encontresuasala\/wp-json\/wp\/v2\/pages\/8","targetHints":{"allow":["GET"]}}],"collection":[{"href":"https:\/\/www.medicina.ufmg.br\/encontresuasala\/wp-json\/wp\/v2\/pages"}],"about":[{"href":"https:\/\/www.medicina.ufmg.br\/encontresuasala\/wp-json\/wp\/v2\/types\/page"}],"author":[{"embeddable":true,"href":"https:\/\/www.medicina.ufmg.br\/encontresuasala\/wp-json\/wp\/v2\/users\/105"}],"replies":[{"embeddable":true,"href":"https:\/\/www.medicina.ufmg.br\/encontresuasala\/wp-json\/wp\/v2\/comments?post=8"}],"version-history":[{"count":17,"href":"https:\/\/www.medicina.ufmg.br\/encontresuasala\/wp-json\/wp\/v2\/pages\/8\/revisions"}],"predecessor-version":[{"id":64,"href":"https:\/\/www.medicina.ufmg.br\/encontresuasala\/wp-json\/wp\/v2\/pages\/8\/revisions\/64"}],"wp:attachment":[{"href":"https:\/\/www.medicina.ufmg.br\/encontresuasala\/wp-json\/wp\/v2\/media?parent=8"}],"curies":[{"name":"wp","href":"https:\/\/api.w.org\/{rel}","templated":true}]}}