{"id":458,"date":"2019-09-05T12:27:21","date_gmt":"2019-09-05T15:27:21","guid":{"rendered":"https:\/\/www.medicina.ufmg.br\/simposiosvirtuais\/?page_id=458"},"modified":"2023-05-30T15:16:55","modified_gmt":"2023-05-30T18:16:55","slug":"inicio","status":"publish","type":"page","link":"https:\/\/www.medicina.ufmg.br\/eventos\/","title":{"rendered":"In\u00edcio"},"content":{"rendered":"\t\t<div data-elementor-type=\"wp-post\" data-elementor-id=\"458\" class=\"elementor elementor-458\">\n\t\t\t\t\t\t<section class=\"elementor-section elementor-top-section elementor-element elementor-element-07afefc elementor-section-boxed elementor-section-height-default elementor-section-height-default\" data-id=\"07afefc\" data-element_type=\"section\" data-settings=\"{&quot;background_background&quot;:&quot;classic&quot;}\">\n\t\t\t\t\t\t<div class=\"elementor-container elementor-column-gap-default\">\n\t\t\t\t\t<div class=\"elementor-column elementor-col-50 elementor-top-column elementor-element elementor-element-27e3701\" data-id=\"27e3701\" data-element_type=\"column\" data-settings=\"{&quot;background_background&quot;:&quot;classic&quot;}\">\n\t\t\t<div class=\"elementor-widget-wrap elementor-element-populated\">\n\t\t\t\t\t\t<div class=\"elementor-element elementor-element-e2b9edd elementor-widget elementor-widget-image\" data-id=\"e2b9edd\" data-element_type=\"widget\" data-widget_type=\"image.default\">\n\t\t\t\t<div class=\"elementor-widget-container\">\n\t\t\t\t\t\t\t\t\t\t\t\t\t\t\t<img decoding=\"async\" width=\"300\" height=\"63\" src=\"https:\/\/www.medicina.ufmg.br\/eventos\/wp-content\/uploads\/sites\/85\/2019\/09\/logo-300x63.png\" class=\"attachment-medium size-medium wp-image-727\" alt=\"\" srcset=\"https:\/\/www.medicina.ufmg.br\/eventos\/wp-content\/uploads\/sites\/85\/2019\/09\/logo-300x63.png 300w, https:\/\/www.medicina.ufmg.br\/eventos\/wp-content\/uploads\/sites\/85\/2019\/09\/logo.png 701w\" sizes=\"(max-width: 300px) 100vw, 300px\" \/>\t\t\t\t\t\t\t\t\t\t\t\t\t\t\t<\/div>\n\t\t\t\t<\/div>\n\t\t\t\t\t<\/div>\n\t\t<\/div>\n\t\t\t\t<div class=\"elementor-column elementor-col-50 elementor-top-column elementor-element elementor-element-2a61db6\" data-id=\"2a61db6\" data-element_type=\"column\" data-settings=\"{&quot;background_background&quot;:&quot;classic&quot;}\">\n\t\t\t<div class=\"elementor-widget-wrap\">\n\t\t\t\t\t\t\t<\/div>\n\t\t<\/div>\n\t\t\t\t\t<\/div>\n\t\t<\/section>\n\t\t\t\t<section class=\"elementor-section elementor-top-section elementor-element elementor-element-b475944 elementor-section-full_width elementor-section-stretched elementor-section-height-default elementor-section-height-default\" data-id=\"b475944\" data-element_type=\"section\" data-settings=\"{&quot;stretch_section&quot;:&quot;section-stretched&quot;,&quot;background_background&quot;:&quot;classic&quot;}\">\n\t\t\t\t\t\t<div class=\"elementor-container elementor-column-gap-default\">\n\t\t\t\t\t<div class=\"elementor-column elementor-col-100 elementor-top-column elementor-element elementor-element-cbeaf66\" data-id=\"cbeaf66\" data-element_type=\"column\">\n\t\t\t<div class=\"elementor-widget-wrap elementor-element-populated\">\n\t\t\t\t\t\t<div class=\"elementor-element elementor-element-aada57a elementor-grid-eael-col-1 elementor-grid-tablet-eael-col-2 elementor-grid-mobile-eael-col-1 elementor-widget elementor-widget-eael-post-grid\" data-id=\"aada57a\" data-element_type=\"widget\" data-settings=\"{&quot;eael_post_grid_columns&quot;:&quot;eael-col-1&quot;,&quot;eael_post_grid_columns_tablet&quot;:&quot;eael-col-2&quot;,&quot;eael_post_grid_columns_mobile&quot;:&quot;eael-col-1&quot;}\" data-widget_type=\"eael-post-grid.default\">\n\t\t\t\t<div class=\"elementor-widget-container\">\n\t\t\t\t\t<div id=\"eael-post-grid-aada57a\" class=\"eael-post-grid-container\">\n            <div class=\"eael-post-grid eael-post-appender eael-post-appender-aada57a eael-post-grid-style-one\" data-layout-mode=\"masonry\"><article class=\"eael-grid-post eael-post-grid-column\" data-id=\"2139\">\n        <div class=\"eael-grid-post-holder\">\n            <div class=\"eael-grid-post-holder-inner\"><div class=\"eael-entry-wrapper\"><header class=\"eael-entry-header\"><h2 class=\"eael-entry-title\"><a\n                        class=\"eael-grid-post-link\"\n                        href=\"https:\/\/www.medicina.ufmg.br\/eventos\/5simposioaudicao-apoiadores\/\"\n                        title=\"Apoiadores do 5\u00ba Simp\u00f3sio Franco Brasileiro de Audi\u00e7\u00e3o\">Apoiadores do 5\u00ba Simp\u00f3sio Franco Brasileiro de Audi\u00e7\u00e3o<\/a><\/h2><\/header><div class=\"eael-entry-content\">\n                        <div class=\"eael-grid-post-excerpt\"><a href=\"https:\/\/www.medicina.ufmg.br\/eventos\/5simposioaudicao-apoiadores\/\" class=\"eael-post-elements-readmore-btn\">Acesse<\/a><\/div>\n                    <\/div><\/div><\/div>\n        <\/div>\n    <\/article><article class=\"eael-grid-post eael-post-grid-column\" data-id=\"2102\">\n        <div class=\"eael-grid-post-holder\">\n            <div class=\"eael-grid-post-holder-inner\"><div class=\"eael-entry-wrapper\"><header class=\"eael-entry-header\"><h2 class=\"eael-entry-title\"><a\n                        class=\"eael-grid-post-link\"\n                        href=\"https:\/\/www.medicina.ufmg.br\/eventos\/5th-symposium-on-hearingand-balance\/\"\n                        title=\"5TH SYMPOSIUM ON HEARINGAND BALANCE\">5TH SYMPOSIUM ON HEARINGAND BALANCE<\/a><\/h2><\/header><div class=\"eael-entry-content\">\n                        <div class=\"eael-grid-post-excerpt\"><a href=\"https:\/\/www.medicina.ufmg.br\/eventos\/5th-symposium-on-hearingand-balance\/\" class=\"eael-post-elements-readmore-btn\">Acesse<\/a><\/div>\n                    <\/div><\/div><\/div>\n        <\/div>\n    <\/article><article class=\"eael-grid-post eael-post-grid-column\" data-id=\"2104\">\n        <div class=\"eael-grid-post-holder\">\n            <div class=\"eael-grid-post-holder-inner\"><div class=\"eael-entry-wrapper\"><header class=\"eael-entry-header\"><h2 class=\"eael-entry-title\"><a\n                        class=\"eael-grid-post-link\"\n                        href=\"https:\/\/www.medicina.ufmg.br\/eventos\/5simposioaudicao\/\"\n                        title=\"5\u00ba Simp\u00f3sio Franco Brasileiro sobre Audi\u00e7\u00e3o\">5\u00ba Simp\u00f3sio Franco Brasileiro sobre Audi\u00e7\u00e3o<\/a><\/h2><\/header><div class=\"eael-entry-content\">\n                        <div class=\"eael-grid-post-excerpt\"><a href=\"https:\/\/www.medicina.ufmg.br\/eventos\/5simposioaudicao\/\" class=\"eael-post-elements-readmore-btn\">Acesse<\/a><\/div>\n                    <\/div><\/div><\/div>\n        <\/div>\n    <\/article><article class=\"eael-grid-post eael-post-grid-column\" data-id=\"1756\">\n        <div class=\"eael-grid-post-holder\">\n            <div class=\"eael-grid-post-holder-inner\"><div class=\"eael-entry-wrapper\"><header class=\"eael-entry-header\"><h2 class=\"eael-entry-title\"><a\n                        class=\"eael-grid-post-link\"\n                        href=\"https:\/\/www.medicina.ufmg.br\/eventos\/4th-french-brazilian-symposium-on-hearing-and-balance\/\"\n                        title=\"SYMPOSIUM ON HEARINGAND BALANC\">SYMPOSIUM ON HEARINGAND BALANC<\/a><\/h2><\/header><div class=\"eael-entry-content\">\n                        <div class=\"eael-grid-post-excerpt\"><a href=\"https:\/\/www.medicina.ufmg.br\/eventos\/4th-french-brazilian-symposium-on-hearing-and-balance\/\" class=\"eael-post-elements-readmore-btn\">Acesse<\/a><\/div>\n                    <\/div><\/div><\/div>\n        <\/div>\n    <\/article><article class=\"eael-grid-post eael-post-grid-column\" data-id=\"1740\">\n        <div class=\"eael-grid-post-holder\">\n            <div class=\"eael-grid-post-holder-inner\"><div class=\"eael-entry-wrapper\"><header class=\"eael-entry-header\"><h2 class=\"eael-entry-title\"><a\n                        class=\"eael-grid-post-link\"\n                        href=\"https:\/\/www.medicina.ufmg.br\/eventos\/8imt\/\"\n                        title=\"8\u00ba ENCONTRO ANUAL DO PROGRAMA DE P\u00d3S-GRADUA\u00c7\u00c3O EM CI\u00caNCIAS DA SA\u00daDE: INFECTOLOGIA E MEDICINA TROPICAL\">8\u00ba ENCONTRO ANUAL DO PROGRAMA DE P\u00d3S-GRADUA\u00c7\u00c3O EM CI\u00caNCIAS DA SA\u00daDE: INFECTOLOGIA E MEDICINA TROPICAL<\/a><\/h2><\/header><div class=\"eael-entry-content\">\n                        <div class=\"eael-grid-post-excerpt\"><a href=\"https:\/\/www.medicina.ufmg.br\/eventos\/8imt\/\" class=\"eael-post-elements-readmore-btn\">Acesse<\/a><\/div>\n                    <\/div><\/div><\/div>\n        <\/div>\n    <\/article><article class=\"eael-grid-post eael-post-grid-column\" data-id=\"1712\">\n        <div class=\"eael-grid-post-holder\">\n            <div class=\"eael-grid-post-holder-inner\"><div class=\"eael-entry-wrapper\"><header class=\"eael-entry-header\"><h2 class=\"eael-entry-title\"><a\n                        class=\"eael-grid-post-link\"\n                        href=\"https:\/\/www.medicina.ufmg.br\/eventos\/4simposioaudicao\/\"\n                        title=\"4\u00ba Simp\u00f3sio Franco Brasileiro sobre Audi\u00e7\u00e3o\">4\u00ba Simp\u00f3sio Franco Brasileiro sobre Audi\u00e7\u00e3o<\/a><\/h2><\/header><div class=\"eael-entry-content\">\n                        <div class=\"eael-grid-post-excerpt\"><a href=\"https:\/\/www.medicina.ufmg.br\/eventos\/4simposioaudicao\/\" class=\"eael-post-elements-readmore-btn\">Acesse<\/a><\/div>\n                    <\/div><\/div><\/div>\n        <\/div>\n    <\/article><\/div>\n            <div class=\"clearfix\"><\/div>\n        <\/div>            <div class=\"eael-load-more-button-wrap\">\n                <button class=\"eael-load-more-button\" id=\"eael-load-more-btn-aada57a\" data-widget-id=\"aada57a\" data-widget=\"aada57a\" data-page-id=\"458\" data-template=\"{&quot;dir&quot;:&quot;lite&quot;,&quot;file_name&quot;:&quot;default.php&quot;,&quot;name&quot;:&quot;Post-Grid&quot;}\" data-class=\"Essential_Addons_Elementor\\Elements\\Post_Grid\" data-layout=\"masonry\" data-page=\"1\" data-args=\"orderby=date&amp;order=desc&amp;ignore_sticky_posts=1&amp;post_status=publish&amp;posts_per_page=6&amp;offset=&amp;post_type=post\" data-max-page=\"4\">\n                    <span class=\"eael-btn-loader button__loader\"><\/span>\n                    <span class=\"eael_load_more_text\">VEJA MAIS<\/span>\n                <\/button>\n            <\/div>\n            \t\t\t\t<\/div>\n\t\t\t\t<\/div>\n\t\t\t\t\t<\/div>\n\t\t<\/div>\n\t\t\t\t\t<\/div>\n\t\t<\/section>\n\t\t\t\t<section class=\"elementor-section elementor-top-section elementor-element elementor-element-8895311 elementor-section-stretched elementor-section-boxed elementor-section-height-default elementor-section-height-default\" data-id=\"8895311\" data-element_type=\"section\" data-settings=\"{&quot;stretch_section&quot;:&quot;section-stretched&quot;,&quot;background_background&quot;:&quot;classic&quot;}\">\n\t\t\t\t\t\t<div class=\"elementor-container elementor-column-gap-default\">\n\t\t\t\t\t<div class=\"elementor-column elementor-col-50 elementor-top-column elementor-element elementor-element-c5bbf4d\" data-id=\"c5bbf4d\" data-element_type=\"column\">\n\t\t\t<div class=\"elementor-widget-wrap elementor-element-populated\">\n\t\t\t\t\t\t<div class=\"elementor-element elementor-element-971b1a9 elementor-widget elementor-widget-image\" data-id=\"971b1a9\" data-element_type=\"widget\" data-widget_type=\"image.default\">\n\t\t\t\t<div class=\"elementor-widget-container\">\n\t\t\t\t\t\t\t\t\t\t\t\t\t\t\t<img decoding=\"async\" width=\"300\" height=\"113\" src=\"https:\/\/www.medicina.ufmg.br\/eventos\/wp-content\/uploads\/sites\/85\/2019\/09\/logo-medicina-300x113.png\" class=\"attachment-medium size-medium wp-image-560\" alt=\"\" srcset=\"https:\/\/www.medicina.ufmg.br\/eventos\/wp-content\/uploads\/sites\/85\/2019\/09\/logo-medicina-300x113.png 300w, https:\/\/www.medicina.ufmg.br\/eventos\/wp-content\/uploads\/sites\/85\/2019\/09\/logo-medicina-768x289.png 768w, https:\/\/www.medicina.ufmg.br\/eventos\/wp-content\/uploads\/sites\/85\/2019\/09\/logo-medicina-1024x386.png 1024w, https:\/\/www.medicina.ufmg.br\/eventos\/wp-content\/uploads\/sites\/85\/2019\/09\/logo-medicina.png 1094w\" sizes=\"(max-width: 300px) 100vw, 300px\" \/>\t\t\t\t\t\t\t\t\t\t\t\t\t\t\t<\/div>\n\t\t\t\t<\/div>\n\t\t\t\t\t<\/div>\n\t\t<\/div>\n\t\t\t\t<div class=\"elementor-column elementor-col-50 elementor-top-column elementor-element elementor-element-5308514\" data-id=\"5308514\" data-element_type=\"column\">\n\t\t\t<div class=\"elementor-widget-wrap elementor-element-populated\">\n\t\t\t\t\t\t<div class=\"elementor-element elementor-element-6a556cb elementor-widget elementor-widget-image\" data-id=\"6a556cb\" data-element_type=\"widget\" data-widget_type=\"image.default\">\n\t\t\t\t<div class=\"elementor-widget-container\">\n\t\t\t\t\t\t\t\t\t\t\t\t\t\t\t<img decoding=\"async\" width=\"300\" height=\"91\" src=\"https:\/\/www.medicina.ufmg.br\/eventos\/wp-content\/uploads\/sites\/85\/2019\/09\/ufmg-300x91.png\" class=\"attachment-medium size-medium wp-image-561\" alt=\"\" srcset=\"https:\/\/www.medicina.ufmg.br\/eventos\/wp-content\/uploads\/sites\/85\/2019\/09\/ufmg-300x91.png 300w, https:\/\/www.medicina.ufmg.br\/eventos\/wp-content\/uploads\/sites\/85\/2019\/09\/ufmg-768x233.png 768w, https:\/\/www.medicina.ufmg.br\/eventos\/wp-content\/uploads\/sites\/85\/2019\/09\/ufmg.png 950w\" sizes=\"(max-width: 300px) 100vw, 300px\" \/>\t\t\t\t\t\t\t\t\t\t\t\t\t\t\t<\/div>\n\t\t\t\t<\/div>\n\t\t\t\t\t<\/div>\n\t\t<\/div>\n\t\t\t\t\t<\/div>\n\t\t<\/section>\n\t\t\t\t<section class=\"elementor-section elementor-top-section elementor-element elementor-element-bdf4f8a elementor-section-stretched elementor-section-boxed elementor-section-height-default elementor-section-height-default\" data-id=\"bdf4f8a\" data-element_type=\"section\" data-settings=\"{&quot;stretch_section&quot;:&quot;section-stretched&quot;,&quot;background_background&quot;:&quot;classic&quot;}\">\n\t\t\t\t\t\t<div class=\"elementor-container elementor-column-gap-default\">\n\t\t\t\t\t<div class=\"elementor-column elementor-col-100 elementor-top-column elementor-element elementor-element-909b18d\" data-id=\"909b18d\" data-element_type=\"column\">\n\t\t\t<div class=\"elementor-widget-wrap elementor-element-populated\">\n\t\t\t\t\t\t<div class=\"elementor-element elementor-element-72d468b elementor-widget elementor-widget-text-editor\" data-id=\"72d468b\" data-element_type=\"widget\" data-widget_type=\"text-editor.default\">\n\t\t\t\t<div class=\"elementor-widget-container\">\n\t\t\t\t\t\t\t\t\t<p style=\"text-align: center;\">Site produzido pelo Centro de Comunica\u00e7\u00e3o Social<br \/>da Faculdade de Medicina da da UFMG<\/p>\t\t\t\t\t\t\t\t<\/div>\n\t\t\t\t<\/div>\n\t\t\t\t\t<\/div>\n\t\t<\/div>\n\t\t\t\t\t<\/div>\n\t\t<\/section>\n\t\t\t\t<\/div>\n\t\t","protected":false},"excerpt":{"rendered":"<p>SYMPOSIUM ON HEARINGAND BALANC Acesse 8\u00ba ENCONTRO ANUAL DO PROGRAMA DE P\u00d3S-GRADUA\u00c7\u00c3O EM CI\u00caNCIAS DA SA\u00daDE: INFECTOLOGIA E MEDICINA TROPICAL Acesse 4\u00ba Simp\u00f3sio Franco Brasileiro sobre Audi\u00e7\u00e3o Acesse 7\u00ba ENCONTRO ANUAL DO PROGRAMA DE P\u00d3S-GRADUA\u00c7\u00c3O EM CI\u00caNCIAS DA SA\u00daDE: INFECTOLOGIA E MEDICINA TROPICAL Acesse 3\u00b0 FRENCH &#8211; BRAZILIAN SYMPOSIUM ON HEARING Acesse 3\u00ba SIMP\u00d3SIO FRANCO [&hellip;]<\/p>\n","protected":false},"author":17,"featured_media":0,"parent":0,"menu_order":0,"comment_status":"closed","ping_status":"closed","template":"elementor_canvas","meta":{"footnotes":""},"class_list":["post-458","page","type-page","status-publish","hentry","entry"],"_links":{"self":[{"href":"https:\/\/www.medicina.ufmg.br\/eventos\/wp-json\/wp\/v2\/pages\/458","targetHints":{"allow":["GET"]}}],"collection":[{"href":"https:\/\/www.medicina.ufmg.br\/eventos\/wp-json\/wp\/v2\/pages"}],"about":[{"href":"https:\/\/www.medicina.ufmg.br\/eventos\/wp-json\/wp\/v2\/types\/page"}],"author":[{"embeddable":true,"href":"https:\/\/www.medicina.ufmg.br\/eventos\/wp-json\/wp\/v2\/users\/17"}],"replies":[{"embeddable":true,"href":"https:\/\/www.medicina.ufmg.br\/eventos\/wp-json\/wp\/v2\/comments?post=458"}],"version-history":[{"count":67,"href":"https:\/\/www.medicina.ufmg.br\/eventos\/wp-json\/wp\/v2\/pages\/458\/revisions"}],"predecessor-version":[{"id":1994,"href":"https:\/\/www.medicina.ufmg.br\/eventos\/wp-json\/wp\/v2\/pages\/458\/revisions\/1994"}],"wp:attachment":[{"href":"https:\/\/www.medicina.ufmg.br\/eventos\/wp-json\/wp\/v2\/media?parent=458"}],"curies":[{"name":"wp","href":"https:\/\/api.w.org\/{rel}","templated":true}]}}