{"id":199,"date":"2017-05-08T12:59:44","date_gmt":"2017-05-08T12:59:44","guid":{"rendered":"https:\/\/www.medicina.ufmg.br\/fon\/?page_id=199"},"modified":"2023-06-14T13:28:28","modified_gmt":"2023-06-14T13:28:28","slug":"material-didatico","status":"publish","type":"page","link":"https:\/\/www.medicina.ufmg.br\/fon\/material-didatico\/","title":{"rendered":"Material Did\u00e1tico"},"content":{"rendered":"\n<p><a href=\"https:\/\/www.medicina.ufmg.br\/fon\/wp-content\/uploads\/sites\/26\/2022\/04\/Cartilha-AASI-GRAO.pdf\">Cartilha &#8211; Orienta\u00e7\u00f5es para usu\u00e1rios de aparelhos auditivos e para parceiros comunicativos<\/a><\/p>\n\n\n\n<p><a rel=\"noreferrer noopener\" aria-label=\"Cartilha de orienta\u00e7\u00f5es ao usu\u00e1rio de aparelhos auditivos (abre numa nova aba)\" href=\"https:\/\/www.medicina.ufmg.br\/fon\/wp-content\/uploads\/sites\/26\/2020\/11\/cartilha_usu\u00e1rio_aparelhosauditivos-05-11-2020.pdf\" target=\"_blank\">Cartilha de orienta\u00e7\u00f5es ao usu\u00e1rio de aparelhos auditivos<\/a><\/p>\n\n\n\n<p><a href=\"https:\/\/www.medicina.ufmg.br\/fon\/wp-content\/uploads\/sites\/26\/2021\/07\/Cartilha-para-os-professores-1-compactado.pdf\">Processamento Auditivo para Professores<\/a><br><br><a href=\"http:\/\/www.medicina.ufmg.br\/fon\/wp-content\/uploads\/sites\/26\/2021\/11\/Desenvolvimento-Auditivo-para-educadores-e-profissionais-da-saude.pdf\">Desenvolvimento Auditivo para educadores e profissionais da sa\u00fade<\/a><\/p>\n\n\n\n<p><a href=\"http:\/\/www.medicina.ufmg.br\/fon\/wp-content\/uploads\/sites\/26\/2023\/06\/Manual-estimulacao-para-impressao.pdf\" data-type=\"URL\" data-id=\"http:\/\/www.medicina.ufmg.br\/fon\/wp-content\/uploads\/sites\/26\/2023\/06\/Manual-estimulacao-para-impressao.pdf\" target=\"_blank\" rel=\"noreferrer noopener\">Manual da Afasia<br><\/a><br><\/p>\n","protected":false},"excerpt":{"rendered":"<p>Cartilha &#8211; Orienta\u00e7\u00f5es para usu\u00e1rios de aparelhos auditivos e para parceiros comunicativos Cartilha de orienta\u00e7\u00f5es ao usu\u00e1rio de aparelhos auditivos Processamento Auditivo para Professores Desenvolvimento Auditivo para educadores e profissionais da sa\u00fade Manual da Afasia<\/p>\n","protected":false},"author":17,"featured_media":0,"parent":0,"menu_order":0,"comment_status":"closed","ping_status":"closed","template":"","meta":{"footnotes":""},"class_list":["post-199","page","type-page","status-publish","hentry"],"_links":{"self":[{"href":"https:\/\/www.medicina.ufmg.br\/fon\/wp-json\/wp\/v2\/pages\/199","targetHints":{"allow":["GET"]}}],"collection":[{"href":"https:\/\/www.medicina.ufmg.br\/fon\/wp-json\/wp\/v2\/pages"}],"about":[{"href":"https:\/\/www.medicina.ufmg.br\/fon\/wp-json\/wp\/v2\/types\/page"}],"author":[{"embeddable":true,"href":"https:\/\/www.medicina.ufmg.br\/fon\/wp-json\/wp\/v2\/users\/17"}],"replies":[{"embeddable":true,"href":"https:\/\/www.medicina.ufmg.br\/fon\/wp-json\/wp\/v2\/comments?post=199"}],"version-history":[{"count":8,"href":"https:\/\/www.medicina.ufmg.br\/fon\/wp-json\/wp\/v2\/pages\/199\/revisions"}],"predecessor-version":[{"id":283,"href":"https:\/\/www.medicina.ufmg.br\/fon\/wp-json\/wp\/v2\/pages\/199\/revisions\/283"}],"wp:attachment":[{"href":"https:\/\/www.medicina.ufmg.br\/fon\/wp-json\/wp\/v2\/media?parent=199"}],"curies":[{"name":"wp","href":"https:\/\/api.w.org\/{rel}","templated":true}]}}