{"id":27,"date":"2015-02-24T15:54:43","date_gmt":"2015-02-24T15:54:43","guid":{"rendered":"https:\/\/www.medicina.ufmg.br\/fon\/?page_id=27"},"modified":"2026-04-09T11:47:16","modified_gmt":"2026-04-09T11:47:16","slug":"sobre","status":"publish","type":"page","link":"https:\/\/www.medicina.ufmg.br\/fon\/sobre\/","title":{"rendered":"Sobre"},"content":{"rendered":"\n<p>O campo de atua\u00e7\u00e3o do fonoaudi\u00f3logo ampliou-se nos \u00faltimos anos. At\u00e9 pouco tempo, esse profissional limitava-se a trabalhar em consult\u00f3rios e cl\u00ednicas. Atualmente, n\u00e3o s\u00f3 a \u00e1rea da sa\u00fade, mas tamb\u00e9m a \u00e1rea da educa\u00e7\u00e3o contam com o trabalho desses profissionais. As escolas utilizam os servi\u00e7os de fonoaudiologia para orientar seus professores e empresas e recorrem a eles para cuidar da sa\u00fade vocal e auditiva de seus funcion\u00e1rios.<\/p>\n\n\n\n<!--more-->\n\n\n\n<p>Al\u00e9m disto, os fonoaudi\u00f3logos trabalham com o aperfei\u00e7oamento de profissionais \u2013 como radialistas, rep\u00f3rteres e apresentadores de televis\u00e3o, cantores e atores \u2013 que utilizam a comunica\u00e7\u00e3o como instrumento de trabalho:<\/p>\n\n\n\n<p>Hospitais;<br>Escolas;<br>Consult\u00f3rios e cl\u00ednicas particulares;<br>Unidades b\u00e1sicas de sa\u00fade.<\/p>\n\n\n\n<p>As aulas pr\u00e1ticas do curso de Fonoaudiologia da Faculdade de Medicina da UFMG s\u00e3o ministradas no Ambulat\u00f3rio de Fono, localizado no Hospital S\u00e3o Geraldo, 3\u00b0 andar e os agendamentos s\u00e3o feitos via SUS.<br>Mais informa\u00e7\u00f5es: 3409-9580<\/p>\n\n\n\n<h2 class=\"wp-block-heading\">Administra\u00e7\u00e3o<\/h2>\n\n\n\n<p><strong>Chefe do Departamento<\/strong><br>Andr\u00e9a Rodrigues Motta<\/p>\n\n\n\n<p><strong>Subchefe do Departamento<\/strong><br>Laelia Cristina Caseiro Vicente<\/p>\n\n\n\n<p><strong>Secret\u00e1ria Administrativa<br><\/strong>L\u00facia Helena Pinheiro<\/p>\n\n\n\n<p><strong>Hor\u00e1rio de funcionamento<\/strong><br>9h \u00e0s 13h e das 14h \u00e0s 16h<\/p>\n\n\n\n<p><strong>C\u00e2mara departamental:<\/strong><\/p>\n\n\n\n<figure class=\"wp-block-table\"><table class=\"has-fixed-layout\"><tbody><tr><td><strong>Titulares<\/strong><\/td><td>Suplentes<\/td><\/tr><tr><td>Andrea Rodrigues Motta<\/td><td>&#8211;<\/td><\/tr><tr><td>La\u00e9lia Cristina Caseiro Vicente<\/td><td>&#8211;<\/td><\/tr><tr><td>Aline Mansueto Mour\u00e3o<\/td><td>Thamara Suzi dos Santos<\/td><\/tr><tr><td>Let\u00edcia Caldas Teixeira<\/td><td>Thais Helena Machado<\/td><\/tr><tr><td>Luciana Mendon\u00e7a Alves<\/td><td>Izabel Cristina Campolina Miranda<\/td><\/tr><tr><td>Andrezza Gonzalez Escarce<\/td><td>Renata Maria Moreira Moraes Furlan<\/td><\/tr><tr><td>Patr\u00edcia Cotta Mancini<\/td><td>Adriane Mesquita de Medeiros<\/td><\/tr><tr><td>Stela Maris Aguiar Lemos<\/td><td>Ana Cristina C\u00f4rtes Gama<\/td><\/tr><\/tbody><\/table><\/figure>\n\n\n\n<p><strong>Representante T\u00e9cnico-administrativo<\/strong><br>L\u00facia Helena Pinheiro<br><\/p>\n\n\n\n<p><strong>Representante\u00a0estudantil<\/strong><br> Ana Luisa Cordeiro Alves<\/p>\n\n\n\n<h2 class=\"wp-block-heading\">Hist\u00f3rico<\/h2>\n\n\n\n<p>Quando foi criado, em 2000, o curso de Fonoaudiologia n\u00e3o possu\u00eda um departamento pr\u00f3prio, e sua coordena\u00e7\u00e3o era de responsabilidade do Departamento de Oftalmologia e Otorrinolaringologia da Faculdade de Medicina.<\/p>\n\n\n\n<p>A partir de 26 de mar\u00e7o de 2007, foi criado o Departamento de Fonoaudiologia que funciona, desde ent\u00e3o, com 16 profissionais de Fonoaudiologia que participam das atividades do curso, assim como da pesquisa e da extens\u00e3o no campo fonoaudiol\u00f3gico.<\/p>\n\n\n\n<h2 class=\"wp-block-heading\">&nbsp;<\/h2>\n","protected":false},"excerpt":{"rendered":"<p>O campo de atua\u00e7\u00e3o do fonoaudi\u00f3logo ampliou-se nos \u00faltimos anos. At\u00e9 pouco tempo, esse profissional limitava-se a trabalhar em consult\u00f3rios e cl\u00ednicas. Atualmente, n\u00e3o s\u00f3 a \u00e1rea da sa\u00fade, mas tamb\u00e9m a \u00e1rea da educa\u00e7\u00e3o contam com o trabalho desses profissionais. As escolas utilizam os servi\u00e7os de fonoaudiologia para orientar seus professores e empresas e [&hellip;]<\/p>\n","protected":false},"author":16,"featured_media":0,"parent":0,"menu_order":0,"comment_status":"closed","ping_status":"closed","template":"","meta":{"footnotes":""},"class_list":["post-27","page","type-page","status-publish","hentry"],"_links":{"self":[{"href":"https:\/\/www.medicina.ufmg.br\/fon\/wp-json\/wp\/v2\/pages\/27","targetHints":{"allow":["GET"]}}],"collection":[{"href":"https:\/\/www.medicina.ufmg.br\/fon\/wp-json\/wp\/v2\/pages"}],"about":[{"href":"https:\/\/www.medicina.ufmg.br\/fon\/wp-json\/wp\/v2\/types\/page"}],"author":[{"embeddable":true,"href":"https:\/\/www.medicina.ufmg.br\/fon\/wp-json\/wp\/v2\/users\/16"}],"replies":[{"embeddable":true,"href":"https:\/\/www.medicina.ufmg.br\/fon\/wp-json\/wp\/v2\/comments?post=27"}],"version-history":[{"count":14,"href":"https:\/\/www.medicina.ufmg.br\/fon\/wp-json\/wp\/v2\/pages\/27\/revisions"}],"predecessor-version":[{"id":293,"href":"https:\/\/www.medicina.ufmg.br\/fon\/wp-json\/wp\/v2\/pages\/27\/revisions\/293"}],"wp:attachment":[{"href":"https:\/\/www.medicina.ufmg.br\/fon\/wp-json\/wp\/v2\/media?parent=27"}],"curies":[{"name":"wp","href":"https:\/\/api.w.org\/{rel}","templated":true}]}}