{"id":30,"date":"2015-02-24T15:54:55","date_gmt":"2015-02-24T15:54:55","guid":{"rendered":"https:\/\/www.medicina.ufmg.br\/fon\/?page_id=30"},"modified":"2026-04-09T12:42:54","modified_gmt":"2026-04-09T12:42:54","slug":"corpo-docente","status":"publish","type":"page","link":"https:\/\/www.medicina.ufmg.br\/fon\/corpo-docente\/","title":{"rendered":"Corpo Docente"},"content":{"rendered":"\n<figure class=\"wp-block-table\"><table class=\"has-fixed-layout\"><tbody><tr><td><strong>Nome<\/strong><\/td><td><strong>Titula\u00e7\u00e3o<\/strong><\/td><td><strong>\u00c1rea<\/strong><\/td><\/tr><tr><td>Adriane Mesquita de Medeiros<\/td><td>Associada<\/td><td>Sa\u00fade coletiva e Voz<\/td><\/tr><tr><td>Aline Mansueto Mour\u00e3o<\/td><td>Adjunta<\/td><td>Motricidade Orofacial<\/td><\/tr><tr><td>Am\u00e9lia Augusta de Lima Friche<\/td><td>Associada<\/td><td>Sa\u00fade coletiva<\/td><\/tr><tr><td>Ana Cristina C\u00f4rtes Gama<\/td><td>Titular<\/td><td>Voz<\/td><\/tr><tr><td>Andrea Rodrigues Motta<\/td><td>Associada<\/td><td>Motricidade Orofacial<\/td><\/tr><tr><td>Andrezza Gonzalez Escarce<\/td><td>Assistente com doutorado<\/td><td>Linguagem<\/td><\/tr><tr><td>Denise Brand\u00e3o de Oliveira e Britto<\/td><td>Adjunta<\/td><td>Linguagem<\/td><\/tr><tr><td>Izabel Cristina Campolina Miranda<\/td><td>Adjunta<\/td><td>Libras, Linguagem e Audiologia<\/td><\/tr><tr><td>La\u00e9lia Cristina Caseiro Vicente<\/td><td>Adjunta<\/td><td>Motricidade Orofacial e Voz<\/td><\/tr><tr><td>Let\u00edcia Caldas Teixeira<\/td><td>Associada<\/td><td>Voz<\/td><\/tr><tr><td>Luciana Macedo de Resende<\/td><td>Associada<\/td><td>Audiologia<\/td><\/tr><tr><td>Luciana Mendon\u00e7a Alves<\/td><td>Adjunta<\/td><td>Linguagem e Sa\u00fade Coletiva<\/td><\/tr><tr><td>Ludimila Labanca<\/td><td>Adjunta<\/td><td>Audiologia<\/td><\/tr><tr><td>Monalise Batista Costa Berbert<\/td><td>Assistente com doutorado<\/td><td>Motricidade Orofacial e Disfagia<\/td><\/tr><tr><td>Patr\u00edcia Cotta Mancini<\/td><td>Associada<\/td><td>Audiologia<\/td><\/tr><tr><td>Raphaela Barros Guedes Granzonti<\/td><td>Associada<\/td><td>Linguagem<\/td><\/tr><tr><td>Renata Jardim<\/td><td>Assistente com doutorado<\/td><td>Sa\u00fade Coletiva<\/td><\/tr><tr><td>Renata Maria Moreira Moraes Furlan<\/td><td>Adjunta<\/td><td>Motricidade Orofacial<\/td><\/tr><tr><td>Sirley Alves da Silva Carvalho<\/td><td>Titular<\/td><td>Audiologia<\/td><\/tr><tr><td>Stela Maris Aguiar Lemos<\/td><td>Titular<\/td><td>Sa\u00fade Coletiva<\/td><\/tr><tr><td>Thais Helena Machado<\/td><td>Adjunta<\/td><td>Linguagem<\/td><\/tr><tr><td>Thamara Suzi dos Santos<\/td><td>Adjunta<\/td><td>Linguagem<\/td><\/tr><tr><td>Ualisson Nogueira do Nascimento<\/td><td>Adjunto<\/td><td>Voz<\/td><\/tr><\/tbody><\/table><\/figure>\n","protected":false},"excerpt":{"rendered":"<p>Nome Titula\u00e7\u00e3o \u00c1rea Adriane Mesquita de Medeiros Associada Sa\u00fade coletiva e Voz Aline Mansueto Mour\u00e3o Adjunta Motricidade Orofacial Am\u00e9lia Augusta de Lima Friche Associada Sa\u00fade coletiva Ana Cristina C\u00f4rtes Gama Titular Voz Andrea Rodrigues Motta Associada Motricidade Orofacial Andrezza Gonzalez Escarce Assistente com doutorado Linguagem Denise Brand\u00e3o de Oliveira e Britto Adjunta Linguagem Izabel Cristina [&hellip;]<\/p>\n","protected":false},"author":27,"featured_media":0,"parent":0,"menu_order":0,"comment_status":"closed","ping_status":"closed","template":"","meta":{"footnotes":""},"class_list":["post-30","page","type-page","status-publish","hentry"],"_links":{"self":[{"href":"https:\/\/www.medicina.ufmg.br\/fon\/wp-json\/wp\/v2\/pages\/30","targetHints":{"allow":["GET"]}}],"collection":[{"href":"https:\/\/www.medicina.ufmg.br\/fon\/wp-json\/wp\/v2\/pages"}],"about":[{"href":"https:\/\/www.medicina.ufmg.br\/fon\/wp-json\/wp\/v2\/types\/page"}],"author":[{"embeddable":true,"href":"https:\/\/www.medicina.ufmg.br\/fon\/wp-json\/wp\/v2\/users\/27"}],"replies":[{"embeddable":true,"href":"https:\/\/www.medicina.ufmg.br\/fon\/wp-json\/wp\/v2\/comments?post=30"}],"version-history":[{"count":11,"href":"https:\/\/www.medicina.ufmg.br\/fon\/wp-json\/wp\/v2\/pages\/30\/revisions"}],"predecessor-version":[{"id":296,"href":"https:\/\/www.medicina.ufmg.br\/fon\/wp-json\/wp\/v2\/pages\/30\/revisions\/296"}],"wp:attachment":[{"href":"https:\/\/www.medicina.ufmg.br\/fon\/wp-json\/wp\/v2\/media?parent=30"}],"curies":[{"name":"wp","href":"https:\/\/api.w.org\/{rel}","templated":true}]}}