{"id":24,"date":"2015-02-24T16:37:42","date_gmt":"2015-02-24T16:37:42","guid":{"rendered":"https:\/\/www.medicina.ufmg.br\/gob\/?page_id=24"},"modified":"2026-02-20T12:48:03","modified_gmt":"2026-02-20T12:48:03","slug":"sobre","status":"publish","type":"page","link":"https:\/\/www.medicina.ufmg.br\/gob\/sobre\/","title":{"rendered":"Sobre"},"content":{"rendered":"\n<p>O Departamento de Ginecologia e Obstetr\u00edcia (GOB) estava presente em 1911 na ata de instala\u00e7\u00e3o da Faculdade de Medicina da Universidade Federal de Minas Gerais atrav\u00e9s do Professor Hugo Furquim Werneck, primeiro catedr\u00e1tico e signat\u00e1rio da Institui\u00e7\u00e3o.<\/p>\n\n\n\n<p>Ao longo de quase um s\u00e9culo no curr\u00edculo m\u00e9dico insere-se atualmente atrav\u00e9s das disciplinas de Ginecologia B\u00e1sica (6\u00b0 per\u00edodo), Obstetr\u00edcia B\u00e1sica (7\u00b0 per\u00edodo), Aten\u00e7\u00e3o Prim\u00e1ria \u00e0 Sa\u00fade da Mulher (8\u00ba per\u00edodo), Est\u00e1gio em Ginecologia e Obstetr\u00edcia (10\u00b0 per\u00edodo); al\u00e9m dos Est\u00e1gio Opcional em Ginecologia e Est\u00e1gio Opcional em Obstetr\u00edcia e Perinatologia. Atua no Hospital das Cl\u00ednicas na forma\u00e7\u00e3o do especialista em Ginecologia e Obstetr\u00edcia h\u00e1 40 anos atrav\u00e9s da Resid\u00eancia Medica, hoje com \u00e1reas de subespecialidade em Reprodu\u00e7\u00e3o Humana, Oncologia Ginecol\u00f3gica, Endoscopia Ginecol\u00f3gica e Medicina Fetal.<\/p>\n\n\n\n<!--more-->\n\n\n\n<p>Desde 1970 o GOB mant\u00e9m curso de P\u00f3s-Gradua\u00e7\u00e3o senso estricto, inicialmente com o mestrado e j\u00e1 h\u00e1 algum tempo tamb\u00e9m com o doutorado. Neste longo per\u00edodo j\u00e1 titulou mais de 250 mestres e doutores na \u00e1rea da Sa\u00fade da Mulher.<\/p>\n\n\n\n<p>Entretanto surgiram novos desafios. A preven\u00e7\u00e3o da mortalidade das mulheres, jovens e adolescentes deve ser centrada nos pilares dos cuidados da sa\u00fade da mulher, tendo como essenciais o acesso ao planejamento familiar com \u00eanfase no risco reprodutivo, a assist\u00eancia pr\u00e9-natal de qualidade, a assist\u00eancia ao parto e aborto seguros. Aspectos que tamb\u00e9m t\u00eam papel determinante na inser\u00e7\u00e3o da mulher na sociedade de forma plena, permitindo que ela atue de forma segura em todas as dimens\u00f5es de sua vida, profissional, familiar e pessoal. Identificamos a necessidade de formar um m\u00e9dico capaz de atender a mulher de forma eficaz e compreender adequadamente suas principais demandas. As mulheres s\u00e3o ampla maioria nas unidades de sa\u00fade b\u00e1sicas e o profissional de sa\u00fade necessita de um aprendizado seguro que direcione suas a\u00e7\u00f5es e permita o entendimento do universo da ginecologia e obstetr\u00edcia.<\/p>\n\n\n\n<p>As renova\u00e7\u00f5es sucessivas pelas quais passou o GOB ao longo de sua trajet\u00f3ria sempre resultaram em avan\u00e7o e em melhorias na forma\u00e7\u00e3o de recursos humanos. A valoriza\u00e7\u00e3o da hist\u00f3ria rica deste Departamento aliado ao desejo continuo de aprimoramento de seu corpo docente \u00e9 a explica\u00e7\u00e3o desta trajet\u00f3ria t\u00e3o bem sucedida.<\/p>\n\n\n\n<p><strong>Listas dos Catedr\u00e1ticos e Professores Titulares do GOB (1911 \u2013 2025)<br><\/strong>1\u00a0&#8211; Hugo Furquim Werneck<br>2\u00a0&#8211; Oto Cirne<br>3\u00a0&#8211; Clovis Gama Salgado<br>4\u00a0&#8211; Alberto Henrique Rocha<br>5 &#8211; Rui Pimenta Filho<br>6\u00a0&#8211; M\u00e1rio Dias Correa<br>7\u00a0&#8211; Aroldo Fernando Camargos<br>8\u00a0&#8211; Antonio Carlos Vieira Cabral<br>9\u00a0&#8211; Agnaldo Lopes da Silva Filho<br>10\u00a0&#8211; Henrique V\u00edtor Leite<br>11 &#8211; Selmo Geber<br>12 &#8211; Alamanda Kfoury Pereira<br>13 &#8211; Fernando Marcos dos Reis<br>14 &#8211; M\u00e1rcia Mendon\u00e7a Carneiro<br>15 &#8211; Zilma Silveira Nogueira Reis<br>16 &#8211; M\u00e1rio Dias Corr\u00eaa J\u00fanior<\/p>\n\n\n\n<p><\/p>\n\n\n\n<h2 class=\"wp-block-heading\">Administra\u00e7\u00e3o<\/h2>\n\n\n\n<p><strong>Chefe do Departamento <\/strong><br>Prof\u00aa. M\u00e1rcia Cristina Fran\u00e7a Ferreira<\/p>\n\n\n\n<p><strong>Subchefe do Departamento<br><\/strong>Prof. M\u00e1rio Dias Corr\u00eaa J\u00fanior<\/p>\n\n\n\n<p><strong>Pr\u00f3-Reitor de Pesquisa<br><\/strong>Prof. Fernando Marcos dos Reis<\/p>\n\n\n\n<p><strong>Coordenadora do Colegiado do Programa de P\u00f3s-Gradua\u00e7\u00e3o em Sa\u00fade da Mulher<br><\/strong>Prof\u00aa. Marilene Vale de Castro Monteiro<\/p>\n\n\n\n<p><strong>Coordenador da Resid\u00eancia M\u00e9dica<\/strong><br>Prof. Henrique Vitor Leite <\/p>\n\n\n\n<p><strong>Secretaria Administrativa<\/strong><br>Fabiana Fernanda Gonzaga de S\u00e1<br>Clarissa Drummond Marques da Silva<\/p>\n\n\n\n<p><strong>C\u00e2mara Departamental<\/strong><\/p>\n\n\n\n<p>Prof\u00aa. M\u00e1rcia Cristina Fran\u00e7a Ferreira (Chefe)<br>Prof. M\u00e1rio Dias Corr\u00eaa J\u00fanior (Subchefe)<br>Prof. Henrique Vitor Leite<br>Prof. Agnaldo Lopes da Silva Filho<br>Prof\u00aa . Alamanda Kfoury Pereira<br>Prof\u00aa. Marilene Vale de Castro Monteiro<br>Prof\u00aa. Eura Martins Lage<br>Prof. Fernando Macedo Bastos<br>Prof. Cl\u00e9cio \u00canio Murta de Lucena<br>Prof. M\u00e1rcio Alexandre Hip\u00f3lito Rodrigues<br>Prof. Rubens Lene Carvalho Tavares<br>Prof\u00aa. Myrian F\u00e1tima de Siqueira Celani<br>Prof\u00aa. Fabiene Bernardes Castro Vale<br>Prof. Eduardo Siqueira Fernandes<br>Prof. Gabriel Costa Osanan<\/p>\n\n\n\n<p>Discente: Jade Teixeira de Freitas<br>Discente: Let\u00edcia Gon\u00e7alves D\u2019Ascen\u00e7\u00e3o<br>Discente: Maria Luiza Colares Macedo<br>Discente: Joyce Evelinn Costa Gomes<\/p>\n\n\n\n<p>TAE Fabiana Fernanda Gonzaga de S\u00e1<\/p>\n\n\n\n<p><strong>Representante no Colegiado do Curso M\u00e9dico<\/strong><br>Prof. M\u00e1rio Dias Corr\u00eaa J\u00fanior e Prof\u00aa. Mariana Seabra Leite Pra\u00e7a<\/p>\n\n\n\n<p><strong>Hor\u00e1rio de funcionamento<\/strong><br>8h30 \u00e0s 12h &#8211; 13h30 \u00e0s 16h<\/p>\n\n\n\n<p><strong>Hist\u00f3rico<\/strong><\/p>\n\n\n\n<p>(..) Em 1911, \u00e9 criada por um grupo de m\u00e9dicos a Faculdade de Medicina de Minas Gerais e Hugo Werneck se torna o chefe da c\u00e1tedra de Ginecologia e Obstetr\u00edcia. Na Faculdade de Medicina eram ministradas as aulas te\u00f3ricas e as aulas pr\u00e1ticas eram dadas na Santa Casa. Formou algumas gera\u00e7\u00f5es de ginecologistas e obstetras e teve como seu disc\u00edpulo maior, o doutor Lucas Machado.<br>Hugo Werneck ficou \u00e0 frente da c\u00e1tedra at\u00e9 sua morte em 1935. Com a c\u00e1tedra vaga, abriu-se concurso para seu preenchimento e o desenrolar culminou num dos cap\u00edtulos mais interessantes da Medicina em Minas Gerais.<\/p>\n","protected":false},"excerpt":{"rendered":"<p>O Departamento de Ginecologia e Obstetr\u00edcia (GOB) estava presente em 1911 na ata de instala\u00e7\u00e3o da Faculdade de Medicina da Universidade Federal de Minas Gerais atrav\u00e9s do Professor Hugo Furquim Werneck, primeiro catedr\u00e1tico e signat\u00e1rio da Institui\u00e7\u00e3o. Ao longo de quase um s\u00e9culo no curr\u00edculo m\u00e9dico insere-se atualmente atrav\u00e9s das disciplinas de Ginecologia B\u00e1sica (6\u00b0 [&hellip;]<\/p>\n","protected":false},"author":27,"featured_media":0,"parent":0,"menu_order":0,"comment_status":"closed","ping_status":"closed","template":"","meta":{"footnotes":""},"class_list":["post-24","page","type-page","status-publish","hentry"],"_links":{"self":[{"href":"https:\/\/www.medicina.ufmg.br\/gob\/wp-json\/wp\/v2\/pages\/24","targetHints":{"allow":["GET"]}}],"collection":[{"href":"https:\/\/www.medicina.ufmg.br\/gob\/wp-json\/wp\/v2\/pages"}],"about":[{"href":"https:\/\/www.medicina.ufmg.br\/gob\/wp-json\/wp\/v2\/types\/page"}],"author":[{"embeddable":true,"href":"https:\/\/www.medicina.ufmg.br\/gob\/wp-json\/wp\/v2\/users\/27"}],"replies":[{"embeddable":true,"href":"https:\/\/www.medicina.ufmg.br\/gob\/wp-json\/wp\/v2\/comments?post=24"}],"version-history":[{"count":75,"href":"https:\/\/www.medicina.ufmg.br\/gob\/wp-json\/wp\/v2\/pages\/24\/revisions"}],"predecessor-version":[{"id":1057,"href":"https:\/\/www.medicina.ufmg.br\/gob\/wp-json\/wp\/v2\/pages\/24\/revisions\/1057"}],"wp:attachment":[{"href":"https:\/\/www.medicina.ufmg.br\/gob\/wp-json\/wp\/v2\/media?parent=24"}],"curies":[{"name":"wp","href":"https:\/\/api.w.org\/{rel}","templated":true}]}}