{"id":27,"date":"2015-02-24T16:37:52","date_gmt":"2015-02-24T16:37:52","guid":{"rendered":"https:\/\/www.medicina.ufmg.br\/gob\/?page_id=27"},"modified":"2025-10-13T17:31:00","modified_gmt":"2025-10-13T17:31:00","slug":"corpo-docente","status":"publish","type":"page","link":"https:\/\/www.medicina.ufmg.br\/gob\/corpo-docente\/","title":{"rendered":"Corpo Docente"},"content":{"rendered":"\n<figure class=\"wp-block-table\"><table><tbody><tr><td>NOME<\/td><td>\u00c1REA(s) DE INTERESSE<\/td><td>FOTO<\/td><\/tr><tr><td><a href=\"http:\/\/lattes.cnpq.br\/6958241665808406\"><strong>Agnaldo Lopes da Silva Filho<\/strong><\/a><\/td><td>Ginecologia oncol\u00f3gica e cirurgia ginecol\u00f3gica.<br>Biologia molecular e imunologia do c\u00e2ncer ginecol\u00f3gico.<\/td><td><a href=\"http:\/\/www.medicina.ufmg.br\/gob\/wp-content\/uploads\/sites\/27\/2017\/04\/Alopes1.jpg\"><img fetchpriority=\"high\" decoding=\"async\" width=\"200\" height=\"300\" src=\"http:\/\/www.medicina.ufmg.br\/gob\/wp-content\/uploads\/sites\/27\/2017\/04\/Alopes1-200x300.jpg\" alt=\"\"><\/a><\/td><\/tr><tr><td><a href=\"http:\/\/lattes.cnpq.br\/8665100317496606\"><strong>Alamanda Kfoury Pereira<\/strong><\/a><\/td><td>Obstetr\u00edcia.<br>Medicina Fetal.<\/td><td><a href=\"http:\/\/www.medicina.ufmg.br\/gob\/wp-content\/uploads\/sites\/27\/2015\/02\/alamanda_pereira.png\"><img decoding=\"async\" width=\"225\" height=\"300\" src=\"http:\/\/www.medicina.ufmg.br\/gob\/wp-content\/uploads\/sites\/27\/2015\/02\/alamanda_pereira-225x300.png\" alt=\"\"><\/a><\/td><\/tr><tr><td><a href=\"http:\/\/lattes.cnpq.br\/8008204731333293\"><strong>Alessandra Costa Carvalho Macedo<\/strong><\/a><\/td><td>Aten\u00e7\u00e3o prim\u00e1ria a sa\u00fade da mulher; Viol\u00eancia de g\u00eanero.<\/td><td><a href=\"http:\/\/www.medicina.ufmg.br\/gob\/wp-content\/uploads\/sites\/27\/2025\/10\/Alessandra-.jpg\"><img decoding=\"async\" width=\"225\" height=\"250\" src=\"http:\/\/www.medicina.ufmg.br\/gob\/wp-content\/uploads\/sites\/27\/2025\/10\/Alessandra-.jpg\" alt=\"\"><\/a><\/td><\/tr><tr><td><a href=\"https:\/\/www.medicina.ufmg.br\/gob\/corpo-docente\/#\"><strong>Aluana Rezende Parola<\/strong><\/a><\/td><td>Ginecologia e Obstetr\u00edcia com \u00e1rea de atua\u00e7\u00e3o em Medicina Fetal e Gesta\u00e7\u00e3o de Alto Risco.<\/td><td><a href=\"http:\/\/www.medicina.ufmg.br\/gob\/wp-content\/uploads\/sites\/27\/2021\/06\/aluana.jpg\"><img loading=\"lazy\" decoding=\"async\" width=\"540\" height=\"540\" src=\"http:\/\/www.medicina.ufmg.br\/gob\/wp-content\/uploads\/sites\/27\/2021\/06\/aluana.jpg\" alt=\"\"><\/a><\/td><\/tr><tr><td><a href=\"http:\/\/lattes.cnpq.br\/2148900965578428\"><strong>Ana Luiza Lunardi Rocha Baroni<\/strong><\/a><\/td><td>Contracep\u00e7\u00e3o e Planejamento Familiar.<br>Reprodu\u00e7\u00e3o Humana.S\u00edndrome dos ov\u00e1rios polic\u00edsticos.<br>Endometriose.<\/td><td><a href=\"http:\/\/www.medicina.ufmg.br\/gob\/wp-content\/uploads\/sites\/27\/2017\/04\/foto-ana-luiza.jpg\"><img loading=\"lazy\" decoding=\"async\" width=\"284\" height=\"300\" src=\"http:\/\/www.medicina.ufmg.br\/gob\/wp-content\/uploads\/sites\/27\/2017\/04\/foto-ana-luiza-284x300.jpg\" alt=\"\"><\/a><\/td><\/tr><tr><td><a href=\"http:\/\/lattes.cnpq.br\/6880234530953547\"><strong>Andrezza Vilaca Belo Lopes<\/strong><\/a><\/td><td>&#8211;<\/td><td>&#8211;<\/td><\/tr><tr><td><a href=\"http:\/\/buscatextual.cnpq.br\/buscatextual\/visualizacv.do?id=K4208930D6\"><strong>Augusto Henriques Fulg\u00eancio Brand\u00e3o<\/strong><\/a><\/td><td>Medicina Fetal.<br>Gravidez de Alto-Risco.<\/td><td><a href=\"http:\/\/www.medicina.ufmg.br\/gob\/wp-content\/uploads\/sites\/27\/2015\/02\/Augusto-Brand\u00e3o.jpg\"><img loading=\"lazy\" decoding=\"async\" width=\"300\" height=\"300\" src=\"http:\/\/www.medicina.ufmg.br\/gob\/wp-content\/uploads\/sites\/27\/2015\/02\/Augusto-Brand\u00e3o-300x300.jpg\" alt=\"\"><\/a><\/td><\/tr><tr><td><a href=\"https:\/\/share.google\/FMcjj4YSgnP7spcwd\"><strong>Chirlei Aparecida Ferreira<\/strong><\/a><\/td><td>Proped\u00eautica do colo. Endometriose. Ultrassonografia.<\/td><td>&#8211;<\/td><\/tr><tr><td><a href=\"http:\/\/lattes.cnpq.br\/0176578187516499\"><strong>Cl\u00e9cio \u00canio Murta de Lucena<\/strong><\/a><\/td><td>Proped\u00eautica Mam\u00e1ria Cirurgia Reconstrutiva e Oncoplastia Mam\u00e1ria.<br>Doen\u00e7as Benignas e Malignas das Mamas.<br>Aspectos \u00c9ticos e Legais em Mastologia, Ginecologia e Obstetr\u00edcia.<\/td><td><a href=\"http:\/\/www.medicina.ufmg.br\/gob\/wp-content\/uploads\/sites\/27\/2019\/02\/foto1.png\"><img loading=\"lazy\" decoding=\"async\" width=\"226\" height=\"300\" src=\"http:\/\/www.medicina.ufmg.br\/gob\/wp-content\/uploads\/sites\/27\/2019\/02\/foto1-226x300.png\" alt=\"\"><\/a><\/td><\/tr><tr><td><a href=\"http:\/\/lattes.cnpq.br\/7444694358237783\"><strong>Eduardo Batista Candido<\/strong><\/a><\/td><td>Ginecologia oncol\u00f3gica.<br>Endoscopia ginecol\u00f3gica.<\/td><td><a href=\"http:\/\/www.medicina.ufmg.br\/gob\/wp-content\/uploads\/sites\/27\/2020\/07\/Eduardo-Batista-Candido.jpg\"><img loading=\"lazy\" decoding=\"async\" width=\"300\" height=\"300\" src=\"http:\/\/www.medicina.ufmg.br\/gob\/wp-content\/uploads\/sites\/27\/2020\/07\/Eduardo-Batista-Candido-300x300.jpg\" alt=\"\"><\/a><\/td><\/tr><tr><td><a href=\"http:\/\/lattes.cnpq.br\/3200086928063081\"><strong>Eduardo Siqueira Fernandes<\/strong><\/a><\/td><td>Sa\u00fade Sexual<br>Menopausa e Climat\u00e9rio<br>Diversidade Sexual e de G\u00eanero<\/td><td><a href=\"http:\/\/www.medicina.ufmg.br\/gob\/wp-content\/uploads\/sites\/27\/2022\/10\/Eduardo-Siqueira-Fernandes.jpeg\"><img loading=\"lazy\" decoding=\"async\" width=\"300\" height=\"300\" src=\"http:\/\/www.medicina.ufmg.br\/gob\/wp-content\/uploads\/sites\/27\/2022\/10\/Eduardo-Siqueira-Fernandes-300x300.jpeg\" alt=\"\"><\/a><a href=\"http:\/\/www.medicina.ufmg.br\/gob\/wp-content\/uploads\/sites\/27\/2022\/10\/Eduardo-Siqueira-Fernandes.jpeg\"><\/a><a href=\"http:\/\/www.medicina.ufmg.br\/gob\/wp-content\/uploads\/sites\/27\/2022\/10\/Eduardo-Siqueira-Fernandes.jpeg\"><\/a><a href=\"http:\/\/www.medicina.ufmg.br\/gob\/wp-content\/uploads\/sites\/27\/2022\/10\/Eduardo-Siqueira-Fernandes.jpeg\"><\/a><\/td><\/tr><tr><td><a href=\"https:\/\/www.medicina.ufmg.br\/gob\/corpo-docente\/-\"><strong>Eura Martins Lage<\/strong><\/a><\/td><td>Obstetr\u00edcia: assist\u00eancia pr\u00e9-natal, gesta\u00e7\u00e3o de alto risco, medicina fetal, epidemiologia e bioestat\u00edstica. <br>Participa de projetos de extens\u00e3o relacionados ao enfrentamento da COVID-19.&nbsp;<\/td><td><a href=\"http:\/\/www.medicina.ufmg.br\/gob\/wp-content\/uploads\/sites\/27\/2020\/06\/Foto-de-Eura-Martins-Lage.jpg\"><img loading=\"lazy\" decoding=\"async\" width=\"298\" height=\"300\" src=\"http:\/\/www.medicina.ufmg.br\/gob\/wp-content\/uploads\/sites\/27\/2020\/06\/Foto-de-Eura-Martins-Lage-298x300.jpg\" alt=\"\"><\/a><\/td><\/tr><tr><td><a href=\"http:\/\/lattes.cnpq.br\/3368115405355982\"><strong>Fabiene Bernardes Castro Vale<\/strong><\/a><\/td><td>Sa\u00fade Sexual Feminina, Ginecologia End\u00f3crina, Climat\u00e9rio e Planejamento Familiar.<\/td><td><a href=\"http:\/\/www.medicina.ufmg.br\/gob\/wp-content\/uploads\/sites\/27\/2025\/05\/Foto-Fabiene-2.jpeg\"><img decoding=\"async\" src=\"http:\/\/www.medicina.ufmg.br\/gob\/wp-content\/uploads\/sites\/27\/2025\/05\/Foto-Fabiene-2-231x300.jpeg\" alt=\"\" style=\"\"><\/a><\/td><\/tr><tr><td><strong><a href=\"https:\/\/lattes.cnpq.br\/3270194143940717\" data-type=\"link\" data-id=\"https:\/\/lattes.cnpq.br\/3270194143940717\">Fernanda Martins Armond Faleiros&nbsp;<\/a><\/strong><\/td><td>Doen\u00e7as das mamas. Proped\u00eautica mam\u00e1ria. Cirurgia oncol\u00f3gica das mamas. Biologia molecular e imunologia do c\u00e2ncer de mama. Ginecologia, contracep\u00e7\u00e3o e planejamento familiar.<\/td><td><img loading=\"lazy\" decoding=\"async\" width=\"150\" height=\"216\" class=\"wp-image-1018\" style=\"width: 150px;\" src=\"http:\/\/www.medicina.ufmg.br\/gob\/wp-content\/uploads\/sites\/27\/2025\/07\/Fernanda-Armond.png\" alt=\"\" srcset=\"https:\/\/www.medicina.ufmg.br\/gob\/wp-content\/uploads\/sites\/27\/2025\/07\/Fernanda-Armond.png 414w, https:\/\/www.medicina.ufmg.br\/gob\/wp-content\/uploads\/sites\/27\/2025\/07\/Fernanda-Armond-208x300.png 208w\" sizes=\"(max-width: 150px) 100vw, 150px\" \/><\/td><\/tr><tr><td><a href=\"http:\/\/lattes.cnpq.br\/3201214049358628\"><strong>Fernando Marcos dos Reis<\/strong><\/a><\/td><td>Endocrinologia reprodutiva e infertilidade \/ Reproductive endocrinology and infertility.<br>Fisiologia dos sistemas end\u00f3crino e reprodutor \/ Endocrine and reproductive physiology.<\/td><td><a href=\"http:\/\/www.medicina.ufmg.br\/gob\/wp-content\/uploads\/sites\/27\/2017\/04\/Fernando_Reis.jpg\"><img loading=\"lazy\" decoding=\"async\" width=\"233\" height=\"300\" src=\"http:\/\/www.medicina.ufmg.br\/gob\/wp-content\/uploads\/sites\/27\/2017\/04\/Fernando_Reis-233x300.jpg\" alt=\"\"><\/a><\/td><\/tr><tr><td><a href=\"https:\/\/www.medicina.ufmg.br\/gob\/corpo-docente\/#\"><strong>Fernando Macedo Bastos<\/strong><\/a><\/td><td>Ginecologia e Obstetr\u00edcia, Pr\u00e9-natal de Alto Risco, Medicina Fetal, Ultrassom em Ginecologia e Obstetr\u00edcia.<\/td><td><a href=\"http:\/\/www.medicina.ufmg.br\/gob\/wp-content\/uploads\/sites\/27\/2020\/06\/Fernando-Bastos-Foto-scaled.jpg\"><img loading=\"lazy\" decoding=\"async\" width=\"169\" height=\"300\" src=\"http:\/\/www.medicina.ufmg.br\/gob\/wp-content\/uploads\/sites\/27\/2020\/06\/Fernando-Bastos-Foto-169x300.jpg\" alt=\"\"><\/a><\/td><\/tr><tr><td><a href=\"http:\/\/lattes.cnpq.br\/1265432361380064\"><strong>Fl\u00e1via Ribeiro de Oliveira<\/strong><\/a><\/td><td>Ginecologia e Obstetr\u00edcia com \u00e1rea de atua\u00e7\u00e3o em Reprodu\u00e7\u00e3o Humana.<\/td><td><a href=\"http:\/\/www.medicina.ufmg.br\/gob\/wp-content\/uploads\/sites\/27\/2022\/08\/Flavia-Ribeiro-de-Oliveira.jpg\"><img loading=\"lazy\" decoding=\"async\" width=\"391\" height=\"464\" src=\"http:\/\/www.medicina.ufmg.br\/gob\/wp-content\/uploads\/sites\/27\/2022\/08\/Flavia-Ribeiro-de-Oliveira.jpg\" alt=\"\"><\/a><\/td><\/tr><tr><td><a href=\"http:\/\/lattes.cnpq.br\/9600861739266337\"><strong>Gabriel Costa Osanan<\/strong><\/a><\/td><td>Medicina Fetal, Gravidez de Alto Risco, Emerg\u00eancias Obst\u00e9tricas, Doen\u00e7a Trofobl\u00e1stica Gestacional, Mortalidade Materna.<\/td><td><a href=\"http:\/\/www.medicina.ufmg.br\/gob\/wp-content\/uploads\/sites\/27\/2021\/08\/Gabriel-Costa-Osanan.jpeg\"><img loading=\"lazy\" decoding=\"async\" width=\"520\" height=\"518\" src=\"http:\/\/www.medicina.ufmg.br\/gob\/wp-content\/uploads\/sites\/27\/2021\/08\/Gabriel-Costa-Osanan.jpeg\" alt=\"\"><\/a><\/td><\/tr><tr><td><a href=\"http:\/\/lattes.cnpq.br\/5397736210706255\"><strong>Henrique Vitor Leite<\/strong><\/a><\/td><td>Obstetr\u00edcia, gesta\u00e7\u00e3o de alto risco e medicina fetal.<\/td><td>&#8211;<\/td><\/tr><tr><td><a href=\"http:\/\/lattes.cnpq.br\/9533400904099562\"><strong>Jacqueline Braga Pereira<\/strong><\/a><\/td><td>Proped\u00eautica materno-fetal: triagem \u00e0 beira do leito e metodologias de ensaio cl\u00ednico-laboratoriais.<\/td><td><a href=\"http:\/\/www.medicina.ufmg.br\/gob\/wp-content\/uploads\/sites\/27\/2018\/07\/jacqueline-braga.jpg\"><img loading=\"lazy\" decoding=\"async\" width=\"264\" height=\"300\" src=\"http:\/\/www.medicina.ufmg.br\/gob\/wp-content\/uploads\/sites\/27\/2018\/07\/jacqueline-braga-264x300.jpg\" alt=\"\"><\/a><\/td><\/tr><tr><td><a href=\"http:\/\/lattes.cnpq.br\/8251086417913278\"><strong>Juliana Silva Barra<\/strong><\/a><\/td><td><\/td><td>&#8211;<\/td><\/tr><tr><td><a href=\"http:\/\/lattes.cnpq.br\/4310203337347851\"><strong>Marcia Cristina Franca Ferreira<\/strong><\/a><\/td><td>Infertilidade.<br>Endometriose.<br>Ultrassom.<\/td><td><a href=\"http:\/\/www.medicina.ufmg.br\/gob\/wp-content\/uploads\/sites\/27\/2017\/04\/marcia-cristina.png\"><img loading=\"lazy\" decoding=\"async\" width=\"272\" height=\"300\" src=\"http:\/\/www.medicina.ufmg.br\/gob\/wp-content\/uploads\/sites\/27\/2017\/04\/marcia-cristina-272x300.png\" alt=\"\"><\/a><\/td><\/tr><tr><td><a href=\"http:\/\/lattes.cnpq.br\/1284219966010238\"><strong>Mariana Seabra Leite Pra\u00e7a<\/strong><\/a><\/td><td>Ginecologia.<br>Cirurgia Ginecol\u00f3gica.<br>Oncologia Ginecol\u00f3gica.<br>Ensino M\u00e9dico.<\/td><td><a href=\"http:\/\/www.medicina.ufmg.br\/gob\/wp-content\/uploads\/sites\/27\/2020\/11\/WhatsApp-Image-2020-10-29-at-17.48.35.jpeg\"><img loading=\"lazy\" decoding=\"async\" width=\"210\" height=\"300\" src=\"http:\/\/www.medicina.ufmg.br\/gob\/wp-content\/uploads\/sites\/27\/2020\/11\/WhatsApp-Image-2020-10-29-at-17.48.35-210x300.jpeg\" alt=\"\"><\/a><\/td><\/tr><tr><td><a href=\"http:\/\/lattes.cnpq.br\/7730073237411850\"><strong>Marcia Mendonca Carneiro<\/strong><\/a><\/td><td>Atua como editora chefe do WOMEN &amp; HEALTH desde janeiro\/2020. Tem experi\u00eancia na \u00e1rea de Medicina (Ginecologia), com \u00eanfase em Reprodu\u00e7\u00e3o Humana, atuando principalmente nos seguintes temas: infertilidade, fertiliza\u00e7\u00e3o in vitro (FIV), endometriose e reprodu\u00e7\u00e3o assistida.<\/td><td><a href=\"http:\/\/www.medicina.ufmg.br\/gob\/wp-content\/uploads\/sites\/27\/2021\/06\/Foto-Marcia-Mendonca-C.jpg\"><img loading=\"lazy\" decoding=\"async\" width=\"360\" height=\"239\" src=\"http:\/\/www.medicina.ufmg.br\/gob\/wp-content\/uploads\/sites\/27\/2021\/06\/Foto-Marcia-Mendonca-C.jpg\" alt=\"\"><\/a><\/td><\/tr><tr><td><a href=\"https:\/\/www.medicina.ufmg.br\/gob\/corpo-docente\/##\"><strong>Marilene Vale de Castro Monteiro<\/strong><\/a><\/td><td>Cirurgia do assoalho p\u00e9lvico, Uroginecologia, Ginecologia Geral, Disfun\u00e7\u00f5es miccionais.<\/td><td><a href=\"http:\/\/www.medicina.ufmg.br\/gob\/wp-content\/uploads\/sites\/27\/2020\/07\/Marilene.jpg\"><img loading=\"lazy\" decoding=\"async\" width=\"266\" height=\"300\" src=\"http:\/\/www.medicina.ufmg.br\/gob\/wp-content\/uploads\/sites\/27\/2020\/07\/Marilene-266x300.jpg\" alt=\"\"><\/a><\/td><\/tr><tr><td><strong>M\u00e1rcio Alexandre Hip\u00f3lito Rodrigues<\/strong><\/td><td>Menopausa e climat\u00e9rio. <br>Contracep\u00e7\u00e3o, planejamento familiar e s\u00edndrome dos ov\u00e1rios polic\u00edsticos.<\/td><td><a href=\"http:\/\/www.medicina.ufmg.br\/gob\/wp-content\/uploads\/sites\/27\/2020\/06\/M\u00e1rcio.jpg\"><img loading=\"lazy\" decoding=\"async\" width=\"283\" height=\"300\" src=\"http:\/\/www.medicina.ufmg.br\/gob\/wp-content\/uploads\/sites\/27\/2020\/06\/M\u00e1rcio-283x300.jpg\" alt=\"\"><\/a><\/td><\/tr><tr><td><a href=\"http:\/\/lattes.cnpq.br\/0769544701692080\"><strong>Mario Dias Correa Junior<\/strong><\/a><\/td><td>Gravidez de Alto Risco, Prematuridade, Pr\u00e9-Ecl\u00e2mpsia, Ultrassonografia e Crescimento Intra-Uterino Restrito<\/td><td><img decoding=\"async\" src=\"http:\/\/www.medicina.ufmg.br\/gob\/wp-content\/uploads\/sites\/27\/2024\/08\/Foto-Mario-Dias-scaled.jpg\" width=\"76\" height=\"113.48814990766328\"><\/td><\/tr><tr><td><a href=\"http:\/\/lattes.cnpq.br\/1462534426239599\"><strong>Myrian F\u00e1tima de Siqueira Celani<\/strong><\/a><\/td><td>Ginecologia Geri\u00e1trica e Doen\u00e7as da vulva<\/td><td><a href=\"http:\/\/www.medicina.ufmg.br\/gob\/wp-content\/uploads\/sites\/27\/2021\/06\/Myrian-GOB.jpg\"><img loading=\"lazy\" decoding=\"async\" width=\"559\" height=\"784\" src=\"http:\/\/www.medicina.ufmg.br\/gob\/wp-content\/uploads\/sites\/27\/2021\/06\/Myrian-GOB.jpg\" alt=\"\"><\/a><\/td><\/tr><tr><td><a href=\"http:\/\/lattes.cnpq.br\/6637137586907796\"><strong>Patr\u00edcia Goncalves Teixeira<\/strong><\/a><\/td><td>Obstetr\u00edcia b\u00e1sica, pr\u00e9-natal de alto risco e ultrassonografia.<\/td><td><a href=\"http:\/\/www.medicina.ufmg.br\/gob\/wp-content\/uploads\/sites\/27\/2021\/09\/Patricia-Goncalves-Teixeira.jpg\"><img loading=\"lazy\" decoding=\"async\" width=\"593\" height=\"953\" src=\"http:\/\/www.medicina.ufmg.br\/gob\/wp-content\/uploads\/sites\/27\/2021\/09\/Patricia-Goncalves-Teixeira.jpg\" alt=\"\"><\/a><\/td><\/tr><tr><td><a href=\"http:\/\/lattes.cnpq.br\/8608373112000926\"><strong>Rivia Mara Lamaita<\/strong><\/a><\/td><td>Contracep\u00e7\u00e3o e planejamento familiar, endocrinologia ginecol\u00f3gica, infertilidade, medicina do esporte<\/td><td><a href=\"http:\/\/www.medicina.ufmg.br\/gob\/wp-content\/uploads\/sites\/27\/2015\/02\/IMG_2381-1.jpg\"><img loading=\"lazy\" decoding=\"async\" width=\"240\" height=\"300\" src=\"http:\/\/www.medicina.ufmg.br\/gob\/wp-content\/uploads\/sites\/27\/2015\/02\/IMG_2381-1-240x300.jpg\" alt=\"\"><\/a><\/td><\/tr><tr><td><a href=\"http:\/\/lattes.cnpq.br\/1950778967982105\"><strong>Rodrigo Hurtado<\/strong><\/a><\/td><td>Reprodu\u00e7\u00e3o Humana, Endocrinologia Reprodutiva, Metabologia e Fisiologia do Sistema Circulat\u00f3rio<\/td><td><a href=\"http:\/\/www.medicina.ufmg.br\/gob\/wp-content\/uploads\/sites\/27\/2018\/06\/IMG_8543.jpg\"><img loading=\"lazy\" decoding=\"async\" width=\"216\" height=\"300\" src=\"http:\/\/www.medicina.ufmg.br\/gob\/wp-content\/uploads\/sites\/27\/2018\/06\/IMG_8543-216x300.jpg\" alt=\"\"><\/a><\/td><\/tr><tr><td><a href=\"http:\/\/lattes.cnpq.br\/7121465392153818\"><strong>Rubens Lene Carvalho Tavares<\/strong><\/a><\/td><td>Terapias Complementares.<br>Sa\u00fade e Espiritualidade.<br>Reprodu\u00e7\u00e3o Humana.<\/td><td><a href=\"http:\/\/www.medicina.ufmg.br\/gob\/wp-content\/uploads\/sites\/27\/2015\/02\/Foto-Rubens-2014-A2.jpg\"><img loading=\"lazy\" decoding=\"async\" width=\"140\" height=\"140\" src=\"http:\/\/www.medicina.ufmg.br\/gob\/wp-content\/uploads\/sites\/27\/2015\/02\/Foto-Rubens-2014-A2.jpg\" alt=\"\"><\/a><\/td><\/tr><tr><td><a href=\"http:\/\/lattes.cnpq.br\/6429638049775011\"><strong>Sara de Pinho Cunha Paiva<\/strong><\/a><\/td><td>Ginecologia E Obstetr\u00edcia.<br>Viol\u00eancia Sexual.<br>Mindfulness e Medicina Anti-Estresse.<\/td><td><a href=\"http:\/\/www.medicina.ufmg.br\/gob\/wp-content\/uploads\/sites\/27\/2015\/02\/Sara-Paiva1.png\"><img loading=\"lazy\" decoding=\"async\" width=\"209\" height=\"300\" src=\"http:\/\/www.medicina.ufmg.br\/gob\/wp-content\/uploads\/sites\/27\/2015\/02\/Sara-Paiva1-209x300.png\" alt=\"\"><\/a><\/td><\/tr><tr><td><a href=\"http:\/\/lattes.cnpq.br\/2926345006782684\"><strong>William Schneider da Cruz Krettli<\/strong><\/a><\/td><td>&#8211;<\/td><td>&#8211;<\/td><\/tr><tr><td><a href=\"http:\/\/lattes.cnpq.br\/5695664808243549\"><strong>Zilma Silveira Nogueira Reis<\/strong><\/a><\/td><td>Sa\u00fade Materno-infantil.<br>Inform\u00e1tica M\u00e9dica.<br>Perinatologia.<br>Metodologia cient\u00edfica.<\/td><td><a href=\"http:\/\/www.medicina.ufmg.br\/gob\/wp-content\/uploads\/sites\/27\/2017\/04\/zilma-reis.png\"><img loading=\"lazy\" decoding=\"async\" width=\"222\" height=\"300\" src=\"http:\/\/www.medicina.ufmg.br\/gob\/wp-content\/uploads\/sites\/27\/2017\/04\/zilma-reis-222x300.png\" alt=\"\"><\/a><\/td><\/tr><\/tbody><\/table><\/figure>\n","protected":false},"excerpt":{"rendered":"<p>NOME \u00c1REA(s) DE INTERESSE FOTO Agnaldo Lopes da Silva Filho Ginecologia oncol\u00f3gica e cirurgia ginecol\u00f3gica.Biologia molecular e imunologia do c\u00e2ncer ginecol\u00f3gico. Alamanda Kfoury Pereira Obstetr\u00edcia.Medicina Fetal. Alessandra Costa Carvalho Macedo Aten\u00e7\u00e3o prim\u00e1ria a sa\u00fade da mulher; Viol\u00eancia de g\u00eanero. Aluana Rezende Parola Ginecologia e Obstetr\u00edcia com \u00e1rea de atua\u00e7\u00e3o em Medicina Fetal e Gesta\u00e7\u00e3o de [&hellip;]<\/p>\n","protected":false},"author":27,"featured_media":0,"parent":0,"menu_order":0,"comment_status":"closed","ping_status":"closed","template":"","meta":{"footnotes":""},"class_list":["post-27","page","type-page","status-publish","hentry"],"_links":{"self":[{"href":"https:\/\/www.medicina.ufmg.br\/gob\/wp-json\/wp\/v2\/pages\/27","targetHints":{"allow":["GET"]}}],"collection":[{"href":"https:\/\/www.medicina.ufmg.br\/gob\/wp-json\/wp\/v2\/pages"}],"about":[{"href":"https:\/\/www.medicina.ufmg.br\/gob\/wp-json\/wp\/v2\/types\/page"}],"author":[{"embeddable":true,"href":"https:\/\/www.medicina.ufmg.br\/gob\/wp-json\/wp\/v2\/users\/27"}],"replies":[{"embeddable":true,"href":"https:\/\/www.medicina.ufmg.br\/gob\/wp-json\/wp\/v2\/comments?post=27"}],"version-history":[{"count":100,"href":"https:\/\/www.medicina.ufmg.br\/gob\/wp-json\/wp\/v2\/pages\/27\/revisions"}],"predecessor-version":[{"id":1041,"href":"https:\/\/www.medicina.ufmg.br\/gob\/wp-json\/wp\/v2\/pages\/27\/revisions\/1041"}],"wp:attachment":[{"href":"https:\/\/www.medicina.ufmg.br\/gob\/wp-json\/wp\/v2\/media?parent=27"}],"curies":[{"name":"wp","href":"https:\/\/api.w.org\/{rel}","templated":true}]}}