{"id":274,"date":"2017-05-08T13:00:21","date_gmt":"2017-05-08T13:00:21","guid":{"rendered":"https:\/\/www.medicina.ufmg.br\/gob\/?page_id=274"},"modified":"2018-04-02T18:33:59","modified_gmt":"2018-04-02T18:33:59","slug":"material-didatico","status":"publish","type":"page","link":"https:\/\/www.medicina.ufmg.br\/gob\/material-didatico\/","title":{"rendered":"Material Did\u00e1tico"},"content":{"rendered":"<p><b>Internato GOB<\/b><\/p>\n<p><a href=\"https:\/\/www.medicina.ufmg.br\/gob\/wp-content\/uploads\/sites\/27\/2015\/02\/Global-Consensus-Hormone-Therapy-2013-26-01-2016.pdf\" target=\"_blank\" rel=\"noopener noreferrer\">Global Consensus Hormone Therapy 2013<\/a><\/p>\n<p><a href=\"https:\/\/www.medicina.ufmg.br\/gob\/wp-content\/uploads\/sites\/27\/2015\/02\/Hormone-T-herapy-health-outcomes-2014-26-01-2016.pdf\" target=\"_blank\" rel=\"noopener noreferrer\">Hormone T herapy&amp; health outcomes 2014<\/a><\/p>\n<p><a href=\"https:\/\/www.medicina.ufmg.br\/gob\/wp-content\/uploads\/sites\/27\/2015\/02\/Myoma-infertility-SCOG-2015-20-01-2016.pdf\" target=\"_blank\" rel=\"noopener noreferrer\">Myoma &amp; infertility SCOG 2015<\/a><\/p>\n<p><a href=\"https:\/\/www.medicina.ufmg.br\/gob\/wp-content\/uploads\/sites\/27\/2015\/02\/Myoma-clinincal-2015-26-01-2016.pdf\" target=\"_blank\" rel=\"noopener noreferrer\">Myoma clinincal 2015<\/a><\/p>\n<p><a href=\"https:\/\/www.medicina.ufmg.br\/gob\/wp-content\/uploads\/sites\/27\/2015\/02\/Preconception-care-2014-26-01-2016.pdf\">Preconception care 2014<\/a><\/p>\n<p><a href=\"http:\/\/ftp.medicina.ufmg.br\/gob\/2014\/infeccoes_vaginais_10102014.pdf\">Corrimento vaginal, DST e DIP <\/a><\/p>\n<p><a href=\"http:\/\/ftp.medicina.ufmg.br\/gob\/2014\/casal_inf_10102014.pdf\">Proped\u00eautica b\u00e1sica do casal inf\u00e9rtil <\/a><\/p>\n<p><a href=\"http:\/\/ftp.medicina.ufmg.br\/gob\/2014\/FemaleInfertilASRM2012_17_07_2014.pdf\">Diagnostic evaluation of the infertile female: a committee opinion <\/a><\/p>\n<p><a href=\"http:\/\/ftp.medicina.ufmg.br\/gob\/2014\/EndometrioseESHREguideline2014_17_07_2014.pdf\">ESHRE guideline: management of women with endometriosis <\/a><\/p>\n<p><a href=\"http:\/\/ftp.medicina.ufmg.br\/gob\/2014\/Endometriose%202014grad_17_07_2014.pdf\">Endometriose &amp; Dor P\u00e9lvica Cr\u00f4nica <\/a><\/p>\n<p><a href=\"http:\/\/ftp.medicina.ufmg.br\/gob\/2014\/Climaterio_17_07_2014.pdf\">Climat\u00e9rio<\/a><\/p>\n<p><a href=\"http:\/\/ftp.medicina.ufmg.br\/gob\/2014\/CIUR10p2013_17_07_2014.pdf\">CIUR<\/a><\/p>\n<p><a href=\"http:\/\/ftp.medicina.ufmg.br\/gob\/2014\/AuladeAtendimentodeViolenciaSexualpara10p012014_17_07_2014.pdf\">Atendimento a Mulher V\u00edtima de Viol\u00eancia Sexual <\/a><\/p>\n<p><a href=\"http:\/\/ftp.medicina.ufmg.br\/gob\/2014\/AssitenciaOB_17_07_2014.pdf\">Princ\u00edpios gerais e diretrizes da assist\u00eancia obst\u00e9trica <\/a><\/p>\n<p><a href=\"http:\/\/ftp.medicina.ufmg.br\/gob\/2014\/ASRMendometriosis2012_17_07_2014.pdf\">Endometriosis and infertility: a committee opinion<\/a><\/p>\n<p><a href=\"https:\/\/www.medicina.ufmg.br\/gob\/wp-content\/uploads\/sites\/27\/2015\/02\/MMR-STD.pdf\">MMR STD<\/a><\/p>\n<p><a href=\"https:\/\/www.medicina.ufmg.br\/gob\/wp-content\/uploads\/sites\/27\/2015\/02\/OMS.pdf\">OMS<\/a><\/p>\n<p><a href=\"https:\/\/www.medicina.ufmg.br\/gob\/wp-content\/uploads\/sites\/27\/2015\/02\/Rastreamentos-INCA-colo-e-mama-cadernos-aten\u00e7\u00e3o-b\u00e1sica.pdf\">Rastreamentos INCA colo e mama &#8211; cadernos aten\u00e7\u00e3o b\u00e1sica<\/a><\/p>\n<p><a href=\"https:\/\/www.medicina.ufmg.br\/gob\/wp-content\/uploads\/sites\/27\/2016\/07\/protocolo_saude_mulher-2016-12-07-2016.pdf\" target=\"_blank\" rel=\"noopener noreferrer\">Protocolo Sa\u00fade Mulher<\/a><\/p>\n<p><a href=\"https:\/\/www.medicina.ufmg.br\/gob\/wp-content\/uploads\/sites\/27\/2016\/07\/politica_nacional_mulher_principios_diretrizes-12-07-2016.pdf\" target=\"_blank\" rel=\"noopener noreferrer\">Pol\u00edtica Nacional Mulher Princ\u00edpios Diretrizes<\/a><\/p>\n","protected":false},"excerpt":{"rendered":"<p>Internato GOB Global Consensus Hormone Therapy 2013 Hormone T herapy&amp; health outcomes 2014 Myoma &amp; infertility SCOG 2015 Myoma clinincal 2015 Preconception care 2014 Corrimento vaginal, DST e DIP Proped\u00eautica b\u00e1sica do casal inf\u00e9rtil Diagnostic evaluation of the infertile female: a committee opinion ESHRE guideline: management of women with endometriosis Endometriose &amp; Dor P\u00e9lvica Cr\u00f4nica [&hellip;]<\/p>\n","protected":false},"author":17,"featured_media":0,"parent":0,"menu_order":0,"comment_status":"closed","ping_status":"closed","template":"","meta":{"footnotes":""},"class_list":["post-274","page","type-page","status-publish","hentry"],"_links":{"self":[{"href":"https:\/\/www.medicina.ufmg.br\/gob\/wp-json\/wp\/v2\/pages\/274","targetHints":{"allow":["GET"]}}],"collection":[{"href":"https:\/\/www.medicina.ufmg.br\/gob\/wp-json\/wp\/v2\/pages"}],"about":[{"href":"https:\/\/www.medicina.ufmg.br\/gob\/wp-json\/wp\/v2\/types\/page"}],"author":[{"embeddable":true,"href":"https:\/\/www.medicina.ufmg.br\/gob\/wp-json\/wp\/v2\/users\/17"}],"replies":[{"embeddable":true,"href":"https:\/\/www.medicina.ufmg.br\/gob\/wp-json\/wp\/v2\/comments?post=274"}],"version-history":[{"count":2,"href":"https:\/\/www.medicina.ufmg.br\/gob\/wp-json\/wp\/v2\/pages\/274\/revisions"}],"predecessor-version":[{"id":375,"href":"https:\/\/www.medicina.ufmg.br\/gob\/wp-json\/wp\/v2\/pages\/274\/revisions\/375"}],"wp:attachment":[{"href":"https:\/\/www.medicina.ufmg.br\/gob\/wp-json\/wp\/v2\/media?parent=274"}],"curies":[{"name":"wp","href":"https:\/\/api.w.org\/{rel}","templated":true}]}}