{"id":30,"date":"2015-02-24T16:38:01","date_gmt":"2015-02-24T16:38:01","guid":{"rendered":"https:\/\/www.medicina.ufmg.br\/gob\/?page_id=30"},"modified":"2026-03-09T15:59:14","modified_gmt":"2026-03-09T15:59:14","slug":"ensino","status":"publish","type":"page","link":"https:\/\/www.medicina.ufmg.br\/gob\/ensino\/","title":{"rendered":"Ensino"},"content":{"rendered":"\n\n\n<h2 class=\"wp-block-heading\">Gradua\u00e7\u00e3o<\/h2>\n\n\n\n<figure class=\"wp-block-table\"><table><tbody><tr><td><strong>Disciplina<\/strong><\/td><td><strong>Categoria<\/strong><\/td><td><strong>Per\u00edodo<\/strong><\/td><td><strong>Coordenador<\/strong><\/td><td><strong>Arquivos<\/strong><\/td><\/tr><tr><td>Inicia\u00e7\u00e3o \u00e0 Aten\u00e7\u00e3o Prim\u00e1ria \u00e0 Sa\u00fade II<\/td><td>Obrigat\u00f3ria<\/td><td>3\u00ba per\u00edodo<\/td><td>Fl\u00e1via Ribeiro de Oliveira<br><br>Alessandra Costa Carvalho Macedo<\/td><td><a href=\"http:\/\/www.medicina.ufmg.br\/gob\/wp-content\/uploads\/sites\/27\/2024\/09\/Programa-IAPS-II-2-24.pdf\" data-type=\"URL\">Programa<\/a><br>*atualizado em 03\/09\/2024<\/td><\/tr><tr><td>Ginecologia B\u00e1sica<\/td><td>Obrigat\u00f3ria<\/td><td>6\u00b0 per\u00edodo<\/td><td>R\u00edvia Mara Lamaita<br><br>Augusto Henriques Fulg\u00eancio Brand\u00e3o<br><\/td><td><a href=\"http:\/\/www.medicina.ufmg.br\/gob\/wp-content\/uploads\/sites\/27\/2026\/03\/Programa-AAC-GOB015-1o-sem2026.pdf\" data-type=\"URL\" target=\"_blank\" rel=\"noreferrer noopener\">Programa<\/a><br>*atualizado em 09\/03\/2026<\/td><\/tr><tr><td>Obstetr\u00edcia B\u00e1sica<\/td><td>Obrigat\u00f3ria<\/td><td>7\u00b0 per\u00edodo<\/td><td><br>William Schneider da Cruz Krettli<br><br>Chirlei Aparecida Ferreira<\/td><td>&nbsp;<a href=\"http:\/\/www.medicina.ufmg.br\/gob\/wp-content\/uploads\/sites\/27\/2025\/03\/4-Programa-da-disciplina-Obstetricia-Basica-2025-07-de-marco.pdf\" data-type=\"URL\" data-id=\"http:\/\/www.medicina.ufmg.br\/gob\/wp-content\/uploads\/sites\/27\/2023\/10\/Obstetricia-basica-plano-de-ensino-2023-2\u00b0semestre.pdf\">Programa<\/a><br>*atualizado em 20\/03\/2025<\/td><\/tr><tr><td>Aten\u00e7\u00e3o Prim\u00e1ria \u00e0 Sa\u00fade da Mulher<\/td><td>Obrigat\u00f3ria<\/td><td>8\u00b0 per\u00edodo<\/td><td><br>Fabiene Bernardes Castro Vale<br>Cl\u00e9cio \u00canio Murta de Lucena<\/td><td><a href=\"http:\/\/www.medicina.ufmg.br\/gob\/wp-content\/uploads\/sites\/27\/2025\/03\/Programa-GOB17-1-sem-2025.pdf\" data-type=\"URL\" data-id=\"http:\/\/www.medicina.ufmg.br\/gob\/wp-content\/uploads\/sites\/27\/2023\/10\/Programa-GOB010-2\u00b0-Semestre-2023.pdf\">Programa<br><\/a>*atualizado em 17\/03\/2025<\/td><\/tr><tr><td>Est\u00e1gio&nbsp;em Ginecologia e Obstetr\u00edcia<\/td><td>Obrigat\u00f3ria<\/td><td>10\u00b0 per\u00edodo<\/td><td>\u00c1rea Ginecologia: M\u00e1rcio Alexandre Rodrigues<br><br>\u00c1rea Obstetr\u00edcia: Gabriel Costa Osanan<\/td><td><a href=\"http:\/\/www.medicina.ufmg.br\/gob\/wp-content\/uploads\/sites\/27\/2026\/01\/Programa_2026.1-1.pdf\" data-type=\"link\" data-id=\"http:\/\/www.medicina.ufmg.br\/gob\/wp-content\/uploads\/sites\/27\/2026\/01\/Programa_2026.1.pdf\" target=\"_blank\" rel=\"noreferrer noopener\">Programa<br><\/a>*atualizado em 20\/01\/2026<\/td><\/tr><tr><td>Est\u00e1gio Opcional em Ginecologia<\/td><td>Opcional<\/td><td>12\u00ba per\u00edodo<\/td><td>Agnaldo Lopes da Silva Filho<\/td><td><a rel=\"noreferrer noopener\" href=\"https:\/\/www.medicina.ufmg.br\/gob\/wp-content\/uploads\/sites\/27\/2022\/09\/GOB014-Programa-Estagio-Optativo-em-Ginecologia.pdf\" target=\"_blank\" data-type=\"URL\" data-id=\"https:\/\/www.medicina.ufmg.br\/gob\/wp-content\/uploads\/sites\/27\/2022\/09\/GOB014-Programa-Estagio-Optativo-em-Ginecologia.pdf\">Programa<br><\/a>*atualizado em 20\/09\/2022<\/td><\/tr><tr><td>Est\u00e1gio em Obstetr\u00edcia e Perinatologia<\/td><td>Opcional<\/td><td>12\u00ba per\u00edodo<\/td><td>\u00c1rea Obstetr\u00edcia:<strong>&nbsp;<\/strong>Eura Martins Lage<\/td><td><a href=\"http:\/\/www.medicina.ufmg.br\/gob\/wp-content\/uploads\/sites\/27\/2024\/09\/Programa-AAC-estagio-em-perinatologia-final-2024.pdf\">Programa<\/a><br>*atualizado em 03\/09\/2024<\/td><\/tr><tr><td>Mastologia<\/td><td>Optativa<\/td><td>7\u00ba ao 12\u00ba per\u00edodo<\/td><td>Cl\u00e9cio \u00canio Murta de Lucena<\/td><td><a href=\"http:\/\/www.medicina.ufmg.br\/gob\/wp-content\/uploads\/sites\/27\/2026\/01\/Programa-Mastologia-GOB006-de-1.2026.pdf\" data-type=\"URL\" data-id=\"https:\/\/www.medicina.ufmg.br\/gob\/wp-content\/uploads\/sites\/27\/2022\/11\/Programa-Mastologia-GOB006-de-1.2023.pdf\" target=\"_blank\" rel=\"noreferrer noopener\">Programa<\/a><br>*atualizado em 13\/01\/2026<\/td><\/tr><tr><td>Informa\u00e7\u00e3o e decis\u00e3o em sa\u00fade I<\/td><td>Optativa<\/td><td>6\u00b0 ao 12\u00ba per\u00edodo<\/td><td>Zilma Silveira Nogueira Reis<\/td><td><a href=\"https:\/\/www.medicina.ufmg.br\/gob\/wp-content\/uploads\/sites\/27\/2022\/07\/PROGRAMA-DE-DISCIPLINA-INFORMACAO-E-DECISAO-EM-SAUDE-1-_GOB_EAD-UFMG.pdf\">Programa<\/a><br>*atualizado em 20\/07\/2022<\/td><\/tr><\/tbody><\/table><\/figure>\n\n\n\n<h2 class=\"wp-block-heading\">Ambulat\u00f3rios<\/h2>\n\n\n\n<p>Ambulat\u00f3rio de Endometriose &#8211; Clique <a href=\"http:\/\/m.endometriose-e-dorpelvicacroni.webnode.com\/\" target=\"_blank\" rel=\"noopener noreferrer\">aqui<\/a> e acesse a p\u00e1gina<\/p>\n\n\n\n<h2 class=\"wp-block-heading\">P\u00f3s-Gradua\u00e7\u00e3o<\/h2>\n\n\n\n<p><a href=\"http:\/\/www.medicina.ufmg.br\/cpg\/programas\/saude_mulher\/\" data-type=\"link\" data-id=\"http:\/\/www.medicina.ufmg.br\/cpg\/programas\/saude_mulher\/\">Programa de P\u00f3s-Gradua\u00e7\u00e3o em Medicina \u2013 \u00c1rea de concentra\u00e7\u00e3o em&nbsp;Sa\u00fade da Mulher<br><\/a><\/p>\n","protected":false},"excerpt":{"rendered":"<p>Gradua\u00e7\u00e3o Disciplina Categoria Per\u00edodo Coordenador Arquivos Inicia\u00e7\u00e3o \u00e0 Aten\u00e7\u00e3o Prim\u00e1ria \u00e0 Sa\u00fade II Obrigat\u00f3ria 3\u00ba per\u00edodo Fl\u00e1via Ribeiro de Oliveira Alessandra Costa Carvalho Macedo Programa*atualizado em 03\/09\/2024 Ginecologia B\u00e1sica Obrigat\u00f3ria 6\u00b0 per\u00edodo R\u00edvia Mara Lamaita Augusto Henriques Fulg\u00eancio Brand\u00e3o Programa*atualizado em 09\/03\/2026 Obstetr\u00edcia B\u00e1sica Obrigat\u00f3ria 7\u00b0 per\u00edodo William Schneider da Cruz Krettli Chirlei Aparecida Ferreira [&hellip;]<\/p>\n","protected":false},"author":27,"featured_media":0,"parent":0,"menu_order":0,"comment_status":"closed","ping_status":"closed","template":"","meta":{"footnotes":""},"class_list":["post-30","page","type-page","status-publish","hentry"],"_links":{"self":[{"href":"https:\/\/www.medicina.ufmg.br\/gob\/wp-json\/wp\/v2\/pages\/30","targetHints":{"allow":["GET"]}}],"collection":[{"href":"https:\/\/www.medicina.ufmg.br\/gob\/wp-json\/wp\/v2\/pages"}],"about":[{"href":"https:\/\/www.medicina.ufmg.br\/gob\/wp-json\/wp\/v2\/types\/page"}],"author":[{"embeddable":true,"href":"https:\/\/www.medicina.ufmg.br\/gob\/wp-json\/wp\/v2\/users\/27"}],"replies":[{"embeddable":true,"href":"https:\/\/www.medicina.ufmg.br\/gob\/wp-json\/wp\/v2\/comments?post=30"}],"version-history":[{"count":174,"href":"https:\/\/www.medicina.ufmg.br\/gob\/wp-json\/wp\/v2\/pages\/30\/revisions"}],"predecessor-version":[{"id":1059,"href":"https:\/\/www.medicina.ufmg.br\/gob\/wp-json\/wp\/v2\/pages\/30\/revisions\/1059"}],"wp:attachment":[{"href":"https:\/\/www.medicina.ufmg.br\/gob\/wp-json\/wp\/v2\/media?parent=30"}],"curies":[{"name":"wp","href":"https:\/\/api.w.org\/{rel}","templated":true}]}}