{"id":36,"date":"2015-02-24T16:38:21","date_gmt":"2015-02-24T16:38:21","guid":{"rendered":"https:\/\/www.medicina.ufmg.br\/gob\/?page_id=36"},"modified":"2015-07-22T17:18:05","modified_gmt":"2015-07-22T17:18:05","slug":"links","status":"publish","type":"page","link":"https:\/\/www.medicina.ufmg.br\/gob\/links\/","title":{"rendered":"Links"},"content":{"rendered":"<p><strong>Ambulat\u00f3rios<\/strong><\/p>\n<p><a href=\"http:\/\/endometriose-e-dorpelvicacroni.webnode.com\/\">Ambulat\u00f3rio de Endometriose e Dor P\u00e9lvica Cr\u00f4nica<\/a><\/p>\n<p><strong>Associa\u00e7\u00f5es<br \/>\n<\/strong><br \/>\n<a href=\"www.sogimig.org.br\">Associa\u00e7\u00e3o de Ginecologistas e Obstetras de Minas Gerais<\/a><\/p>\n<p><a href=\"www.febrasgo.org.br\">Federa\u00e7\u00e3o Brasileira das Sociedades de Ginecologia e Obstetr\u00edcia<\/a><\/p>\n<p><a href=\"www.figo.org\">Federa\u00e7\u00e3o Internacional de Ginecologia e Obstetr\u00edcia (FIGO)<\/a><\/p>\n<p><a href=\"www.acog.org\">American College of Obstetricians and Gynecologists (ACOG)<\/a><\/p>\n<p><a href=\"www.rcog.org.uk\">Royal College of Obstetricians and Gynecologists (RCOG)<\/a><\/p>\n<p><a href=\"www.sogc.org\">The Society of Obstetricians and Gynaecologists of Canada (SOGC)<\/a><\/p>\n<p><a href=\"www.smfm.org\">Society of Maternal-Fetal Medicine<\/a><\/p>\n<p><a href=\"www.isuog.org\">International Society of Ultrasound in Obstetrics and Gynecology<\/a><\/p>\n<p><a href=\"www.nice.org.uk\">National Institute for Health and Clinical Excellence<\/a><\/p>\n<p><strong>Ferramentas<br \/>\n<\/strong><br \/>\n<a href=\"www.perinatology.com\">Calculadoras em obstetr\u00edcia<\/a><\/p>\n<p><a href=\"www.safefetus.com\/index.htm\">Drogas na gravidez<\/a><\/p>\n<p><a href=\"www.medal.org\">Algor\u00edtimos m\u00e9dicos<\/a><\/p>\n<p><a href=\"www.cebm.net\">Medicina baseada em evid\u00eancias<\/a><\/p>\n","protected":false},"excerpt":{"rendered":"<p>Ambulat\u00f3rios Ambulat\u00f3rio de Endometriose e Dor P\u00e9lvica Cr\u00f4nica Associa\u00e7\u00f5es Associa\u00e7\u00e3o de Ginecologistas e Obstetras de Minas Gerais Federa\u00e7\u00e3o Brasileira das Sociedades de Ginecologia e Obstetr\u00edcia Federa\u00e7\u00e3o Internacional de Ginecologia e Obstetr\u00edcia (FIGO) American College of Obstetricians and Gynecologists (ACOG) Royal College of Obstetricians and Gynecologists (RCOG) The Society of Obstetricians and Gynaecologists of Canada (SOGC) [&hellip;]<\/p>\n","protected":false},"author":16,"featured_media":0,"parent":0,"menu_order":0,"comment_status":"closed","ping_status":"closed","template":"","meta":{"footnotes":""},"class_list":["post-36","page","type-page","status-publish","hentry"],"_links":{"self":[{"href":"https:\/\/www.medicina.ufmg.br\/gob\/wp-json\/wp\/v2\/pages\/36","targetHints":{"allow":["GET"]}}],"collection":[{"href":"https:\/\/www.medicina.ufmg.br\/gob\/wp-json\/wp\/v2\/pages"}],"about":[{"href":"https:\/\/www.medicina.ufmg.br\/gob\/wp-json\/wp\/v2\/types\/page"}],"author":[{"embeddable":true,"href":"https:\/\/www.medicina.ufmg.br\/gob\/wp-json\/wp\/v2\/users\/16"}],"replies":[{"embeddable":true,"href":"https:\/\/www.medicina.ufmg.br\/gob\/wp-json\/wp\/v2\/comments?post=36"}],"version-history":[{"count":6,"href":"https:\/\/www.medicina.ufmg.br\/gob\/wp-json\/wp\/v2\/pages\/36\/revisions"}],"predecessor-version":[{"id":90,"href":"https:\/\/www.medicina.ufmg.br\/gob\/wp-json\/wp\/v2\/pages\/36\/revisions\/90"}],"wp:attachment":[{"href":"https:\/\/www.medicina.ufmg.br\/gob\/wp-json\/wp\/v2\/media?parent=36"}],"curies":[{"name":"wp","href":"https:\/\/api.w.org\/{rel}","templated":true}]}}