{"id":36,"date":"2015-02-11T16:02:36","date_gmt":"2015-02-11T16:02:36","guid":{"rendered":"https:\/\/www.medicina.ufmg.br\/ima\/?page_id=36"},"modified":"2022-09-01T16:04:21","modified_gmt":"2022-09-01T16:04:21","slug":"corpo-docente","status":"publish","type":"page","link":"https:\/\/www.medicina.ufmg.br\/ima\/corpo-docente\/","title":{"rendered":"Corpo Docente"},"content":{"rendered":"\n<h2 class=\"wp-block-heading\">Professores<\/h2>\n\n\n\n<figure class=\"wp-block-table\"><table><tbody><tr><td><strong>NOME<\/strong><\/td><td><strong>TITULA\u00c7\u00c3O<\/strong><\/td><td><strong>LECIONA NO CURSO:<\/strong><\/td><td><strong>\u00c1REA<\/strong><\/td><\/tr><tr><td>Adriana de Souza Medeiros Batista<\/td><td>&nbsp;Doutor<\/td><td>TR<\/td><td>Tecnologia em Radiologia<\/td><\/tr><tr><td><a href=\"http:\/\/buscatextual.cnpq.br\/buscatextual\/visualizacv.do?metodo=apresentar&amp;id=K4784376J9\">Alexei Manso Correa Machado<\/a><\/td><td>P\u00f3s-Doutor<\/td><td>TR<\/td><td>Ci\u00eancia da Computa\u00e7\u00e3o<\/td><\/tr><tr><td><a href=\"http:\/\/lattes.cnpq.br\/7165521861131610\">Andrea de Lima Bastos<\/a><\/td><td>Doutor<\/td><td>M<\/td><td>Radiologia<\/td><\/tr><tr><td>Arthur Adolfo Nicolato<\/td><td>Doutor<\/td><td>TR\/M<\/td><td>Anatomia Humana<\/td><\/tr><tr><td><a href=\"http:\/\/lattes.cnpq.br\/3451107920463630\">Cassius Vinicius Corr\u00eaa dos Reis<\/a><\/td><td>Doutor<\/td><td>M<\/td><td>Anatomia Humana<\/td><\/tr><tr><td><a href=\"http:\/\/buscatextual.cnpq.br\/buscatextual\/visualizacv.do?metodo=apresentar&amp;id=K4133118P7\">Crissia Carem Paiva Fontainha<\/a><\/td><td>Doutor<\/td><td>TR<\/td><td>Tecnologia em Radiologia<\/td><\/tr><tr><td>Danilo Ferreira Maia<\/td><td>Especialista<\/td><td>M<\/td><td>Radiologia<\/td><\/tr><tr><td>Fl\u00e1vio Coelho Barros<\/td><td>Especialista<\/td><td>M<\/td><td>Radiologia<\/td><\/tr><tr><td>Giovanni Antonio de Paiva de Oliveira<\/td><td>Mestre<\/td><td>TR<\/td><td>Tecnologia em Radiologia<\/td><\/tr><tr><td><a href=\"http:\/\/lattes.cnpq.br\/2432580372192583\">Humberto Jos\u00e9 Alves<\/a><\/td><td>Doutor<\/td><td>TR \/ M<\/td><td>Anatomia Humana<\/td><\/tr><tr><td><a href=\"http:\/\/lattes.cnpq.br\/9465506090362975\">Jesiana Ferreira Pedrosa<\/a><\/td><td>Doutora<\/td><td>M<\/td><td>Radiologia<\/td><\/tr><tr><td>Jony Marques Geraldo<\/td><td>Mestre<\/td><td>TR<\/td><td>F\u00edsica<\/td><\/tr><tr><td><a href=\"http:\/\/lattes.cnpq.br\/6991651988077840\">Jovita Lane Soares Santos Zaninie<\/a><\/td><td>Mestre<\/td><td>M<\/td><td>Radiologia<\/td><\/tr><tr><td>J\u00falio Guerra Domingues<\/td><td>Especialista<\/td><td>TR \/ M<\/td><td>Radiologia<\/td><\/tr><tr><td>Kennedy Martinez de Oliveira<\/td><td>Mestre<\/td><td>TR?M<\/td><td>Anatomia Humana<\/td><\/tr><tr><td>Lucas Paix\u00e3o Reis<\/td><td>Doutor<\/td><td>TR<\/td><td>F\u00edsico<\/td><\/tr><tr><td><a href=\"http:\/\/buscatextual.cnpq.br\/buscatextual\/visualizacv.do?metodo=apresentar&amp;id=K4504988D6\">Luciana Batista Nogueira<\/a><\/td><td>Doutor<\/td><td>TR<\/td><td>Tecnologia em Radiologia<\/td><\/tr><tr><td><a href=\"http:\/\/buscatextual.cnpq.br\/buscatextual\/visualizacv.do?metodo=apresentar&amp;id=K4102655Y4\">Luciene das Gra\u00e7as Mota<\/a><\/td><td>Doutor<\/td><td>TR<\/td><td>Farm\u00e1cia<\/td><\/tr><tr><td>Luiz Cl\u00e1udio de Souza<\/td><td>Especialista<\/td><td>TR<\/td><td>Tecnologia em Radiologia<\/td><\/tr><tr><td><a href=\"http:\/\/lattes.cnpq.br\/4594174520904857\">Marcelo Henrique Mamede Lewer<\/a><\/td><td>P\u00f3s-Doutor<\/td><td>M<\/td><td>Medicina Nuclear<\/td><\/tr><tr><td><a href=\"http:\/\/lattes.cnpq.br\/4021827446107916\">Mauro Augusto Tostes Ferreira<\/a><\/td><td>Doutor<\/td><td>M<\/td><td>Anatomia Humana<\/td><\/tr><tr><td>Paulo M\u00e1rcio Campos de Oliveira<\/td><td>Doutor<\/td><td>TR<\/td><td>Tecnologia em Radiologia<\/td><\/tr><tr><td>Pedro Augusto Lopes Tito<\/td><td>Mestre<\/td><td>TR \/ M<\/td><td>Radiologia<\/td><\/tr><tr><td><a href=\"http:\/\/buscatextual.cnpq.br\/buscatextual\/visualizacv.do?metodo=apresentar&amp;id=K4710429D8\">Priscila do Carmo Santana<\/a><\/td><td>Doutor<\/td><td>TR<\/td><td>F\u00edsica<\/td><\/tr><tr><td><a href=\"http:\/\/buscatextual.cnpq.br\/buscatextual\/visualizacv.do?metodo=apresentar&amp;id=K4231379E6\">Rodrigo Modesto Gadelha Gontijo<\/a><\/td><td>Doutor<\/td><td>TR<\/td><td>Tecnologia em Radiologia<\/td><\/tr><tr><td><a href=\"http:\/\/lattes.cnpq.br\/1378197033715089\">Sandra Monetti Dumont Sanches&nbsp;<\/a><\/td><td>Mestre<\/td><td>M<\/td><td>Medicina Nuclear<\/td><\/tr><tr><td><a href=\"http:\/\/buscatextual.cnpq.br\/buscatextual\/visualizacv.do?metodo=apresentar&amp;id=K4209949D9\">Talita de Oliveira Santos<\/a><\/td><td>Doutor<\/td><td>TR<\/td><td>Tecnologia em Radiologia<\/td><\/tr><tr><td>T\u00falio C\u00e9zar do Souza Bernardino<\/td><td>Mestre<\/td><td>TR \/ M<\/td><td>Radiologia<\/td><\/tr><\/tbody><\/table><\/figure>\n\n\n<h2>Professores Convidados<\/h2>\n<table dir=\"ltr\" border=\"1\" cellspacing=\"0\" cellpadding=\"0\"><colgroup> <col width=\"184\" \/> <col width=\"88\" \/><\/colgroup>\n<tbody>\n<tr>\n<td data-sheets-value=\"{&quot;1&quot;:2,&quot;2&quot;:&quot;NOME&quot;}\">NOME<\/td>\n<td data-sheets-value=\"{&quot;1&quot;:2,&quot;2&quot;:&quot;LECIONA NO CURSO&quot;}\">LECIONA NO CURSO<\/td>\n<\/tr>\n<tr>\n<td data-sheets-value=\"{&quot;1&quot;:2,&quot;2&quot;:&quot;Andr\u00e9 Avelar Landre&quot;}\">Andr\u00e9 Avelar Landre<\/td>\n<td data-sheets-value=\"{&quot;1&quot;:2,&quot;2&quot;:&quot;M&quot;}\">M<\/td>\n<\/tr>\n<tr>\n<td data-sheets-value=\"{&quot;1&quot;:2,&quot;2&quot;:&quot;Daniela da Lima Ven\u00e2ncio&quot;}\">Daniela da Lima Ven\u00e2ncio<\/td>\n<td data-sheets-value=\"{&quot;1&quot;:2,&quot;2&quot;:&quot;TR&quot;}\">TR<\/td>\n<\/tr>\n<tr>\n<td data-sheets-value=\"{&quot;1&quot;:2,&quot;2&quot;:&quot;Glaucia Ara\u00fajo Queiroga de Pinho&quot;}\">Glaucia Ara\u00fajo Queiroga de Pinho<\/td>\n<td data-sheets-value=\"{&quot;1&quot;:2,&quot;2&quot;:&quot;TR&quot;}\">TR<\/td>\n<\/tr>\n<tr>\n<td data-sheets-value=\"{&quot;1&quot;:2,&quot;2&quot;:&quot;Jo\u00e3o Paulo Sampaio Ferreira&quot;}\">Jo\u00e3o Paulo Sampaio Ferreira<\/td>\n<td data-sheets-value=\"{&quot;1&quot;:2,&quot;2&quot;:&quot;M&quot;}\">M<\/td>\n<\/tr>\n<tr>\n<td data-sheets-value=\"{&quot;1&quot;:2,&quot;2&quot;:&quot;Saymom Fernando Dos Santos&quot;}\">Saymom Fernando Dos Santos<\/td>\n<td data-sheets-value=\"{&quot;1&quot;:2,&quot;2&quot;:&quot;TR&quot;}\">TR<\/td>\n<\/tr>\n<\/tbody>\n<\/table>\n<h2>Professores Substitutos<\/h2>\n<table dir=\"ltr\" border=\"1\" cellspacing=\"0\" cellpadding=\"0\"><colgroup> <col width=\"184\" \/> <col width=\"88\" \/><\/colgroup>\n<tbody>\n<tr>\n<td data-sheets-value=\"{&quot;1&quot;:2,&quot;2&quot;:&quot;NOME&quot;}\">NOME<\/td>\n<td data-sheets-value=\"{&quot;1&quot;:2,&quot;2&quot;:&quot;LECIONA NO CURSO&quot;}\">LECIONA NO CURSO<\/td>\n<\/tr>\n<tr>\n<td data-sheets-value=\"{&quot;1&quot;:2,&quot;2&quot;:&quot;Andr\u00e9 Avelar Landre&quot;}\"><span style=\"font-weight: 400;\">Rafael Leite Alves<\/span><\/td>\n<td data-sheets-value=\"{&quot;1&quot;:2,&quot;2&quot;:&quot;M&quot;}\">M<\/td>\n<\/tr>\n<\/tbody>\n<\/table>\n<h2>Legenda<\/h2>\n<table dir=\"ltr\" border=\"1\" cellspacing=\"0\" cellpadding=\"0\"><colgroup> <col width=\"225\" \/><\/colgroup>\n<tbody>\n<tr>\n<td data-sheets-value=\"{&quot;1&quot;:2,&quot;2&quot;:&quot;Legenda:&quot;}\">Legenda:<\/td>\n<\/tr>\n<tr>\n<td data-sheets-value=\"{&quot;1&quot;:2,&quot;2&quot;:&quot;TR - Tecnologia em Radiologia&quot;}\">TR &#8211; Tecnologia em Radiologia<\/td>\n<\/tr>\n<tr>\n<td data-sheets-value=\"{&quot;1&quot;:2,&quot;2&quot;:&quot;M - Medicina&quot;}\">M &#8211; Medicina<\/td>\n<\/tr>\n<\/tbody>\n<\/table>","protected":false},"excerpt":{"rendered":"<p>Professores NOME TITULA\u00c7\u00c3O LECIONA NO CURSO: \u00c1REA Adriana de Souza Medeiros Batista &nbsp;Doutor TR Tecnologia em Radiologia Alexei Manso Correa Machado P\u00f3s-Doutor TR Ci\u00eancia da Computa\u00e7\u00e3o Andrea de Lima Bastos Doutor M Radiologia Arthur Adolfo Nicolato Doutor TR\/M Anatomia Humana Cassius Vinicius Corr\u00eaa dos Reis Doutor M Anatomia Humana Crissia Carem Paiva Fontainha Doutor TR [&hellip;]<\/p>\n","protected":false},"author":27,"featured_media":0,"parent":0,"menu_order":0,"comment_status":"closed","ping_status":"closed","template":"","meta":{"footnotes":""},"class_list":["post-36","page","type-page","status-publish","hentry"],"_links":{"self":[{"href":"https:\/\/www.medicina.ufmg.br\/ima\/wp-json\/wp\/v2\/pages\/36","targetHints":{"allow":["GET"]}}],"collection":[{"href":"https:\/\/www.medicina.ufmg.br\/ima\/wp-json\/wp\/v2\/pages"}],"about":[{"href":"https:\/\/www.medicina.ufmg.br\/ima\/wp-json\/wp\/v2\/types\/page"}],"author":[{"embeddable":true,"href":"https:\/\/www.medicina.ufmg.br\/ima\/wp-json\/wp\/v2\/users\/27"}],"replies":[{"embeddable":true,"href":"https:\/\/www.medicina.ufmg.br\/ima\/wp-json\/wp\/v2\/comments?post=36"}],"version-history":[{"count":30,"href":"https:\/\/www.medicina.ufmg.br\/ima\/wp-json\/wp\/v2\/pages\/36\/revisions"}],"predecessor-version":[{"id":516,"href":"https:\/\/www.medicina.ufmg.br\/ima\/wp-json\/wp\/v2\/pages\/36\/revisions\/516"}],"wp:attachment":[{"href":"https:\/\/www.medicina.ufmg.br\/ima\/wp-json\/wp\/v2\/media?parent=36"}],"curies":[{"name":"wp","href":"https:\/\/api.w.org\/{rel}","templated":true}]}}