{"id":112,"date":"2023-04-24T12:12:40","date_gmt":"2023-04-24T15:12:40","guid":{"rendered":"https:\/\/www.medicina.ufmg.br\/labsim\/?page_id=112"},"modified":"2023-09-15T08:46:03","modified_gmt":"2023-09-15T11:46:03","slug":"regimento-e-protocolos","status":"publish","type":"page","link":"https:\/\/www.medicina.ufmg.br\/labsim\/regimento-e-protocolos\/","title":{"rendered":"Regimento e Protocolos"},"content":{"rendered":"\t\t<div data-elementor-type=\"wp-page\" data-elementor-id=\"112\" class=\"elementor elementor-112\">\n\t\t\t\t\t\t<section class=\"elementor-section elementor-top-section elementor-element elementor-element-bc8e585 elementor-hidden-mobile elementor-section-boxed elementor-section-height-default elementor-section-height-default\" data-id=\"bc8e585\" data-element_type=\"section\">\n\t\t\t\t\t\t<div class=\"elementor-container elementor-column-gap-default\">\n\t\t\t\t\t<div class=\"elementor-column elementor-col-14 elementor-top-column elementor-element elementor-element-45c5c0d\" data-id=\"45c5c0d\" data-element_type=\"column\">\n\t\t\t<div class=\"elementor-widget-wrap elementor-element-populated\">\n\t\t\t\t\t\t<div class=\"elementor-element elementor-element-8e4b4ce elementor-widget elementor-widget-image\" data-id=\"8e4b4ce\" data-element_type=\"widget\" data-widget_type=\"image.default\">\n\t\t\t\t<div class=\"elementor-widget-container\">\n\t\t\t\t\t\t\t\t\t\t\t\t\t\t\t\t<a href=\"https:\/\/www.medicina.ufmg.br\/labsim\/\">\n\t\t\t\t\t\t\t<img fetchpriority=\"high\" decoding=\"async\" width=\"750\" height=\"260\" src=\"https:\/\/www.medicina.ufmg.br\/labsim\/wp-content\/uploads\/sites\/105\/2023\/04\/labsim_logotipo_cor__curvas_final.png\" class=\"attachment-large size-large wp-image-18\" alt=\"\" srcset=\"https:\/\/www.medicina.ufmg.br\/labsim\/wp-content\/uploads\/sites\/105\/2023\/04\/labsim_logotipo_cor__curvas_final.png 842w, https:\/\/www.medicina.ufmg.br\/labsim\/wp-content\/uploads\/sites\/105\/2023\/04\/labsim_logotipo_cor__curvas_final-300x104.png 300w, https:\/\/www.medicina.ufmg.br\/labsim\/wp-content\/uploads\/sites\/105\/2023\/04\/labsim_logotipo_cor__curvas_final-768x266.png 768w\" sizes=\"(max-width: 750px) 100vw, 750px\" style=\"width:100%;height:34.68%;max-width:842px\" \/>\t\t\t\t\t\t\t\t<\/a>\n\t\t\t\t\t\t\t\t\t\t\t\t\t\t\t<\/div>\n\t\t\t\t<\/div>\n\t\t\t\t\t<\/div>\n\t\t<\/div>\n\t\t\t\t<div class=\"elementor-column elementor-col-14 elementor-top-column elementor-element elementor-element-042a939\" data-id=\"042a939\" data-element_type=\"column\">\n\t\t\t<div class=\"elementor-widget-wrap elementor-element-populated\">\n\t\t\t\t\t\t<div class=\"elementor-element elementor-element-cbf28a8 elementor-widget elementor-widget-menu-anchor\" data-id=\"cbf28a8\" data-element_type=\"widget\" data-widget_type=\"menu-anchor.default\">\n\t\t\t\t<div class=\"elementor-widget-container\">\n\t\t\t\t\t\t\t<div class=\"elementor-menu-anchor\" id=\"topo\"><\/div>\n\t\t\t\t\t\t<\/div>\n\t\t\t\t<\/div>\n\t\t\t\t\t<\/div>\n\t\t<\/div>\n\t\t\t\t<div class=\"elementor-column elementor-col-14 elementor-top-column elementor-element elementor-element-12adb5b\" data-id=\"12adb5b\" data-element_type=\"column\">\n\t\t\t<div class=\"elementor-widget-wrap\">\n\t\t\t\t\t\t\t<\/div>\n\t\t<\/div>\n\t\t\t\t<div class=\"elementor-column elementor-col-14 elementor-top-column elementor-element elementor-element-cf835a2\" data-id=\"cf835a2\" data-element_type=\"column\">\n\t\t\t<div class=\"elementor-widget-wrap\">\n\t\t\t\t\t\t\t<\/div>\n\t\t<\/div>\n\t\t\t\t<div class=\"elementor-column elementor-col-14 elementor-top-column elementor-element elementor-element-fbed644\" data-id=\"fbed644\" data-element_type=\"column\">\n\t\t\t<div class=\"elementor-widget-wrap\">\n\t\t\t\t\t\t\t<\/div>\n\t\t<\/div>\n\t\t\t\t<div class=\"elementor-column elementor-col-14 elementor-top-column elementor-element elementor-element-1e0a3e5\" data-id=\"1e0a3e5\" data-element_type=\"column\">\n\t\t\t<div class=\"elementor-widget-wrap\">\n\t\t\t\t\t\t\t<\/div>\n\t\t<\/div>\n\t\t\t\t<div class=\"elementor-column elementor-col-14 elementor-top-column elementor-element elementor-element-7c92ab3\" data-id=\"7c92ab3\" data-element_type=\"column\">\n\t\t\t<div class=\"elementor-widget-wrap\">\n\t\t\t\t\t\t\t<\/div>\n\t\t<\/div>\n\t\t\t\t\t<\/div>\n\t\t<\/section>\n\t\t\t\t<section class=\"elementor-section elementor-top-section elementor-element elementor-element-a0aa644 elementor-section-boxed elementor-section-height-default elementor-section-height-default\" data-id=\"a0aa644\" data-element_type=\"section\">\n\t\t\t\t\t\t<div class=\"elementor-container elementor-column-gap-default\">\n\t\t\t\t\t<div class=\"elementor-column elementor-col-100 elementor-top-column elementor-element elementor-element-ba72dc1\" data-id=\"ba72dc1\" data-element_type=\"column\">\n\t\t\t<div class=\"elementor-widget-wrap elementor-element-populated\">\n\t\t\t\t\t\t<div class=\"elementor-element elementor-element-57b64a9 elementor-widget elementor-widget-heading\" data-id=\"57b64a9\" data-element_type=\"widget\" data-widget_type=\"heading.default\">\n\t\t\t\t<div class=\"elementor-widget-container\">\n\t\t\t\t\t<h2 class=\"elementor-heading-title elementor-size-default\">Regimento e Protocolos<\/h2>\t\t\t\t<\/div>\n\t\t\t\t<\/div>\n\t\t\t\t<div class=\"elementor-element elementor-element-48dcbf4 elementor-widget elementor-widget-heading\" data-id=\"48dcbf4\" data-element_type=\"widget\" data-widget_type=\"heading.default\">\n\t\t\t\t<div class=\"elementor-widget-container\">\n\t\t\t\t\t<h4 class=\"elementor-heading-title elementor-size-default\">Regimento<\/h4>\t\t\t\t<\/div>\n\t\t\t\t<\/div>\n\t\t\t\t<div class=\"elementor-element elementor-element-7c8d10c elementor-widget elementor-widget-text-editor\" data-id=\"7c8d10c\" data-element_type=\"widget\" data-widget_type=\"text-editor.default\">\n\t\t\t\t<div class=\"elementor-widget-container\">\n\t\t\t\t\t\t\t\t\t<p><span style=\"font-weight: 400;\">Em desenvolvimento.<\/span><\/p>\t\t\t\t\t\t\t\t<\/div>\n\t\t\t\t<\/div>\n\t\t\t\t<div class=\"elementor-element elementor-element-633c0ca elementor-widget-divider--view-line elementor-widget elementor-widget-divider\" data-id=\"633c0ca\" data-element_type=\"widget\" data-widget_type=\"divider.default\">\n\t\t\t\t<div class=\"elementor-widget-container\">\n\t\t\t\t\t\t\t<div class=\"elementor-divider\">\n\t\t\t<span class=\"elementor-divider-separator\">\n\t\t\t\t\t\t<\/span>\n\t\t<\/div>\n\t\t\t\t\t\t<\/div>\n\t\t\t\t<\/div>\n\t\t\t\t<div class=\"elementor-element elementor-element-f9e12bc elementor-widget elementor-widget-heading\" data-id=\"f9e12bc\" data-element_type=\"widget\" data-widget_type=\"heading.default\">\n\t\t\t\t<div class=\"elementor-widget-container\">\n\t\t\t\t\t<h4 class=\"elementor-heading-title elementor-size-default\">Protocolos<\/h4>\t\t\t\t<\/div>\n\t\t\t\t<\/div>\n\t\t\t\t<div class=\"elementor-element elementor-element-d111829 elementor-widget elementor-widget-text-editor\" data-id=\"d111829\" data-element_type=\"widget\" data-widget_type=\"text-editor.default\">\n\t\t\t\t<div class=\"elementor-widget-container\">\n\t\t\t\t\t\t\t\t\t<p><a href=\"https:\/\/www.medicina.ufmg.br\/labsim\/wp-content\/uploads\/sites\/105\/2023\/09\/POP-AULA-01-APBH-SBV.pdf\"><b style=\"\"><u>POP AULA 01<\/u><\/b><\/a><br><font color=\"#28303d\">Montagem de sala para Atendimento Pr\u00e9 Hospitalar (APH)&nbsp;<\/font><span style=\"color: rgb(40, 48, 61);\">com Suporte B\u00e1sico de Vida (SBV)<\/span><\/p>\n<p><br><a href=\"https:\/\/www.medicina.ufmg.br\/labsim\/wp-content\/uploads\/sites\/105\/2023\/09\/POP-AULA-02-PED-SIM-JUNIOR.pdf\"><u><b>POP AULA 02<\/b><\/u><\/a><br><font color=\"#28303d\">Montagem de sala para Aula de Caso Cl\u00ednico Pedi\u00e1trico&nbsp;<\/font><span style=\"color: rgb(40, 48, 61);\">(SimJunior)<\/span><\/p>\n<p><br><a href=\"https:\/\/www.medicina.ufmg.br\/labsim\/wp-content\/uploads\/sites\/105\/2023\/09\/POP-AULA-03-PED-SIM-NEW-B.pdf\"><u><b>POP AULA 03<\/b><\/u><\/a><br><font color=\"#28303d\">Montagem de sala para Aula de Caso Cl\u00ednico Pedi\u00e1trico (Sim<\/font><span style=\"color: rgb(40, 48, 61);\">NewB)<\/span><\/p>\n<p><br><a href=\"https:\/\/www.medicina.ufmg.br\/labsim\/wp-content\/uploads\/sites\/105\/2023\/09\/POP-AULA-04-GINECOLOGIA-BASICA.pdf\"><b><u>POP AULA 04<\/u><\/b>&nbsp;<br>Montagem de sala para aula de Ginecologia B\u00e1sica<\/a><br><br><a href=\"https:\/\/www.medicina.ufmg.br\/labsim\/wp-content\/uploads\/sites\/105\/2023\/09\/POP-AULA-05-OBSTETRICIA-BASICA.pdf\"><u><b>POP AULA 05<br><\/b><\/u>Montagem de sala para aula de Obst\u00e9trica B\u00e1sica<\/a><br><br><a href=\"https:\/\/www.medicina.ufmg.br\/labsim\/wp-content\/uploads\/sites\/105\/2023\/09\/POP-AULA-06-SVUE-SALA-VIAS-AEREAS.pdf\"><u><b>POP AULA 06<br><\/b><\/u>Montagem de sala para SVUE \u2013 Sala das vias a\u00e9reas<\/a> <br><br><a href=\"https:\/\/www.medicina.ufmg.br\/labsim\/wp-content\/uploads\/sites\/105\/2023\/09\/POP-AULA-07-SVUE-COM-SIMMAN.pdf\"><u><b>POP AULA 07<\/b><\/u><\/a><br><font color=\"#28303d\">Montagem de sala para SVUE com uso do manequim&nbsp;<\/font><span style=\"color: rgb(40, 48, 61);\">SimMan<\/span><\/p>\n<p><br><a href=\"https:\/\/www.medicina.ufmg.br\/labsim\/wp-content\/uploads\/sites\/105\/2023\/09\/POP-AULA-08-SEMIOLOGIA-PEDIATRIA.pdf\"><u><b>POP AULA 08<\/b><\/u><\/a><br><font color=\"#28303d\">Montagem de sala para aula de Semiologia Pedi\u00e1trica e&nbsp;<\/font><span style=\"color: rgb(40, 48, 61);\">Ausculta<\/span><\/p>\n<p><span style=\"color: rgb(40, 48, 61);\"><br><\/span><\/p>\t\t\t\t\t\t\t\t<\/div>\n\t\t\t\t<\/div>\n\t\t\t\t\t<\/div>\n\t\t<\/div>\n\t\t\t\t\t<\/div>\n\t\t<\/section>\n\t\t\t\t<section class=\"elementor-section elementor-top-section elementor-element elementor-element-d1fc3bb elementor-section-boxed elementor-section-height-default elementor-section-height-default\" data-id=\"d1fc3bb\" data-element_type=\"section\" data-settings=\"{&quot;background_background&quot;:&quot;classic&quot;}\">\n\t\t\t\t\t\t<div class=\"elementor-container elementor-column-gap-default\">\n\t\t\t\t\t<div class=\"elementor-column elementor-col-100 elementor-top-column elementor-element elementor-element-803be41\" data-id=\"803be41\" data-element_type=\"column\">\n\t\t\t<div class=\"elementor-widget-wrap elementor-element-populated\">\n\t\t\t\t\t\t<div class=\"elementor-element elementor-element-31dda0c elementor-view-default elementor-widget elementor-widget-icon\" data-id=\"31dda0c\" data-element_type=\"widget\" data-widget_type=\"icon.default\">\n\t\t\t\t<div class=\"elementor-widget-container\">\n\t\t\t\t\t\t\t<div class=\"elementor-icon-wrapper\">\n\t\t\t<a class=\"elementor-icon\" href=\"https:\/\/www.medicina.ufmg.br\/labsim\/\">\n\t\t\t<i aria-hidden=\"true\" class=\"fas fa-chevron-left\"><\/i>\t\t\t<\/a>\n\t\t<\/div>\n\t\t\t\t\t\t<\/div>\n\t\t\t\t<\/div>\n\t\t\t\t\t<\/div>\n\t\t<\/div>\n\t\t\t\t\t<\/div>\n\t\t<\/section>\n\t\t\t\t<section class=\"elementor-section elementor-top-section elementor-element elementor-element-4a7ca46 elementor-section-full_width elementor-section-height-min-height elementor-section-stretched elementor-section-height-default elementor-section-items-middle\" data-id=\"4a7ca46\" data-element_type=\"section\" data-settings=\"{&quot;background_background&quot;:&quot;classic&quot;,&quot;stretch_section&quot;:&quot;section-stretched&quot;}\">\n\t\t\t\t\t\t<div class=\"elementor-container elementor-column-gap-default\">\n\t\t\t\t\t<div class=\"elementor-column elementor-col-33 elementor-top-column elementor-element elementor-element-2242868\" data-id=\"2242868\" data-element_type=\"column\">\n\t\t\t<div class=\"elementor-widget-wrap elementor-element-populated\">\n\t\t\t\t\t\t<div class=\"elementor-element elementor-element-127142f elementor-widget__width-auto elementor-widget elementor-widget-image\" data-id=\"127142f\" data-element_type=\"widget\" data-widget_type=\"image.default\">\n\t\t\t\t<div class=\"elementor-widget-container\">\n\t\t\t\t\t\t\t\t\t\t\t\t\t\t\t<img decoding=\"async\" src=\"http:\/\/www.medicina.ufmg.br\/wp-content\/uploads\/sites\/7\/2021\/11\/logomedufmg.png\" title=\"\" alt=\"\" loading=\"lazy\" \/>\t\t\t\t\t\t\t\t\t\t\t\t\t\t\t<\/div>\n\t\t\t\t<\/div>\n\t\t\t\t<div class=\"elementor-element elementor-element-a48e872 elementor-shape-circle elementor-grid-0 e-grid-align-center elementor-widget elementor-widget-social-icons\" data-id=\"a48e872\" data-element_type=\"widget\" data-widget_type=\"social-icons.default\">\n\t\t\t\t<div class=\"elementor-widget-container\">\n\t\t\t\t\t\t\t<div class=\"elementor-social-icons-wrapper elementor-grid\">\n\t\t\t\t\t\t\t<span class=\"elementor-grid-item\">\n\t\t\t\t\t<a class=\"elementor-icon elementor-social-icon elementor-social-icon-instagram elementor-repeater-item-31f2e60\" href=\"https:\/\/www.instagram.com\/facmedicinaufmg\" target=\"_blank\">\n\t\t\t\t\t\t<span class=\"elementor-screen-only\">Instagram<\/span>\n\t\t\t\t\t\t<i class=\"fab fa-instagram\"><\/i>\t\t\t\t\t<\/a>\n\t\t\t\t<\/span>\n\t\t\t\t\t\t\t<span class=\"elementor-grid-item\">\n\t\t\t\t\t<a class=\"elementor-icon elementor-social-icon elementor-social-icon-twitter elementor-repeater-item-a4d1c73\" href=\"http:\/\/twitter.com\/facmedicinaufmg\" target=\"_blank\">\n\t\t\t\t\t\t<span class=\"elementor-screen-only\">Twitter<\/span>\n\t\t\t\t\t\t<i class=\"fab fa-twitter\"><\/i>\t\t\t\t\t<\/a>\n\t\t\t\t<\/span>\n\t\t\t\t\t\t\t<span class=\"elementor-grid-item\">\n\t\t\t\t\t<a class=\"elementor-icon elementor-social-icon elementor-social-icon-facebook elementor-repeater-item-9611e04\" href=\"https:\/\/www.facebook.com\/facmedicinaufmg\" target=\"_blank\">\n\t\t\t\t\t\t<span class=\"elementor-screen-only\">Facebook<\/span>\n\t\t\t\t\t\t<i class=\"fab fa-facebook\"><\/i>\t\t\t\t\t<\/a>\n\t\t\t\t<\/span>\n\t\t\t\t\t\t\t<span class=\"elementor-grid-item\">\n\t\t\t\t\t<a class=\"elementor-icon elementor-social-icon elementor-social-icon-headphones-alt elementor-repeater-item-7843b54\" href=\"https:\/\/podcast.medicina.ufmg.br\/index.php\/links-uteis\/\" target=\"_blank\">\n\t\t\t\t\t\t<span class=\"elementor-screen-only\">Headphones-alt<\/span>\n\t\t\t\t\t\t<i class=\"fas fa-headphones-alt\"><\/i>\t\t\t\t\t<\/a>\n\t\t\t\t<\/span>\n\t\t\t\t\t<\/div>\n\t\t\t\t\t\t<\/div>\n\t\t\t\t<\/div>\n\t\t\t\t\t<\/div>\n\t\t<\/div>\n\t\t\t\t<div class=\"elementor-column elementor-col-33 elementor-top-column elementor-element elementor-element-fd0ec52\" data-id=\"fd0ec52\" data-element_type=\"column\">\n\t\t\t<div class=\"elementor-widget-wrap elementor-element-populated\">\n\t\t\t\t\t\t<div class=\"elementor-element elementor-element-96c934b elementor-widget elementor-widget-text-editor\" data-id=\"96c934b\" data-element_type=\"widget\" data-widget_type=\"text-editor.default\">\n\t\t\t\t<div class=\"elementor-widget-container\">\n\t\t\t\t\t\t\t\t\t<p style=\"text-align: right;\"><span style=\"color: #ffffff;\"><strong>Contato<\/strong><\/span><br \/><span style=\"color: #ffffff;\">31 3409-9797 &#8211; 3\u00ba andar<\/span><br \/><span style=\"color: #ffffff;\">31 3409-9654 &#8211; 6\u00ba andar<\/span><\/p><p>\u00a0<\/p><p>\u00a0<\/p><p style=\"text-align: right;\"><span style=\"color: #ffffff;\"><strong>Redes Sociais Labsim<\/strong><\/span><\/p>\t\t\t\t\t\t\t\t<\/div>\n\t\t\t\t<\/div>\n\t\t\t\t<div class=\"elementor-element elementor-element-7ebc802 elementor-shape-circle e-grid-align-right elementor-grid-0 elementor-widget elementor-widget-social-icons\" data-id=\"7ebc802\" data-element_type=\"widget\" data-widget_type=\"social-icons.default\">\n\t\t\t\t<div class=\"elementor-widget-container\">\n\t\t\t\t\t\t\t<div class=\"elementor-social-icons-wrapper elementor-grid\">\n\t\t\t\t\t\t\t<span class=\"elementor-grid-item\">\n\t\t\t\t\t<a class=\"elementor-icon elementor-social-icon elementor-social-icon-facebook elementor-repeater-item-9611e04\" href=\"https:\/\/pt-br.facebook.com\/labsim.medicina\/\" target=\"_blank\">\n\t\t\t\t\t\t<span class=\"elementor-screen-only\">Facebook<\/span>\n\t\t\t\t\t\t<i class=\"fab fa-facebook\"><\/i>\t\t\t\t\t<\/a>\n\t\t\t\t<\/span>\n\t\t\t\t\t<\/div>\n\t\t\t\t\t\t<\/div>\n\t\t\t\t<\/div>\n\t\t\t\t\t<\/div>\n\t\t<\/div>\n\t\t\t\t<div class=\"elementor-column elementor-col-33 elementor-top-column elementor-element elementor-element-87b93dc\" data-id=\"87b93dc\" data-element_type=\"column\">\n\t\t\t<div class=\"elementor-widget-wrap elementor-element-populated\">\n\t\t\t\t\t\t<div class=\"elementor-element elementor-element-dbc0eef elementor-widget elementor-widget-text-editor\" data-id=\"dbc0eef\" data-element_type=\"widget\" data-widget_type=\"text-editor.default\">\n\t\t\t\t<div class=\"elementor-widget-container\">\n\t\t\t\t\t\t\t\t\t<p><strong><span style=\"color: #ffffff;\">labsim.medicina@gmail.com<\/span><\/strong><\/p><p><span style=\"color: #ffffff;\">Av. Prof. Alfredo Balena, 190<br \/>Belo Horizonte &#8211; MG \/ Brasil &#8211; CEP 30130-100<\/span><\/p><p>\u00a0<\/p><p><span style=\"color: #ffffff;\"><br \/>2023 &#8211; Site produzido pelo Centro de Comunica\u00e7\u00e3o Social<\/span><br \/><span style=\"color: #ffffff;\">da Faculdade de Medicina da da UFMG<\/span><\/p>\t\t\t\t\t\t\t\t<\/div>\n\t\t\t\t<\/div>\n\t\t\t\t<div class=\"elementor-element elementor-element-ea94c16 elementor-widget elementor-widget-spacer\" data-id=\"ea94c16\" data-element_type=\"widget\" data-widget_type=\"spacer.default\">\n\t\t\t\t<div class=\"elementor-widget-container\">\n\t\t\t\t\t\t\t<div class=\"elementor-spacer\">\n\t\t\t<div class=\"elementor-spacer-inner\"><\/div>\n\t\t<\/div>\n\t\t\t\t\t\t<\/div>\n\t\t\t\t<\/div>\n\t\t\t\t\t<\/div>\n\t\t<\/div>\n\t\t\t\t\t<\/div>\n\t\t<\/section>\n\t\t\t\t<\/div>\n\t\t","protected":false},"excerpt":{"rendered":"<p>Regimento e Protocolos Regimento Em desenvolvimento. Protocolos POP AULA 01Montagem de sala para Atendimento Pr\u00e9 Hospitalar (APH)&nbsp;com Suporte B\u00e1sico de Vida (SBV) POP AULA 02Montagem de sala para Aula de Caso Cl\u00ednico Pedi\u00e1trico&nbsp;(SimJunior) POP AULA 03Montagem de sala para Aula de Caso Cl\u00ednico Pedi\u00e1trico (SimNewB) POP AULA 04&nbsp;Montagem de sala para aula de Ginecologia B\u00e1sica&hellip; <a class=\"more-link\" href=\"https:\/\/www.medicina.ufmg.br\/labsim\/regimento-e-protocolos\/\">Continuar lendo <span class=\"screen-reader-text\">Regimento e Protocolos<\/span><\/a><\/p>\n","protected":false},"author":105,"featured_media":0,"parent":0,"menu_order":0,"comment_status":"closed","ping_status":"closed","template":"","meta":{"footnotes":""},"class_list":["post-112","page","type-page","status-publish","hentry","entry"],"_links":{"self":[{"href":"https:\/\/www.medicina.ufmg.br\/labsim\/wp-json\/wp\/v2\/pages\/112","targetHints":{"allow":["GET"]}}],"collection":[{"href":"https:\/\/www.medicina.ufmg.br\/labsim\/wp-json\/wp\/v2\/pages"}],"about":[{"href":"https:\/\/www.medicina.ufmg.br\/labsim\/wp-json\/wp\/v2\/types\/page"}],"author":[{"embeddable":true,"href":"https:\/\/www.medicina.ufmg.br\/labsim\/wp-json\/wp\/v2\/users\/105"}],"replies":[{"embeddable":true,"href":"https:\/\/www.medicina.ufmg.br\/labsim\/wp-json\/wp\/v2\/comments?post=112"}],"version-history":[{"count":22,"href":"https:\/\/www.medicina.ufmg.br\/labsim\/wp-json\/wp\/v2\/pages\/112\/revisions"}],"predecessor-version":[{"id":342,"href":"https:\/\/www.medicina.ufmg.br\/labsim\/wp-json\/wp\/v2\/pages\/112\/revisions\/342"}],"wp:attachment":[{"href":"https:\/\/www.medicina.ufmg.br\/labsim\/wp-json\/wp\/v2\/media?parent=112"}],"curies":[{"name":"wp","href":"https:\/\/api.w.org\/{rel}","templated":true}]}}