{"id":81,"date":"2023-04-24T11:39:42","date_gmt":"2023-04-24T14:39:42","guid":{"rendered":"https:\/\/www.medicina.ufmg.br\/labsim\/?page_id=81"},"modified":"2023-06-05T09:47:03","modified_gmt":"2023-06-05T12:47:03","slug":"publicacoes-2","status":"publish","type":"page","link":"https:\/\/www.medicina.ufmg.br\/labsim\/publicacoes-2\/","title":{"rendered":"Publica\u00e7\u00f5es"},"content":{"rendered":"\t\t<div data-elementor-type=\"wp-page\" data-elementor-id=\"81\" class=\"elementor elementor-81\">\n\t\t\t\t\t\t<section class=\"elementor-section elementor-top-section elementor-element elementor-element-cb224b1 elementor-hidden-mobile elementor-section-boxed elementor-section-height-default elementor-section-height-default\" data-id=\"cb224b1\" data-element_type=\"section\">\n\t\t\t\t\t\t<div class=\"elementor-container elementor-column-gap-default\">\n\t\t\t\t\t<div class=\"elementor-column elementor-col-12 elementor-top-column elementor-element elementor-element-a120d6d\" data-id=\"a120d6d\" data-element_type=\"column\">\n\t\t\t<div class=\"elementor-widget-wrap elementor-element-populated\">\n\t\t\t\t\t\t<div class=\"elementor-element elementor-element-155fcef elementor-widget elementor-widget-image\" data-id=\"155fcef\" data-element_type=\"widget\" data-widget_type=\"image.default\">\n\t\t\t\t<div class=\"elementor-widget-container\">\n\t\t\t\t\t\t\t\t\t\t\t\t\t\t\t\t<a href=\"https:\/\/www.medicina.ufmg.br\/labsim\/\">\n\t\t\t\t\t\t\t<img fetchpriority=\"high\" decoding=\"async\" width=\"750\" height=\"260\" src=\"https:\/\/www.medicina.ufmg.br\/labsim\/wp-content\/uploads\/sites\/105\/2023\/04\/labsim_logotipo_cor__curvas_final.png\" class=\"attachment-large size-large wp-image-18\" alt=\"\" srcset=\"https:\/\/www.medicina.ufmg.br\/labsim\/wp-content\/uploads\/sites\/105\/2023\/04\/labsim_logotipo_cor__curvas_final.png 842w, https:\/\/www.medicina.ufmg.br\/labsim\/wp-content\/uploads\/sites\/105\/2023\/04\/labsim_logotipo_cor__curvas_final-300x104.png 300w, https:\/\/www.medicina.ufmg.br\/labsim\/wp-content\/uploads\/sites\/105\/2023\/04\/labsim_logotipo_cor__curvas_final-768x266.png 768w\" sizes=\"(max-width: 750px) 100vw, 750px\" style=\"width:100%;height:34.68%;max-width:842px\" \/>\t\t\t\t\t\t\t\t<\/a>\n\t\t\t\t\t\t\t\t\t\t\t\t\t\t\t<\/div>\n\t\t\t\t<\/div>\n\t\t\t\t\t<\/div>\n\t\t<\/div>\n\t\t\t\t<div class=\"elementor-column elementor-col-12 elementor-top-column elementor-element elementor-element-aa3fccd\" data-id=\"aa3fccd\" data-element_type=\"column\">\n\t\t\t<div class=\"elementor-widget-wrap elementor-element-populated\">\n\t\t\t\t\t\t<div class=\"elementor-element elementor-element-a0015c4 elementor-widget elementor-widget-image\" data-id=\"a0015c4\" data-element_type=\"widget\" data-widget_type=\"image.default\">\n\t\t\t\t<div class=\"elementor-widget-container\">\n\t\t\t\t\t\t\t\t\t\t\t\t\t\t\t\t<a href=\"https:\/\/www.medicina.ufmg.br\/\">\n\t\t\t\t\t\t\t<img decoding=\"async\" src=\"https:\/\/www.medicina.ufmg.br\/crinter-02\/wp-content\/uploads\/sites\/101\/2022\/07\/marca-faculdade-medicina.png\" title=\"\" alt=\"\" loading=\"lazy\" \/>\t\t\t\t\t\t\t\t<\/a>\n\t\t\t\t\t\t\t\t\t\t\t\t\t\t\t<\/div>\n\t\t\t\t<\/div>\n\t\t\t\t\t<\/div>\n\t\t<\/div>\n\t\t\t\t<div class=\"elementor-column elementor-col-12 elementor-top-column elementor-element elementor-element-b5ef400\" data-id=\"b5ef400\" data-element_type=\"column\">\n\t\t\t<div class=\"elementor-widget-wrap elementor-element-populated\">\n\t\t\t\t\t\t<div class=\"elementor-element elementor-element-f26370a elementor-widget elementor-widget-menu-anchor\" data-id=\"f26370a\" data-element_type=\"widget\" data-widget_type=\"menu-anchor.default\">\n\t\t\t\t<div class=\"elementor-widget-container\">\n\t\t\t\t\t\t\t<div class=\"elementor-menu-anchor\" id=\"topo\"><\/div>\n\t\t\t\t\t\t<\/div>\n\t\t\t\t<\/div>\n\t\t\t\t\t<\/div>\n\t\t<\/div>\n\t\t\t\t<div class=\"elementor-column elementor-col-12 elementor-top-column elementor-element elementor-element-8a62540\" data-id=\"8a62540\" data-element_type=\"column\">\n\t\t\t<div class=\"elementor-widget-wrap\">\n\t\t\t\t\t\t\t<\/div>\n\t\t<\/div>\n\t\t\t\t<div class=\"elementor-column elementor-col-12 elementor-top-column elementor-element elementor-element-bd9fc8a\" data-id=\"bd9fc8a\" data-element_type=\"column\">\n\t\t\t<div class=\"elementor-widget-wrap\">\n\t\t\t\t\t\t\t<\/div>\n\t\t<\/div>\n\t\t\t\t<div class=\"elementor-column elementor-col-12 elementor-top-column elementor-element elementor-element-f258330\" data-id=\"f258330\" data-element_type=\"column\">\n\t\t\t<div class=\"elementor-widget-wrap\">\n\t\t\t\t\t\t\t<\/div>\n\t\t<\/div>\n\t\t\t\t<div class=\"elementor-column elementor-col-12 elementor-top-column elementor-element elementor-element-2a28d30\" data-id=\"2a28d30\" data-element_type=\"column\">\n\t\t\t<div class=\"elementor-widget-wrap\">\n\t\t\t\t\t\t\t<\/div>\n\t\t<\/div>\n\t\t\t\t<div class=\"elementor-column elementor-col-12 elementor-top-column elementor-element elementor-element-36b9671\" data-id=\"36b9671\" data-element_type=\"column\">\n\t\t\t<div class=\"elementor-widget-wrap\">\n\t\t\t\t\t\t\t<\/div>\n\t\t<\/div>\n\t\t\t\t\t<\/div>\n\t\t<\/section>\n\t\t\t\t<section class=\"elementor-section elementor-top-section elementor-element elementor-element-1c48a63 elementor-section-boxed elementor-section-height-default elementor-section-height-default\" data-id=\"1c48a63\" data-element_type=\"section\">\n\t\t\t\t\t\t<div class=\"elementor-container elementor-column-gap-default\">\n\t\t\t\t\t<div class=\"elementor-column elementor-col-100 elementor-top-column elementor-element elementor-element-05f5413\" data-id=\"05f5413\" data-element_type=\"column\">\n\t\t\t<div class=\"elementor-widget-wrap elementor-element-populated\">\n\t\t\t\t\t\t<div class=\"elementor-element elementor-element-ab504cb elementor-widget elementor-widget-spacer\" data-id=\"ab504cb\" data-element_type=\"widget\" data-widget_type=\"spacer.default\">\n\t\t\t\t<div class=\"elementor-widget-container\">\n\t\t\t\t\t\t\t<div class=\"elementor-spacer\">\n\t\t\t<div class=\"elementor-spacer-inner\"><\/div>\n\t\t<\/div>\n\t\t\t\t\t\t<\/div>\n\t\t\t\t<\/div>\n\t\t\t\t<div class=\"elementor-element elementor-element-f95d10f elementor-widget elementor-widget-heading\" data-id=\"f95d10f\" data-element_type=\"widget\" data-widget_type=\"heading.default\">\n\t\t\t\t<div class=\"elementor-widget-container\">\n\t\t\t\t\t<h2 class=\"elementor-heading-title elementor-size-default\">Publica\u00e7\u00f5es<\/h2>\t\t\t\t<\/div>\n\t\t\t\t<\/div>\n\t\t\t\t<div class=\"elementor-element elementor-element-2357c61 elementor-widget elementor-widget-heading\" data-id=\"2357c61\" data-element_type=\"widget\" data-widget_type=\"heading.default\">\n\t\t\t\t<div class=\"elementor-widget-container\">\n\t\t\t\t\t<h4 class=\"elementor-heading-title elementor-size-default\">Artigos<\/h4>\t\t\t\t<\/div>\n\t\t\t\t<\/div>\n\t\t\t\t<div class=\"elementor-element elementor-element-14a5bda elementor-widget elementor-widget-text-editor\" data-id=\"14a5bda\" data-element_type=\"widget\" data-widget_type=\"text-editor.default\">\n\t\t\t\t<div class=\"elementor-widget-container\">\n\t\t\t\t\t\t\t\t\t<p><span style=\"font-weight: 400;\">Gon\u00e7alves BAR, Melo MCB,Liu PMF,&nbsp; Valente BCHG, Ribeiro VP,&nbsp; Silva, PHv . Teamwork in Pediatric Resuscitation: Training Medical Students on High-Fidelity Simulation. Advances In Medical Education And Practice, v. 13, p. 697-708, 2022.<br><br><\/span><\/p>\n<p><span style=\"font-weight: 400;\">Gomes RAS, Ribeiro IS, Melo MCB, Cerqueira P M, Guedes I, Silva TF,&nbsp; LIU&nbsp; PMF,&nbsp; Rodrigues AT,&nbsp; Fonseca J G. Manejo da via a\u00e9rea e intuba\u00e7\u00e3o traqueal em pediatria: uma atualiza\u00e7\u00e3o. REVISTA M\u00c9DICA DE MINAS GERAIS, v. 32, p. 17-32, 2022.<br><br><\/span><\/p>\n<p><span style=\"font-weight: 400;\">Gomes RAS, Ribeiro IS, Melo MCB, Cerqueira P M, Guedes I, Silva TF,&nbsp; LIU&nbsp; PMF,&nbsp; Rodrigues AT,&nbsp; Fonseca J G. Via a\u00e9rea dif\u00edcil e sequ\u00eancia r\u00e1pida de intuba\u00e7\u00e3o traqueal: desafios para o pediatra. REVISTA M\u00c9DICA DE MINAS GERAIS, v. 32, p. 34-42, 2022.<br><br><\/span><\/p>\n<p><span style=\"font-weight: 400;\">Gresta M M, Silva&nbsp; NLC,&nbsp; Fidelis GTA, Tibaes&nbsp; MA,&nbsp; Moura JA, Souza&nbsp; C. LABSIM-Experi\u00eancia em simula\u00e7\u00e3o como metodologia de ensino. Revista Internacional em L\u00edngua Portuguesa, v. 33, p. 119-130, 2018.<br><br><\/span><\/p>\n<p><span style=\"font-weight: 400;\">Melo MCB, Silva NLC, Liu PMF,&nbsp; Cerqueira Filho L C,&nbsp; Gresta MM, Santos&nbsp; AF, Gazzinelli, B F,&nbsp; Ferreira&nbsp; AR, Alves HJ.&nbsp; E-Learning and Simulation on a Pr\u00e9-Hospital Emergency Course: A Participant\u00b4s Perspective. REVISTA BRASILEIRA DE EDUCA\u00c7\u00c3O M\u00c9DICA (ONLINE), v. 40, p. 713-719, 2016.<br><br><\/span><\/p>\n<p><span style=\"font-weight: 400;\">Alkhulaif, A,&nbsp; Julie I, Barton J, Nagle E,&nbsp; Yao A, Venugopal&nbsp; S, Ramirez J, Sebat C, Melo MCB, Bair A. . In Situ Simulation: advantages, challenges and obstacles. Revista Latinoamericana de Telesalud, v. 3, p. 133-149, 2016.<br><br><\/span><\/p>\n<p><b>&nbsp;<\/b><span style=\"font-weight: 400;\">Melo MCB, Magalh\u00e3es&nbsp; AMPB,&nbsp; Silva NLC,&nbsp; Ferri PM,&nbsp; Cerqueira Filho LC, Gresta M M,&nbsp; Santos AF. Ensino mediado por t\u00e9cnicas de simula\u00e7\u00e3o e treinamento de habilidades de comunica\u00e7\u00e3o na \u00e1rea da sa\u00fade. REVISTA M\u00c9DICA DE MINAS GERAIS, v. 26, p. e-1805, 2016.<br><br><\/span><\/p>\n<p><span style=\"font-weight: 400;\">Pessoa FM, Ferreira AR, Melo MCB, GRESTA, Gresta MM,&nbsp; Vasconcellos MC. Basic and advanced life support in pediatrics: history of deployment in minas and update. REVISTA M\u00c9DICA DE MINAS GERAIS, v. 26, p. 82-89, 2016.<br><br><\/span><\/p>\n<p><span style=\"font-weight: 400;\">Gresta MM, Melo MCB, Silva GE, Abreu&nbsp; MP. Special Interest group in simulariam in health: building a collaborative network in the simulation \u00e1rea. Revista Latino-americana de telesalud, v. 3, p. 231-235, 2016.<\/span><\/p>\t\t\t\t\t\t\t\t<\/div>\n\t\t\t\t<\/div>\n\t\t\t\t<div class=\"elementor-element elementor-element-8f6e25d elementor-widget-divider--view-line elementor-widget elementor-widget-divider\" data-id=\"8f6e25d\" data-element_type=\"widget\" data-widget_type=\"divider.default\">\n\t\t\t\t<div class=\"elementor-widget-container\">\n\t\t\t\t\t\t\t<div class=\"elementor-divider\">\n\t\t\t<span class=\"elementor-divider-separator\">\n\t\t\t\t\t\t<\/span>\n\t\t<\/div>\n\t\t\t\t\t\t<\/div>\n\t\t\t\t<\/div>\n\t\t\t\t<div class=\"elementor-element elementor-element-423baed elementor-widget elementor-widget-heading\" data-id=\"423baed\" data-element_type=\"widget\" data-widget_type=\"heading.default\">\n\t\t\t\t<div class=\"elementor-widget-container\">\n\t\t\t\t\t<h4 class=\"elementor-heading-title elementor-size-default\">Livros<\/h4>\t\t\t\t<\/div>\n\t\t\t\t<\/div>\n\t\t\t\t<div class=\"elementor-element elementor-element-cdc9b8b elementor-widget elementor-widget-text-editor\" data-id=\"cdc9b8b\" data-element_type=\"widget\" data-widget_type=\"text-editor.default\">\n\t\t\t\t<div class=\"elementor-widget-container\">\n\t\t\t\t\t\t\t\t\t<p><span style=\"font-weight: 400;\">Nunes TA, Melo MCB, Souza C. Urg\u00eancia e Emerg\u00eancia Pr\u00e9-hospitalar. 2 ed. Belo Horizonte: Folium. 2010. 340p.\u00a0<br \/><br \/><\/span><\/p><p><span style=\"font-weight: 400;\">Melo MCB, Nunes TA, Almeida CT. Urg\u00eancia e Emerg\u00eancia Pr\u00e9-hospitalar.\u00a0 Belo Horizonte: Folium. 2010. 232p.\u00a0<\/span><\/p><p>\u00a0<\/p><p><span style=\"font-weight: 400;\">Melo MCB ,Nunes TA, Almeida CT. Manual de Urg\u00eancia e Emerg\u00eancia.\u00a0 Belo Horizonte: Folium. 2009. 138p.\u00a0<\/span><\/p><p>\u00a0<\/p><p><span style=\"font-weight: 400;\">Melo MCB, Silva NLC. Urg\u00eancia e Emerg\u00eancia na Aten\u00e7\u00e3o Prim\u00e1ria \u00e0 Sa\u00fade. 2 ed. Belo Horizonte: NESCON\/UFMG. 2018. 132p. Dispon\u00edvel em: <\/span><a href=\"https:\/\/www.nescon.medicina.ufmg.br\/biblioteca\/imagem\/Rede-atencao-urgencias_Versao_Final.pdf\"><span style=\"font-weight: 400;\">https:\/\/www.nescon.medicina.ufmg.br\/biblioteca\/imagem\/Rede-atencao-urgencias_Versao_Final.pdf<\/span><\/a><span style=\"font-weight: 400;\">\u00a0<\/span><\/p><p>\u00a0<\/p><p><span style=\"font-weight: 400;\">Melo MCB, Silva NLC. Urg\u00eancia e Emerg\u00eancia na Aten\u00e7\u00e3o Prim\u00e1ria \u00e0 Sa\u00fade. Belo Horizonte: NESCON\/UFMG. 2011. 140p. Dispon\u00edvel em: <\/span><a href=\"https:\/\/www.nescon.medicina.ufmg.br\/biblioteca\/imagem\/3046.pdf\"><span style=\"font-weight: 400;\">https:\/\/www.nescon.medicina.ufmg.br\/biblioteca\/imagem\/3046.pdf<\/span><\/a><span style=\"font-weight: 400;\">\u00a0<\/span><\/p><p>\u00a0<\/p>\t\t\t\t\t\t\t\t<\/div>\n\t\t\t\t<\/div>\n\t\t\t\t\t<\/div>\n\t\t<\/div>\n\t\t\t\t\t<\/div>\n\t\t<\/section>\n\t\t\t\t<section class=\"elementor-section elementor-top-section elementor-element elementor-element-09615a8 elementor-section-boxed elementor-section-height-default elementor-section-height-default\" data-id=\"09615a8\" data-element_type=\"section\" data-settings=\"{&quot;background_background&quot;:&quot;classic&quot;}\">\n\t\t\t\t\t\t<div class=\"elementor-container elementor-column-gap-default\">\n\t\t\t\t\t<div class=\"elementor-column elementor-col-100 elementor-top-column elementor-element elementor-element-bf879ba\" data-id=\"bf879ba\" data-element_type=\"column\">\n\t\t\t<div class=\"elementor-widget-wrap elementor-element-populated\">\n\t\t\t\t\t\t<div class=\"elementor-element elementor-element-9f106c5 elementor-view-default elementor-widget elementor-widget-icon\" data-id=\"9f106c5\" data-element_type=\"widget\" data-widget_type=\"icon.default\">\n\t\t\t\t<div class=\"elementor-widget-container\">\n\t\t\t\t\t\t\t<div class=\"elementor-icon-wrapper\">\n\t\t\t<a class=\"elementor-icon\" href=\"https:\/\/www.medicina.ufmg.br\/labsim\/\">\n\t\t\t<i aria-hidden=\"true\" class=\"fas fa-chevron-left\"><\/i>\t\t\t<\/a>\n\t\t<\/div>\n\t\t\t\t\t\t<\/div>\n\t\t\t\t<\/div>\n\t\t\t\t\t<\/div>\n\t\t<\/div>\n\t\t\t\t\t<\/div>\n\t\t<\/section>\n\t\t\t\t<section class=\"elementor-section elementor-top-section elementor-element elementor-element-cd7b737 elementor-section-full_width elementor-section-height-min-height elementor-section-stretched elementor-section-height-default elementor-section-items-middle\" data-id=\"cd7b737\" data-element_type=\"section\" data-settings=\"{&quot;background_background&quot;:&quot;classic&quot;,&quot;stretch_section&quot;:&quot;section-stretched&quot;}\">\n\t\t\t\t\t\t<div class=\"elementor-container elementor-column-gap-default\">\n\t\t\t\t\t<div class=\"elementor-column elementor-col-33 elementor-top-column elementor-element elementor-element-9d344b7\" data-id=\"9d344b7\" data-element_type=\"column\">\n\t\t\t<div class=\"elementor-widget-wrap elementor-element-populated\">\n\t\t\t\t\t\t<div class=\"elementor-element elementor-element-77fe724 elementor-widget__width-auto elementor-widget elementor-widget-image\" data-id=\"77fe724\" data-element_type=\"widget\" data-widget_type=\"image.default\">\n\t\t\t\t<div class=\"elementor-widget-container\">\n\t\t\t\t\t\t\t\t\t\t\t\t\t\t\t<img decoding=\"async\" src=\"http:\/\/www.medicina.ufmg.br\/wp-content\/uploads\/sites\/7\/2021\/11\/logomedufmg.png\" title=\"\" alt=\"\" loading=\"lazy\" \/>\t\t\t\t\t\t\t\t\t\t\t\t\t\t\t<\/div>\n\t\t\t\t<\/div>\n\t\t\t\t<div class=\"elementor-element elementor-element-5e62316 elementor-shape-circle elementor-grid-0 e-grid-align-center elementor-widget elementor-widget-social-icons\" data-id=\"5e62316\" data-element_type=\"widget\" data-widget_type=\"social-icons.default\">\n\t\t\t\t<div class=\"elementor-widget-container\">\n\t\t\t\t\t\t\t<div class=\"elementor-social-icons-wrapper elementor-grid\">\n\t\t\t\t\t\t\t<span class=\"elementor-grid-item\">\n\t\t\t\t\t<a class=\"elementor-icon elementor-social-icon elementor-social-icon-instagram elementor-repeater-item-31f2e60\" href=\"https:\/\/www.instagram.com\/facmedicinaufmg\" target=\"_blank\">\n\t\t\t\t\t\t<span class=\"elementor-screen-only\">Instagram<\/span>\n\t\t\t\t\t\t<i class=\"fab fa-instagram\"><\/i>\t\t\t\t\t<\/a>\n\t\t\t\t<\/span>\n\t\t\t\t\t\t\t<span class=\"elementor-grid-item\">\n\t\t\t\t\t<a class=\"elementor-icon elementor-social-icon elementor-social-icon-twitter elementor-repeater-item-a4d1c73\" href=\"http:\/\/twitter.com\/facmedicinaufmg\" target=\"_blank\">\n\t\t\t\t\t\t<span class=\"elementor-screen-only\">Twitter<\/span>\n\t\t\t\t\t\t<i class=\"fab fa-twitter\"><\/i>\t\t\t\t\t<\/a>\n\t\t\t\t<\/span>\n\t\t\t\t\t\t\t<span class=\"elementor-grid-item\">\n\t\t\t\t\t<a class=\"elementor-icon elementor-social-icon elementor-social-icon-facebook elementor-repeater-item-9611e04\" href=\"https:\/\/www.facebook.com\/facmedicinaufmg\" target=\"_blank\">\n\t\t\t\t\t\t<span class=\"elementor-screen-only\">Facebook<\/span>\n\t\t\t\t\t\t<i class=\"fab fa-facebook\"><\/i>\t\t\t\t\t<\/a>\n\t\t\t\t<\/span>\n\t\t\t\t\t\t\t<span class=\"elementor-grid-item\">\n\t\t\t\t\t<a class=\"elementor-icon elementor-social-icon elementor-social-icon-headphones-alt elementor-repeater-item-7843b54\" href=\"https:\/\/podcast.medicina.ufmg.br\/index.php\/links-uteis\/\" target=\"_blank\">\n\t\t\t\t\t\t<span class=\"elementor-screen-only\">Headphones-alt<\/span>\n\t\t\t\t\t\t<i class=\"fas fa-headphones-alt\"><\/i>\t\t\t\t\t<\/a>\n\t\t\t\t<\/span>\n\t\t\t\t\t<\/div>\n\t\t\t\t\t\t<\/div>\n\t\t\t\t<\/div>\n\t\t\t\t\t<\/div>\n\t\t<\/div>\n\t\t\t\t<div class=\"elementor-column elementor-col-33 elementor-top-column elementor-element elementor-element-ae683c2\" data-id=\"ae683c2\" data-element_type=\"column\">\n\t\t\t<div class=\"elementor-widget-wrap elementor-element-populated\">\n\t\t\t\t\t\t<div class=\"elementor-element elementor-element-677c698 elementor-widget elementor-widget-text-editor\" data-id=\"677c698\" data-element_type=\"widget\" data-widget_type=\"text-editor.default\">\n\t\t\t\t<div class=\"elementor-widget-container\">\n\t\t\t\t\t\t\t\t\t<p style=\"text-align: right;\"><span style=\"color: #ffffff;\"><strong>Contato<\/strong><\/span><br \/><span style=\"color: #ffffff;\">31 3409-9797 &#8211; 3\u00ba andar<\/span><br \/><span style=\"color: #ffffff;\">31 3409-9654 &#8211; 6\u00ba andar<\/span><\/p><p>\u00a0<\/p><p>\u00a0<\/p><p style=\"text-align: right;\"><span style=\"color: #ffffff;\"><strong>Redes Sociais Labsim<\/strong><\/span><\/p>\t\t\t\t\t\t\t\t<\/div>\n\t\t\t\t<\/div>\n\t\t\t\t<div class=\"elementor-element elementor-element-cfc3820 elementor-shape-circle e-grid-align-right elementor-grid-0 elementor-widget elementor-widget-social-icons\" data-id=\"cfc3820\" data-element_type=\"widget\" data-widget_type=\"social-icons.default\">\n\t\t\t\t<div class=\"elementor-widget-container\">\n\t\t\t\t\t\t\t<div class=\"elementor-social-icons-wrapper elementor-grid\">\n\t\t\t\t\t\t\t<span class=\"elementor-grid-item\">\n\t\t\t\t\t<a class=\"elementor-icon elementor-social-icon elementor-social-icon-facebook elementor-repeater-item-9611e04\" href=\"https:\/\/pt-br.facebook.com\/labsim.medicina\/\" target=\"_blank\">\n\t\t\t\t\t\t<span class=\"elementor-screen-only\">Facebook<\/span>\n\t\t\t\t\t\t<i class=\"fab fa-facebook\"><\/i>\t\t\t\t\t<\/a>\n\t\t\t\t<\/span>\n\t\t\t\t\t<\/div>\n\t\t\t\t\t\t<\/div>\n\t\t\t\t<\/div>\n\t\t\t\t\t<\/div>\n\t\t<\/div>\n\t\t\t\t<div class=\"elementor-column elementor-col-33 elementor-top-column elementor-element elementor-element-e680da6\" data-id=\"e680da6\" data-element_type=\"column\">\n\t\t\t<div class=\"elementor-widget-wrap elementor-element-populated\">\n\t\t\t\t\t\t<div class=\"elementor-element elementor-element-467b11e elementor-widget elementor-widget-text-editor\" data-id=\"467b11e\" data-element_type=\"widget\" data-widget_type=\"text-editor.default\">\n\t\t\t\t<div class=\"elementor-widget-container\">\n\t\t\t\t\t\t\t\t\t<p><strong><span style=\"color: #ffffff;\">labsim.medicina@gmail.com<\/span><\/strong><\/p><p><span style=\"color: #ffffff;\">Av. Prof. Alfredo Balena, 190<br \/>Belo Horizonte &#8211; MG \/ Brasil &#8211; CEP 30130-100<\/span><\/p><p>\u00a0<\/p><p><span style=\"color: #ffffff;\"><br \/>2023 &#8211; Site produzido pelo Centro de Comunica\u00e7\u00e3o Social<\/span><br \/><span style=\"color: #ffffff;\">da Faculdade de Medicina da da UFMG<\/span><\/p>\t\t\t\t\t\t\t\t<\/div>\n\t\t\t\t<\/div>\n\t\t\t\t<div class=\"elementor-element elementor-element-b2c0d22 elementor-widget elementor-widget-spacer\" data-id=\"b2c0d22\" data-element_type=\"widget\" data-widget_type=\"spacer.default\">\n\t\t\t\t<div class=\"elementor-widget-container\">\n\t\t\t\t\t\t\t<div class=\"elementor-spacer\">\n\t\t\t<div class=\"elementor-spacer-inner\"><\/div>\n\t\t<\/div>\n\t\t\t\t\t\t<\/div>\n\t\t\t\t<\/div>\n\t\t\t\t\t<\/div>\n\t\t<\/div>\n\t\t\t\t\t<\/div>\n\t\t<\/section>\n\t\t\t\t<\/div>\n\t\t","protected":false},"excerpt":{"rendered":"<p>Publica\u00e7\u00f5es Artigos Gon\u00e7alves BAR, Melo MCB,Liu PMF,&nbsp; Valente BCHG, Ribeiro VP,&nbsp; Silva, PHv . Teamwork in Pediatric Resuscitation: Training Medical Students on High-Fidelity Simulation. Advances In Medical Education And Practice, v. 13, p. 697-708, 2022. Gomes RAS, Ribeiro IS, Melo MCB, Cerqueira P M, Guedes I, Silva TF,&nbsp; LIU&nbsp; PMF,&nbsp; Rodrigues AT,&nbsp; Fonseca J G.&hellip; <a class=\"more-link\" href=\"https:\/\/www.medicina.ufmg.br\/labsim\/publicacoes-2\/\">Continuar lendo <span class=\"screen-reader-text\">Publica\u00e7\u00f5es<\/span><\/a><\/p>\n","protected":false},"author":105,"featured_media":0,"parent":0,"menu_order":0,"comment_status":"closed","ping_status":"closed","template":"","meta":{"footnotes":""},"class_list":["post-81","page","type-page","status-publish","hentry","entry"],"_links":{"self":[{"href":"https:\/\/www.medicina.ufmg.br\/labsim\/wp-json\/wp\/v2\/pages\/81","targetHints":{"allow":["GET"]}}],"collection":[{"href":"https:\/\/www.medicina.ufmg.br\/labsim\/wp-json\/wp\/v2\/pages"}],"about":[{"href":"https:\/\/www.medicina.ufmg.br\/labsim\/wp-json\/wp\/v2\/types\/page"}],"author":[{"embeddable":true,"href":"https:\/\/www.medicina.ufmg.br\/labsim\/wp-json\/wp\/v2\/users\/105"}],"replies":[{"embeddable":true,"href":"https:\/\/www.medicina.ufmg.br\/labsim\/wp-json\/wp\/v2\/comments?post=81"}],"version-history":[{"count":26,"href":"https:\/\/www.medicina.ufmg.br\/labsim\/wp-json\/wp\/v2\/pages\/81\/revisions"}],"predecessor-version":[{"id":316,"href":"https:\/\/www.medicina.ufmg.br\/labsim\/wp-json\/wp\/v2\/pages\/81\/revisions\/316"}],"wp:attachment":[{"href":"https:\/\/www.medicina.ufmg.br\/labsim\/wp-json\/wp\/v2\/media?parent=81"}],"curies":[{"name":"wp","href":"https:\/\/api.w.org\/{rel}","templated":true}]}}