{"id":98,"date":"2023-04-24T11:48:25","date_gmt":"2023-04-24T14:48:25","guid":{"rendered":"https:\/\/www.medicina.ufmg.br\/labsim\/?page_id=98"},"modified":"2023-06-05T09:45:59","modified_gmt":"2023-06-05T12:45:59","slug":"equipe","status":"publish","type":"page","link":"https:\/\/www.medicina.ufmg.br\/labsim\/equipe\/","title":{"rendered":"Equipe"},"content":{"rendered":"\t\t<div data-elementor-type=\"wp-page\" data-elementor-id=\"98\" class=\"elementor elementor-98\">\n\t\t\t\t\t\t<section class=\"elementor-section elementor-top-section elementor-element elementor-element-b990d3b elementor-hidden-mobile elementor-section-boxed elementor-section-height-default elementor-section-height-default\" data-id=\"b990d3b\" data-element_type=\"section\">\n\t\t\t\t\t\t<div class=\"elementor-container elementor-column-gap-default\">\n\t\t\t\t\t<div class=\"elementor-column elementor-col-12 elementor-top-column elementor-element elementor-element-4feb330\" data-id=\"4feb330\" data-element_type=\"column\">\n\t\t\t<div class=\"elementor-widget-wrap elementor-element-populated\">\n\t\t\t\t\t\t<div class=\"elementor-element elementor-element-1091a1c elementor-widget elementor-widget-image\" data-id=\"1091a1c\" data-element_type=\"widget\" data-widget_type=\"image.default\">\n\t\t\t\t<div class=\"elementor-widget-container\">\n\t\t\t\t\t\t\t\t\t\t\t\t\t\t\t\t<a href=\"https:\/\/www.medicina.ufmg.br\/labsim\/\">\n\t\t\t\t\t\t\t<img fetchpriority=\"high\" decoding=\"async\" width=\"750\" height=\"260\" src=\"https:\/\/www.medicina.ufmg.br\/labsim\/wp-content\/uploads\/sites\/105\/2023\/04\/labsim_logotipo_cor__curvas_final.png\" class=\"attachment-large size-large wp-image-18\" alt=\"\" srcset=\"https:\/\/www.medicina.ufmg.br\/labsim\/wp-content\/uploads\/sites\/105\/2023\/04\/labsim_logotipo_cor__curvas_final.png 842w, https:\/\/www.medicina.ufmg.br\/labsim\/wp-content\/uploads\/sites\/105\/2023\/04\/labsim_logotipo_cor__curvas_final-300x104.png 300w, https:\/\/www.medicina.ufmg.br\/labsim\/wp-content\/uploads\/sites\/105\/2023\/04\/labsim_logotipo_cor__curvas_final-768x266.png 768w\" sizes=\"(max-width: 750px) 100vw, 750px\" style=\"width:100%;height:34.68%;max-width:842px\" \/>\t\t\t\t\t\t\t\t<\/a>\n\t\t\t\t\t\t\t\t\t\t\t\t\t\t\t<\/div>\n\t\t\t\t<\/div>\n\t\t\t\t\t<\/div>\n\t\t<\/div>\n\t\t\t\t<div class=\"elementor-column elementor-col-12 elementor-top-column elementor-element elementor-element-13f8939\" data-id=\"13f8939\" data-element_type=\"column\">\n\t\t\t<div class=\"elementor-widget-wrap elementor-element-populated\">\n\t\t\t\t\t\t<div class=\"elementor-element elementor-element-90426fc elementor-widget elementor-widget-image\" data-id=\"90426fc\" data-element_type=\"widget\" data-widget_type=\"image.default\">\n\t\t\t\t<div class=\"elementor-widget-container\">\n\t\t\t\t\t\t\t\t\t\t\t\t\t\t\t\t<a href=\"https:\/\/www.medicina.ufmg.br\/\">\n\t\t\t\t\t\t\t<img decoding=\"async\" src=\"https:\/\/www.medicina.ufmg.br\/crinter-02\/wp-content\/uploads\/sites\/101\/2022\/07\/marca-faculdade-medicina.png\" title=\"\" alt=\"\" loading=\"lazy\" \/>\t\t\t\t\t\t\t\t<\/a>\n\t\t\t\t\t\t\t\t\t\t\t\t\t\t\t<\/div>\n\t\t\t\t<\/div>\n\t\t\t\t\t<\/div>\n\t\t<\/div>\n\t\t\t\t<div class=\"elementor-column elementor-col-12 elementor-top-column elementor-element elementor-element-6c9ba46\" data-id=\"6c9ba46\" data-element_type=\"column\">\n\t\t\t<div class=\"elementor-widget-wrap elementor-element-populated\">\n\t\t\t\t\t\t<div class=\"elementor-element elementor-element-c128817 elementor-widget elementor-widget-menu-anchor\" data-id=\"c128817\" data-element_type=\"widget\" data-widget_type=\"menu-anchor.default\">\n\t\t\t\t<div class=\"elementor-widget-container\">\n\t\t\t\t\t\t\t<div class=\"elementor-menu-anchor\" id=\"topo\"><\/div>\n\t\t\t\t\t\t<\/div>\n\t\t\t\t<\/div>\n\t\t\t\t\t<\/div>\n\t\t<\/div>\n\t\t\t\t<div class=\"elementor-column elementor-col-12 elementor-top-column elementor-element elementor-element-25a73d1\" data-id=\"25a73d1\" data-element_type=\"column\">\n\t\t\t<div class=\"elementor-widget-wrap\">\n\t\t\t\t\t\t\t<\/div>\n\t\t<\/div>\n\t\t\t\t<div class=\"elementor-column elementor-col-12 elementor-top-column elementor-element elementor-element-ae80549\" data-id=\"ae80549\" data-element_type=\"column\">\n\t\t\t<div class=\"elementor-widget-wrap\">\n\t\t\t\t\t\t\t<\/div>\n\t\t<\/div>\n\t\t\t\t<div class=\"elementor-column elementor-col-12 elementor-top-column elementor-element elementor-element-76027df\" data-id=\"76027df\" data-element_type=\"column\">\n\t\t\t<div class=\"elementor-widget-wrap\">\n\t\t\t\t\t\t\t<\/div>\n\t\t<\/div>\n\t\t\t\t<div class=\"elementor-column elementor-col-12 elementor-top-column elementor-element elementor-element-7bf48d4\" data-id=\"7bf48d4\" data-element_type=\"column\">\n\t\t\t<div class=\"elementor-widget-wrap\">\n\t\t\t\t\t\t\t<\/div>\n\t\t<\/div>\n\t\t\t\t<div class=\"elementor-column elementor-col-12 elementor-top-column elementor-element elementor-element-0807a80\" data-id=\"0807a80\" data-element_type=\"column\">\n\t\t\t<div class=\"elementor-widget-wrap\">\n\t\t\t\t\t\t\t<\/div>\n\t\t<\/div>\n\t\t\t\t\t<\/div>\n\t\t<\/section>\n\t\t\t\t<section class=\"elementor-section elementor-top-section elementor-element elementor-element-2479f5e elementor-section-boxed elementor-section-height-default elementor-section-height-default\" data-id=\"2479f5e\" data-element_type=\"section\">\n\t\t\t\t\t\t<div class=\"elementor-container elementor-column-gap-default\">\n\t\t\t\t\t<div class=\"elementor-column elementor-col-100 elementor-top-column elementor-element elementor-element-f563b4d\" data-id=\"f563b4d\" data-element_type=\"column\">\n\t\t\t<div class=\"elementor-widget-wrap elementor-element-populated\">\n\t\t\t\t\t\t<div class=\"elementor-element elementor-element-7c9cff1 elementor-widget elementor-widget-spacer\" data-id=\"7c9cff1\" data-element_type=\"widget\" data-widget_type=\"spacer.default\">\n\t\t\t\t<div class=\"elementor-widget-container\">\n\t\t\t\t\t\t\t<div class=\"elementor-spacer\">\n\t\t\t<div class=\"elementor-spacer-inner\"><\/div>\n\t\t<\/div>\n\t\t\t\t\t\t<\/div>\n\t\t\t\t<\/div>\n\t\t\t\t<div class=\"elementor-element elementor-element-778b3d4 elementor-widget elementor-widget-heading\" data-id=\"778b3d4\" data-element_type=\"widget\" data-widget_type=\"heading.default\">\n\t\t\t\t<div class=\"elementor-widget-container\">\n\t\t\t\t\t<h2 class=\"elementor-heading-title elementor-size-default\">Equipe<\/h2>\t\t\t\t<\/div>\n\t\t\t\t<\/div>\n\t\t\t\t<div class=\"elementor-element elementor-element-c041b68 elementor-widget elementor-widget-heading\" data-id=\"c041b68\" data-element_type=\"widget\" data-widget_type=\"heading.default\">\n\t\t\t\t<div class=\"elementor-widget-container\">\n\t\t\t\t\t<h4 class=\"elementor-heading-title elementor-size-default\">Coordenadoras<\/h4>\t\t\t\t<\/div>\n\t\t\t\t<\/div>\n\t\t\t\t<div class=\"elementor-element elementor-element-29ce0b3 elementor-widget elementor-widget-text-editor\" data-id=\"29ce0b3\" data-element_type=\"widget\" data-widget_type=\"text-editor.default\">\n\t\t\t\t<div class=\"elementor-widget-container\">\n\t\t\t\t\t\t\t\t\t<div dir=\"ltr\"><div><strong>Pediatra\/Gastroenterologista Pedi\u00e1trica<\/strong><br \/><strong>Professora Titular do Departamento de Pediatria da FM\/UFMG<\/strong><br \/><strong>Coordenadora do Laborat\u00f3rio de Simula\u00e7\u00e3o e membro da coordena\u00e7\u00e3o colegiada do NUTEL -FM\/UFMG<\/strong><br \/>Maria do Carmo Barros de Melo<br \/><br \/><\/div><\/div><p><span style=\"font-weight: 400;\"><strong>Coordena\u00e7\u00e3o geral<\/strong><br \/>Prof.\u00aa Maria do Carmo Barros de Melo<br \/><br \/><\/span><\/p><p><span style=\"font-weight: 400;\"><strong>Subcoordena\u00e7\u00e3o geral<\/strong><br \/>Prof.\u00aa Priscila Menezes Ferri Liu<br \/><br \/><\/span><\/p><p><span style=\"font-weight: 400;\"><strong>Subcoordena\u00e7\u00e3o de Fonoaudiologia<\/strong><br \/>Prof.\u00aa Luciana Macedo de Resende<br \/><br \/><\/span><\/p><p><span style=\"font-weight: 400;\"><strong>Subcoordena\u00e7\u00e3o de Tecnologia em Radiologia<\/strong><br \/>Prof.\u00aa Luciana Batista Nogueira<\/span><\/p>\t\t\t\t\t\t\t\t<\/div>\n\t\t\t\t<\/div>\n\t\t\t\t<div class=\"elementor-element elementor-element-d042707 elementor-widget-divider--view-line elementor-widget elementor-widget-divider\" data-id=\"d042707\" data-element_type=\"widget\" data-widget_type=\"divider.default\">\n\t\t\t\t<div class=\"elementor-widget-container\">\n\t\t\t\t\t\t\t<div class=\"elementor-divider\">\n\t\t\t<span class=\"elementor-divider-separator\">\n\t\t\t\t\t\t<\/span>\n\t\t<\/div>\n\t\t\t\t\t\t<\/div>\n\t\t\t\t<\/div>\n\t\t\t\t<div class=\"elementor-element elementor-element-836e84f elementor-widget elementor-widget-heading\" data-id=\"836e84f\" data-element_type=\"widget\" data-widget_type=\"heading.default\">\n\t\t\t\t<div class=\"elementor-widget-container\">\n\t\t\t\t\t<h4 class=\"elementor-heading-title elementor-size-default\">Servidores T\u00e9cnicos Administrativos em Educa\u00e7\u00e3o<\/h4>\t\t\t\t<\/div>\n\t\t\t\t<\/div>\n\t\t\t\t<div class=\"elementor-element elementor-element-bee57bd elementor-widget elementor-widget-text-editor\" data-id=\"bee57bd\" data-element_type=\"widget\" data-widget_type=\"text-editor.default\">\n\t\t\t\t<div class=\"elementor-widget-container\">\n\t\t\t\t\t\t\t\t\t<p><strong>Enfermeiro (a)<\/strong><br \/><span style=\"font-weight: 400;\">Cec\u00edlia de Oliveira Carvalho Faria<br \/>Saymom Fernando dos Santos<br \/><\/span><\/p><p>\u00a0<\/p><p><span style=\"font-weight: 400;\"><strong>Auxiliares de enfermagem<\/strong><br \/>Adriano Braz dos Santos<br \/><\/span><span style=\"font-weight: 400;\">Arcanja Dalva Caldeira Santana<\/span><\/p><p>\u00a0<\/p><p><span style=\"font-weight: 400;\"><strong>Assistente em administra\u00e7\u00e3o<br \/><\/strong><\/span><span style=\"font-weight: 400;\">Corina Lima<br \/><\/span><\/p>\t\t\t\t\t\t\t\t<\/div>\n\t\t\t\t<\/div>\n\t\t\t\t<div class=\"elementor-element elementor-element-f2c1f22 elementor-widget-divider--view-line elementor-widget elementor-widget-divider\" data-id=\"f2c1f22\" data-element_type=\"widget\" data-widget_type=\"divider.default\">\n\t\t\t\t<div class=\"elementor-widget-container\">\n\t\t\t\t\t\t\t<div class=\"elementor-divider\">\n\t\t\t<span class=\"elementor-divider-separator\">\n\t\t\t\t\t\t<\/span>\n\t\t<\/div>\n\t\t\t\t\t\t<\/div>\n\t\t\t\t<\/div>\n\t\t\t\t<div class=\"elementor-element elementor-element-1ff2a40 elementor-widget elementor-widget-heading\" data-id=\"1ff2a40\" data-element_type=\"widget\" data-widget_type=\"heading.default\">\n\t\t\t\t<div class=\"elementor-widget-container\">\n\t\t\t\t\t<h4 class=\"elementor-heading-title elementor-size-default\">Monitores<\/h4>\t\t\t\t<\/div>\n\t\t\t\t<\/div>\n\t\t\t\t<div class=\"elementor-element elementor-element-0519b60 elementor-widget elementor-widget-text-editor\" data-id=\"0519b60\" data-element_type=\"widget\" data-widget_type=\"text-editor.default\">\n\t\t\t\t<div class=\"elementor-widget-container\">\n\t\t\t\t\t\t\t\t\t<p><strong>Bolsistas de Cl\u00ednica M\u00e9dica<br><\/strong>Gabriel Anselmo Frota<br><br><\/p>\n<p><\/p>\n<p><strong>Volunt\u00e1rios de Cl\u00ednica M\u00e9dica<br><\/strong>Anna Lu\u00edsa de Oliveira Melo<br>B\u00e1rbara Caroline Dias Faria<br>Luis Henrique Martins Silva<br><br><\/p>\n<p><strong>Bolsistas de Pediatria<br><\/strong>Beatriz Fraz\u00e3o Martinez<br>Daniel Messias Martins<br>Jo\u00e3o Pedro Silva Teixeira de Carvalho<br>Jordana Peruchi Fontis<br><br><\/p>\n<p><strong>Volunt\u00e1rios de Pediatria<br><\/strong>Arthur Aguiar Amaral<br>\u00c1urea Ruback<br>Guilherme Paes Gon\u00e7alves Nogueira<br><br><\/p>\n<p><strong>Bolsistas de Ginecologia e Obstetr\u00edcia<br><\/strong>Luyller Bruno Esteves de Souza<br><br><\/p>\n<p><strong>Volunt\u00e1rios de Ginecologia e Obstetr\u00edcia<br><\/strong>Arthur Leit\u00e3o Salles<br>Lucas dos Santos Melo<\/p>\t\t\t\t\t\t\t\t<\/div>\n\t\t\t\t<\/div>\n\t\t\t\t<div class=\"elementor-element elementor-element-687bdd2 elementor-widget elementor-widget-spacer\" data-id=\"687bdd2\" data-element_type=\"widget\" data-widget_type=\"spacer.default\">\n\t\t\t\t<div class=\"elementor-widget-container\">\n\t\t\t\t\t\t\t<div class=\"elementor-spacer\">\n\t\t\t<div class=\"elementor-spacer-inner\"><\/div>\n\t\t<\/div>\n\t\t\t\t\t\t<\/div>\n\t\t\t\t<\/div>\n\t\t\t\t\t<\/div>\n\t\t<\/div>\n\t\t\t\t\t<\/div>\n\t\t<\/section>\n\t\t\t\t<section class=\"elementor-section elementor-top-section elementor-element elementor-element-f228acf elementor-section-boxed elementor-section-height-default elementor-section-height-default\" data-id=\"f228acf\" data-element_type=\"section\" data-settings=\"{&quot;background_background&quot;:&quot;classic&quot;}\">\n\t\t\t\t\t\t<div class=\"elementor-container elementor-column-gap-default\">\n\t\t\t\t\t<div class=\"elementor-column elementor-col-100 elementor-top-column elementor-element elementor-element-b162cae\" data-id=\"b162cae\" data-element_type=\"column\">\n\t\t\t<div class=\"elementor-widget-wrap elementor-element-populated\">\n\t\t\t\t\t\t<div class=\"elementor-element elementor-element-5d74ac3 elementor-view-default elementor-widget elementor-widget-icon\" data-id=\"5d74ac3\" data-element_type=\"widget\" data-widget_type=\"icon.default\">\n\t\t\t\t<div class=\"elementor-widget-container\">\n\t\t\t\t\t\t\t<div class=\"elementor-icon-wrapper\">\n\t\t\t<a class=\"elementor-icon\" href=\"https:\/\/www.medicina.ufmg.br\/labsim\/\">\n\t\t\t<i aria-hidden=\"true\" class=\"fas fa-chevron-left\"><\/i>\t\t\t<\/a>\n\t\t<\/div>\n\t\t\t\t\t\t<\/div>\n\t\t\t\t<\/div>\n\t\t\t\t\t<\/div>\n\t\t<\/div>\n\t\t\t\t\t<\/div>\n\t\t<\/section>\n\t\t\t\t<section class=\"elementor-section elementor-top-section elementor-element elementor-element-7175fb7 elementor-section-full_width elementor-section-height-min-height elementor-section-stretched elementor-section-height-default elementor-section-items-middle\" data-id=\"7175fb7\" data-element_type=\"section\" data-settings=\"{&quot;background_background&quot;:&quot;classic&quot;,&quot;stretch_section&quot;:&quot;section-stretched&quot;}\">\n\t\t\t\t\t\t<div class=\"elementor-container elementor-column-gap-default\">\n\t\t\t\t\t<div class=\"elementor-column elementor-col-33 elementor-top-column elementor-element elementor-element-00b9d65\" data-id=\"00b9d65\" data-element_type=\"column\">\n\t\t\t<div class=\"elementor-widget-wrap elementor-element-populated\">\n\t\t\t\t\t\t<div class=\"elementor-element elementor-element-4e14987 elementor-widget__width-auto elementor-widget elementor-widget-image\" data-id=\"4e14987\" data-element_type=\"widget\" data-widget_type=\"image.default\">\n\t\t\t\t<div class=\"elementor-widget-container\">\n\t\t\t\t\t\t\t\t\t\t\t\t\t\t\t<img decoding=\"async\" src=\"http:\/\/www.medicina.ufmg.br\/wp-content\/uploads\/sites\/7\/2021\/11\/logomedufmg.png\" title=\"\" alt=\"\" loading=\"lazy\" \/>\t\t\t\t\t\t\t\t\t\t\t\t\t\t\t<\/div>\n\t\t\t\t<\/div>\n\t\t\t\t<div class=\"elementor-element elementor-element-807f959 elementor-shape-circle elementor-grid-0 e-grid-align-center elementor-widget elementor-widget-social-icons\" data-id=\"807f959\" data-element_type=\"widget\" data-widget_type=\"social-icons.default\">\n\t\t\t\t<div class=\"elementor-widget-container\">\n\t\t\t\t\t\t\t<div class=\"elementor-social-icons-wrapper elementor-grid\">\n\t\t\t\t\t\t\t<span class=\"elementor-grid-item\">\n\t\t\t\t\t<a class=\"elementor-icon elementor-social-icon elementor-social-icon-instagram elementor-repeater-item-31f2e60\" href=\"https:\/\/www.instagram.com\/facmedicinaufmg\" target=\"_blank\">\n\t\t\t\t\t\t<span class=\"elementor-screen-only\">Instagram<\/span>\n\t\t\t\t\t\t<i class=\"fab fa-instagram\"><\/i>\t\t\t\t\t<\/a>\n\t\t\t\t<\/span>\n\t\t\t\t\t\t\t<span class=\"elementor-grid-item\">\n\t\t\t\t\t<a class=\"elementor-icon elementor-social-icon elementor-social-icon-twitter elementor-repeater-item-a4d1c73\" href=\"http:\/\/twitter.com\/facmedicinaufmg\" target=\"_blank\">\n\t\t\t\t\t\t<span class=\"elementor-screen-only\">Twitter<\/span>\n\t\t\t\t\t\t<i class=\"fab fa-twitter\"><\/i>\t\t\t\t\t<\/a>\n\t\t\t\t<\/span>\n\t\t\t\t\t\t\t<span class=\"elementor-grid-item\">\n\t\t\t\t\t<a class=\"elementor-icon elementor-social-icon elementor-social-icon-facebook elementor-repeater-item-9611e04\" href=\"https:\/\/www.facebook.com\/facmedicinaufmg\" target=\"_blank\">\n\t\t\t\t\t\t<span class=\"elementor-screen-only\">Facebook<\/span>\n\t\t\t\t\t\t<i class=\"fab fa-facebook\"><\/i>\t\t\t\t\t<\/a>\n\t\t\t\t<\/span>\n\t\t\t\t\t\t\t<span class=\"elementor-grid-item\">\n\t\t\t\t\t<a class=\"elementor-icon elementor-social-icon elementor-social-icon-headphones-alt elementor-repeater-item-7843b54\" href=\"https:\/\/podcast.medicina.ufmg.br\/index.php\/links-uteis\/\" target=\"_blank\">\n\t\t\t\t\t\t<span class=\"elementor-screen-only\">Headphones-alt<\/span>\n\t\t\t\t\t\t<i class=\"fas fa-headphones-alt\"><\/i>\t\t\t\t\t<\/a>\n\t\t\t\t<\/span>\n\t\t\t\t\t<\/div>\n\t\t\t\t\t\t<\/div>\n\t\t\t\t<\/div>\n\t\t\t\t\t<\/div>\n\t\t<\/div>\n\t\t\t\t<div class=\"elementor-column elementor-col-33 elementor-top-column elementor-element elementor-element-44b1143\" data-id=\"44b1143\" data-element_type=\"column\">\n\t\t\t<div class=\"elementor-widget-wrap elementor-element-populated\">\n\t\t\t\t\t\t<div class=\"elementor-element elementor-element-18016b4 elementor-widget elementor-widget-text-editor\" data-id=\"18016b4\" data-element_type=\"widget\" data-widget_type=\"text-editor.default\">\n\t\t\t\t<div class=\"elementor-widget-container\">\n\t\t\t\t\t\t\t\t\t<p style=\"text-align: right;\"><span style=\"color: #ffffff;\"><strong>Contato<\/strong><\/span><br \/><span style=\"color: #ffffff;\">31 3409-9797 &#8211; 3\u00ba andar<\/span><br \/><span style=\"color: #ffffff;\">31 3409-9654 &#8211; 6\u00ba andar<\/span><\/p><p>\u00a0<\/p><p>\u00a0<\/p><p style=\"text-align: right;\"><span style=\"color: #ffffff;\"><strong>Redes Sociais Labsim<\/strong><\/span><\/p>\t\t\t\t\t\t\t\t<\/div>\n\t\t\t\t<\/div>\n\t\t\t\t<div class=\"elementor-element elementor-element-fab7f94 elementor-shape-circle e-grid-align-right elementor-grid-0 elementor-widget elementor-widget-social-icons\" data-id=\"fab7f94\" data-element_type=\"widget\" data-widget_type=\"social-icons.default\">\n\t\t\t\t<div class=\"elementor-widget-container\">\n\t\t\t\t\t\t\t<div class=\"elementor-social-icons-wrapper elementor-grid\">\n\t\t\t\t\t\t\t<span class=\"elementor-grid-item\">\n\t\t\t\t\t<a class=\"elementor-icon elementor-social-icon elementor-social-icon-facebook elementor-repeater-item-9611e04\" href=\"https:\/\/pt-br.facebook.com\/labsim.medicina\/\" target=\"_blank\">\n\t\t\t\t\t\t<span class=\"elementor-screen-only\">Facebook<\/span>\n\t\t\t\t\t\t<i class=\"fab fa-facebook\"><\/i>\t\t\t\t\t<\/a>\n\t\t\t\t<\/span>\n\t\t\t\t\t<\/div>\n\t\t\t\t\t\t<\/div>\n\t\t\t\t<\/div>\n\t\t\t\t\t<\/div>\n\t\t<\/div>\n\t\t\t\t<div class=\"elementor-column elementor-col-33 elementor-top-column elementor-element elementor-element-9b1fe1c\" data-id=\"9b1fe1c\" data-element_type=\"column\">\n\t\t\t<div class=\"elementor-widget-wrap elementor-element-populated\">\n\t\t\t\t\t\t<div class=\"elementor-element elementor-element-d240831 elementor-widget elementor-widget-text-editor\" data-id=\"d240831\" data-element_type=\"widget\" data-widget_type=\"text-editor.default\">\n\t\t\t\t<div class=\"elementor-widget-container\">\n\t\t\t\t\t\t\t\t\t<p><strong><span style=\"color: #ffffff;\">labsim.medicina@gmail.com<\/span><\/strong><\/p><p><span style=\"color: #ffffff;\">Av. Prof. Alfredo Balena, 190<br \/>Belo Horizonte &#8211; MG \/ Brasil &#8211; CEP 30130-100<\/span><\/p><p>\u00a0<\/p><p><span style=\"color: #ffffff;\"><br \/>2023 &#8211; Site produzido pelo Centro de Comunica\u00e7\u00e3o Social<\/span><br \/><span style=\"color: #ffffff;\">da Faculdade de Medicina da da UFMG<\/span><\/p>\t\t\t\t\t\t\t\t<\/div>\n\t\t\t\t<\/div>\n\t\t\t\t<div class=\"elementor-element elementor-element-996b83a elementor-widget elementor-widget-spacer\" data-id=\"996b83a\" data-element_type=\"widget\" data-widget_type=\"spacer.default\">\n\t\t\t\t<div class=\"elementor-widget-container\">\n\t\t\t\t\t\t\t<div class=\"elementor-spacer\">\n\t\t\t<div class=\"elementor-spacer-inner\"><\/div>\n\t\t<\/div>\n\t\t\t\t\t\t<\/div>\n\t\t\t\t<\/div>\n\t\t\t\t\t<\/div>\n\t\t<\/div>\n\t\t\t\t\t<\/div>\n\t\t<\/section>\n\t\t\t\t<\/div>\n\t\t","protected":false},"excerpt":{"rendered":"<p>Equipe Coordenadoras Pediatra\/Gastroenterologista Pedi\u00e1tricaProfessora Titular do Departamento de Pediatria da FM\/UFMGCoordenadora do Laborat\u00f3rio de Simula\u00e7\u00e3o e membro da coordena\u00e7\u00e3o colegiada do NUTEL -FM\/UFMGMaria do Carmo Barros de Melo Coordena\u00e7\u00e3o geralProf.\u00aa Maria do Carmo Barros de Melo Subcoordena\u00e7\u00e3o geralProf.\u00aa Priscila Menezes Ferri Liu Subcoordena\u00e7\u00e3o de FonoaudiologiaProf.\u00aa Luciana Macedo de Resende Subcoordena\u00e7\u00e3o de Tecnologia em RadiologiaProf.\u00aa Luciana&hellip; <a class=\"more-link\" href=\"https:\/\/www.medicina.ufmg.br\/labsim\/equipe\/\">Continuar lendo <span class=\"screen-reader-text\">Equipe<\/span><\/a><\/p>\n","protected":false},"author":105,"featured_media":0,"parent":0,"menu_order":0,"comment_status":"closed","ping_status":"closed","template":"","meta":{"footnotes":""},"class_list":["post-98","page","type-page","status-publish","hentry","entry"],"_links":{"self":[{"href":"https:\/\/www.medicina.ufmg.br\/labsim\/wp-json\/wp\/v2\/pages\/98","targetHints":{"allow":["GET"]}}],"collection":[{"href":"https:\/\/www.medicina.ufmg.br\/labsim\/wp-json\/wp\/v2\/pages"}],"about":[{"href":"https:\/\/www.medicina.ufmg.br\/labsim\/wp-json\/wp\/v2\/types\/page"}],"author":[{"embeddable":true,"href":"https:\/\/www.medicina.ufmg.br\/labsim\/wp-json\/wp\/v2\/users\/105"}],"replies":[{"embeddable":true,"href":"https:\/\/www.medicina.ufmg.br\/labsim\/wp-json\/wp\/v2\/comments?post=98"}],"version-history":[{"count":36,"href":"https:\/\/www.medicina.ufmg.br\/labsim\/wp-json\/wp\/v2\/pages\/98\/revisions"}],"predecessor-version":[{"id":310,"href":"https:\/\/www.medicina.ufmg.br\/labsim\/wp-json\/wp\/v2\/pages\/98\/revisions\/310"}],"wp:attachment":[{"href":"https:\/\/www.medicina.ufmg.br\/labsim\/wp-json\/wp\/v2\/media?parent=98"}],"curies":[{"name":"wp","href":"https:\/\/api.w.org\/{rel}","templated":true}]}}